{"id":3122,"date":"2017-03-20T15:31:38","date_gmt":"2017-03-20T15:31:38","guid":{"rendered":"http:\/\/uni.hi.is\/baldurt\/?page_id=3122"},"modified":"2019-01-28T11:24:24","modified_gmt":"2019-01-28T11:24:24","slug":"2017-2","status":"publish","type":"page","link":"https:\/\/uni.hi.is\/baldurt\/presentations\/2017-2\/","title":{"rendered":"2017"},"content":{"rendered":"<p><em>Towards a new approach in small state studies: The theory of shelter<\/em>, lecture at the seminar 'Size Matters! Towards a New Research Agenda for Small State Studies, 1814\u2010present day' at an inaugural meeting of the Size Matters Research Network, University of Amsterdam,\u00a016 November 2017.<\/p>\n<p><em>Interdisciplinary Studies and Small State Studies<\/em>. Lecture at a PhD seminar for students of law at the School of Law, Queen Mary University of London, 9 November 2017.<\/p>\n<p><em>Iceland and Brexit: Icexit from the EU membership application? <\/em>Lecture at the Icelandic Social Science Conference (\u00dej\u00f3\u00f0arspegilinn), University of Iceland, 3 November 2017.<\/p>\n<p><em>Brexit and the EEA: Iceland and Brexit<\/em>. Lecture at the conference Brexit and implications for the EU, EEA and Norway at the Norwegian Institute of International Affairs (NUPI), Oslo 30 October 2017.<\/p>\n<p><em>Defining the Small<\/em> State. Annual Lecture of the Centre of Small States and the third Leverhulme lecture at the Queen Mary University of London, 19 October 2017.<\/p>\n<p><em>A Small State in World Politics: Iceland's search for<\/em> <em>shelter.\u00a0<\/em>Lecture at a workshop of the research project Power and Democracy in Iceland, University of Iceland, 13 October 2017.<\/p>\n<p><em>The political situation in Iceland. Lecture at the headquarters of Arion Bank, Reykjavik, 29 September 2017.<\/em><\/p>\n<p><em>Iceland's Foreign Policy<\/em>. Lecture with Pia Hansson at the workshop 'Nordic responses to geopolitical changes (GEONOR) at the Norwegian Institute of International Affairs (NUPI), Oslo 26-27 September 2017.<\/p>\n<p><em>Sovereignty of small states (fullveldi sm\u00e1r\u00edkja). <\/em>Lecture at an interdiseplinary conference on Iceland's sovereignty for 99 years. The conference was held to credit the work of David \u00de\u00f3r Bj\u00f6rgvinsson, professor of law and former judge at the European Court of Human Rights, University of Reykjavik, 22 September 2017.<\/p>\n<p><em>Brexit and Small European States<\/em>. Lecture at a Leverhulme seminar on Brexit: Challenges and Opportunities for Small States at the Centre for Small States, the Queen Mary University of London, 18 September 2017.<\/p>\n<p><em>Presentation of SPS Project - Small States and the Security Environment. <\/em>Lecturer at the Science for Peace and Security (SPS) Programme Information Roundtable at the University of Iceland, 24 August 2017.<\/p>\n<p><em>The small state in the new global<\/em> order. Lecture at the session 'Small states in theory and practice' at the conference\u00a0\u2018Small States and the Changing Global Order: New Zealand Faces the Future\u2019 at University of Canterbury, Christchurch, New Zealand, 3-4 June 2017.<\/p>\n<p>New<em> small states, Brexit and seeking shelter<\/em>. The second Leverhulme lecture, Queen Mary University of London (joint event with\u00a0the Centre for Security Research of the University of Edinburgh), 28 April 2017.<\/p>\n<p><em>How do Small European States Prosper? The Relationship between Small States and Their Larger Neighbours<\/em>. The first Leverhulme Lecture, the Centre for European Research and the Centre for Small States, the Queen Mary University of London, 14 March 2017.<\/p>\n","protected":false},"excerpt":{"rendered":"<p>Towards a new approach in small state studies: The theory of shelter, lecture at the seminar 'Size Matters! Towards a New Research Agenda for Small State Studies, 1814\u2010present day' at an inaugural meeting of the Size Matters Research Network, University &hellip; <a href=\"https:\/\/uni.hi.is\/baldurt\/presentations\/2017-2\/\">Continue reading <span class=\"meta-nav\">&rarr;<\/span><\/a><\/p>\n","protected":false},"author":360,"featured_media":0,"parent":40,"menu_order":81,"comment_status":"closed","ping_status":"closed","template":"","meta":{"footnotes":""},"class_list":["post-3122","page","type-page","status-publish","hentry"],"_links":{"self":[{"href":"https:\/\/uni.hi.is\/baldurt\/wp-json\/wp\/v2\/pages\/3122","targetHints":{"allow":["GET"]}}],"collection":[{"href":"https:\/\/uni.hi.is\/baldurt\/wp-json\/wp\/v2\/pages"}],"about":[{"href":"https:\/\/uni.hi.is\/baldurt\/wp-json\/wp\/v2\/types\/page"}],"author":[{"embeddable":true,"href":"https:\/\/uni.hi.is\/baldurt\/wp-json\/wp\/v2\/users\/360"}],"replies":[{"embeddable":true,"href":"https:\/\/uni.hi.is\/baldurt\/wp-json\/wp\/v2\/comments?post=3122"}],"version-history":[{"count":19,"href":"https:\/\/uni.hi.is\/baldurt\/wp-json\/wp\/v2\/pages\/3122\/revisions"}],"predecessor-version":[{"id":3333,"href":"https:\/\/uni.hi.is\/baldurt\/wp-json\/wp\/v2\/pages\/3122\/revisions\/3333"}],"up":[{"embeddable":true,"href":"https:\/\/uni.hi.is\/baldurt\/wp-json\/wp\/v2\/pages\/40"}],"wp:attachment":[{"href":"https:\/\/uni.hi.is\/baldurt\/wp-json\/wp\/v2\/media?parent=3122"}],"curies":[{"name":"wp","href":"https:\/\/api.w.org\/{rel}","templated":true}]}}