{"id":4008,"date":"2021-12-06T14:20:30","date_gmt":"2021-12-06T14:20:30","guid":{"rendered":"https:\/\/uni.hi.is\/baldurt\/?page_id=4008"},"modified":"2021-12-21T16:02:09","modified_gmt":"2021-12-21T16:02:09","slug":"podcasts","status":"publish","type":"page","link":"https:\/\/uni.hi.is\/baldurt\/in-the-media\/podcasts\/","title":{"rendered":"Podcasts"},"content":{"rendered":"<p>10 November 2021 - <a href=\"https:\/\/podcasts.apple.com\/hu\/podcast\/20-felix-baldur\/id1565098304?i=1000533931115\">Betri Helmingurinn, Felix og Baldur<\/a><\/p>\n<hr \/>\n<p>20 October 2021 -\u00a0 \u00cd austurvegi, Konf\u00fas\u00edusarstofnun - <a href=\"https:\/\/kjarninn.is\/hladvarp\/i-austurvegi\/i-austurvegi-aukin-samskipti-islands-vid-kina-skjol-eda-gildra\/\"><em>Aukin Samskipti \u00cdslands vi\u00f0 K\u00edna - skj\u00f3l e\u00f0a gildra?<\/em> <\/a>Samtal um samskipti \u00cdslands og K\u00edna me\u00f0 Magn\u00fasi Bj\u00f6rnssyni og Sn\u00e6fr\u00ed\u00f0i Gr\u00edmsd\u00f3ttur.<\/p>\n<hr \/>\n<p><span style=\"color: #000000\"><b><span style=\"text-decoration: underline\">V\u00f6lundarh\u00fas Utanr\u00edkism\u00e1la,\u00a0 2021<br \/>\n<\/span><\/b><\/span><\/p>\n<p>A series of episodes produced by Baldur \u00de\u00f3rhallsson for Kjarninn about Iceland's foreign policy. Outcomes of recent research on Iceland's external affairs are discussed and explained for the audience.<\/p>\n<p><a href=\"https:\/\/kjarninn.is\/hladvarp\/volunarhus-utanriksmala-islands\/volunarhus-utanriksmala-islands-thattur-1-er-utanrikisstefna-islands-omarkviss\/\">1. \u00fe\u00e1ttur - Er utanr\u00edkisstefna \u00cdslands \u00f3markviss?\u00a0<\/a><\/p>\n<p><a href=\"https:\/\/kjarninn.is\/hladvarp\/volunarhus-utanriksmala-islands\/volundarhus-utanriksmala-islands-thattur-2-nordurlondin-gegna-veigamiklu-hlutverki-vid-stjorn-islands\/\">2. \u00fe\u00e1ttur - Nor\u00f0url\u00f6ndin gegna veigamiklu hlutverki vi\u00f0 stj\u00f3rn \u00cdslands<\/a><\/p>\n<p><a href=\"https:\/\/kjarninn.is\/hladvarp\/volunarhus-utanriksmala-islands\/volundarhus-utanrikismala-islands-thattur-3-ahugi-bandarikjanna-a-islandi\/\">3. \u00fe\u00e1ttur - \u00c1hugi Bandar\u00edkjanna \u00e1 \u00cdslandi<\/a><\/p>\n<p><a href=\"https:\/\/kjarninn.is\/hladvarp\/volunarhus-utanriksmala-islands\/volundarhus-utanrikismala-islands-thattur-4-byggir-evropustefna-islenskra-stjornvalda-a-afallastjornun\/\">4. \u00fe\u00e1ttur - Byggir Evr\u00f3pustefna \u00edslenskra stj\u00f3rnvalda \u00e1 \u00e1fallastj\u00f3rnun?\u00a0<\/a><\/p>\n<p><a href=\"https:\/\/kjarninn.is\/hladvarp\/volunarhus-utanriksmala-islands\/volundarhus-utanrikismala-islands-thattur-5-aukin-samskipti-islands-vid-kina-skjol-eda-gildra\/\">5. \u00fe\u00e1ttur - Aukin samskipti \u00cdslands vi\u00f0 K\u00edna: skj\u00f3l e\u00f0a gildra?\u00a0<\/a><\/p>\n<p><a href=\"https:\/\/kjarninn.is\/hladvarp\/volunarhus-utanriksmala-islands\/volundarhus-utanrikismala-islands-thattur-6-taekifaeri-og-askoranir-vid-motun-framtidarutanrikisstefnu-islands\/\">6. \u00fe\u00e1ttur - T\u00e6kif\u00e6ri og \u00e1skoranir vi\u00f0 m\u00f3tun framt\u00ed\u00f0arutanr\u00edkisstefnu \u00cdslands<\/a><\/p>\n<hr \/>\n<p><strong>The Caves of Hella, exhibition in the south of Iceland<\/p>\n<p><\/strong>15 June 2021 - <a href=\"https:\/\/k100.mbl.is\/brot\/spila\/11885\/?fbclid=IwAR2cZeZrhIniPJYd_AQTvFOB8-0_M93zFCN_WKNxtVNwh5GjsMneg4rZ5Mk\">K100, S\u00ed\u00f0degis\u00fe\u00e1tturinn<\/a><\/p>\n<hr \/>\n<p>23 February 2021 - <a href=\"https:\/\/paelumipolitik.podbean.com\/e\/al%c3%bejo%c3%b0asamstarf-me%c3%b0-baldri-%c3%beorhallssyni\/\">P\u00e6lum \u00ed P\u00f3lit\u00edk, Al\u00fej\u00f3\u00f0asamstarf me\u00f0 Baldri \u00de\u00f3rhallssyni<\/a><\/p>\n","protected":false},"excerpt":{"rendered":"<p>10 November 2021 - Betri Helmingurinn, Felix og Baldur 20 October 2021 -\u00a0 \u00cd austurvegi, Konf\u00fas\u00edusarstofnun - Aukin Samskipti \u00cdslands vi\u00f0 K\u00edna - skj\u00f3l e\u00f0a gildra? Samtal um samskipti \u00cdslands og K\u00edna me\u00f0 Magn\u00fasi Bj\u00f6rnssyni og Sn\u00e6fr\u00ed\u00f0i Gr\u00edmsd\u00f3ttur. V\u00f6lundarh\u00fas Utanr\u00edkism\u00e1la,\u00a0 &hellip; <a href=\"https:\/\/uni.hi.is\/baldurt\/in-the-media\/podcasts\/\">Continue reading <span class=\"meta-nav\">&rarr;<\/span><\/a><\/p>\n","protected":false},"author":360,"featured_media":0,"parent":520,"menu_order":0,"comment_status":"closed","ping_status":"closed","template":"","meta":{"footnotes":""},"class_list":["post-4008","page","type-page","status-publish","hentry"],"_links":{"self":[{"href":"https:\/\/uni.hi.is\/baldurt\/wp-json\/wp\/v2\/pages\/4008","targetHints":{"allow":["GET"]}}],"collection":[{"href":"https:\/\/uni.hi.is\/baldurt\/wp-json\/wp\/v2\/pages"}],"about":[{"href":"https:\/\/uni.hi.is\/baldurt\/wp-json\/wp\/v2\/types\/page"}],"author":[{"embeddable":true,"href":"https:\/\/uni.hi.is\/baldurt\/wp-json\/wp\/v2\/users\/360"}],"replies":[{"embeddable":true,"href":"https:\/\/uni.hi.is\/baldurt\/wp-json\/wp\/v2\/comments?post=4008"}],"version-history":[{"count":9,"href":"https:\/\/uni.hi.is\/baldurt\/wp-json\/wp\/v2\/pages\/4008\/revisions"}],"predecessor-version":[{"id":4070,"href":"https:\/\/uni.hi.is\/baldurt\/wp-json\/wp\/v2\/pages\/4008\/revisions\/4070"}],"up":[{"embeddable":true,"href":"https:\/\/uni.hi.is\/baldurt\/wp-json\/wp\/v2\/pages\/520"}],"wp:attachment":[{"href":"https:\/\/uni.hi.is\/baldurt\/wp-json\/wp\/v2\/media?parent=4008"}],"curies":[{"name":"wp","href":"https:\/\/api.w.org\/{rel}","templated":true}]}}