{"id":531,"date":"2012-08-28T21:40:38","date_gmt":"2012-08-28T21:40:38","guid":{"rendered":"http:\/\/uni.hi.is\/baldurt\/?page_id=531"},"modified":"2022-05-16T10:43:14","modified_gmt":"2022-05-16T10:43:14","slug":"radio","status":"publish","type":"page","link":"https:\/\/uni.hi.is\/baldurt\/in-the-media\/radio\/","title":{"rendered":"Radio"},"content":{"rendered":"<p><!--:en--><\/p>\n<ul>\n<li>7.05.2022, Morgunkaffi\u00f0 - <a href=\"https:\/\/www.ruv.is\/utvarp\/spila\/morgunkaffid\/27623\/9lnpo8\">\u00de\u00e1ttur 24<\/a><\/li>\n<li>19.04.2022, Bygljan - <a href=\"https:\/\/www.visir.is\/k\/cd548fe6-b8dc-4d05-94d1-75b6f87dd718-1650389964828?fbclid=IwAR37AHdGqkuKDrzZOZ3KpkeqfdtDLtPSb9ScMbOQv9POajtbwKDO6Mvajd8\">R\u00fassar g\u00e6tu refsa\u00f0 \u00cdslendingum vegna stu\u00f0nings vi\u00f0 NATO-a\u00f0ild Finna<\/a><\/li>\n<li>14.04.2022, Bylgjan - <a href=\"https:\/\/www.visir.is\/k\/b819a479-541e-4872-bf7e-0bae216cc135-1649938687373\">H\u00e1degisfr\u00e9ttir<\/a><\/li>\n<li>11.04.2022, Bylgjan - <a href=\"https:\/\/www.visir.is\/k\/909b5cee-d2ca-4aba-a7c1-6bc3ce680f52-1649697638563?fbclid=IwAR38_6Xd6kQIfSM2WUey9Zwj9sWw0z88gFPs-ufy57XsdUQkHIGT2g9MFUU\">,,Ekki h\u00e6gt a\u00f0 l\u00edta \u00e1 \u00fea\u00f0 \u00f6\u00f0ruv\u00edsi en svo a\u00f0 Lilja kalli eftir afs\u00f6gn fj\u00e1rm\u00e1lar\u00e1\u00f0herra\"<\/a><\/li>\n<li>03.04.2022, ruv.is - <a href=\"https:\/\/www.ruv.is\/utvarp\/spila\/hadegisfrettir\/32008\/9h824s\">H\u00e1degisfr\u00e9ttir\u00a0<\/a><\/li>\n<li>24.03.2022, Bylgjan - <a href=\"https:\/\/www.visir.is\/k\/25c453df-05ee-4e36-9c8f-c0001eebecc8-1648144327136?fbclid=IwAR2UFUYolskoXplFD6nDhk0Q42RbgHDT8tgBDY4rQ27dwtJrx5IrDr7VMLI\">Vesturl\u00f6ndin \u00fe\u00e9tta ra\u00f0irnar og reyna a\u00f0 f\u00e1 K\u00edna til li\u00f0s vi\u00f0 sig<\/a><\/li>\n<li>13.03.2022, Bylgjan - <a href=\"https:\/\/www.visir.is\/k\/950ebbc4-712e-4816-af4d-ebe057cfd2ac-1647173986770\">H\u00e1degisfr\u00e9ttir<\/a><\/li>\n<li>13.03.2022, Sprengisandur - <a href=\"https:\/\/www.visir.is\/k\/50fca134-e7cf-4cbb-a059-72c6940f044d-1647171821313?fbclid=IwAR2bYHbi8ReI85d9pIzorXXMkF7aT7vlIY2GyTCw7RMjjD390slCmlfEhGQ\">\u00d3gnv\u00e6nleg \u00fer\u00f3un \u00ed \u00dakra\u00ednu<\/a><\/li>\n<li>8.03.2022, K100 - <a href=\"https:\/\/k100.mbl.is\/brot\/spila\/13494\/?fbclid=IwAR3VbGh01nxQ_QwWI2q57Wr23gtAHLyiOH6an7bhTUPUgy7VHyckQDW2kiM\">\u00cdsland \u00fearf f\u00e6lingarm\u00e1tt<\/a><\/li>\n<li>1.03.2022,<a href=\"https:\/\/k100.mbl.is\/frettir\/2022\/03\/01\/island_ma_hafa_ahyggjur_af_netarasum\/?fbclid=IwAR14290ahpEoiFXIetf6BWB1yLliIc6Lfha7L1acT91-6aaCsqOcxkpCHb0\"> \u00cdsland \u00fearf a\u00f0 hafa \u00e1hyggjur af net\u00e1r\u00e1sum R\u00fassa<\/a><\/li>\n<li>1.03.2022, <a href=\"https:\/\/k100.mbl.is\/brot\/spila\/13453\/?fbclid=IwAR1P3MMkGvKZrqDU-EIiRiDflMxFbiDjrkDos_VQyJQUXlqPPhiodb75DfU\">Baldur og Felix \u00e6tla \u00ed hellana ef allt fer \u00e1 versta veg<\/a><\/li>\n<li>26.02.2022, <a href=\"https:\/\/www.ruv.is\/utvarp\/spila\/vikulokin\/23792\/7hvh5m\">Vikulokin - \u00dakra\u00edna<\/a><\/li>\n<li><a href=\"https:\/\/www.ruv.is\/utvarp\/spila\/spegillinn\/25249\/7gpd4i\/leikmenn-a-althjodasvidinu?fbclid=IwAR0eUUjIpybrCrAx5SIl-ADa5dTI6O2nMbGWvzv8mjXZObwPZBnCF7oZiwc\">21.02.2022, Spegillinn - \u00c1standi\u00f0 \u00ed \u00dakra\u00ednu\u00a0<\/a><\/li>\n<li>21.02.2022, <a href=\"https:\/\/www.visir.is\/k\/16505593-198a-4f3d-906b-796a2d6ef6ca-1645467755730?fbclid=IwAR3ZwOv5Bmbvf9rXyRRe24RmJnC-4yo1SaMMGsk_DI9sKHnKXHqDQiifdpo\">Bylgjan - \u00dakra\u00edna og R\u00fassland<\/a><\/li>\n<li>31.01.2022, <a href=\"https:\/\/www.ruv.is\/utvarp\/spila\/morgunvaktin\/23614\/7hhgmu\">Morgunvaktin - Hven\u00e6r virka vi\u00f0skipta\u00fevinganir?<\/a><\/li>\n<li>24.01.2022, <a href=\"https:\/\/www.ruv.is\/utvarp\/spila\/siddegisutvarpid\/23825\/7h2i72\/baldur-thorhallsson\">S\u00ed\u00f0degis\u00fatvarpi\u00f0, R\u00e1s 2, \u00dakra\u00ednudeildan<\/a><\/li>\n<li>24.01.2022, <a href=\"https:\/\/www.visir.is\/k\/d38ad0cb-d95c-4fef-a7c8-40a4bd2ea539-1643048401609\">Reykjav\u00edk s\u00ed\u00f0degis, Bylgjan - Enn t\u00edmi til a\u00f0 n\u00e1 s\u00e1ttum<\/a><\/li>\n<li>4.1.2022, Bylgjan in <a href=\"https:\/\/www.visir.is\/k\/154b7794-d7bc-4d91-a1d4-ea833f5af08c-1641282565928\">B\u00edti\u00f0<\/a> - Mun R\u00fassland r\u00e1\u00f0ast inn \u00ed \u00dakra\u00ednu?<\/li>\n<li>21.10.2021, R\u00daV in <a href=\"https:\/\/www.ruv.is\/utvarp\/spila\/morgunutvarpid\/23822\/7grr99\/althjodasamskipti-islands\">Morgun\u00fatvarpi\u00f0<\/a> - Al\u00fej\u00f3\u00f0asamskipti \u00cdslands<\/li>\n<li>20.10.2021, V\u00edsir in <a href=\"https:\/\/www.visir.is\/k\/4d7fd435-28ad-42bc-9e4d-a2832e36593d-1634752766903\">Reykjav\u00edk S\u00ed\u00f0degis - Hva\u00f0a \u00fej\u00f3\u00f0ir hafa reynst \u00cdslendingum best?\u00a0<\/a><\/li>\n<li>18.10.2021, R\u00daV in <a href=\"https:\/\/www.ruv.is\/utvarp\/spila\/morgunvaktin\/23614\/7hhgkk?term=baldur&amp;rtype=radio&amp;slot=165\">Morgunvaktin<\/a><\/li>\n<li>6.10.2021, K100 in <a href=\"https:\/\/k100.mbl.is\/brot\/spila\/12473\/\">\u00cdsland vaknar\u00a0<\/a><\/li>\n<li>1.10.2021, R\u00daV in <a href=\"https:\/\/www.ruv.is\/utvarp\/spila\/morgunvaktin\/23614\/7hhgk9?term=baldur%20%C3%BE%C3%B3rhallsson&amp;rtype=radio&amp;slot=4\">Morgunvaktin - Sveiflur \u00ed samskiptum \u00cdslands og K\u00edna<\/a><\/li>\n<li>1.10.2021, R\u00daV in<a href=\"https:\/\/www.ruv.is\/utvarp\/spila\/siddegisutvarpid\/23825\/7h2i4j\/kina-og-island-baldur-thorhalls-snaefridur-grims\"> S\u00ed\u00f0degis\u00fatvarpi\u00f0 - K\u00edna og \u00cdsland<\/a><\/li>\n<li>23.9.2021, V\u00edsir in <a href=\"https:\/\/www.visir.is\/k\/ddfb26cc-b764-4a35-967e-45e9599cc0ff-1629741012026\">Reykjav\u00edk S\u00ed\u00f0degis - Sj\u00e1lfst\u00e6\u00f0isflokkurinn er ekki lengur me\u00f0 \u00f6ll spilin \u00e1 hendi\u00a0<\/a><\/li>\n<li>17.9.2021, V\u00edsir in <a href=\"https:\/\/www.visir.is\/k\/4869d1d4-9d06-4a8f-a3f4-672b15c8bd37-1631900077519\">Reykjav\u00edk S\u00ed\u00f0degis - \u00ed s\u00ed\u00f0ustu tveimur kosningum hefur helmingur kj\u00f3senda skipt um flokk<\/a><\/li>\n<li>28.07.2021, V\u00edsir in <a href=\"https:\/\/www.visir.is\/k\/c4bec7e9-feab-4f27-992b-a9c236ea211c-1627496090153\">Reykjav\u00edk S\u00ed\u00f0degis - f\u00e6rri flokkar au\u00f0velda stj\u00f3rnarmyndun eftir kosningar<\/a><\/li>\n<li>20.7.2021, V\u00edsir in <a href=\"https:\/\/www.visir.is\/k\/55f0d2c6-783e-435d-91bb-4f94c875861f-1626803016197\">Reykjav\u00edk S\u00ed\u00f0degis - segir kosningaslaginn hafa hafist \u00ed g\u00e6r me\u00f0 skotum d\u00f3msm\u00e1lar\u00e1\u00f0herra<\/a><\/li>\n<li>25.05.2021, R\u00daV in <a href=\"https:\/\/www.ruv.is\/frett\/2021\/05\/25\/hafdi-meiri-ahuga-a-saudkindum-en-heimilisfolkinu?term=baldur%20%C3%BE%C3%B3rhallsson&amp;rtype=news&amp;slot=7\">Morgun\u00fatvarpi\u00f0 - Hellarnir vi\u00f0 Hellu<\/a><\/li>\n<li>11.04.2021, R\u00daV in <a href=\"https:\/\/www.ruv.is\/utvarp\/spila\/svona-er-thetta\/30733\/952uvf?term=baldur%20%C3%BE%C3%B3rhallsson&amp;rtype=radio&amp;slot=8\">Svona er \u00feetta\u00a0<\/a><\/li>\n<li>7.4.2021, V\u00edsir in <a href=\"https:\/\/www.visir.is\/k\/64bd919a-3fef-458f-b78e-79645d45f8b0-1617815948982\">Reykjav\u00edk S\u00ed\u00f0degis - Stu\u00f0ningur vi\u00f0 r\u00edkisstj\u00f3rnina g\u00e6ti minnka\u00f0 me\u00f0 vaxandi \u00e1greiningi stj\u00f3rnarflokkanna \u00ed s\u00f3ttvarnarm\u00e1lum\u00a0<\/a><\/li>\n<li>22.2.2021, V\u00edsir in <a href=\"https:\/\/www.visir.is\/k\/5e620ce5-78a0-4c2e-9a3c-ec7d6ecbf1c6-1614015178440\">Reykjav\u00edk S\u00ed\u00f0degis - litlir flokkar sem n\u00e1 ekki inn manni auka l\u00edkur \u00e1 a\u00f0 r\u00edkisstj\u00f3rnin haldi velli <\/a><\/li>\n<li>5.1.2021, V\u00edsir in <a href=\"https:\/\/www.visir.is\/k\/205c61d1-8105-4e02-9d08-2cb8c2b40129-1609868228672\">Reykjav\u00edk S\u00ed\u00f0degis - Segir stj\u00f3rnarandst\u00f6\u00f0una ver\u00f0a a\u00f0 s\u00e6kja har\u00f0ar a\u00f0 stj\u00f3rnarflokkunum fyrir kosningar<\/a><\/li>\n<li>4.11.2020, V\u00edsir in <a href=\"https:\/\/www.visir.is\/k\/ad6b3ee6-5737-4331-b0f3-39cd431ef3ee-1604510692135\">Reykjav\u00edk s\u00ed\u00f0degis - Ef Biden vinnur mun Trump gera allt til a\u00f0 kollvarpa \u00farslitunum<\/a><\/li>\n<li>9.10.2020, V\u00edsir in <a href=\"https:\/\/www.visir.is\/k\/49d0c4c4-9220-41a9-b22a-775259de1b07-1602232610220\">B\u00edti\u00f0 - fr\u00e9ttir vikunnar<\/a><\/li>\n<li>7.5.2020, V\u00edsir in <a href=\"https:\/\/www.visir.is\/k\/e30052d6-c962-4a5b-869c-f5cf32829c8c-1588874178324\">Reykjav\u00edk S\u00ed\u00f0degis - Segir Trump or\u00f0inn \u00f6rv\u00e6ntingafullann a\u00f0 finna \u00f3vin\u00a0<\/a><\/li>\n<li>6.1.2020, V\u00edsir in <a href=\"https:\/\/www.visir.is\/k\/3dca3c29-3528-483f-940c-b5cf61adbe76-1578323656266\">Harmageddon - aflei\u00f0ingar stundum a\u00f0rar en ma\u00f0ur heldur<\/a><\/li>\n<li>19.9.2919, V\u00edsir in <a href=\"https:\/\/www.visir.is\/k\/1980c95a-5788-4353-9802-64388d311337-1566238354388\">Reykjav\u00edk s\u00ed\u00f0degis - Aukin \u00e1hugi erlendra stj\u00f3rnm\u00e1lamanna \u00e1 \u00cdslandi <\/a><\/li>\n<li>18.7.2019, R\u00daV in <a href=\"https:\/\/www.ruv.is\/frett\/synist-demokratar-geta-fallid-i-gryfju-trumps?term=baldur%20%C3%BE%C3%B3rhallsson&amp;rtype=news&amp;slot=49\">Morgun\u00fatvarpi\u00f0 - S\u00fdnist Dem\u00f3kratar geta falli\u00f0 \u00ed gryfju Trumps<\/a><\/li>\n<li>3.10.2018, K100 in <a href=\"https:\/\/k100.mbl.is\/brot\/spila\/4688\/\">\u00cdsland vaknar<\/a><\/li>\n<li>15.7.2018, R\u00daV in <a href=\"http:\/\/www.ruv.is\/utvarp\/spila\/samtal\/23817?ep=7hsp3b\" target=\"_blank\" rel=\"noopener\">Samtal<\/a><\/li>\n<li>13.7.2018, R\u00daV in <a href=\"http:\/\/www.ruv.is\/spila\/ras-2\/siddegisutvarpid\/20180713\" target=\"_blank\" rel=\"noopener\">S\u00ed\u00f0degis\u00fatvarpi\u00f0<\/a><\/li>\n<li>13.7.2018, Bylgjan, <a href=\"http:\/\/www.visir.is\/section\/MEDIA98&amp;fileid=VTV5F5BC03C-459B-440C-89E3-4DBAE285FDFF\">H\u00e1degisfr\u00e9ttir<\/a><\/li>\n<li>27.6.2018, R\u00daV in <a href=\"http:\/\/www.ruv.is\/frett\/megum-ekki-sofna-a-verdinum\" target=\"_blank\" rel=\"noopener\">Morgun\u00fatvarpi\u00f0<\/a><\/li>\n<li>17.6.2018, R\u00daV in\u00a0<a href=\"http:\/\/www.ruv.is\/spila\/ras-1\/einn-dag-er-regnid-fellur\/20180617\" target=\"_blank\" rel=\"noopener\">\u201eEinn dag er regni\u00f0 fellur\"<\/a><\/li>\n<li>29.5.2018, K100 in <a href=\"https:\/\/k100.mbl.is\/brot\/spila\/3842\/\">\u00cdsland vaknar<\/a><\/li>\n<li>23.5.2018, K100 in <a href=\"https:\/\/k100.mbl.is\/brot\/spila\/3842\/\">\u00cdsland vaknar<\/a><\/li>\n<li>31.3.2018, <a href=\"http:\/\/www.ruv.is\/spila\/ras-1\/hundrad-ar-dagur-ei-meir\/20180331\" target=\"_blank\" rel=\"noopener\">R\u00daV in Hundra\u00f0 \u00e1r, dagur ei meir - Hugmyndasaga fullveldisins<\/a><\/li>\n<li>20.3.2018, <a href=\"https:\/\/k100.mbl.is\/frettir\/2018\/03\/20\/lita_malid_alvarlegum_augum\/\">K100 in \u00cdsland vaknar<\/a>.<\/li>\n<li>19.3.2018, <a href=\"http:\/\/www.ruv.is\/spila\/ras-2\/siddegisutvarpid\/20180319\">R\u00daV in S\u00ed\u00f0degis\u00fatvarpi\u00f0<\/a><\/li>\n<li>25.9.2017, V\u00edsir in <a href=\"https:\/\/www.visir.is\/k\/clp57314\">Harmageddon - ekki a\u00f0f\u00f6r \u00fe\u00f3 a\u00f0rir bj\u00f3\u00f0i sig fram<\/a><\/li>\n<li>1.9.2017, V\u00edsir in <a href=\"https:\/\/www.visir.is\/k\/clp56657\">Harmageddon - Trump afsprengi bandar\u00edsks samf\u00e9lags<\/a><\/li>\n<li>12.12.2016, <a href=\"http:\/\/ruv.is\/sarpurinn\/ras-2\/siddegisutvarpid\/20161212\">R\u00daV in S\u00ed\u00f0degis\u00fatvarpi\u00f0<\/a><\/li>\n<li>12.12.2016, <a href=\"http:\/\/www.visir.is\/section\/MEDIA98&amp;fileid=CLP50825\">Bylgjan in Reykjav\u00edk s\u00ed\u00f0degis<\/a><\/li>\n<li>2.12.2016, <a href=\"http:\/\/www.visir.is\/section\/MEDIA98&amp;fileid=CLP50596\">Bylgjan in Reykjav\u00edk s\u00ed\u00f0degis<\/a><\/li>\n<li>25.11.2016, <a href=\"http:\/\/www.visir.is\/section\/MEDIA98&amp;fileid=CLP50372\">Bylgjan in B\u00edti\u00f0<\/a><\/li>\n<li>24.11.2016, <a href=\"http:\/\/ruv.is\/sarpurinn\/ras-2\/morgunutvarpid\/20161124\">R\u00daV in Morgun\u00fatvarpi\u00f0<\/a><\/li>\n<li>21.11.2016, <a href=\"http:\/\/www.visir.is\/section\/MEDIA98&amp;fileid=CLP50238\">Bylgjan in Reykjav\u00edk s\u00ed\u00f0degis<\/a><\/li>\n<li>16.11.2016, <a href=\"http:\/\/ruv.is\/sarpurinn\/ras-1\/spegillinn\/20161115\">R\u00daV in Spegillinn<\/a><\/li>\n<li>7.11.2016, <a href=\"http:\/\/www.visir.is\/section\/MEDIA98&amp;fileid=SRC97605A18-A8A7-42F6-86C3-532F38003C4C\">Bylgjan in Reykjav\u00edk s\u00ed\u00f0degis<\/a><\/li>\n<li>2.11.2016, <a href=\"http:\/\/www.visir.is\/section\/MEDIA98&amp;fileid=CLP49730\">Bylgjan in Reykjav\u00edk s\u00ed\u00f0degis<\/a><\/li>\n<li>2.11.2016, <a href=\"http:\/\/www.ruv.is\/sarpurinn\/ras-2\/siddegisutvarpid\/20161102\">R\u00daV in S\u00ed\u00f0degis\u00fatvarpi\u00f0<\/a><\/li>\n<li>31.10.2016, <a href=\"http:\/\/ruv.is\/sarpurinn\/ras-2\/morgunutvarpid\/20161027\">R\u00daV in Morgun\u00fatvarpi\u00f0<\/a><\/li>\n<li>31.10.2016, <a href=\"http:\/\/www.ruv.is\/frett\/telur-ad-oddny-eigi-ser-enga-framtid\">R\u00daV in Morgunvaktin<\/a><\/li>\n<li>30.10.2016, <a href=\"http:\/\/ruv.is\/sarpurinn\/ras-2\/helgarutgafan\/20161030\">R\u00daV in Helgar\u00fatg\u00e1fan<\/a><\/li>\n<li>28.10.2016,\u00a0<a href=\"http:\/\/www.visir.is\/section\/MEDIA98&amp;fileid=CLP49144\">X-i\u00f0 in Harmageddon<\/a><\/li>\n<li>27.10.2016, <a href=\"http:\/\/ruv.is\/sarpurinn\/ras-2\/morgunutvarpid\/20161027\">R\u00e1s 2<\/a>\u00a0<a href=\"http:\/\/ruv.is\/sarpurinn\/ras-2\/morgunutvarpid\/20161027\">in<\/a>\u00a0<a href=\"http:\/\/ruv.is\/sarpurinn\/ras-2\/morgunutvarpid\/20161027\">Morgun\u00fatvarpi\u00f0<\/a><\/li>\n<li>2.8.2016, <a href=\"http:\/\/www.ruv.is\/frett\/fan-fiction-raedumennska-og-hringvegur\">\u00a0R\u00daV<\/a>\u00a0in\u00a0<a href=\"http:\/\/www.ruv.is\/frett\/fan-fiction-raedumennska-og-hringvegur\">S\u00ed\u00f0degis\u00fatvarpi\u00f0<\/a><\/li>\n<li>25.6.2016,\u00a0Danmarks Radio<\/li>\n<li>24.6.2016,\u00a0<a href=\"http:\/\/www.visir.is\/section\/MEDIA98&amp;fileid=CLP46663\">Bylgjan<\/a>\u00a0in Reykjav\u00edk s\u00ed\u00f0degis<\/li>\n<li>23.6.2016, X-i\u00f0 in\u00a0<a href=\"http:\/\/www.visir.is\/section\/MEDIA98&amp;fileid=CLP46623\">Harmageddon<\/a><\/li>\n<li>22.6.2016, <a href=\"http:\/\/www.visir.is\/section\/MEDIA98&amp;fileid=SRCF762A7A1-61CB-4FFE-9902-19EEF16DA10F\">Bylgjan in\u00a0Reykjav\u00edk S\u00ed\u00f0degis<\/a><\/li>\n<li>13.6.2016, <a href=\"http:\/\/www.ruv.is\/sarpurinn\/ras-2\/morgunutvarpid\/20160613\">\u00a0R\u00e1s 2<\/a>\u00a0in\u00a0<a href=\"http:\/\/www.ruv.is\/sarpurinn\/ras-2\/morgunutvarpid\/20160613\">Morgun\u00fatvarpi\u00f0<\/a><\/li>\n<li>19.4.2016, X-i\u00f0 in Harmageddon - <a href=\"http:\/\/www.visir.is\/section\/MEDIA98&amp;fileid=CLP44914\">\u00dea\u00f0 er nettur Frank Underwood \u00ed \u00d3lafi<\/a><\/li>\n<li>6.4.2016,Bylgjan in \u00cd b\u00edti\u00f0 -\u00a0<a href=\"http:\/\/www.visir.is\/section\/MEDIA98&amp;fileid=CLP44570\">P\u00edratar auka fylgi sitt eftir \"skr\u00edpaleikinn\" \u00ed g\u00e6r<\/a><\/li>\n<li>24.03.2016, X-i\u00f0 in Harmageddon -\u00a0<a href=\"http:\/\/www.visir.is\/section\/MEDIA98&amp;fileid=CLP44313\">St\u00f3r p\u00f3lit\u00edsk lausn nau\u00f0synleg<\/a><\/li>\n<li>22.03.2016,\u00a0Icelandic National Radio in Spegillinn -\u00a0<a href=\"http:\/\/ruv.is\/frett\/logreglan-raedur-ekki-vid-astandid\">L\u00f6greglan r\u00e6\u00f0ur ekki vi\u00f0 \u00e1standi\u00f0<\/a>.<\/li>\n<li>12.03.2016,\u00a0Icelandic National Radio in Vits er \u00fe\u00f6rf -\u00a0<a href=\"http:\/\/www.ruv.is\/sarpurinn\/ras-1\/vits-er-thorf\/20160312\">Samskipti sm\u00e1r\u00edkja vi\u00f0 volduga n\u00e1granna: Samanbur\u00f0ur \u00e1 st\u00f6\u00f0u Nor\u00f0urlandanna, Eystrasaltslandanna og Skotlands<\/a><\/li>\n<li>23.2.2015, Icelandic National Radio in Vits er \u00fe\u00f6rf - <a href=\"http:\/\/ruv.is\/sarpurinn\/vits-er-thorf\/23022015\" target=\"_blank\" rel=\"noopener\">Utanr\u00edkissamskipti \u00cdslands fr\u00e1 1550-1815: Var \u00cdsland \u00ed skj\u00f3li danska konungsd\u00e6misins?<\/a>\u00a0 - me\u00f0 T\u00f3mas Joensen.<\/li>\n<li>11.2.2015, Radio Saga in Bixi\u00f0 -<a href=\"http:\/\/www.utvarpsaga.is\/eldri-thaettir-2.html?start=96\" target=\"_blank\" rel=\"noopener\"> Utanr\u00edkissamskipti \u00cdslands \u00ed gegnum aldirnar\u00a0- var \u00cdsland \u00ed skj\u00f3li n\u00e1granna sinna?<\/a>\u00a0- me\u00f0 T\u00f3mas Joensen.<\/li>\n<li>11.9.2014, Radio X-i\u00f0 in Harmageddon - <a href=\"http:\/\/www.visir.is\/section\/MEDIA98&amp;fileid=CLP29575\" target=\"_blank\" rel=\"noopener\">Kj\u00f3sa Skotar sj\u00e1lfst\u00e6\u00f0i?<\/a><\/li>\n<li>05.9.2014, Icelandic National Radio in V\u00ed\u00f0sj\u00e1 - <a href=\"http:\/\/ruv.is\/sarpurinn\/vidsja\/05092014\">A program on Scotland as a small state<\/a><\/li>\n<li>16.8.2014, Icelandic National Radio in Vikuloking - <a href=\"http:\/\/www.ruv.is\/\/sarpurinn\/flokkar\/vikulokin\" target=\"_blank\" rel=\"noopener\">Discussing News of the Week<\/a><\/li>\n<li>9.8.2014, Radio Bylgjan in Bakar\u00edi\u00f0 - <a href=\"http:\/\/www.visir.is\/section\/MEDIA98&amp;fileid=CLP28848\" target=\"_blank\" rel=\"noopener\">Gle\u00f0igangan<\/a><\/li>\n<li>11.6.2014, Radio Bylgjan in Reykjavik S\u00ed\u00f0degis -\u00a0<a href=\"http:\/\/www.visir.is\/section\/MEDIA98&amp;fileid=CLP27612\" target=\"_blank\" rel=\"noopener\">Eiga g\u00f6mlu fj\u00f3rflokkarnir undir h\u00f6gg a\u00f0 s\u00e6kja?<\/a><\/li>\n<li>21.5.2014, Radio Saga in Bixi\u00f0 - <a href=\"http:\/\/www.utvarpsaga.is\/eldri-thaettir-2.html\" target=\"_blank\" rel=\"noopener\">Discussing European affairs and the policy of the current government towards the EU<\/a><\/li>\n<li>9.3.2014, Icelandic National Radio in Vits er \u00fe\u00f6rf - <a href=\"http:\/\/www.ruv.is\/sarpurinn\/vits-er-thorf\/10032014-0\" target=\"_blank\" rel=\"noopener\">Economic, political and societal shelter for Iceland in the middle ages<\/a><\/li>\n<li>8.3.2014, Icelandic National Radio in Vikulokin - <a href=\"http:\/\/ruv.is\/sarpurinn\/vikulokin\/08032014-0\" target=\"_blank\" rel=\"noopener\">Discussing News of the Week<\/a><\/li>\n<li>6.9.2013, Icelandic National Radio in Spegillinn - <a href=\"http:\/\/www.ruv.is\/frett\/utanrikisthjonustan-til-marks-um-sjalfstaedi\" target=\"_blank\" rel=\"noopener\">Utanr\u00edkis\u00fej\u00f3nustan til marks um sj\u00e1lfst\u00e6\u00f0i<\/a><\/li>\n<li>18.7.2013, Icelandic National Radio in S\u00ed\u00f0degis\u00fatvarpi\u00f0 - <a href=\"http:\/\/www.ruv.is\/erlent\/verdur-skotland-sjalfstaett-riki\" target=\"_blank\" rel=\"noopener\">Ver\u00f0ur Skotland sj\u00e1lfst\u00e6tt r\u00edki<\/a><\/li>\n<li>21.06.2013, Icelandic National Radio in S\u00ed\u00f0degis\u00fatvarpi\u00f0 - <a href=\"http:\/\/www.ruv.is\/mannlif\/samkynhneigdir-horfa-til-islands\" target=\"_blank\" rel=\"noopener\">Samkynhneig\u00f0ir horfa til \u00cdslands<\/a><\/li>\n<li>11.6.2013, Radio Bylgjan in \u00cd B\u00edti\u00f0 - <a href=\"http:\/\/visir.is\/section\/MEDIA98&amp;fileid=CLP19131\" target=\"_blank\" rel=\"noopener\">Leyfir ekki t\u00f6lvur \u00ed kennslustundum<\/a><\/li>\n<li>11.6.2013, Icelandic National Radio in S\u00ed\u00f0degis\u00fatvarpi\u00f0 - <a href=\"http:\/\/www.ruv.is\/sarpurinn\/siddegisutvarpid\/11062013\/engar-tolvur-takk\" target=\"_blank\" rel=\"noopener\">Engar t\u00f6lvur takk!<\/a><\/li>\n<li>12.4.2013, Icelandic National Radio in V\u00ed\u00f0sj\u00e1 - <a href=\"http:\/\/www.ruv.is\/vidsja-dagsins\/arfur-margretar\" target=\"_blank\" rel=\"noopener\">The legacy of Margaret Thathcter<\/a><\/li>\n<li>8.3.2013, Icelandic National Radio in V\u00ed\u00f0sj\u00e1 -\u00a0<a href=\"http:\/\/www.ruv.is\/sarpurinn\/vidsja\/08032013-0\" target=\"_blank\" rel=\"noopener\">Travel Journal from Venezuela<\/a><\/li>\n<li>2.3.2013, Icelandic National Radio in Vikulokin - <a href=\"http:\/\/www.ruv.is\/sarpurinn\/vikulokin\/02032013-0\" target=\"_blank\" rel=\"noopener\">Discussing News of the Week<\/a><\/li>\n<li>7.9.2012, Icelandic National Radio - <a href=\"http:\/\/www.ruv.is\/sarpurinn\/starf-fraedimannsins\/07092012-0\" target=\"_blank\" rel=\"noopener\">Starf fr\u00e6\u00f0imannsins<\/a><\/li>\n<li>23.6.2011, Radio Saga -\u00a0<a href=\"http:\/\/boli.bondi.is\/jbl\/evr%f3pu%fe%e1ttur_7.4.11.mp3\" target=\"_blank\" rel=\"noopener\">ESB Nei e\u00f0a J\u00e1<\/a><\/li>\n<li>14.02.2006, Slovak Radio -\u00a0<a href=\"http:\/\/uni.hi.is\/baldurt\/in-the-media\/slovak-radio-news\/\" rel=\"attachment wp-att-441\">Slovak Radio news<\/a><\/li>\n<\/ul>\n<p><!--:--><\/p>\n","protected":false},"excerpt":{"rendered":"<p>7.05.2022, Morgunkaffi\u00f0 - \u00de\u00e1ttur 24 19.04.2022, Bygljan - R\u00fassar g\u00e6tu refsa\u00f0 \u00cdslendingum vegna stu\u00f0nings vi\u00f0 NATO-a\u00f0ild Finna 14.04.2022, Bylgjan - H\u00e1degisfr\u00e9ttir 11.04.2022, Bylgjan - ,,Ekki h\u00e6gt a\u00f0 l\u00edta \u00e1 \u00fea\u00f0 \u00f6\u00f0ruv\u00edsi en svo a\u00f0 Lilja kalli eftir afs\u00f6gn fj\u00e1rm\u00e1lar\u00e1\u00f0herra\" 03.04.2022, &hellip; <a href=\"https:\/\/uni.hi.is\/baldurt\/in-the-media\/radio\/\">Continue reading <span class=\"meta-nav\">&rarr;<\/span><\/a><\/p>\n","protected":false},"author":360,"featured_media":0,"parent":520,"menu_order":2,"comment_status":"closed","ping_status":"closed","template":"","meta":{"footnotes":""},"class_list":["post-531","page","type-page","status-publish","hentry"],"_links":{"self":[{"href":"https:\/\/uni.hi.is\/baldurt\/wp-json\/wp\/v2\/pages\/531","targetHints":{"allow":["GET"]}}],"collection":[{"href":"https:\/\/uni.hi.is\/baldurt\/wp-json\/wp\/v2\/pages"}],"about":[{"href":"https:\/\/uni.hi.is\/baldurt\/wp-json\/wp\/v2\/types\/page"}],"author":[{"embeddable":true,"href":"https:\/\/uni.hi.is\/baldurt\/wp-json\/wp\/v2\/users\/360"}],"replies":[{"embeddable":true,"href":"https:\/\/uni.hi.is\/baldurt\/wp-json\/wp\/v2\/comments?post=531"}],"version-history":[{"count":83,"href":"https:\/\/uni.hi.is\/baldurt\/wp-json\/wp\/v2\/pages\/531\/revisions"}],"predecessor-version":[{"id":4250,"href":"https:\/\/uni.hi.is\/baldurt\/wp-json\/wp\/v2\/pages\/531\/revisions\/4250"}],"up":[{"embeddable":true,"href":"https:\/\/uni.hi.is\/baldurt\/wp-json\/wp\/v2\/pages\/520"}],"wp:attachment":[{"href":"https:\/\/uni.hi.is\/baldurt\/wp-json\/wp\/v2\/media?parent=531"}],"curies":[{"name":"wp","href":"https:\/\/api.w.org\/{rel}","templated":true}]}}