{"id":534,"date":"2012-08-28T21:40:57","date_gmt":"2012-08-28T21:40:57","guid":{"rendered":"http:\/\/uni.hi.is\/baldurt\/?page_id=534"},"modified":"2022-04-04T14:05:29","modified_gmt":"2022-04-04T14:05:29","slug":"tv","status":"publish","type":"page","link":"https:\/\/uni.hi.is\/baldurt\/in-the-media\/tv\/","title":{"rendered":"TV"},"content":{"rendered":"<p><!--:en--><\/p>\n<ul>\n<li>03.04.2022, R\u00daV - <a href=\"https:\/\/www.ruv.is\/sjonvarp\/spila\/silfrid\/32202\/9j38lb\">Silfri\u00f0<\/a><\/li>\n<li>20.03.2022, St\u00f6\u00f0 2 Fr\u00e9ttir - <a href=\"https:\/\/www.ruv.is\/sjonvarp\/spila\/frettir-kl-19-00\/30762\/9kjfmf\/olafur-ragnar-grimsson?fbclid=IwAR2RKWPJVypIr523ZkDmijh7Xy4lqHPN_imZ311J2m6OenJqzsydw2PBxfQ\">Str\u00ed\u00f0i\u00f0 \u00ed \u00dakra\u00ednu (umm\u00e6li \u00d3lafs Ragnars Gr\u00edmssonar)<\/a><\/li>\n<li>24.02.2022, Kastlj\u00f3s - <a href=\"https:\/\/www.ruv.is\/sjonvarp\/spila\/kastljos\/32276\/9jprb4\">Str\u00ed\u00f0i\u00f0 \u00ed \u00dakra\u00ednu<\/a><\/li>\n<li>21.02.2022, R\u00daV - <a href=\"https:\/\/www.ruv.is\/frett\/2022\/02\/21\/radamenn-nyta-ukrainudeiluna-til-ad-styrkja-stodu-sina?fbclid=IwAR2a51P892KL0GOjDcvTfZdr_9NQ_cJhAra_95VFOQyxTEvLqIbC6Oko8pQ\">R\u00e1\u00f0amenn n\u00fdta \u00dakra\u00ednudeiluna til a\u00f0 styrkja st\u00f6\u00f0u s\u00edna<\/a><\/li>\n<li>30.9.2021, <a href=\"https:\/\/www.ruv.is\/sjonvarp\/spila\/kastljos\/30772\/95ertd?fbclid=IwAR1Ddsvog-D8wX4CKhSVsWbWT4oWMC9OIa5QkWEjIe66p_wzatCee-vfvOc\">R\u00daV - Kastlj\u00f3s, Samskipti \u00cdslands og K\u00edna<\/a><\/li>\n<li>19.4.2021, <a href=\"https:\/\/www.ruv.is\/frett\/2020\/04\/19\/bandarikin-ad-fara-ur-leidtogahlutverki-sinu?term=baldur%20%C3%BE%C3%B3rhallsson&amp;rtype=news&amp;slot=17\">R\u00daV - Silfri\u00f0, Bandar\u00edkin a\u00f0 fara \u00far lei\u00f0togahlutverki s\u00ednu<\/a><\/li>\n<li>21.3.2021, R\u00daV - <a href=\"https:\/\/www.ruv.is\/sjonvarp\/spila\/silfrid\/30778\/95gmdb?term=baldur%20%C3%BE%C3%B3rhallsson&amp;rtype=tv&amp;slot=10\">Silfri\u00f0<\/a><\/li>\n<li>7.1.2021, <a href=\"https:\/\/www.ruv.is\/frett\/2021\/01\/07\/throun-fra-lydraedi-hja-republikonum?term=baldur%20%C3%BE%C3%B3rhallsson&amp;rtype=news&amp;slot=13\">R\u00daV - Fr\u00e9ttir, \u00fer\u00f3un fr\u00e1 l\u00fd\u00f0r\u00e6\u00f0i hj\u00e1 rep\u00fablik\u00f6num<\/a><\/li>\n<li>3.1.2020, <a href=\"https:\/\/www.ruv.is\/frett\/telur-ad-adgerdaleysi-hefdi-verid-alitid-veikleikamerki?term=baldur%20%C3%BE%C3%B3rhallsson&amp;rtype=news&amp;slot=42\">R\u00daV - Fr\u00e9ttir, telur a\u00f0 a\u00f0ger\u00f0arleysi hef\u00f0i veri\u00f0 \u00e1liti\u00f0 veikleikamerki<\/a><\/li>\n<li>23.9.2019,<a href=\"https:\/\/www.ruv.is\/frett\/eins-og-veislusalur-i-undirheimum?fbclid=IwAR0MdAwQQ9UOrERUuU8MO7Cq_jKQYK0OlHu3Y8pnAq63bfbfJ4FEhJMRWmg\"> R\u00daV - Landinn<\/a><\/li>\n<li>3.11.2019, <a href=\"https:\/\/www.ruv.is\/frett\/silfrid-29?term=baldur%20%C3%BE%C3%B3rhallsson&amp;rtype=news&amp;slot=45\">R\u00daV - Silfri\u00f0<\/a><\/li>\n<li>17.3.2018, <a href=\"http:\/\/www.visir.is\/section\/MEDIA99&amp;fileid=SRCA6A83847-DA0C-4FA0-9FE0-2F9AC7420A9D\">St\u00f6\u00f0 2 - V\u00edgl\u00ednan<\/a><\/li>\n<li>8.3.2018, <a href=\"https:\/\/www.facebook.com\/RUVohf\/videos\/1734112426673950\/?id=736604477\">R\u00daV - Hinseginleikinn<\/a><\/li>\n<li>9.6.2017, <a href=\"http:\/\/ruv.is\/sarpurinn\/klippa\/breskir-kjosendur\">R\u00daV - Fr\u00e9ttir <\/a><\/li>\n<li>13.5.2017, <a href=\"http:\/\/www.visir.is\/g\/2017170519349\">St\u00f6\u00f0 2 - Kv\u00f6ldfr\u00e9ttir<\/a><\/li>\n<li>4.12.2016, <a href=\"http:\/\/www.visir.is\/telur-ekki-timabaert-ad-tala-um-thjodstjorn-eda-utanthingsstjorn\/article\/2016161209480\">St\u00f6\u00f0 2 - Kv\u00f6ldfr\u00e9ttir<\/a><\/li>\n<li>9.11.2016, <a href=\"http:\/\/www.visir.is\/section\/MEDIA99&amp;fileid=VTV66F639E5-9916-4248-A3D1-44937B9E2D62\">St\u00f6\u00f0 2 - Kv\u00f6ldfr\u00e9ttir<\/a><\/li>\n<li>30.10.2016, <a href=\"http:\/\/www.visir.is\/section\/MEDIA99&amp;fileid=SRCE8CBD055-BAD1-4DDF-A85F-8D9108579BAC\">St\u00f6\u00f0 2 - Kv\u00f6ldfr\u00e9ttir<\/a><\/li>\n<li>30.10.2016, <a href=\"http:\/\/www.visir.is\/section\/MEDIA99&amp;fileid=VTV40B0E3FD-A493-4EB4-9E4B-06B2C4467666\">St\u00f6\u00f0 2 - H\u00e1degisfr\u00e9ttir<\/a><\/li>\n<li>30.10.2016, <a href=\"http:\/\/ruv.is\/sarpurinn\/ruv\/aukafrettatimi-althingiskosningar-2016\/20161030\">R\u00daV - Aukafr\u00e9ttat\u00edmi<\/a><\/li>\n<li>24.10.2016, <a href=\"http:\/\/www.hringbraut.is\/sjonvarp\/thaettir\/thjodbraut\/kosningabarattan-kostnadur-krabbameinssjuklinga-og-efnahagsmal\/\">Hringbraut - \u00dej\u00f3\u00f0braut<\/a><\/li>\n<li>8.10.2016, <a href=\"http:\/\/www.visir.is\/section\/MEDIA99&amp;fileid=VTV7FFEC2B7-C790-45F6-8297-26648D25071F\">St\u00f6\u00f0 2 - Fr\u00e9ttir<\/a><\/li>\n<li>2.8.2016, <a href=\"http:\/\/ruv.is\/sarpurinn\/ruv\/frettir\/20160802\">R\u00daV - Fr\u00e9ttir<\/a><\/li>\n<li>2.8.2016, <a href=\"http:\/\/www.visir.is\/section\/MEDIA99&amp;fileid=VTV3048F3C2-64BF-4AD7-AD60-952940DC9956\">St\u00f6\u00f0 2 - Kv\u00f6ldfr\u00e9ttir<\/a><\/li>\n<li>25.6.2016, <a href=\"http:\/\/www.visir.is\/section\/MEDIA99&amp;fileid=SRC0CE65785-597C-4FE3-91A8-324B9EC34662\">St\u00f6\u00f0 2 - Kosningavakt 2016 - Annar hluti <\/a><\/li>\n<li>25.6.2016, <a href=\"http:\/\/www.visir.is\/section\/MEDIA99&amp;fileid=SRC7D8ED56A-B4F5-45E6-8533-230C34B7929F\">St\u00f6\u00f0 2 - Kosningavakt 2016 - Fyrsti hluti <\/a><\/li>\n<li>25.6.2016, <a href=\"http:\/\/www.visir.is\/section\/MEDIA99&amp;fileid=VTV10850854-BA45-4053-A8EB-2B7D246F7C3A\">St\u00f6\u00f0 2 - Kv\u00f6ldfr\u00e9ttir <\/a><\/li>\n<li>23.6.2016, <a href=\"http:\/\/www.visir.is\/section\/MEDIA\">St\u00f6\u00f0 2 - Kv\u00f6ldfr\u00e9ttir<\/a><\/li>\n<li>22.6.2016, <a href=\"http:\/\/www.ruv.is\/sarpurinn\/ruv\/tiufrettir\/20160622\">R\u00daV - T\u00edufr\u00e9ttir<\/a><\/li>\n<li>13.6.2016, <a href=\"http:\/\/www.ruv.is\/sarpurinn\/ruv\/frettir\/20160613\">R\u00daV - Kv\u00f6ldfr\u00e9ttir<\/a><\/li>\n<li>18.4.2016, <a href=\"http:\/\/www.visir.is\/section\/MEDIA99&amp;fileid=SRC1EB12442-FC47-4937-84C0-2E47DD90FAD0\">St\u00f6\u00f0 2 - Kv\u00f6ldfr\u00e9ttir<\/a><\/li>\n<li>18.4.2016, <a href=\"http:\/\/www.visir.is\/section\/MEDIA99&amp;fileid=SRC84F65BEB-1B35-44DC-97D1-F15C6509BAF0\">St\u00f6\u00f0 2 - Aukafr\u00e9ttat\u00edmi<\/a><\/li>\n<li>6.4.2016, <a href=\"http:\/\/www.visir.is\/section\/MEDIA99&amp;fileid=SRC757D1873-3740-4CB8-9204-9E51B6E07126\">St\u00f6\u00f0 2 -\u00a0Kv\u00f6ldfr\u00e9ttir - \u00feri\u00f0ji hluti<\/a><\/li>\n<li>6.4.2016, <a href=\"http:\/\/www.visir.is\/section\/MEDIA99&amp;fileid=SRC96B23B97-3B0B-4D15-B845-BB3ECA6B299B\">St\u00f6\u00f0 2 -\u00a0Kv\u00f6ldfr\u00e9ttir - annar hluti<\/a><\/li>\n<li>6.4.2016, <a href=\"http:\/\/www.visir.is\/section\/MEDIA99&amp;fileid=SRC12EFBF6D-63D1-4909-A9D4-070DC7934F74\">St\u00f6\u00f0 2 - Kv\u00f6ldfr\u00e9ttir - fyrsti hluti<\/a><\/li>\n<li>6.4.2016, <a href=\"http:\/\/www.visir.is\/section\/MEDIA99&amp;fileid=VTV3315FE2E-D18F-4310-9B9A-1B61D323738E\">St\u00f6\u00f0 2 - Fr\u00e9ttir<\/a><\/li>\n<li>6.4.2016, <a href=\"http:\/\/www.visir.is\/section\/MEDIA99&amp;fileid=SRCA6062B0C-ADA5-41F9-B3E3-56027E6EBC11\">St\u00f6\u00f0 2 - H\u00e1degisfr\u00e9ttir<\/a><\/li>\n<li>5.4.2016, <a href=\"http:\/\/www.visir.is\/section\/MEDIA99&amp;fileid=SRC187A3FF8-6385-43C0-9E50-2BDBBA7A4F27\">St\u00f6\u00f0 2 - Kv\u00f6ldfr\u00e9ttir<\/a><\/li>\n<li>5.4.2016, <a href=\"http:\/\/www.visir.is\/section\/MEDIA99&amp;fileid=SRC10E53749-49FF-494F-9163-467480D094E4\">St\u00f6\u00f0 2 -\u00a0Aukafr\u00e9ttat\u00edmi kl. 15 - fyrri hluti<\/a><\/li>\n<li>5.4.2016, <a href=\"http:\/\/www.visir.is\/section\/MEDIA99&amp;fileid=SRCAD6BE72B-B631-4303-A4E4-2DF64CC9EE6D\">St\u00f6\u00f0 2 -\u00a0Aukafr\u00e9ttat\u00edmi kl. 15 - seinni hluti<\/a><\/li>\n<li>22.3.2016, St\u00f6\u00f0 2 - Fr\u00e9ttir <a href=\"http:\/\/www.visir.is\/aukafrettatimi-stodvar-2-klukkan-tolf\/article\/2016160329737\">aukafr\u00e9ttat\u00edmi<\/a><\/li>\n<li>22.3.2016, <a href=\"http:\/\/www.visir.is\/section\/MEDIA99&amp;fileid=SRC4B7E9103-3B73-495A-ABFD-AC2D884BA9E3\">St\u00f6\u00f0 2 - Fr\u00e9ttir<\/a><\/li>\n<li>14.10.2015, N4 - A\u00f0 Sunnan, <a href=\"http:\/\/www.n4.is\/is\/thaettir\/file\/ad-sunnan-14-oktober-2015-27-thattur\">\"Hellarnir vi\u00f0 Hellu - Rang\u00e1r\u00feing ytra\"<\/a><\/li>\n<li>23.8.2015, St\u00f6\u00f0 2 - Fr\u00e9ttir, \"<a href=\"http:\/\/www.visir.is\/ekki-haegt-ad-skrifa-fylgishrunid-a-gudmund\/article\/2015150829446\">Ekki h\u00e6gt a\u00f0 skrifa fylgishruni\u00f0 \u00e1 Gu\u00f0mund<\/a>\"<\/li>\n<li>13.3.2015, St\u00f6\u00f0 2 - Fr\u00e9ttir, \"<a href=\"http:\/\/www.visir.is\/fordaemisgefandi-fyrir-rikisstjornir-framtidarinnar\/article\/2015150319456\">Ford\u00e6misgefandi fyrir r\u00edkisstj\u00f3rnir framt\u00ed\u00f0arinnar<\/a>\"<\/li>\n<li>13.1.2015, St\u00f6\u00f0 2 - Fr\u00e9ttir,\u00a0<a href=\"http:\/\/www.visir.is\/gerum-krofu-um-ad-radamenn-avarpi-fjolmenningarsamfelagid\/article\/2015150119604\" target=\"_blank\" rel=\"noopener noreferrer\">\"Gerum kr\u00f6fu um a\u00f0 r\u00e1\u00f0amenn \u00e1varpi fj\u00f6lmenningarsamf\u00e9lagi\u00f0\"<\/a><\/li>\n<li>3.11.2014, St\u00f6\u00f0 2 - Fr\u00e9ttir,<a href=\"http:\/\/www.visir.is\/tilraunir-til-norraens-sambandsrikis-hafa-alltaf-misheppnast\/article\/2014141109729\" target=\"_blank\" rel=\"noopener noreferrer\"> um hugmyndir um norr\u00e6nt sambandsr\u00edki<\/a><\/li>\n<li>15.9.2014, St\u00f6\u00f0 2 - Fr\u00e9ttir, <a href=\"http:\/\/www.visir.is\/skrumskaela-sannleikann-og-ala-a-otta\/article\/2014140919268\" target=\"_blank\" rel=\"noopener noreferrer\">um \u00feingkosningarnar \u00ed Sv\u00ed\u00fej\u00f3\u00f0<\/a><\/li>\n<li>26.5.2014, St\u00f6\u00f0 2 - Fr\u00e9ttir, <a href=\"http:\/\/www.visir.is\/-afall-fyrir-rikjandi-stjornmalastett-\/article\/2014140529124\" target=\"_blank\" rel=\"noopener noreferrer\">um\u00a0\u00farslit Evr\u00f3pu\u00feingskosninganna<\/a><\/li>\n<li>9.2.2014, R\u00daV - <a href=\"http:\/\/www.ruv.is\/sarpurinn\/sunnudagsmorgunn\/09022014-1\" target=\"_blank\" rel=\"noopener noreferrer\">Sunnudagsmorgunn<\/a>\u00a0(26:35)<\/li>\n<li>11.6.2013 R\u00daV - <a href=\"http:\/\/www.ruv.is\/sarpurinn\/fjarsjodur-framtidar-ii\/11062013-0\" target=\"_blank\" rel=\"noopener noreferrer\">Fj\u00e1rsj\u00f3\u00f0ur framt\u00ed\u00f0ar II<\/a><\/li>\n<li>3.3.2013 R\u00daV -\u00a0<a href=\"http:\/\/www.ruv.is\/sarpurinn\/silfur-egils\/03032013-2\" target=\"_blank\" rel=\"noopener noreferrer\">Silfur Egils<\/a><\/li>\n<li>24.5.2012, Mbl online tv -\u00a0<a href=\"http:\/\/mbl.is\/frettir\/innlent\/2012\/05\/24\/kosning_um_vidraedur_ovanaleg\/\" target=\"_blank\" rel=\"noopener noreferrer\">Mbl sj\u00f3nvarp\u00a0<\/a><\/li>\n<li>17.11.2011, Vimeo broadcast from a TASC conference -\u00a0<a href=\"http:\/\/vimeo.com\/32599421\" target=\"_blank\" rel=\"noopener noreferrer\">The Nordic Models: Resilience in Changing Times<\/a><\/li>\n<li>02.12.2010, \u00cdnn tv station -\u00a0<a href=\"http:\/\/inntv.is\/Horfa_%C3%A1_%C3%BE%C3%A6tti\/Undir%20feldi$1291248060\" target=\"_blank\" rel=\"noopener noreferrer\">\u00cdNN - Undir Feldi<\/a><\/li>\n<\/ul>\n<p><!--:--><\/p>\n","protected":false},"excerpt":{"rendered":"<p>03.04.2022, R\u00daV - Silfri\u00f0 20.03.2022, St\u00f6\u00f0 2 Fr\u00e9ttir - Str\u00ed\u00f0i\u00f0 \u00ed \u00dakra\u00ednu (umm\u00e6li \u00d3lafs Ragnars Gr\u00edmssonar) 24.02.2022, Kastlj\u00f3s - Str\u00ed\u00f0i\u00f0 \u00ed \u00dakra\u00ednu 21.02.2022, R\u00daV - R\u00e1\u00f0amenn n\u00fdta \u00dakra\u00ednudeiluna til a\u00f0 styrkja st\u00f6\u00f0u s\u00edna 30.9.2021, R\u00daV - Kastlj\u00f3s, Samskipti \u00cdslands og &hellip; <a href=\"https:\/\/uni.hi.is\/baldurt\/in-the-media\/tv\/\">Continue reading <span class=\"meta-nav\">&rarr;<\/span><\/a><\/p>\n","protected":false},"author":360,"featured_media":0,"parent":520,"menu_order":1,"comment_status":"closed","ping_status":"closed","template":"","meta":{"footnotes":""},"class_list":["post-534","page","type-page","status-publish","hentry"],"_links":{"self":[{"href":"https:\/\/uni.hi.is\/baldurt\/wp-json\/wp\/v2\/pages\/534","targetHints":{"allow":["GET"]}}],"collection":[{"href":"https:\/\/uni.hi.is\/baldurt\/wp-json\/wp\/v2\/pages"}],"about":[{"href":"https:\/\/uni.hi.is\/baldurt\/wp-json\/wp\/v2\/types\/page"}],"author":[{"embeddable":true,"href":"https:\/\/uni.hi.is\/baldurt\/wp-json\/wp\/v2\/users\/360"}],"replies":[{"embeddable":true,"href":"https:\/\/uni.hi.is\/baldurt\/wp-json\/wp\/v2\/comments?post=534"}],"version-history":[{"count":54,"href":"https:\/\/uni.hi.is\/baldurt\/wp-json\/wp\/v2\/pages\/534\/revisions"}],"predecessor-version":[{"id":4215,"href":"https:\/\/uni.hi.is\/baldurt\/wp-json\/wp\/v2\/pages\/534\/revisions\/4215"}],"up":[{"embeddable":true,"href":"https:\/\/uni.hi.is\/baldurt\/wp-json\/wp\/v2\/pages\/520"}],"wp:attachment":[{"href":"https:\/\/uni.hi.is\/baldurt\/wp-json\/wp\/v2\/media?parent=534"}],"curies":[{"name":"wp","href":"https:\/\/api.w.org\/{rel}","templated":true}]}}