{"id":79,"date":"2012-08-02T12:27:53","date_gmt":"2012-08-02T12:27:53","guid":{"rendered":"http:\/\/uni.hi.is\/baldurt\/?page_id=79"},"modified":"2014-04-02T10:03:26","modified_gmt":"2014-04-02T10:03:26","slug":"photo-albums","status":"publish","type":"page","link":"https:\/\/uni.hi.is\/baldurt\/photo-albums\/","title":{"rendered":"Photos"},"content":{"rendered":"<p><!--:en-->I update the gallery regularly with new photos. However, you can also take a look at photos that date back more than ten years!<\/p>\n<table border=\"1\" cellspacing=\"0\" cellpadding=\"0\">\n<tbody>\n<tr>\n<td valign=\"top\" width=\"142\">\n<p><div style=\"width: 85px\" class=\"wp-caption alignnone\"><a href=\"http:\/\/www.flickr.com\/photos\/baldurt\/sets\/72157631853353819\/\" target=\"_blank\"><img loading=\"lazy\" decoding=\"async\" src=\"http:\/\/farm9.staticflickr.com\/8475\/8123313544_a787a43a9c_s.jpg\" alt=\"\" width=\"75\" height=\"75\" \/><\/a><p class=\"wp-caption-text\">Photos from the classroom<\/p><\/div><\/td>\n<td valign=\"top\" width=\"142\">\n<p><div style=\"width: 85px\" class=\"wp-caption alignnone\"><a title=\"Icelandic Customs Academy\" href=\"http:\/\/www.flickr.com\/photos\/baldurt\/sets\/72157631853036903\/\" target=\"_blank\"><img loading=\"lazy\" decoding=\"async\" src=\"http:\/\/farm9.staticflickr.com\/8183\/8123154737_7013652481_s.jpg\" alt=\"Icelandic Customs Academy\" width=\"75\" height=\"75\" \/><\/a><p class=\"wp-caption-text\">Icelandic Customs Academy<\/p><\/div><\/td>\n<td valign=\"top\" width=\"142\"><\/td>\n<\/tr>\n<\/tbody>\n<\/table>\n<table width=\"640\" border=\"1\" cellspacing=\"0\" cellpadding=\"0\">\n<tbody>\n<tr>\n<td valign=\"top\" width=\"142\">\n<p><div style=\"width: 85px\" class=\"wp-caption alignnone\"><a href=\"http:\/\/www.flickr.com\/photos\/baldurt\/sets\/72157631260992654\/\" target=\"_blank\"><img loading=\"lazy\" decoding=\"async\" src=\"http:\/\/farm9.staticflickr.com\/8444\/7868039126_f2ed95eec9_s.jpg\" alt=\"China 2008\" width=\"75\" height=\"75\" \/><\/a><p class=\"wp-caption-text\">China 2008<\/p><\/div><\/td>\n<td valign=\"top\" width=\"142\">\n<p><div style=\"width: 85px\" class=\"wp-caption alignnone\"><a title=\"Go to album\" href=\"http:\/\/www.flickr.com\/photos\/baldurt\/sets\/72157630967635810\/\" target=\"_blank\"><img loading=\"lazy\" decoding=\"async\" src=\"http:\/\/farm8.staticflickr.com\/7109\/7738753536_a5d2996706_s.jpg\" alt=\"\" width=\"75\" height=\"75\" \/><\/a><p class=\"wp-caption-text\">Campaigning for human rights<\/p><\/div><\/td>\n<td valign=\"top\" width=\"142\">\n<p><div style=\"width: 85px\" class=\"wp-caption alignnone\"><a href=\"http:\/\/www.flickr.com\/photos\/baldurt\/sets\/72157631853444542\/\" target=\"_blank\"><img loading=\"lazy\" decoding=\"async\" src=\"http:\/\/farm9.staticflickr.com\/8326\/8123267549_2170d5d442_s.jpg\" alt=\"Doctoral Defence of Magn\u00fas \u00c1rni Magn\u00fasson\" width=\"75\" height=\"75\" \/><\/a><p class=\"wp-caption-text\">Doctoral Defence of Magn\u00fas \u00c1rni Magn\u00fasson<\/p><\/div><\/td>\n<\/tr>\n<\/tbody>\n<\/table>\n<table border=\"1\" cellspacing=\"0\" cellpadding=\"0\">\n<tbody>\n<tr>\n<td valign=\"top\" width=\"142\">\n<p><div style=\"width: 85px\" class=\"wp-caption alignnone\"><a href=\"http:\/\/www.flickr.com\/photos\/baldurt\/sets\/72157630952253280\/\" target=\"_blank\"><img loading=\"lazy\" decoding=\"async\" class=\" \" src=\"http:\/\/farm9.staticflickr.com\/8432\/7732251904_f506ed9c2b_s.jpg\" alt=\"\" width=\"75\" height=\"75\" \/><\/a><p class=\"wp-caption-text\">Lublin, Poland, May 2011<\/p><\/div><\/td>\n<td valign=\"top\" width=\"142\">\n<p><div style=\"width: 85px\" class=\"wp-caption alignnone\"><a href=\"http:\/\/www.flickr.com\/photos\/baldurt\/sets\/72157630951575940\/\" target=\"_blank\"><img loading=\"lazy\" decoding=\"async\" src=\"http:\/\/farm9.staticflickr.com\/8422\/7731897660_1b8e0977dd_s.jpg\" alt=\"\" width=\"75\" height=\"75\" \/><\/a><p class=\"wp-caption-text\">Photos from the University of Iceland<\/p><\/div><\/td>\n<td valign=\"top\" width=\"142\">\n<p><div style=\"width: 85px\" class=\"wp-caption alignnone\"><a href=\"http:\/\/www.flickr.com\/photos\/baldurt\/sets\/72157630951710106\/\" target=\"_blank\"><img loading=\"lazy\" decoding=\"async\" src=\"http:\/\/farm9.staticflickr.com\/8288\/7732067874_9ff4235981_s.jpg\" alt=\"\" width=\"75\" height=\"75\" \/><\/a><p class=\"wp-caption-text\">Family and fun<\/p><\/div><\/td>\n<\/tr>\n<\/tbody>\n<\/table>\n<table border=\"1\" cellspacing=\"0\" cellpadding=\"0\">\n<tbody>\n<tr>\n<td valign=\"top\" width=\"142\">\n<p><div style=\"width: 85px\" class=\"wp-caption alignnone\"><a href=\"http:\/\/www.flickr.com\/photos\/baldurt\/sets\/72157630952356378\/\" target=\"_blank\"><img loading=\"lazy\" decoding=\"async\" src=\"http:\/\/farm9.staticflickr.com\/8290\/7732318844_2803e43e8c_s.jpg\" alt=\"\" width=\"75\" height=\"75\" \/><\/a><p class=\"wp-caption-text\">Lecture and tour in the Icelandic settlement in Manitopa<\/p><\/div><\/td>\n<td valign=\"top\" width=\"142\">\n<p><div style=\"width: 85px\" class=\"wp-caption alignnone\"><a href=\"http:\/\/www.flickr.com\/photos\/baldurt\/sets\/72157630967437682\/\" target=\"_blank\"><img loading=\"lazy\" decoding=\"async\" class=\" \" src=\"http:\/\/farm8.staticflickr.com\/7121\/7738673292_31b5e991d5_s.jpg\" alt=\"\" width=\"75\" height=\"75\" \/><\/a><p class=\"wp-caption-text\">TEPSA conference in Budapest in December 2010.<\/p><\/div><\/td>\n<td valign=\"top\" width=\"142\">\n<p><div style=\"width: 85px\" class=\"wp-caption alignnone\"><a href=\"http:\/\/www.flickr.com\/photos\/baldurt\/sets\/72157630951575960\/\" target=\"_blank\"><img loading=\"lazy\" decoding=\"async\" src=\"http:\/\/farm9.staticflickr.com\/8434\/7731973792_0416f20629_s.jpg\" alt=\"\" width=\"75\" height=\"75\" \/><\/a><p class=\"wp-caption-text\">Pictures from the ECPR general conference in Reykjavik August 2011.<\/p><\/div><\/td>\n<\/tr>\n<\/tbody>\n<\/table>\n<table border=\"1\" cellspacing=\"0\" cellpadding=\"0\">\n<tbody>\n<tr>\n<td valign=\"top\" width=\"142\">\n<p><div style=\"width: 85px\" class=\"wp-caption alignnone\"><a href=\"http:\/\/www.flickr.com\/photos\/baldurt\/sets\/72157630967585514\/\" target=\"_blank\"><img loading=\"lazy\" decoding=\"async\" src=\"http:\/\/farm9.staticflickr.com\/8282\/7738724862_a8eedcf245_s.jpg\" alt=\"\" width=\"75\" height=\"75\" \/><\/a><p class=\"wp-caption-text\">University of Malta 2009<\/p><\/div><\/td>\n<td valign=\"top\" width=\"142\">\n<p><div style=\"width: 85px\" class=\"wp-caption alignnone\"><a href=\"http:\/\/www.flickr.com\/photos\/baldurt\/sets\/72157630967511840\/\" target=\"_blank\"><img loading=\"lazy\" decoding=\"async\" src=\"http:\/\/farm8.staticflickr.com\/7268\/7738691966_fd30345f49_s.jpg\" alt=\"\" width=\"75\" height=\"75\" \/><\/a><p class=\"wp-caption-text\">Doctoral defense of Eir\u00edkur Bergmann Einarsson<\/p><\/div><\/td>\n<td valign=\"top\" width=\"142\">\n<p><div style=\"width: 85px\" class=\"wp-caption alignnone\"><a href=\"http:\/\/www.flickr.com\/photos\/baldurt\/sets\/72157630967457034\/\" target=\"_blank\"><img loading=\"lazy\" decoding=\"async\" class=\" \" src=\"http:\/\/farm9.staticflickr.com\/8424\/7738691136_43917c2363_s.jpg\" alt=\"\" width=\"75\" height=\"75\" \/><\/a><p class=\"wp-caption-text\">Doctoral defense of Gunnhildur Lily Magn\u00fasd\u00f3ttir<\/p><\/div><\/td>\n<\/tr>\n<\/tbody>\n<\/table>\n<table border=\"1\" cellspacing=\"0\" cellpadding=\"0\">\n<tbody>\n<tr>\n<td valign=\"top\" width=\"142\">\n<p><div style=\"width: 85px\" class=\"wp-caption alignnone\"><a href=\"http:\/\/www.flickr.com\/photos\/baldurt\/sets\/72157630952019668\/\" target=\"_blank\"><img loading=\"lazy\" decoding=\"async\" src=\"http:\/\/farm8.staticflickr.com\/7131\/7732181942_8b63dbca71_s.jpg\" alt=\"\" width=\"75\" height=\"75\" \/><\/a><p class=\"wp-caption-text\">The White house 2004<\/p><\/div><\/td>\n<td valign=\"top\" width=\"142\">\n<p><div style=\"width: 85px\" class=\"wp-caption alignnone\"><a href=\"http:\/\/www.flickr.com\/photos\/baldurt\/sets\/72157630951912758\/\" target=\"_blank\"><img loading=\"lazy\" decoding=\"async\" src=\"http:\/\/farm9.staticflickr.com\/8421\/7732140126_ec1369fdeb_s.jpg\" alt=\"\" width=\"75\" height=\"75\" \/><\/a><p class=\"wp-caption-text\">Study visit in the USA in 2004<\/p><\/div><\/td>\n<td valign=\"top\" width=\"142\">\n<p><div style=\"width: 85px\" class=\"wp-caption alignnone\"><a href=\"http:\/\/www.flickr.com\/photos\/baldurt\/sets\/72157630951745590\/\" target=\"_blank\"><img loading=\"lazy\" decoding=\"async\" src=\"http:\/\/farm8.staticflickr.com\/7120\/7732078544_0e39179767_s.jpg\" alt=\"\" width=\"75\" height=\"75\" \/><\/a><p class=\"wp-caption-text\">Beijing 2005<\/p><\/div><\/td>\n<\/tr>\n<\/tbody>\n<\/table>\n<table border=\"1\" cellspacing=\"0\" cellpadding=\"0\">\n<tbody>\n<tr>\n<td valign=\"top\" width=\"142\">\n<p><div style=\"width: 85px\" class=\"wp-caption alignnone\"><a href=\"http:\/\/www.flickr.com\/photos\/baldurt\/sets\/72157630969064252\/\" target=\"_blank\"><img loading=\"lazy\" decoding=\"async\" src=\"http:\/\/farm9.staticflickr.com\/8292\/7739286690_298f84299c_s.jpg\" alt=\"\" width=\"75\" height=\"75\" \/><\/a><p class=\"wp-caption-text\">Co-operation agreement between the Icelandic MFA, the Federation of Icelandic Industries and the University of Iceland<\/p><\/div><\/td>\n<td valign=\"top\" width=\"142\">\n<p><div style=\"width: 85px\" class=\"wp-caption alignnone\"><a href=\"http:\/\/www.flickr.com\/photos\/baldurt\/sets\/72157630968989822\/\" target=\"_blank\"><img loading=\"lazy\" decoding=\"async\" class=\" \" src=\"http:\/\/farm8.staticflickr.com\/7111\/7739118704_6ee8d351ca_s.jpg\" alt=\"\" width=\"75\" height=\"75\" \/><\/a><p class=\"wp-caption-text\">In Slovenia with the President of Iceland to introduce the Centre for Small State Studies<\/p><\/div><\/td>\n<td valign=\"top\" width=\"142\">\n<p><div style=\"width: 85px\" class=\"wp-caption alignnone\"><a href=\"http:\/\/www.flickr.com\/photos\/baldurt\/sets\/72157630968550576\/\" target=\"_blank\"><img loading=\"lazy\" decoding=\"async\" src=\"http:\/\/farm9.staticflickr.com\/8434\/7739094064_7fd8396a5c_s.jpg\" alt=\"\" width=\"75\" height=\"75\" \/><\/a><p class=\"wp-caption-text\">The first Board meeting of the Institute of International Affairs and Centre for Small States Studies<\/p><\/div><\/td>\n<\/tr>\n<\/tbody>\n<\/table>\n<p><!--:--><\/p>\n","protected":false},"excerpt":{"rendered":"<p>I update the gallery regularly with new photos. However, you can also take a look at photos that date back more than ten years!<\/p>\n","protected":false},"author":360,"featured_media":0,"parent":0,"menu_order":7,"comment_status":"closed","ping_status":"closed","template":"","meta":{"footnotes":""},"class_list":["post-79","page","type-page","status-publish","hentry"],"_links":{"self":[{"href":"https:\/\/uni.hi.is\/baldurt\/wp-json\/wp\/v2\/pages\/79","targetHints":{"allow":["GET"]}}],"collection":[{"href":"https:\/\/uni.hi.is\/baldurt\/wp-json\/wp\/v2\/pages"}],"about":[{"href":"https:\/\/uni.hi.is\/baldurt\/wp-json\/wp\/v2\/types\/page"}],"author":[{"embeddable":true,"href":"https:\/\/uni.hi.is\/baldurt\/wp-json\/wp\/v2\/users\/360"}],"replies":[{"embeddable":true,"href":"https:\/\/uni.hi.is\/baldurt\/wp-json\/wp\/v2\/comments?post=79"}],"version-history":[{"count":57,"href":"https:\/\/uni.hi.is\/baldurt\/wp-json\/wp\/v2\/pages\/79\/revisions"}],"predecessor-version":[{"id":1997,"href":"https:\/\/uni.hi.is\/baldurt\/wp-json\/wp\/v2\/pages\/79\/revisions\/1997"}],"wp:attachment":[{"href":"https:\/\/uni.hi.is\/baldurt\/wp-json\/wp\/v2\/media?parent=79"}],"curies":[{"name":"wp","href":"https:\/\/api.w.org\/{rel}","templated":true}]}}