{"id":24,"date":"2017-11-14T12:25:41","date_gmt":"2017-11-14T12:25:41","guid":{"rendered":"http:\/\/uni.hi.is\/benjaminrs\/?page_id=24"},"modified":"2022-06-10T15:57:49","modified_gmt":"2022-06-10T15:57:49","slug":"people","status":"publish","type":"page","link":"https:\/\/uni.hi.is\/benjaminrs\/people\/","title":{"rendered":"People"},"content":{"rendered":"<p><span style=\"font-size: 14pt\"><strong>Principal Investigator<\/strong><\/span><\/p>\n<p><strong><img loading=\"lazy\" decoding=\"async\" class=\"alignleft wp-image-164\" src=\"https:\/\/uni.hi.is\/benjaminrs\/files\/2022\/02\/PHOTO_IS_Benjamin_Sveinbjornsson-300x300.jpg\" alt=\"\" width=\"180\" height=\"180\" srcset=\"https:\/\/uni.hi.is\/benjaminrs\/files\/2022\/02\/PHOTO_IS_Benjamin_Sveinbjornsson-300x300.jpg 300w, https:\/\/uni.hi.is\/benjaminrs\/files\/2022\/02\/PHOTO_IS_Benjamin_Sveinbjornsson-1024x1024.jpg 1024w, https:\/\/uni.hi.is\/benjaminrs\/files\/2022\/02\/PHOTO_IS_Benjamin_Sveinbjornsson-150x150.jpg 150w, https:\/\/uni.hi.is\/benjaminrs\/files\/2022\/02\/PHOTO_IS_Benjamin_Sveinbjornsson-768x768.jpg 768w, https:\/\/uni.hi.is\/benjaminrs\/files\/2022\/02\/PHOTO_IS_Benjamin_Sveinbjornsson-1536x1536.jpg 1536w, https:\/\/uni.hi.is\/benjaminrs\/files\/2022\/02\/PHOTO_IS_Benjamin_Sveinbjornsson-2048x2048.jpg 2048w\" sizes=\"auto, (max-width: 180px) 100vw, 180px\" \/>Benjam\u00edn Ragnar Sveinbj\u00f6rnsson<\/strong><br \/>\n<a href=\"https:\/\/uni.hi.is\/benjaminrs\/files\/2022\/06\/Curriculum-Vitae-BRS-Jun-2nd-2022.pdf\">Curriculum Vitae<\/a> (last updated June 2022)<\/p>\n<p>&nbsp;<\/p>\n<p>&nbsp;<\/p>\n<p>&nbsp;<\/p>\n<p>&nbsp;<\/p>\n<p><span style=\"font-size: 14pt\"><strong>Ph.D. students<\/strong><\/span><\/p>\n<p><img loading=\"lazy\" decoding=\"async\" class=\"alignleft wp-image-155\" src=\"https:\/\/uni.hi.is\/benjaminrs\/files\/2021\/07\/Luis-300x300.png\" alt=\"\" width=\"180\" height=\"180\" srcset=\"https:\/\/uni.hi.is\/benjaminrs\/files\/2021\/07\/Luis-300x300.png 300w, https:\/\/uni.hi.is\/benjaminrs\/files\/2021\/07\/Luis-1024x1024.png 1024w, https:\/\/uni.hi.is\/benjaminrs\/files\/2021\/07\/Luis-150x150.png 150w, https:\/\/uni.hi.is\/benjaminrs\/files\/2021\/07\/Luis-768x768.png 768w, https:\/\/uni.hi.is\/benjaminrs\/files\/2021\/07\/Luis.png 1392w\" sizes=\"auto, (max-width: 180px) 100vw, 180px\" \/><strong>Luis Antonio Arana Olivari<\/strong><br \/>\nChemistry<\/p>\n<p>&nbsp;<\/p>\n<p>&nbsp;<\/p>\n<p>&nbsp;<\/p>\n<p><img loading=\"lazy\" decoding=\"async\" class=\"wp-image-100 alignleft\" src=\"https:\/\/uni.hi.is\/benjaminrs\/files\/2021\/06\/Sigurdur-Gudni-192x300.jpg\" alt=\"\" width=\"130\" height=\"203\" srcset=\"https:\/\/uni.hi.is\/benjaminrs\/files\/2021\/06\/Sigurdur-Gudni-192x300.jpg 192w, https:\/\/uni.hi.is\/benjaminrs\/files\/2021\/06\/Sigurdur-Gudni.jpg 614w\" sizes=\"auto, (max-width: 130px) 100vw, 130px\" \/><strong>Sigur\u00f0ur Gu\u00f0ni Gunnarsson<\/strong><br \/>\nChemistry<br \/>\n(Also undergraduate thesis and summer undergraduate researcher, funded by Iceland Student Innovation fund 2019 and 2020)<\/p>\n<p>&nbsp;<\/p>\n<p>&nbsp;<\/p>\n<p>&nbsp;<\/p>\n<p><span style=\"font-size: 14pt\"><strong>Undergraduate researchers<\/strong><\/span><\/p>\n<p><img loading=\"lazy\" decoding=\"async\" class=\"wp-image-101 alignleft\" src=\"https:\/\/uni.hi.is\/benjaminrs\/files\/2021\/06\/Solrun-Elin-200x300.jpg\" alt=\"\" width=\"134\" height=\"200\" srcset=\"https:\/\/uni.hi.is\/benjaminrs\/files\/2021\/06\/Solrun-Elin-200x300.jpg 200w, https:\/\/uni.hi.is\/benjaminrs\/files\/2021\/06\/Solrun-Elin.jpg 488w\" sizes=\"auto, (max-width: 134px) 100vw, 134px\" \/><strong>S\u00f3lr\u00fan El\u00edn Freygar\u00f0sd\u00f3ttir<\/strong><br \/>\nChemistry<br \/>\nSummer undergraduate researcher, 2020 and 2021, funded by Iceland Student Innovation fund in 2020<br \/>\nUndergraduate thesis, spring 2022<\/p>\n<p>&nbsp;<\/p>\n<p>&nbsp;<\/p>\n<p>&nbsp;<\/p>\n<p><span style=\"font-size: 14pt\"><strong>Former group members<\/strong><\/span><\/p>\n<p><img loading=\"lazy\" decoding=\"async\" class=\"wp-image-71 alignleft\" src=\"http:\/\/uni.hi.is\/benjaminrs\/files\/2020\/01\/website-photo-233x300.jpg\" alt=\"\" width=\"139\" height=\"179\" srcset=\"https:\/\/uni.hi.is\/benjaminrs\/files\/2020\/01\/website-photo-233x300.jpg 233w, https:\/\/uni.hi.is\/benjaminrs\/files\/2020\/01\/website-photo-768x987.jpg 768w, https:\/\/uni.hi.is\/benjaminrs\/files\/2020\/01\/website-photo-796x1024.jpg 796w, https:\/\/uni.hi.is\/benjaminrs\/files\/2020\/01\/website-photo.jpg 1050w\" sizes=\"auto, (max-width: 139px) 100vw, 139px\" \/><strong>Mostafa Ghasemisarabbadieh<\/strong><br \/>\nPh.D. Chemistry, 2021<\/p>\n<p>Joint with prof. Sveinbj\u00f6rn Gizurarson in Pharamaceutical science<\/p>\n<p>&nbsp;<\/p>\n<p>&nbsp;<\/p>\n<p><img loading=\"lazy\" decoding=\"async\" class=\"alignleft wp-image-156\" src=\"https:\/\/uni.hi.is\/benjaminrs\/files\/2021\/07\/Hreinn-225x300.jpg\" alt=\"\" width=\"135\" height=\"180\" srcset=\"https:\/\/uni.hi.is\/benjaminrs\/files\/2021\/07\/Hreinn-225x300.jpg 225w, https:\/\/uni.hi.is\/benjaminrs\/files\/2021\/07\/Hreinn.jpg 720w\" sizes=\"auto, (max-width: 135px) 100vw, 135px\" \/><strong>Hreinn Kristj\u00e1nsson<\/strong><br \/>\nB.Sc. Chemistry, 2021<\/p>\n<p>&nbsp;<\/p>\n<p>&nbsp;<\/p>\n<p>&nbsp;<\/p>\n<p><strong>William Thomas M\u00f6ller<\/strong><br \/>\nM.Sc. Chemistry, 2020<\/p>\n<p><img loading=\"lazy\" decoding=\"async\" class=\"alignleft wp-image-119\" src=\"https:\/\/uni.hi.is\/benjaminrs\/files\/2021\/06\/Arnaldur-216x300.jpg\" alt=\"\" width=\"137\" height=\"190\" srcset=\"https:\/\/uni.hi.is\/benjaminrs\/files\/2021\/06\/Arnaldur-216x300.jpg 216w, https:\/\/uni.hi.is\/benjaminrs\/files\/2021\/06\/Arnaldur.jpg 365w\" sizes=\"auto, (max-width: 137px) 100vw, 137px\" \/><strong>Arnaldur \u00c6gir Gu\u00f0laugsson<\/strong><br \/>\nM.Sc. Pharmaceutical science, 2020<\/p>\n<p>&nbsp;<\/p>\n<p>&nbsp;<\/p>\n<p>&nbsp;<\/p>\n<p><img loading=\"lazy\" decoding=\"async\" class=\"alignleft wp-image-99\" src=\"https:\/\/uni.hi.is\/benjaminrs\/files\/2021\/06\/Kinga-mynd-e1625052081524-300x270.jpg\" alt=\"\" width=\"185\" height=\"167\" srcset=\"https:\/\/uni.hi.is\/benjaminrs\/files\/2021\/06\/Kinga-mynd-e1625052081524-300x270.jpg 300w, https:\/\/uni.hi.is\/benjaminrs\/files\/2021\/06\/Kinga-mynd-e1625052081524.jpg 559w\" sizes=\"auto, (max-width: 185px) 100vw, 185px\" \/><strong>Kinga Sofia Dem\u00e9ny<\/strong><br \/>\nBiochemistry and Pharmaceutical science<br \/>\nSummer undergraduate researcher 2019, funded by Iceland Student Innovation fund<\/p>\n<p>&nbsp;<\/p>\n<p>&nbsp;<\/p>\n<p><img loading=\"lazy\" decoding=\"async\" class=\" wp-image-88 alignleft\" src=\"http:\/\/uni.hi.is\/benjaminrs\/files\/2020\/01\/svava-mynd-2-226x300.png\" alt=\"\" width=\"140\" height=\"186\" srcset=\"https:\/\/uni.hi.is\/benjaminrs\/files\/2020\/01\/svava-mynd-2-226x300.png 226w, https:\/\/uni.hi.is\/benjaminrs\/files\/2020\/01\/svava-mynd-2.png 673w\" sizes=\"auto, (max-width: 140px) 100vw, 140px\" \/><strong>Svava D\u00f6gg Hreinsd\u00f3ttir<\/strong><br \/>\nChemistry<br \/>\nSummer undergraduate researcher 2018<\/p>\n<p>&nbsp;<\/p>\n<p>&nbsp;<\/p>\n","protected":false},"excerpt":{"rendered":"<p>Principal Investigator Benjam\u00edn Ragnar Sveinbj\u00f6rnsson Curriculum Vitae (last updated June 2022) &nbsp; &nbsp; &nbsp; &nbsp; Ph.D. students Luis Antonio Arana Olivari Chemistry &nbsp; &nbsp; &nbsp; Sigur\u00f0ur Gu\u00f0ni Gunnarsson Chemistry (Also undergraduate thesis and summer undergraduate researcher, funded by Iceland Student Innovation fund 2019 and 2020) &nbsp; &nbsp; &nbsp; Undergraduate researchers S\u00f3lr\u00fan El\u00edn Freygar\u00f0sd\u00f3ttir Chemistry Summer [&hellip;]<\/p>\n","protected":false},"author":1454,"featured_media":0,"parent":0,"menu_order":2,"comment_status":"closed","ping_status":"closed","template":"","meta":{"footnotes":""},"class_list":["post-24","page","type-page","status-publish","hentry"],"_links":{"self":[{"href":"https:\/\/uni.hi.is\/benjaminrs\/wp-json\/wp\/v2\/pages\/24","targetHints":{"allow":["GET"]}}],"collection":[{"href":"https:\/\/uni.hi.is\/benjaminrs\/wp-json\/wp\/v2\/pages"}],"about":[{"href":"https:\/\/uni.hi.is\/benjaminrs\/wp-json\/wp\/v2\/types\/page"}],"author":[{"embeddable":true,"href":"https:\/\/uni.hi.is\/benjaminrs\/wp-json\/wp\/v2\/users\/1454"}],"replies":[{"embeddable":true,"href":"https:\/\/uni.hi.is\/benjaminrs\/wp-json\/wp\/v2\/comments?post=24"}],"version-history":[{"count":27,"href":"https:\/\/uni.hi.is\/benjaminrs\/wp-json\/wp\/v2\/pages\/24\/revisions"}],"predecessor-version":[{"id":70,"href":"https:\/\/uni.hi.is\/benjaminrs\/wp-json\/wp\/v2\/pages\/24\/revisions\/70"}],"wp:attachment":[{"href":"https:\/\/uni.hi.is\/benjaminrs\/wp-json\/wp\/v2\/media?parent=24"}],"curies":[{"name":"wp","href":"https:\/\/api.w.org\/{rel}","templated":true}]}}