{"id":34,"date":"2017-11-14T12:31:55","date_gmt":"2017-11-14T12:31:55","guid":{"rendered":"http:\/\/uni.hi.is\/benjaminrs\/?page_id=34"},"modified":"2022-02-02T15:44:01","modified_gmt":"2022-02-02T15:44:01","slug":"publications","status":"publish","type":"page","link":"https:\/\/uni.hi.is\/benjaminrs\/publications\/","title":{"rendered":"Publications"},"content":{"rendered":"<p><strong>Peer-reviewed publications (last updated January 2022)<br \/>\n<\/strong><a href=\"https:\/\/scholar.google.com\/citations?user=cz1UNdUAAAAJ&amp;hl=en\">Google scholar<\/a>: \u00a0\u00a0\u00a0\u00a0\u00a0\u00a0\u00a0\u00a0 Citations: 633, h-index: 7<br \/>\n<a href=\"https:\/\/apps.webofknowledge.com\/InboundService.do?product=WOS&amp;daisIds=43180549&amp;Func=Frame&amp;DestFail=http%3A%2F%2Fwww.webofknowledge.com&amp;SrcApp=RRC&amp;locale=en_US&amp;SrcAuth=RRC&amp;SID=C2k1S5KhsXNZ3RvW9ZJ&amp;customersID=RRC&amp;mode=CrByDais&amp;IsProductCode=Yes&amp;Init=Yes&amp;AU=Sveinbjornsson%2C+Benjamin+Ragnar&amp;action=search\">ISI<\/a>:\u00a0 \u00a0 \u00a0 \u00a0 \u00a0 \u00a0 \u00a0 \u00a0 \u00a0 \u00a0 \u00a0 \u00a0 \u00a0 \u00a0 \u00a0 \u00a0 \u00a0 \u00a0 Citations: 468, h-index: 5<\/p>\n<ol>\n<li>Ghasemisarabbadieh, M.; Sigurdsson, S.J.; Dong, V.N.; Gizurarson, S.; <u>Sveinbjornsson, B.R.<\/u> The stability effect of D-(+)-glucosamine, N-acetyl-D-glucosamine and Tetraethylene Glycol on Oxytocin in Aqueous Solution. <em>Pharmazie, <\/em><strong>2021<\/strong>, <em>76<\/em>, 480-483<em>. <\/em>(<a href=\"https:\/\/doi.org\/10.1691\/ph.2021.1081\">https:\/\/doi.org\/10.1691\/ph.2021.1081<\/a>)<\/li>\n<li>Ghasemisarabbadieh, M.; Gizurarson, S.; <u>Sveinbjornsson, B.R.<\/u> The Effect of Trehalose, Antioxidants, and Acetate Buffer Concentration on Oxytocin Stability. <em>J.<\/em> <em>Pept. Sci. <\/em><strong>2021<\/strong>;e3324. (<a href=\"https:\/\/doi.org\/10.1002\/psc.3324\">https:\/\/doi.org\/10.1002\/psc.3324<\/a>)<\/li>\n<li>Ghasemisarabbadieh, M.; Gizurarson, S.; <u>Sveinbjornsson, B.R<\/u>. The effect of 18-crown-6 on oxytocin stability in aqueous buffer solutions. <em>ACS Omega.<\/em> <strong>2021<\/strong>, <em>6, <\/em>5805-5811<em>.<\/em> (<a href=\"https:\/\/doi.org\/10.1021\/acsomega.0c06248\">https:\/\/doi.org\/10.1021\/acsomega.0c06248<\/a>)<\/li>\n<li><u>Sveinbjornsson, B.R.<\/u> What is in a prerequisite? An Observational Study on the Effect of General Chemistry on Organic Chemistry Performance. <em> Chem. Ed. <\/em><strong>2021<\/strong>, <em>98<\/em>, 368-373. (<a href=\"https:\/\/doi.org\/10.1021\/acs.jchemed.0c01065\">https:\/\/doi.org\/10.1021\/acs.jchemed.0c01065<\/a>)<\/li>\n<li><u>Sveinbjornsson, B. R.;<\/u> Miyake, G. M.; El-Batta, A.; Grubbs, R. H. Stereocomplex Formation of Densely Grafted Brush Polymers. <em>ACS Macro Letters<\/em>, <strong>2014<\/strong>, <em>3<\/em>, 26-29. (<a href=\"https:\/\/doi.org\/10.1021\/mz400568j\">https:\/\/doi.org\/10.1021\/mz400568j<\/a>)<\/li>\n<li>Hong, S. W.; Gu, W.; Huh, J.; <u>Sveinbjornsson, B. R.;<\/u> Jeong, G.; Grubbs, R. H.; Russell, T. P.; On the Self-Assembly of Brush Block Copolymers in Thin Films. <em>ACS Nano<\/em>, <strong>2013<\/strong>, <em>7<\/em>, 9684-9692 (<a href=\"https:\/\/doi.org\/10.1021\/nn402639g\">https:\/\/doi.org\/10.1021\/nn402639g<\/a>)<\/li>\n<li>Fang, L.; Liu, P.; <u>Sveinbjornsson, B. R.;<\/u> Atahan-Evrenk, S.; Vandewal, K.; Osuna, S.; Jim\u00e9nez-Os\u00e9s, G.; Shrestha, S.; Giri, G.; Wei, P.; Salleo, A.; Aspuru-Guzik, A.; Grubbs, R. H.; Houk, K. N.; Bao, Z. Confined organization of fullerene units along high polymer chains. <em> Mater. Chem. C.<\/em> <strong>2013<\/strong>, <em>1<\/em>, 5747-5755. (<a href=\"https:\/\/doi.org\/10.1039\/C3TC31158A\">https:\/\/doi.org\/10.1039\/C3TC31158A<\/a>)<\/li>\n<li>Gu, W.; Huh, J.; Hong, S. W.; <u>Sveinbjornsson, B.R.;<\/u> Park, C..; Grubbs, R. H.; Russell, T.P. Self-Assembly of Symmetric Brush Diblock Copolymers. <em>ACS Nano<\/em>, <strong>2013<\/strong>, <em>7<\/em>, 2551-2558. (<a href=\"https:\/\/doi.org\/10.1021\/nn305867d\">https:\/\/doi.org\/10.1021\/nn305867d<\/a>)<\/li>\n<li><u>Sveinbj\u00f6rnsson, B.R.;<\/u> Weitekamp, R. A.; Miyake, G. M.; Xia, Y.; Atwater, H. A.; Grubbs, R. H. Rapid self-assembly of brush block copolymers to photonic crystals. <em> Natl. Acad. Sci. USA<\/em>, <strong>2012<\/strong>, <em>109<\/em>, 14332-14336. (<a href=\"https:\/\/doi.org\/10.1073\/pnas.1213055109\">https:\/\/doi.org\/10.1073\/pnas.1213055109<\/a>)<\/li>\n<\/ol>\n<p>&nbsp;<\/p>\n<p><strong>Patents<\/strong><\/p>\n<ol>\n<li>Gizurarson, S.; Kalesi Gondwe Mhango, E.; <u>Sveinbjornsson, B.R.<\/u> Preventing Incompatibility Among Malarial Drugs, <strong>2020<\/strong>, Publication number: Publication number: WO\/2020\/225832, International Application No. PCT\/IS2020\/050014<\/li>\n<li>Xia, Y.; <u>Sveinbjornsson, B.R.<\/u>; Weitekamp, R.; Miyake, G.M.; Piunova, V.; Daeffler, C.S.; Atwater, H.A.; Grubbs, R.H. Rapid Self-Assembly of Block Copolymers to Photonic Crystals. US Patent, <strong>2012<\/strong>, 13\/800,646.<\/li>\n<li>Xia, Y.; <u>Sveinbjornsson, B.R.<\/u>; Weitekamp, R.; Miyake, G.M.; Piunova, V.; Daeffler, C.S.; Grubbs, R.H. Periodic Nanostructures From Self-Assembled Wedge-Type Block Copolymers. US Patent, <strong>2012<\/strong>, 13\/801,710.<\/li>\n<\/ol>\n<p>&nbsp;<\/p>\n<p><strong>Publications for the public<\/strong><\/p>\n<ul>\n<li><a href=\"https:\/\/www.visindavefur.is\/svar.php?id=54071\"><em>Hvernig er plast endurunni\u00f0?<\/em><\/a> An answer for the Icelandic Web of Science (V\u00edsindavefurinn), <strong>Jan<\/strong> <strong>2021<\/strong>.<\/li>\n<li><a href=\"https:\/\/www.visindavefur.is\/svar.php?id=76943\"><em>Ey\u00f0ist plast \u00ed sj\u00f3num e\u00f0a mun \u00fea\u00f0 ver\u00f0a \u00fear um alla eil\u00edf\u00f0?<\/em><\/a> An answer for the Icelandic Web of Science (V\u00edsindavefurinn), <strong>Jan<\/strong> <strong>2021<\/strong>.<\/li>\n<\/ul>\n","protected":false},"excerpt":{"rendered":"<p>Peer-reviewed publications (last updated January 2022) Google scholar: \u00a0\u00a0\u00a0\u00a0\u00a0\u00a0\u00a0\u00a0 Citations: 633, h-index: 7 ISI:\u00a0 \u00a0 \u00a0 \u00a0 \u00a0 \u00a0 \u00a0 \u00a0 \u00a0 \u00a0 \u00a0 \u00a0 \u00a0 \u00a0 \u00a0 \u00a0 \u00a0 \u00a0 Citations: 468, h-index: 5 Ghasemisarabbadieh, M.; Sigurdsson, S.J.; Dong, V.N.; Gizurarson, S.; Sveinbjornsson, B.R. The stability effect of D-(+)-glucosamine, N-acetyl-D-glucosamine and Tetraethylene Glycol on [&hellip;]<\/p>\n","protected":false},"author":1454,"featured_media":0,"parent":0,"menu_order":4,"comment_status":"closed","ping_status":"closed","template":"","meta":{"footnotes":""},"class_list":["post-34","page","type-page","status-publish","hentry"],"_links":{"self":[{"href":"https:\/\/uni.hi.is\/benjaminrs\/wp-json\/wp\/v2\/pages\/34","targetHints":{"allow":["GET"]}}],"collection":[{"href":"https:\/\/uni.hi.is\/benjaminrs\/wp-json\/wp\/v2\/pages"}],"about":[{"href":"https:\/\/uni.hi.is\/benjaminrs\/wp-json\/wp\/v2\/types\/page"}],"author":[{"embeddable":true,"href":"https:\/\/uni.hi.is\/benjaminrs\/wp-json\/wp\/v2\/users\/1454"}],"replies":[{"embeddable":true,"href":"https:\/\/uni.hi.is\/benjaminrs\/wp-json\/wp\/v2\/comments?post=34"}],"version-history":[{"count":10,"href":"https:\/\/uni.hi.is\/benjaminrs\/wp-json\/wp\/v2\/pages\/34\/revisions"}],"predecessor-version":[{"id":167,"href":"https:\/\/uni.hi.is\/benjaminrs\/wp-json\/wp\/v2\/pages\/34\/revisions\/167"}],"wp:attachment":[{"href":"https:\/\/uni.hi.is\/benjaminrs\/wp-json\/wp\/v2\/media?parent=34"}],"curies":[{"name":"wp","href":"https:\/\/api.w.org\/{rel}","templated":true}]}}