{"id":24,"date":"2012-05-29T14:34:22","date_gmt":"2012-05-29T14:34:22","guid":{"rendered":"http:\/\/uni.hi.is\/borkur\/?page_id=24"},"modified":"2013-11-28T10:42:04","modified_gmt":"2013-11-28T10:42:04","slug":"baekur","status":"publish","type":"page","link":"https:\/\/uni.hi.is\/borkur\/en\/baekur\/","title":{"rendered":"Books"},"content":{"rendered":"<p>\u00a0 Books I have co-authored or co-edited:<\/p>\n<ul>\n<li>B\u00f6rkur Hansen, \u00d3lafur H. J\u00f3hannsson og Steinunn Helga L\u00e1rusd\u00f3ttir\u00a0 (ritstj\u00f3rar\/editors). (2013).\u00a0<i>Stj\u00f3rnun og forysta \u00ed sk\u00f3lastarfi. T\u00e6kif\u00e6ri og m\u00f3tsagnir. Greinasafn.<\/i>\u00a0\/<em>Leadership in education. Challenges ad dilemmas.\/<\/em> Reykjav\u00edk: Ranns\u00f3knarstofa \u00ed menntastj\u00f3rnun, n\u00fdsk\u00f6pun og mati \u00e1 sk\u00f3lastarfi.<\/li>\n<li>Steinunn Helga L\u00e1rusd\u00f3ttir, \u00d3lafur H. J\u00f3hannsson and B\u00f6rkur Hansen. (Eds.). (2012). <i>Education and Practice of School Leaders: The Ethical Dimension. <\/i>Proceedings of the 20<sup>th<\/sup> Annual meeting of the European Network for Improving Research and Development in Education Leadership and Management (ENIRDELM) September 22-24, 2011.<i> <\/i>Reykjav\u00edk: Haskolaprent.<\/li>\n<li>B\u00f6rkur Hansen og \u00d3lafur H. J\u00f3hannsson. (2010).\u00a0 <em>Allt \u00ed \u00f6llu. Hlutverk fr\u00e6\u00f0slustj\u00f3ra 1975-1996. \/The role of superintedents of school 1975-1996\/<\/em> Reykjav\u00edk: H\u00e1sk\u00f3la\u00fatg\u00e1fan. \/University of Iceland Press\/<\/li>\n<li>B\u00f6rkur Hansen, J\u00f3hanna Einarsd\u00f3ttir og \u00d3lafur H. J\u00f3hannsson (ritstj\u00f3rar\/editors\/) (2004). <em>Brautry\u00f0jendur \u00e1 svi\u00f0i uppeldis- og menntam\u00e1la.\/Entrepreneurs in education\/<\/em>\u00a0Reykjav\u00edk: Ranns\u00f3knarstofnun Kennarah\u00e1sk\u00f3la \u00cdslands.\/Research Institute of the Iceland University of Education\/<\/li>\n<li>B\u00f6rkur Hansen, \u00d3lafur H. J\u00f3hannsson, Steinunn Helga L\u00e1rusd\u00f3ttir (ritsj\u00f3rar) (2003).\u00a0\u00a0 <em>Fagmennska og forysta. \u00de\u00e6ttir \u00ed sk\u00f3lastj\u00f3rnun. \/Professionalism and leadership - Issues in school management\/<\/em> Reykjav\u00edk: Ranns\u00f3knarstofnun Kennarah\u00e1sk\u00f3la \u00cdslands.\/Research Institute of the Iceland University of Education\/<\/li>\n<li>R\u00fanar Sig\u00fe\u00f3rsson (ritstj.), B\u00f6rkur Hansen, J\u00f3n Baldvin Hannesson, \u00d3lafur H. J\u00f3hannsson, R\u00f3sa Eggertsd\u00f3ttir og Mel West. (1999). <em>Aukin g\u00e6\u00f0i n\u00e1ms. Sk\u00f3la\u00fer\u00f3un \u00ed \u00fe\u00e1gu nemenda.\/Quality education. School development for\u00a0students\/<\/em>\u00a0Reykjav\u00edk: Ranns\u00f3knarstofnun Kennarah\u00e1sk\u00f3la \u00cdslands. \/Research Institute of the Iceland University of Education\/<\/li>\n<li>B\u00f6rkur Hansen og Sm\u00e1ri S. Sigur\u00f0sson. (1998). <em>Sk\u00f3lastarf og g\u00e6\u00f0astj\u00f3rnun.\/Schools and quality management\/\u00a0<\/em>Reykjav\u00edk: Ranns\u00f3knarstofnun Kennarah\u00e1sk\u00f3la \u00cdslands. \/Research Institute of the Iceland University of Education\/<\/li>\n<\/ul>\n<p><\/p>","protected":false},"excerpt":{"rendered":"<p>\u00a0 Books I have co-authored or co-edited: B\u00f6rkur Hansen, \u00d3lafur H. J\u00f3hannsson og Steinunn Helga L\u00e1rusd\u00f3ttir\u00a0 (ritstj\u00f3rar\/editors). (2013).\u00a0Stj\u00f3rnun og forysta \u00ed sk\u00f3lastarfi. T\u00e6kif\u00e6ri og m\u00f3tsagnir. Greinasafn.\u00a0\/Leadership in education. Challenges ad dilemmas.\/ Reykjav\u00edk: Ranns\u00f3knarstofa \u00ed menntastj\u00f3rnun, n\u00fdsk\u00f6pun og mati \u00e1 sk\u00f3lastarfi. Steinunn Helga L\u00e1rusd\u00f3ttir, \u00d3lafur H. J\u00f3hannsson and B\u00f6rkur Hansen. (Eds.). (2012). Education and Practice of [&hellip;]<\/p>\n","protected":false},"author":1037,"featured_media":0,"parent":0,"menu_order":1,"comment_status":"closed","ping_status":"closed","template":"","meta":{"footnotes":""},"class_list":["post-24","page","type-page","status-publish","hentry"],"_links":{"self":[{"href":"https:\/\/uni.hi.is\/borkur\/en\/wp-json\/wp\/v2\/pages\/24","targetHints":{"allow":["GET"]}}],"collection":[{"href":"https:\/\/uni.hi.is\/borkur\/en\/wp-json\/wp\/v2\/pages"}],"about":[{"href":"https:\/\/uni.hi.is\/borkur\/en\/wp-json\/wp\/v2\/types\/page"}],"author":[{"embeddable":true,"href":"https:\/\/uni.hi.is\/borkur\/en\/wp-json\/wp\/v2\/users\/1037"}],"replies":[{"embeddable":true,"href":"https:\/\/uni.hi.is\/borkur\/en\/wp-json\/wp\/v2\/comments?post=24"}],"version-history":[{"count":21,"href":"https:\/\/uni.hi.is\/borkur\/en\/wp-json\/wp\/v2\/pages\/24\/revisions"}],"predecessor-version":[{"id":175,"href":"https:\/\/uni.hi.is\/borkur\/en\/wp-json\/wp\/v2\/pages\/24\/revisions\/175"}],"wp:attachment":[{"href":"https:\/\/uni.hi.is\/borkur\/en\/wp-json\/wp\/v2\/media?parent=24"}],"curies":[{"name":"wp","href":"https:\/\/api.w.org\/{rel}","templated":true}]}}