{"id":34,"date":"2012-05-29T14:50:40","date_gmt":"2012-05-29T14:50:40","guid":{"rendered":"http:\/\/uni.hi.is\/borkur\/?page_id=34"},"modified":"2012-06-01T09:50:21","modified_gmt":"2012-06-01T09:50:21","slug":"um-mig","status":"publish","type":"page","link":"https:\/\/uni.hi.is\/borkur\/en\/um-mig\/","title":{"rendered":"About me"},"content":{"rendered":"<p>Name and home address:<\/p>\n<ul>\n<li>Fri\u00f0geir <span style=\"text-decoration: underline\">B\u00f6rkur<\/span> Hansen, Logafold 85, 112 Reykjav\u00edk (Tel. 567 7164)<\/li>\n<\/ul>\n<p>Education:<\/p>\n<ul>\n<li>1984-1987 Ph.D.\u00a0in Educational Administration from the University of Alberta, Edmonton, Canada.<\/li>\n<li>1982-1984 M.Ed. in Educational Administration from the University of Alberta, Edmonton, Canada.<\/li>\n<li>1978-1982 B.A. from the University of Iceland; major in pedagogy and dictactics and minor in psychology. Also, a teaching diploma for compulsory and upper secondary schools.<\/li>\n<\/ul>\n<p>Thesis:<\/p>\n<ul>\n<li>1987\u00a0 <em>Secondary School Reorganization in Iceland: A Policy Analysis<\/em>.\u00a0Ph.D. thesis, University of Alberta, Edmonton, Canada. Supervisor: Dr. A. MacKay.<\/li>\n<li>1984\u00a0 <em>Attainment Levels of Comprehensive Primary Schools in Iceland<\/em>.\u00a0M.Ed. thesis, University of Alberta, Edmonton, Canada. Supervisor: Dr. C. Bumbarger.<\/li>\n<li>1982\u00a0 <em>T\u00f6lvur og menntun:\u00a0 Hverju breytir t\u00f6lvuv\u00e6\u00f0ing \u00ed sk\u00f3lastarfi?\u00a0<\/em> \/How can computers change education?\/ B.A. thesis, University of Iceland.\u00a0Supervisor: Dr. J\u00f3n Torfi J\u00f3nasson.<\/li>\n<\/ul>\n<p><\/p>","protected":false},"excerpt":{"rendered":"<p>Name and home address: Fri\u00f0geir B\u00f6rkur Hansen, Logafold 85, 112 Reykjav\u00edk (Tel. 567 7164) Education: 1984-1987 Ph.D.\u00a0in Educational Administration from the University of Alberta, Edmonton, Canada. 1982-1984 M.Ed. in Educational Administration from the University of Alberta, Edmonton, Canada. 1978-1982 B.A. from the University of Iceland; major in pedagogy and dictactics and minor in psychology. Also, [&hellip;]<\/p>\n","protected":false},"author":1037,"featured_media":0,"parent":0,"menu_order":9,"comment_status":"closed","ping_status":"closed","template":"","meta":{"footnotes":""},"class_list":["post-34","page","type-page","status-publish","hentry"],"_links":{"self":[{"href":"https:\/\/uni.hi.is\/borkur\/en\/wp-json\/wp\/v2\/pages\/34","targetHints":{"allow":["GET"]}}],"collection":[{"href":"https:\/\/uni.hi.is\/borkur\/en\/wp-json\/wp\/v2\/pages"}],"about":[{"href":"https:\/\/uni.hi.is\/borkur\/en\/wp-json\/wp\/v2\/types\/page"}],"author":[{"embeddable":true,"href":"https:\/\/uni.hi.is\/borkur\/en\/wp-json\/wp\/v2\/users\/1037"}],"replies":[{"embeddable":true,"href":"https:\/\/uni.hi.is\/borkur\/en\/wp-json\/wp\/v2\/comments?post=34"}],"version-history":[{"count":13,"href":"https:\/\/uni.hi.is\/borkur\/en\/wp-json\/wp\/v2\/pages\/34\/revisions"}],"predecessor-version":[{"id":47,"href":"https:\/\/uni.hi.is\/borkur\/en\/wp-json\/wp\/v2\/pages\/34\/revisions\/47"}],"wp:attachment":[{"href":"https:\/\/uni.hi.is\/borkur\/en\/wp-json\/wp\/v2\/media?parent=34"}],"curies":[{"name":"wp","href":"https:\/\/api.w.org\/{rel}","templated":true}]}}