{"id":12,"date":"2012-05-29T14:21:16","date_gmt":"2012-05-29T14:21:16","guid":{"rendered":"http:\/\/uni.hi.is\/borkur\/?page_id=12"},"modified":"2024-12-17T10:29:41","modified_gmt":"2024-12-17T10:29:41","slug":"teaching","status":"publish","type":"page","link":"https:\/\/uni.hi.is\/borkur\/teaching\/","title":{"rendered":"Kennsla"},"content":{"rendered":"<p>&nbsp;<\/p>\n<p>\u00c9g hef kennt \u00ed grunnn\u00e1mi og framhaldsn\u00e1mi vi\u00f0 Kennarah\u00e1sk\u00f3lann og\u00a0 Menntav\u00edsindasvi\u00f0 H\u00e1sk\u00f3la \u00cdslands.<\/p>\n<p>Kennsla m\u00edn hefur einkum veri\u00f0 \u00e1 n\u00e1mslei\u00f0inni Stj\u00f3rnun menntastofnana vi\u00f0 Uppeldis- og mentunarfr\u00e6\u00f0ideild Mennatv\u00edsindasvi\u00f0s. \u00deau n\u00e1mskei\u00f0 sem \u00e9g hef einkum kennt \u00e1 eru:<\/p>\n<ul>\n<li>Stj\u00f3nun og forysta<\/li>\n<li>Stofnakenningar<\/li>\n<li>\u00der\u00f3unarst\u00f6rf \u00ed menntastofnun<\/li>\n<li>\u00de\u00e6ttir \u00ed sk\u00f3lastj\u00f3rnun<\/li>\n<\/ul>\n<p>Auk \u00feess hef \u00e9g lei\u00f0beint nemendum \u00ed lokaritger\u00f0um s\u00ednum, einkum meistaranemum. \u00de\u00e1 hef \u00e9g lei\u00f0beint nokkrum doktorsnemendum.<\/p>","protected":false},"excerpt":{"rendered":"<p>&nbsp; \u00c9g hef kennt \u00ed grunnn\u00e1mi og framhaldsn\u00e1mi vi\u00f0 Kennarah\u00e1sk\u00f3lann og\u00a0 Menntav\u00edsindasvi\u00f0 H\u00e1sk\u00f3la \u00cdslands. Kennsla m\u00edn hefur einkum veri\u00f0 \u00e1 n\u00e1mslei\u00f0inni Stj\u00f3rnun menntastofnana vi\u00f0 Uppeldis- og mentunarfr\u00e6\u00f0ideild Mennatv\u00edsindasvi\u00f0s. \u00deau n\u00e1mskei\u00f0 sem \u00e9g hef einkum kennt \u00e1 eru: Stj\u00f3nun og forysta Stofnakenningar \u00der\u00f3unarst\u00f6rf \u00ed menntastofnun \u00de\u00e6ttir \u00ed sk\u00f3lastj\u00f3rnun Auk \u00feess hef \u00e9g lei\u00f0beint nemendum \u00ed lokaritger\u00f0um [&hellip;]<\/p>\n","protected":false},"author":1037,"featured_media":0,"parent":0,"menu_order":8,"comment_status":"closed","ping_status":"closed","template":"","meta":{"footnotes":""},"class_list":["post-12","page","type-page","status-publish","hentry"],"_links":{"self":[{"href":"https:\/\/uni.hi.is\/borkur\/wp-json\/wp\/v2\/pages\/12","targetHints":{"allow":["GET"]}}],"collection":[{"href":"https:\/\/uni.hi.is\/borkur\/wp-json\/wp\/v2\/pages"}],"about":[{"href":"https:\/\/uni.hi.is\/borkur\/wp-json\/wp\/v2\/types\/page"}],"author":[{"embeddable":true,"href":"https:\/\/uni.hi.is\/borkur\/wp-json\/wp\/v2\/users\/1037"}],"replies":[{"embeddable":true,"href":"https:\/\/uni.hi.is\/borkur\/wp-json\/wp\/v2\/comments?post=12"}],"version-history":[{"count":14,"href":"https:\/\/uni.hi.is\/borkur\/wp-json\/wp\/v2\/pages\/12\/revisions"}],"predecessor-version":[{"id":468,"href":"https:\/\/uni.hi.is\/borkur\/wp-json\/wp\/v2\/pages\/12\/revisions\/468"}],"wp:attachment":[{"href":"https:\/\/uni.hi.is\/borkur\/wp-json\/wp\/v2\/media?parent=12"}],"curies":[{"name":"wp","href":"https:\/\/api.w.org\/{rel}","templated":true}]}}