{"id":217,"date":"2015-12-08T15:27:58","date_gmt":"2015-12-08T15:27:58","guid":{"rendered":"http:\/\/uni.hi.is\/borkur\/?page_id=217"},"modified":"2015-12-08T15:32:11","modified_gmt":"2015-12-08T15:32:11","slug":"english-interesting-links","status":"publish","type":"page","link":"https:\/\/uni.hi.is\/borkur\/english-interesting-links\/","title":{"rendered":"\u00c1hugaver\u00f0ar sl\u00f3\u00f0ir"},"content":{"rendered":"<p><strong>\u00c1hugaver\u00f0ar sl\u00f3\u00f0ir:<\/strong><\/p>\n<ul>\n<li><strong>Educational Leadership<\/strong>\n<ul>\n<li><a href=\"http:\/\/www.ascd.org\/publications\/educational-leadership.aspx\">http:\/\/www.ascd.org\/publications\/educational-leadership.aspx<\/a><\/li>\n<\/ul>\n<\/li>\n<li><strong>Educational Administration Quarterly<\/strong>\n<ul>\n<li><a href=\"http:\/\/eaq.sagepub.com\/\">http:\/\/eaq.sagepub.com\/<\/a><\/li>\n<\/ul>\n<\/li>\n<li><strong>Journal of Educational Administration<\/strong>\n<ul>\n<li><a href=\"http:\/\/www.emeraldinsight.com\/journal\/jea\">http:\/\/www.emeraldinsight.com\/journal\/jea<\/a><\/li>\n<\/ul>\n<\/li>\n<li><em><strong>Educational Management Administration &amp; Leadership (EMAL)<\/strong><\/em><strong><em>\u00a0<\/em><\/strong>\n<ul>\n<li><a href=\"http:\/\/ema.sagepub.com\/\">http:\/\/ema.sagepub.com\/<\/a><\/li>\n<\/ul>\n<\/li>\n<li><strong>International Journal of Educational Management<\/strong>\n<ul>\n<li><a href=\"http:\/\/www.emeraldinsight.com\/action\/showMostReadArticles?journalCode=ijem#\">http:\/\/www.emeraldinsight.com\/action\/showMostReadArticles?journalCode=ijem#<\/a><strong>\u00a0<\/strong><\/li>\n<\/ul>\n<\/li>\n<li><strong>Office for Standards in Education (Ofsted)<\/strong>\n<ul>\n<li><a href=\"https:\/\/www.gov.uk\/government\/organisations\/ofsted\">https:\/\/www.gov.uk\/government\/organisations\/ofsted<\/a><strong>\u00a0<\/strong><\/li>\n<\/ul>\n<\/li>\n<li><strong>OECD<\/strong>\n<ul>\n<li>http:\/\/www.oecd.org\/education\/<\/li>\n<\/ul>\n<\/li>\n<li><strong>Skolverket<\/strong>\n<ul>\n<li><a href=\"http:\/\/www.skolverket.se\/\">http:\/\/www.skolverket.se\/<\/a><\/li>\n<\/ul>\n<\/li>\n<li><strong>Rand<\/strong>\n<ul>\n<li><a href=\"http:\/\/www.rand.org\/\">http:\/\/www.rand.org\/<\/a><\/li>\n<\/ul>\n<\/li>\n<li><strong>Wallace Foundation<\/strong>\n<ul>\n<li><a href=\"http:\/\/www.wallacefoundation.org\/pages\/default.aspx\">http:\/\/www.wallacefoundation.org\/pages\/default.aspx<\/a><\/li>\n<\/ul>\n<\/li>\n<li><strong>Association for Supervision and Curriculum Development<\/strong>\n<ul>\n<li><a href=\"http:\/\/www.ascd.org\/Default.aspx\">http:\/\/www.ascd.org\/Default.aspx<\/a><\/li>\n<\/ul>\n<\/li>\n<li><strong>Nordic Educational Research Association (NERA)\u00a0<\/strong>\n<ul>\n<li><a href=\"http:\/\/www.nfpf.net\/\">http:\/\/www.nfpf.net\/<\/a><\/li>\n<\/ul>\n<\/li>\n<li><strong>American Educational Research Association (AERA)<\/strong>\n<ul>\n<li><a href=\"http:\/\/www.aera.net\/\">http:\/\/www.aera.net\/<\/a><\/li>\n<\/ul>\n<\/li>\n<li><strong>British Educational Leadership Management and Administration Society (BELMAS)<\/strong>\n<ul>\n<li><a href=\"https:\/\/www.belmas.org.uk\/\">https:\/\/www.belmas.org.uk\/<\/a><\/li>\n<\/ul>\n<\/li>\n<li><strong>F\u00e9lag um menntaranns\u00f3knir (FUM)<\/strong>\n<ul>\n<li><a href=\"http:\/\/fum.is\/\">http:\/\/fum.is\/<\/a><\/li>\n<\/ul>\n<\/li>\n<li><strong>The Times<\/strong>\n<ul>\n<li><a href=\"http:\/\/www.thetimes.co.uk\/tto\/education\/\">http:\/\/www.thetimes.co.uk\/tto\/education\/<\/a><\/li>\n<\/ul>\n<\/li>\n<li><strong>The Times Higher Education<\/strong>\n<ul>\n<li><a href=\"https:\/\/www.timeshighereducation.com\/\">https:\/\/www.timeshighereducation.com\/<\/a><\/li>\n<\/ul>\n<\/li>\n<li><strong>The New York Times<\/strong>\n<ul>\n<li><a href=\"http:\/\/query.nytimes.com\/search\/sitesearch\/?action=click&amp;contentCollection&amp;region=TopBar&amp;WT.nav=searchWidget&amp;module=SearchSubmit&amp;pgtype=Homepage#\/education\">http:\/\/query.nytimes.com\/search\/sitesearch\/?action=click&amp;contentCollection&amp;region=TopBar&amp;WT.nav=searchWidget&amp;module=SearchSubmit&amp;pgtype=Homepage#\/education<\/a><\/li>\n<\/ul>\n<\/li>\n<\/ul>\n<p>&nbsp;<\/p>","protected":false},"excerpt":{"rendered":"<p>\u00c1hugaver\u00f0ar sl\u00f3\u00f0ir: Educational Leadership http:\/\/www.ascd.org\/publications\/educational-leadership.aspx Educational Administration Quarterly http:\/\/eaq.sagepub.com\/ Journal of Educational Administration http:\/\/www.emeraldinsight.com\/journal\/jea Educational Management Administration &amp; Leadership (EMAL)\u00a0 http:\/\/ema.sagepub.com\/ International Journal of Educational Management http:\/\/www.emeraldinsight.com\/action\/showMostReadArticles?journalCode=ijem#\u00a0 Office for Standards in Education (Ofsted) https:\/\/www.gov.uk\/government\/organisations\/ofsted\u00a0 OECD http:\/\/www.oecd.org\/education\/ Skolverket http:\/\/www.skolverket.se\/ Rand http:\/\/www.rand.org\/ Wallace Foundation http:\/\/www.wallacefoundation.org\/pages\/default.aspx Association for Supervision and Curriculum Development http:\/\/www.ascd.org\/Default.aspx Nordic Educational Research Association (NERA)\u00a0 [&hellip;]<\/p>\n","protected":false},"author":1037,"featured_media":0,"parent":0,"menu_order":0,"comment_status":"closed","ping_status":"closed","template":"","meta":{"footnotes":""},"class_list":["post-217","page","type-page","status-publish","hentry"],"_links":{"self":[{"href":"https:\/\/uni.hi.is\/borkur\/wp-json\/wp\/v2\/pages\/217","targetHints":{"allow":["GET"]}}],"collection":[{"href":"https:\/\/uni.hi.is\/borkur\/wp-json\/wp\/v2\/pages"}],"about":[{"href":"https:\/\/uni.hi.is\/borkur\/wp-json\/wp\/v2\/types\/page"}],"author":[{"embeddable":true,"href":"https:\/\/uni.hi.is\/borkur\/wp-json\/wp\/v2\/users\/1037"}],"replies":[{"embeddable":true,"href":"https:\/\/uni.hi.is\/borkur\/wp-json\/wp\/v2\/comments?post=217"}],"version-history":[{"count":2,"href":"https:\/\/uni.hi.is\/borkur\/wp-json\/wp\/v2\/pages\/217\/revisions"}],"predecessor-version":[{"id":220,"href":"https:\/\/uni.hi.is\/borkur\/wp-json\/wp\/v2\/pages\/217\/revisions\/220"}],"wp:attachment":[{"href":"https:\/\/uni.hi.is\/borkur\/wp-json\/wp\/v2\/media?parent=217"}],"curies":[{"name":"wp","href":"https:\/\/api.w.org\/{rel}","templated":true}]}}