{"id":24,"date":"2012-05-29T14:34:22","date_gmt":"2012-05-29T14:34:22","guid":{"rendered":"http:\/\/uni.hi.is\/borkur\/?page_id=24"},"modified":"2013-11-28T10:42:04","modified_gmt":"2013-11-28T10:42:04","slug":"baekur","status":"publish","type":"page","link":"https:\/\/uni.hi.is\/borkur\/baekur\/","title":{"rendered":"B\u00e6kur"},"content":{"rendered":"<p>Yfilit yfir b\u00e6kur \u00fear sem sem \u00e9g er me\u00f0h\u00f6fundur\/me\u00f0ritstj\u00f3ri:<\/p>\n<ul>\n<li>B\u00f6rkur Hansen, \u00d3lafur H. J\u00f3hannsson og Steinunn Helga L\u00e1rusd\u00f3ttir (ritstj\u00f3rar). (2013). <i>Stj\u00f3rnun og forysta \u00ed sk\u00f3lastarfi. T\u00e6kif\u00e6ri og m\u00f3tsagnir. Greinasafn.<\/i> Reykjav\u00edk: Ranns\u00f3knarstofa \u00ed menntastj\u00f3rnun, n\u00fdsk\u00f6pun og mati \u00e1 sk\u00f3lastarfi.<\/li>\n<li>Steinunn Helga L\u00e1rusd\u00f3ttir, \u00d3lafur H. J\u00f3hannsson and B\u00f6rkur Hansen (ritstj\u00f3rar). (2012).\u00a0<i>Education and Practice of School Leaders: The Ethical Dimension.\u00a0<\/i>Proceedings of the 20th\u00a0Annual meeting of the European Network for Improving Research and Development in Education Leadership and Management (ENIRDELM) September 22-24, 2011.<i>\u00a0<\/i>Reykjav\u00edk: H\u00e1sk\u00f3laprent.<\/li>\n<li>B\u00f6rkur Hansen og \u00d3lafur H. J\u00f3hannsson. (2010).\u00a0 <em>Allt \u00ed \u00f6llu. Hlutverk fr\u00e6\u00f0slustj\u00f3ra 1975-1996<\/em>.\u00a0Reykjav\u00edk: H\u00e1sk\u00f3la\u00fatg\u00e1fan.<\/li>\n<li>B\u00f6rkur Hansen, J\u00f3hanna Einarsd\u00f3ttir og \u00d3lafur H. J\u00f3hannsson\u00a0(ritstj\u00f3rar) (2004).\u00a0<em>Brautry\u00f0jendur \u00e1 svi\u00f0i uppeldis- og menntam\u00e1la<\/em>. Reykjav\u00edk: Ranns\u00f3knarstofnun Kennarah\u00e1sk\u00f3la \u00cdslands.<\/li>\n<li>B\u00f6rkur Hansen, \u00d3lafur H. J\u00f3hannsson, Steinunn Helga L\u00e1rusd\u00f3ttir (ritsj\u00f3rar) (2003).\u00a0\u00a0 <em>Fagmennska og forysta.\u00a0\u00de\u00e6ttir \u00ed sk\u00f3lastj\u00f3rnun<\/em>. Reykjav\u00edk: Ranns\u00f3knarstofnun Kennarah\u00e1sk\u00f3la \u00cdslands.<\/li>\n<li>R\u00fanar Sig\u00fe\u00f3rsson (ritstj.), B\u00f6rkur Hansen, J\u00f3n Baldvin Hannesson, \u00d3lafur H. J\u00f3hannsson, R\u00f3sa Eggertsd\u00f3ttir og Mel West. (1999). <em>Aukin g\u00e6\u00f0i n\u00e1ms. Sk\u00f3la\u00fer\u00f3un \u00ed \u00fe\u00e1gu nemenda<\/em>. Reykjav\u00edk: Ranns\u00f3knarstofnun Kennarah\u00e1sk\u00f3la \u00cdslands.<\/li>\n<li>B\u00f6rkur Hansen og Sm\u00e1ri S. Sigur\u00f0sson. (1998). <em>Sk\u00f3lastarf og g\u00e6\u00f0astj\u00f3rnun<\/em>.\u00a0Reykjav\u00edk: Ranns\u00f3knarstofnun Kennarah\u00e1sk\u00f3la \u00cdslands.<\/li>\n<\/ul>\n<p><\/p>","protected":false},"excerpt":{"rendered":"<p>Yfilit yfir b\u00e6kur \u00fear sem sem \u00e9g er me\u00f0h\u00f6fundur\/me\u00f0ritstj\u00f3ri: B\u00f6rkur Hansen, \u00d3lafur H. J\u00f3hannsson og Steinunn Helga L\u00e1rusd\u00f3ttir (ritstj\u00f3rar). (2013). Stj\u00f3rnun og forysta \u00ed sk\u00f3lastarfi. T\u00e6kif\u00e6ri og m\u00f3tsagnir. Greinasafn. Reykjav\u00edk: Ranns\u00f3knarstofa \u00ed menntastj\u00f3rnun, n\u00fdsk\u00f6pun og mati \u00e1 sk\u00f3lastarfi. Steinunn Helga L\u00e1rusd\u00f3ttir, \u00d3lafur H. J\u00f3hannsson and B\u00f6rkur Hansen (ritstj\u00f3rar). (2012).\u00a0Education and Practice of School Leaders: The [&hellip;]<\/p>\n","protected":false},"author":1037,"featured_media":0,"parent":0,"menu_order":1,"comment_status":"closed","ping_status":"closed","template":"","meta":{"footnotes":""},"class_list":["post-24","page","type-page","status-publish","hentry"],"_links":{"self":[{"href":"https:\/\/uni.hi.is\/borkur\/wp-json\/wp\/v2\/pages\/24","targetHints":{"allow":["GET"]}}],"collection":[{"href":"https:\/\/uni.hi.is\/borkur\/wp-json\/wp\/v2\/pages"}],"about":[{"href":"https:\/\/uni.hi.is\/borkur\/wp-json\/wp\/v2\/types\/page"}],"author":[{"embeddable":true,"href":"https:\/\/uni.hi.is\/borkur\/wp-json\/wp\/v2\/users\/1037"}],"replies":[{"embeddable":true,"href":"https:\/\/uni.hi.is\/borkur\/wp-json\/wp\/v2\/comments?post=24"}],"version-history":[{"count":19,"href":"https:\/\/uni.hi.is\/borkur\/wp-json\/wp\/v2\/pages\/24\/revisions"}],"predecessor-version":[{"id":175,"href":"https:\/\/uni.hi.is\/borkur\/wp-json\/wp\/v2\/pages\/24\/revisions\/175"}],"wp:attachment":[{"href":"https:\/\/uni.hi.is\/borkur\/wp-json\/wp\/v2\/media?parent=24"}],"curies":[{"name":"wp","href":"https:\/\/api.w.org\/{rel}","templated":true}]}}