{"id":34,"date":"2012-05-29T14:50:40","date_gmt":"2012-05-29T14:50:40","guid":{"rendered":"http:\/\/uni.hi.is\/borkur\/?page_id=34"},"modified":"2012-06-01T09:50:21","modified_gmt":"2012-06-01T09:50:21","slug":"um-mig","status":"publish","type":"page","link":"https:\/\/uni.hi.is\/borkur\/um-mig\/","title":{"rendered":"Um mig"},"content":{"rendered":"<p>Nafn og heimilisfang:\u00a0<\/p>\n<ul>\n<li>Fri\u00f0geir <span style=\"text-decoration: underline\">B\u00f6rkur<\/span> Hansen, Logafold 85, 112 Reykjav\u00edk (hs. 567 7164)<\/li>\n<\/ul>\n<p>H\u00e1sk\u00f3lamenntun:<\/p>\n<ul>\n<li>1984-1987\u00a0Ph.D. \u00ed stj\u00f3rns\u00fdslufr\u00e6\u00f0i menntam\u00e1la (Educational Administration) fr\u00e1 h\u00e1sk\u00f3lanum \u00ed Alberta, Edmonton, Kanada 1987; v\u00f6rn ritger\u00f0ar 3. apr\u00edl 1987.\u00a0<\/li>\n<li>1982-1984\u00a0M.Ed. \u00ed stj\u00f3rns\u00fdslufr\u00e6\u00f0i menntam\u00e1la (Educational Administration) fr\u00e1 h\u00e1sk\u00f3lanum \u00ed Alberta, Edmonton, Kanada; v\u00f6rn ritger\u00f0ar 24. jan\u00faar 1984.<\/li>\n<li>1978-1982\u00a0B.A. fr\u00e1 H\u00e1sk\u00f3la \u00cdslands; uppeldisfr\u00e6\u00f0i sem a\u00f0algrein og s\u00e1larfr\u00e6\u00f0i sem aukagrein. Kennslur\u00e9ttindi \u00e1 grunn- og framhaldssk\u00f3lastigi.<\/li>\n<\/ul>\n<p>N\u00e1msritger\u00f0ir:<\/p>\n<ul>\n<li>1987\u00a0\u00a0Secondary School Reorganization in Iceland: A Policy Analysis.\u00a0 Ph.D. ritger\u00f0, H\u00e1sk\u00f3linn \u00ed Alberta, Edmonton, Kanada. Lei\u00f0beinandi Dr. A. MacKay.<\/li>\n<li>1984\u00a0\u00a0Attainment Levels of Comprehensive Primary Schools in Iceland.\u00a0 M.Ed. ritger\u00f0, H\u00e1sk\u00f3linn \u00ed Alberta, Edmonton, Kanada. Lei\u00f0beinandi Dr. C. Bumbarger.<\/li>\n<li>1982\u00a0\u00a0T\u00f6lvur og menntun:\u00a0 Hverju breytir t\u00f6lvuv\u00e6\u00f0ing \u00ed sk\u00f3lastarfi?\u00a0 B.A.-ritger\u00f0, H\u00e1sk\u00f3li \u00cdslands. Lei\u00f0beinandi Dr. J\u00f3n Torfi J\u00f3nasson.<\/li>\n<\/ul>\n<p><\/p>","protected":false},"excerpt":{"rendered":"<p>Nafn og heimilisfang:\u00a0 Fri\u00f0geir B\u00f6rkur Hansen, Logafold 85, 112 Reykjav\u00edk (hs. 567 7164) H\u00e1sk\u00f3lamenntun: 1984-1987\u00a0Ph.D. \u00ed stj\u00f3rns\u00fdslufr\u00e6\u00f0i menntam\u00e1la (Educational Administration) fr\u00e1 h\u00e1sk\u00f3lanum \u00ed Alberta, Edmonton, Kanada 1987; v\u00f6rn ritger\u00f0ar 3. apr\u00edl 1987.\u00a0 1982-1984\u00a0M.Ed. \u00ed stj\u00f3rns\u00fdslufr\u00e6\u00f0i menntam\u00e1la (Educational Administration) fr\u00e1 h\u00e1sk\u00f3lanum \u00ed Alberta, Edmonton, Kanada; v\u00f6rn ritger\u00f0ar 24. jan\u00faar 1984. 1978-1982\u00a0B.A. fr\u00e1 H\u00e1sk\u00f3la \u00cdslands; uppeldisfr\u00e6\u00f0i sem [&hellip;]<\/p>\n","protected":false},"author":1037,"featured_media":0,"parent":0,"menu_order":9,"comment_status":"closed","ping_status":"closed","template":"","meta":{"footnotes":""},"class_list":["post-34","page","type-page","status-publish","hentry"],"_links":{"self":[{"href":"https:\/\/uni.hi.is\/borkur\/wp-json\/wp\/v2\/pages\/34","targetHints":{"allow":["GET"]}}],"collection":[{"href":"https:\/\/uni.hi.is\/borkur\/wp-json\/wp\/v2\/pages"}],"about":[{"href":"https:\/\/uni.hi.is\/borkur\/wp-json\/wp\/v2\/types\/page"}],"author":[{"embeddable":true,"href":"https:\/\/uni.hi.is\/borkur\/wp-json\/wp\/v2\/users\/1037"}],"replies":[{"embeddable":true,"href":"https:\/\/uni.hi.is\/borkur\/wp-json\/wp\/v2\/comments?post=34"}],"version-history":[{"count":12,"href":"https:\/\/uni.hi.is\/borkur\/wp-json\/wp\/v2\/pages\/34\/revisions"}],"predecessor-version":[{"id":47,"href":"https:\/\/uni.hi.is\/borkur\/wp-json\/wp\/v2\/pages\/34\/revisions\/47"}],"wp:attachment":[{"href":"https:\/\/uni.hi.is\/borkur\/wp-json\/wp\/v2\/media?parent=34"}],"curies":[{"name":"wp","href":"https:\/\/api.w.org\/{rel}","templated":true}]}}