{"id":48,"date":"2012-05-31T12:58:07","date_gmt":"2012-05-31T12:58:07","guid":{"rendered":"http:\/\/uni.hi.is\/borkur\/?page_id=48"},"modified":"2024-08-28T10:36:37","modified_gmt":"2024-08-28T10:36:37","slug":"forsida","status":"publish","type":"page","link":"https:\/\/uni.hi.is\/borkur\/","title":{"rendered":"Fors\u00ed\u00f0a"},"content":{"rendered":"<p><\/p>\n<p style=\"text-align: left\">Velkomin \u00e1 heimas\u00ed\u00f0u Barkar Hansen<\/p>\n<p>\u00c9g er pr\u00f3fessor emeritus \u00e1 Menntav\u00edsindasvi\u00f0i H\u00e1sk\u00f3la \u00cdslands \u00ed stj\u00f3rnun menntastofnana. \u00c9g h\u00f3f st\u00f6rf vi\u00f0 Kennarah\u00e1sk\u00f3la \u00cdslands hausti\u00f0 1987 sem var sameina\u00f0ur H\u00e1sk\u00f3la \u00cdslands vori\u00f0 2008. \u00c9g l\u00e9t af st\u00f6rfum hausti\u00f0 2024.<\/p>\n<p>Netfang mitt er: <a href=\"mailto:borkur@hi.is\">borkur@hi.is<\/a><\/p>","protected":false},"excerpt":{"rendered":"<p>Velkomin \u00e1 heimas\u00ed\u00f0u Barkar Hansen \u00c9g er pr\u00f3fessor emeritus \u00e1 Menntav\u00edsindasvi\u00f0i H\u00e1sk\u00f3la \u00cdslands \u00ed stj\u00f3rnun menntastofnana. \u00c9g h\u00f3f st\u00f6rf vi\u00f0 Kennarah\u00e1sk\u00f3la \u00cdslands hausti\u00f0 1987 sem var sameina\u00f0ur H\u00e1sk\u00f3la \u00cdslands vori\u00f0 2008. \u00c9g l\u00e9t af st\u00f6rfum hausti\u00f0 2024. Netfang mitt er: borkur@hi.is<\/p>\n","protected":false},"author":1019,"featured_media":0,"parent":0,"menu_order":-300,"comment_status":"closed","ping_status":"closed","template":"","meta":{"footnotes":""},"class_list":["post-48","page","type-page","status-publish","hentry"],"_links":{"self":[{"href":"https:\/\/uni.hi.is\/borkur\/wp-json\/wp\/v2\/pages\/48","targetHints":{"allow":["GET"]}}],"collection":[{"href":"https:\/\/uni.hi.is\/borkur\/wp-json\/wp\/v2\/pages"}],"about":[{"href":"https:\/\/uni.hi.is\/borkur\/wp-json\/wp\/v2\/types\/page"}],"author":[{"embeddable":true,"href":"https:\/\/uni.hi.is\/borkur\/wp-json\/wp\/v2\/users\/1019"}],"replies":[{"embeddable":true,"href":"https:\/\/uni.hi.is\/borkur\/wp-json\/wp\/v2\/comments?post=48"}],"version-history":[{"count":34,"href":"https:\/\/uni.hi.is\/borkur\/wp-json\/wp\/v2\/pages\/48\/revisions"}],"predecessor-version":[{"id":460,"href":"https:\/\/uni.hi.is\/borkur\/wp-json\/wp\/v2\/pages\/48\/revisions\/460"}],"wp:attachment":[{"href":"https:\/\/uni.hi.is\/borkur\/wp-json\/wp\/v2\/media?parent=48"}],"curies":[{"name":"wp","href":"https:\/\/api.w.org\/{rel}","templated":true}]}}