{"id":58,"date":"2012-05-31T13:16:24","date_gmt":"2012-05-31T13:16:24","guid":{"rendered":"http:\/\/uni.hi.is\/borkur\/?page_id=58"},"modified":"2024-12-17T10:26:41","modified_gmt":"2024-12-17T10:26:41","slug":"stjornun","status":"publish","type":"page","link":"https:\/\/uni.hi.is\/borkur\/stjornun\/","title":{"rendered":"Stj\u00f3rnun"},"content":{"rendered":"<p>\u00c9g h\u00f3f st\u00f6rf hausti\u00f0 1987 vi\u00f0 Kennarah\u00e1sk\u00f3la \u00cdslands (KH\u00cd), n\u00fa Menntav\u00edsindasvi\u00f0 H\u00e1sk\u00f3la \u00cdslands (MVS H\u00cd).<\/p>\n<p>\u00c9g gegndi \u00fdmsum \u00e1byrg\u00f0arst\u00f6rfum vi\u00f0 KH\u00cd, var kennslustj\u00f3ri, forst\u00f6\u00f0uma\u00f0ur ranns\u00f3knarstofnunar, deildarforseti framhaldsdeildar og n\u00e1msbrautarstj\u00f3ri nokkurra n\u00e1msbrauta. \u00c9g \u00e1tti \u00e9g s\u00e6ti \u00ed \u00fdmsum r\u00e1\u00f0um og nefndum \u00ed KH\u00cd, s.s. h\u00e1sk\u00f3lar\u00e1\u00f0i, deildarr\u00e1\u00f0um og d\u00f3mnefndum. \u00de\u00e1 var \u00e9g starfandi a\u00f0sto\u00f0ararrektor \u00ed eitt \u00e1r. \u00c9g sat \u00ed Bologna nefnd Menntam\u00e1alar\u00e1\u00f0uneytisins og \u00e1tti s\u00e6ti \u00ed f\u00fdsileikanefnd og verkefnisstj\u00f3rn sameiningar KH\u00cd og H\u00cd.<\/p>\n<p>\u00c9g var um \u00e1rabil forma\u00f0ur \u00e1 brautinni Menntastj\u00f3rnun og matsfr\u00e6\u00f0i \u00e1 MVS og hef starfa\u00f0 \u00ed g\u00e6\u00f0anefnd og aldarafm\u00e6lisnefnd H\u00cd. \u00de\u00e1 var \u00e9g forma\u00f0ur kennslum\u00e1lanedar h\u00e1sk\u00f3alr\u00e1\u00f0s til \u00feriggja \u00e1ra, fr\u00e1 2014.<\/p>\n<p>\u00c9g\u00a0sat \u00ed h\u00e1sk\u00f3lar\u00e1\u00f0i H\u00cd 2010-2012 sem fulltr\u00fai h\u00e1sk\u00f3lasamf\u00e9lagsins og varaforma\u00f0ur r\u00e1\u00f0sins. \u00c9g var endurkj\u00f6rinn sem fulltr\u00fai h\u00e1sk\u00f3lasamf\u00e9lagsins n\u00e6sta t\u00edmabil, \u00fe.e. fr\u00e1 2012-2014.<\/p>","protected":false},"excerpt":{"rendered":"<p>\u00c9g h\u00f3f st\u00f6rf hausti\u00f0 1987 vi\u00f0 Kennarah\u00e1sk\u00f3la \u00cdslands (KH\u00cd), n\u00fa Menntav\u00edsindasvi\u00f0 H\u00e1sk\u00f3la \u00cdslands (MVS H\u00cd). \u00c9g gegndi \u00fdmsum \u00e1byrg\u00f0arst\u00f6rfum vi\u00f0 KH\u00cd, var kennslustj\u00f3ri, forst\u00f6\u00f0uma\u00f0ur ranns\u00f3knarstofnunar, deildarforseti framhaldsdeildar og n\u00e1msbrautarstj\u00f3ri nokkurra n\u00e1msbrauta. \u00c9g \u00e1tti \u00e9g s\u00e6ti \u00ed \u00fdmsum r\u00e1\u00f0um og nefndum \u00ed KH\u00cd, s.s. h\u00e1sk\u00f3lar\u00e1\u00f0i, deildarr\u00e1\u00f0um og d\u00f3mnefndum. \u00de\u00e1 var \u00e9g starfandi a\u00f0sto\u00f0ararrektor \u00ed eitt \u00e1r. [&hellip;]<\/p>\n","protected":false},"author":1019,"featured_media":0,"parent":0,"menu_order":6,"comment_status":"closed","ping_status":"closed","template":"","meta":{"footnotes":""},"class_list":["post-58","page","type-page","status-publish","hentry"],"_links":{"self":[{"href":"https:\/\/uni.hi.is\/borkur\/wp-json\/wp\/v2\/pages\/58","targetHints":{"allow":["GET"]}}],"collection":[{"href":"https:\/\/uni.hi.is\/borkur\/wp-json\/wp\/v2\/pages"}],"about":[{"href":"https:\/\/uni.hi.is\/borkur\/wp-json\/wp\/v2\/types\/page"}],"author":[{"embeddable":true,"href":"https:\/\/uni.hi.is\/borkur\/wp-json\/wp\/v2\/users\/1019"}],"replies":[{"embeddable":true,"href":"https:\/\/uni.hi.is\/borkur\/wp-json\/wp\/v2\/comments?post=58"}],"version-history":[{"count":23,"href":"https:\/\/uni.hi.is\/borkur\/wp-json\/wp\/v2\/pages\/58\/revisions"}],"predecessor-version":[{"id":466,"href":"https:\/\/uni.hi.is\/borkur\/wp-json\/wp\/v2\/pages\/58\/revisions\/466"}],"wp:attachment":[{"href":"https:\/\/uni.hi.is\/borkur\/wp-json\/wp\/v2\/media?parent=58"}],"curies":[{"name":"wp","href":"https:\/\/api.w.org\/{rel}","templated":true}]}}