{"id":23,"date":"2014-05-22T07:27:13","date_gmt":"2014-05-22T07:27:13","guid":{"rendered":"http:\/\/uni.hi.is\/davidth\/?page_id=23"},"modified":"2014-05-22T07:49:15","modified_gmt":"2014-05-22T07:49:15","slug":"icourts","status":"publish","type":"page","link":"https:\/\/uni.hi.is\/davidth\/icourts\/","title":{"rendered":"iCourts"},"content":{"rendered":"<p>Auk starfa fyrir lagadeild H\u00e1sk\u00f3la \u00cdslands starfar Dav\u00ed\u00f0 \u00de\u00f3r\u00a0vi\u00f0 iCourts, the Danish National Research Foundation's Centre of Excellence for International Courts, en \u00fev\u00ed starfi fylgir\u00a0einnig sta\u00f0a pr\u00f3fessors vi\u00f0 lagadeild H\u00e1sk\u00f3lans \u00ed Kaupmannah\u00f6fn.<\/p>\n<p>Sj\u00e1 n\u00e1nar:<\/p>\n<p><a href=\"http:\/\/jura.ku.dk\/icourts\/dansk\/\">http:\/\/jura.ku.dk\/icourts\/dansk\/<\/a><\/p>\n<p><a href=\"http:\/\/jura.ku.dk\/icourts\/\">http:\/\/jura.ku.dk\/icourts\/<\/a><\/p>\n","protected":false},"excerpt":{"rendered":"<p>Auk starfa fyrir lagadeild H\u00e1sk\u00f3la \u00cdslands starfar Dav\u00ed\u00f0 \u00de\u00f3r\u00a0vi\u00f0 iCourts, the Danish National Research Foundation's Centre of Excellence for International Courts, en \u00fev\u00ed starfi fylgir\u00a0einnig sta\u00f0a pr\u00f3fessors vi\u00f0 lagadeild H\u00e1sk\u00f3lans \u00ed Kaupmannah\u00f6fn. Sj\u00e1 n\u00e1nar: http:\/\/jura.ku.dk\/icourts\/dansk\/ http:\/\/jura.ku.dk\/icourts\/<\/p>\n","protected":false},"author":1298,"featured_media":0,"parent":0,"menu_order":0,"comment_status":"closed","ping_status":"closed","template":"","meta":{"footnotes":""},"class_list":["post-23","page","type-page","status-publish","hentry"],"_links":{"self":[{"href":"https:\/\/uni.hi.is\/davidth\/wp-json\/wp\/v2\/pages\/23","targetHints":{"allow":["GET"]}}],"collection":[{"href":"https:\/\/uni.hi.is\/davidth\/wp-json\/wp\/v2\/pages"}],"about":[{"href":"https:\/\/uni.hi.is\/davidth\/wp-json\/wp\/v2\/types\/page"}],"author":[{"embeddable":true,"href":"https:\/\/uni.hi.is\/davidth\/wp-json\/wp\/v2\/users\/1298"}],"replies":[{"embeddable":true,"href":"https:\/\/uni.hi.is\/davidth\/wp-json\/wp\/v2\/comments?post=23"}],"version-history":[{"count":3,"href":"https:\/\/uni.hi.is\/davidth\/wp-json\/wp\/v2\/pages\/23\/revisions"}],"predecessor-version":[{"id":26,"href":"https:\/\/uni.hi.is\/davidth\/wp-json\/wp\/v2\/pages\/23\/revisions\/26"}],"wp:attachment":[{"href":"https:\/\/uni.hi.is\/davidth\/wp-json\/wp\/v2\/media?parent=23"}],"curies":[{"name":"wp","href":"https:\/\/api.w.org\/{rel}","templated":true}]}}