{"id":376,"date":"2022-10-10T15:14:13","date_gmt":"2022-10-10T15:14:13","guid":{"rendered":"https:\/\/uni.hi.is\/davidth\/?page_id=376"},"modified":"2022-12-08T00:17:54","modified_gmt":"2022-12-08T00:17:54","slug":"baekur","status":"publish","type":"page","link":"https:\/\/uni.hi.is\/davidth\/baekur\/","title":{"rendered":"B\u00e6kur"},"content":{"rendered":"<blockquote class=\"wp-embedded-content\" data-secret=\"A7ceFtyWw2\"><p><a href=\"https:\/\/uni.hi.is\/davidth\/2022\/12\/08\/gudrun-eva-minervudottir-utsyni-bjartur-2022\/\">Gu\u00f0r\u00fan Eva M\u00ednervud\u00f3ttir \u2013 \u00dats\u00fdni (Bjartur 2022)<\/a><\/p><\/blockquote>\n<p><iframe loading=\"lazy\" class=\"wp-embedded-content\" sandbox=\"allow-scripts\" security=\"restricted\" style=\"position: absolute; clip: rect(1px, 1px, 1px, 1px);\" title=\"&#8220;Gu\u00f0r\u00fan Eva M\u00ednervud\u00f3ttir \u2013 \u00dats\u00fdni (Bjartur 2022)&#8221; &#8212; Juris Prudentia: Dr. jur. Dav\u00ed\u00f0 \u00de\u00f3r Bj\u00f6rgvinsson pr\u00f3fessor, lagadeild HA og fyrrverandi d\u00f3mari vi\u00f0 Mannr\u00e9ttindad\u00f3mst\u00f3l Evr\u00f3pu\" src=\"https:\/\/uni.hi.is\/davidth\/2022\/12\/08\/gudrun-eva-minervudottir-utsyni-bjartur-2022\/embed\/#?secret=wG7sbbDFYZ#?secret=A7ceFtyWw2\" data-secret=\"A7ceFtyWw2\" width=\"474\" height=\"267\" frameborder=\"0\" marginwidth=\"0\" marginheight=\"0\" scrolling=\"no\"><\/iframe><\/p>\n<blockquote class=\"wp-embedded-content\" data-secret=\"mh91Q0o6JO\"><p><a href=\"https:\/\/uni.hi.is\/davidth\/2022\/11\/16\/millibilsmadur-skaldsaga-eftir-hermann-stefansson-saemundur-2022\/\">Millibilsma\u00f0ur - Sk\u00e1ldsaga eftir Hermann Stef\u00e1nsson (S\u00e6mundur 2022)<\/a><\/p><\/blockquote>\n<p><iframe loading=\"lazy\" class=\"wp-embedded-content\" sandbox=\"allow-scripts\" security=\"restricted\" style=\"position: absolute; clip: rect(1px, 1px, 1px, 1px);\" title=\"&#8220;Millibilsma\u00f0ur - Sk\u00e1ldsaga eftir Hermann Stef\u00e1nsson (S\u00e6mundur 2022)&#8221; &#8212; Juris Prudentia: Dr. jur. Dav\u00ed\u00f0 \u00de\u00f3r Bj\u00f6rgvinsson pr\u00f3fessor, lagadeild HA og fyrrverandi d\u00f3mari vi\u00f0 Mannr\u00e9ttindad\u00f3mst\u00f3l Evr\u00f3pu\" src=\"https:\/\/uni.hi.is\/davidth\/2022\/11\/16\/millibilsmadur-skaldsaga-eftir-hermann-stefansson-saemundur-2022\/embed\/#?secret=jqlCyw0mnK#?secret=mh91Q0o6JO\" data-secret=\"mh91Q0o6JO\" width=\"474\" height=\"267\" frameborder=\"0\" marginwidth=\"0\" marginheight=\"0\" scrolling=\"no\"><\/iframe><\/p>\n<blockquote class=\"wp-embedded-content\" data-secret=\"xsjDkksJyp\"><p><a href=\"https:\/\/uni.hi.is\/davidth\/2022\/11\/16\/tugthusid-haukur-mar-helgason-mal-og-menning-2022\/\">Tugth\u00fasi\u00f0 \u2013 Haukur M\u00e1r Helgason (M\u00e1l og menning \u2013 2022)<\/a><\/p><\/blockquote>\n<p><iframe loading=\"lazy\" class=\"wp-embedded-content\" sandbox=\"allow-scripts\" security=\"restricted\" style=\"position: absolute; clip: rect(1px, 1px, 1px, 1px);\" title=\"&#8220;Tugth\u00fasi\u00f0 \u2013 Haukur M\u00e1r Helgason (M\u00e1l og menning \u2013 2022)&#8221; &#8212; Juris Prudentia: Dr. jur. Dav\u00ed\u00f0 \u00de\u00f3r Bj\u00f6rgvinsson pr\u00f3fessor, lagadeild HA og fyrrverandi d\u00f3mari vi\u00f0 Mannr\u00e9ttindad\u00f3mst\u00f3l Evr\u00f3pu\" src=\"https:\/\/uni.hi.is\/davidth\/2022\/11\/16\/tugthusid-haukur-mar-helgason-mal-og-menning-2022\/embed\/#?secret=JDuzbQ1ZMy#?secret=xsjDkksJyp\" data-secret=\"xsjDkksJyp\" width=\"474\" height=\"267\" frameborder=\"0\" marginwidth=\"0\" marginheight=\"0\" scrolling=\"no\"><\/iframe><\/p>\n<p>&nbsp;<\/p>\n<p>&nbsp;<\/p>\n","protected":false},"excerpt":{"rendered":"<p>Millibilsma\u00f0ur - Sk\u00e1ldsaga eftir Hermann Stef\u00e1nsson (S\u00e6mundur 2022) Tugth\u00fasi\u00f0 \u2013 Haukur M\u00e1r Helgason (M\u00e1l og menning \u2013 2022) &nbsp; &nbsp;<\/p>\n","protected":false},"author":1298,"featured_media":0,"parent":0,"menu_order":2,"comment_status":"closed","ping_status":"closed","template":"","meta":{"footnotes":""},"class_list":["post-376","page","type-page","status-publish","hentry"],"_links":{"self":[{"href":"https:\/\/uni.hi.is\/davidth\/wp-json\/wp\/v2\/pages\/376","targetHints":{"allow":["GET"]}}],"collection":[{"href":"https:\/\/uni.hi.is\/davidth\/wp-json\/wp\/v2\/pages"}],"about":[{"href":"https:\/\/uni.hi.is\/davidth\/wp-json\/wp\/v2\/types\/page"}],"author":[{"embeddable":true,"href":"https:\/\/uni.hi.is\/davidth\/wp-json\/wp\/v2\/users\/1298"}],"replies":[{"embeddable":true,"href":"https:\/\/uni.hi.is\/davidth\/wp-json\/wp\/v2\/comments?post=376"}],"version-history":[{"count":24,"href":"https:\/\/uni.hi.is\/davidth\/wp-json\/wp\/v2\/pages\/376\/revisions"}],"predecessor-version":[{"id":541,"href":"https:\/\/uni.hi.is\/davidth\/wp-json\/wp\/v2\/pages\/376\/revisions\/541"}],"wp:attachment":[{"href":"https:\/\/uni.hi.is\/davidth\/wp-json\/wp\/v2\/media?parent=376"}],"curies":[{"name":"wp","href":"https:\/\/api.w.org\/{rel}","templated":true}]}}