{"id":498,"date":"2022-11-16T19:20:52","date_gmt":"2022-11-16T19:20:52","guid":{"rendered":"https:\/\/uni.hi.is\/davidth\/?page_id=498"},"modified":"2022-11-16T20:00:40","modified_gmt":"2022-11-16T20:00:40","slug":"logfraedi","status":"publish","type":"page","link":"https:\/\/uni.hi.is\/davidth\/logfraedi\/","title":{"rendered":"Juris Prudentia"},"content":{"rendered":"<p>&nbsp;<\/p>\n<blockquote class=\"wp-embedded-content\" data-secret=\"PHETmIKxv1\"><p><a href=\"https:\/\/uni.hi.is\/davidth\/2022\/10\/09\/slaufun-og-tjaningarfrelsi\/\">Slaufun og tj\u00e1ningarfrelsi<\/a><\/p><\/blockquote>\n<p><iframe loading=\"lazy\" class=\"wp-embedded-content\" sandbox=\"allow-scripts\" security=\"restricted\" style=\"position: absolute; clip: rect(1px, 1px, 1px, 1px);\" title=\"&#8220;Slaufun og tj\u00e1ningarfrelsi&#8221; &#8212; Juris Prudentia: Dr. jur. Dav\u00ed\u00f0 \u00de\u00f3r Bj\u00f6rgvinsson pr\u00f3fessor, lagadeild HA og fyrrverandi d\u00f3mari vi\u00f0 Mannr\u00e9ttindad\u00f3mst\u00f3l Evr\u00f3pu\" src=\"https:\/\/uni.hi.is\/davidth\/2022\/10\/09\/slaufun-og-tjaningarfrelsi\/embed\/#?secret=z8Cs8WtoZH#?secret=PHETmIKxv1\" data-secret=\"PHETmIKxv1\" width=\"474\" height=\"267\" frameborder=\"0\" marginwidth=\"0\" marginheight=\"0\" scrolling=\"no\"><\/iframe><\/p>\n<blockquote class=\"wp-embedded-content\" data-secret=\"XzFGlMZhNJ\"><p><a href=\"https:\/\/uni.hi.is\/davidth\/2022\/04\/25\/hvad-er-hatursordraeda\/\">Hva\u00f0 er hatursor\u00f0r\u00e6\u00f0a?<\/a><\/p><\/blockquote>\n<p><iframe loading=\"lazy\" class=\"wp-embedded-content\" sandbox=\"allow-scripts\" security=\"restricted\" style=\"position: absolute; clip: rect(1px, 1px, 1px, 1px);\" title=\"&#8220;Hva\u00f0 er hatursor\u00f0r\u00e6\u00f0a?&#8221; &#8212; Juris Prudentia: Dr. jur. Dav\u00ed\u00f0 \u00de\u00f3r Bj\u00f6rgvinsson pr\u00f3fessor, lagadeild HA og fyrrverandi d\u00f3mari vi\u00f0 Mannr\u00e9ttindad\u00f3mst\u00f3l Evr\u00f3pu\" src=\"https:\/\/uni.hi.is\/davidth\/2022\/04\/25\/hvad-er-hatursordraeda\/embed\/#?secret=MX9ff5JTGX#?secret=XzFGlMZhNJ\" data-secret=\"XzFGlMZhNJ\" width=\"474\" height=\"267\" frameborder=\"0\" marginwidth=\"0\" marginheight=\"0\" scrolling=\"no\"><\/iframe><\/p>\n<blockquote class=\"wp-embedded-content\" data-secret=\"zw1HsGWSnh\"><p><a href=\"https:\/\/uni.hi.is\/davidth\/2022\/01\/12\/saklaus-uns-sekt-er-sonnud\/\">Saklaus uns sekt er s\u00f6nnu\u00f0<\/a><\/p><\/blockquote>\n<p><iframe loading=\"lazy\" class=\"wp-embedded-content\" sandbox=\"allow-scripts\" security=\"restricted\" style=\"position: absolute; clip: rect(1px, 1px, 1px, 1px);\" title=\"&#8220;Saklaus uns sekt er s\u00f6nnu\u00f0&#8221; &#8212; Juris Prudentia: Dr. jur. Dav\u00ed\u00f0 \u00de\u00f3r Bj\u00f6rgvinsson pr\u00f3fessor, lagadeild HA og fyrrverandi d\u00f3mari vi\u00f0 Mannr\u00e9ttindad\u00f3mst\u00f3l Evr\u00f3pu\" src=\"https:\/\/uni.hi.is\/davidth\/2022\/01\/12\/saklaus-uns-sekt-er-sonnud\/embed\/#?secret=NI2vpRdWOr#?secret=zw1HsGWSnh\" data-secret=\"zw1HsGWSnh\" width=\"474\" height=\"267\" frameborder=\"0\" marginwidth=\"0\" marginheight=\"0\" scrolling=\"no\"><\/iframe><\/p>\n<blockquote class=\"wp-embedded-content\" data-secret=\"uMGXw2m3Z3\"><p><a href=\"https:\/\/uni.hi.is\/davidth\/2021\/10\/03\/rettur-til-frjalsra-kosninga\/\">R\u00e9ttur til frj\u00e1lsra kosninga<\/a><\/p><\/blockquote>\n<p><iframe loading=\"lazy\" class=\"wp-embedded-content\" sandbox=\"allow-scripts\" security=\"restricted\" style=\"position: absolute; clip: rect(1px, 1px, 1px, 1px);\" title=\"&#8220;R\u00e9ttur til frj\u00e1lsra kosninga&#8221; &#8212; Juris Prudentia: Dr. jur. Dav\u00ed\u00f0 \u00de\u00f3r Bj\u00f6rgvinsson pr\u00f3fessor, lagadeild HA og fyrrverandi d\u00f3mari vi\u00f0 Mannr\u00e9ttindad\u00f3mst\u00f3l Evr\u00f3pu\" src=\"https:\/\/uni.hi.is\/davidth\/2021\/10\/03\/rettur-til-frjalsra-kosninga\/embed\/#?secret=xpfe3hu625#?secret=uMGXw2m3Z3\" data-secret=\"uMGXw2m3Z3\" width=\"474\" height=\"267\" frameborder=\"0\" marginwidth=\"0\" marginheight=\"0\" scrolling=\"no\"><\/iframe><\/p>\n<blockquote class=\"wp-embedded-content\" data-secret=\"mAL6vpMjww\"><p><a href=\"https:\/\/uni.hi.is\/davidth\/2021\/05\/17\/feminiskar-lagakenningar\/\">Fem\u00edn\u00edskar lagakenningar<\/a><\/p><\/blockquote>\n<p><iframe loading=\"lazy\" class=\"wp-embedded-content\" sandbox=\"allow-scripts\" security=\"restricted\" style=\"position: absolute; clip: rect(1px, 1px, 1px, 1px);\" title=\"&#8220;Fem\u00edn\u00edskar lagakenningar&#8221; &#8212; Juris Prudentia: Dr. jur. Dav\u00ed\u00f0 \u00de\u00f3r Bj\u00f6rgvinsson pr\u00f3fessor, lagadeild HA og fyrrverandi d\u00f3mari vi\u00f0 Mannr\u00e9ttindad\u00f3mst\u00f3l Evr\u00f3pu\" src=\"https:\/\/uni.hi.is\/davidth\/2021\/05\/17\/feminiskar-lagakenningar\/embed\/#?secret=LN6CRLLibd#?secret=mAL6vpMjww\" data-secret=\"mAL6vpMjww\" width=\"474\" height=\"267\" frameborder=\"0\" marginwidth=\"0\" marginheight=\"0\" scrolling=\"no\"><\/iframe><\/p>\n<blockquote class=\"wp-embedded-content\" data-secret=\"TJNXC809QO\"><p><a href=\"https:\/\/uni.hi.is\/davidth\/2021\/02\/13\/helforin-og-tjaningarfrelsid-hitler-i-karoki\/\">Helf\u00f6rin og tj\u00e1ningarfrelsi\u00f0 \u2013 \u201eHitler \u00ed Kar\u00f3k\u00ed\u201c<\/a><\/p><\/blockquote>\n<p><iframe loading=\"lazy\" class=\"wp-embedded-content\" sandbox=\"allow-scripts\" security=\"restricted\" style=\"position: absolute; clip: rect(1px, 1px, 1px, 1px);\" title=\"&#8220;Helf\u00f6rin og tj\u00e1ningarfrelsi\u00f0 \u2013 \u201eHitler \u00ed Kar\u00f3k\u00ed\u201c&#8221; &#8212; Juris Prudentia: Dr. jur. Dav\u00ed\u00f0 \u00de\u00f3r Bj\u00f6rgvinsson pr\u00f3fessor, lagadeild HA og fyrrverandi d\u00f3mari vi\u00f0 Mannr\u00e9ttindad\u00f3mst\u00f3l Evr\u00f3pu\" src=\"https:\/\/uni.hi.is\/davidth\/2021\/02\/13\/helforin-og-tjaningarfrelsid-hitler-i-karoki\/embed\/#?secret=8Fgnpyf7Nb#?secret=TJNXC809QO\" data-secret=\"TJNXC809QO\" width=\"474\" height=\"267\" frameborder=\"0\" marginwidth=\"0\" marginheight=\"0\" scrolling=\"no\"><\/iframe><\/p>\n<blockquote class=\"wp-embedded-content\" data-secret=\"VGWxShPNai\"><p><a href=\"https:\/\/uni.hi.is\/davidth\/2020\/12\/02\/ahrif-doms-yfirdeildar-mde-a-starfsemi-landsrettar\/\">\u00c1hrif d\u00f3ms Yfirdeildar MDE \u00e1 starfsemi Landsr\u00e9ttar<\/a><\/p><\/blockquote>\n<p><iframe loading=\"lazy\" class=\"wp-embedded-content\" sandbox=\"allow-scripts\" security=\"restricted\" style=\"position: absolute; clip: rect(1px, 1px, 1px, 1px);\" title=\"&#8220;\u00c1hrif d\u00f3ms Yfirdeildar MDE \u00e1 starfsemi Landsr\u00e9ttar&#8221; &#8212; Juris Prudentia: Dr. jur. Dav\u00ed\u00f0 \u00de\u00f3r Bj\u00f6rgvinsson pr\u00f3fessor, lagadeild HA og fyrrverandi d\u00f3mari vi\u00f0 Mannr\u00e9ttindad\u00f3mst\u00f3l Evr\u00f3pu\" src=\"https:\/\/uni.hi.is\/davidth\/2020\/12\/02\/ahrif-doms-yfirdeildar-mde-a-starfsemi-landsrettar\/embed\/#?secret=ijYGr2NqVT#?secret=VGWxShPNai\" data-secret=\"VGWxShPNai\" width=\"474\" height=\"267\" frameborder=\"0\" marginwidth=\"0\" marginheight=\"0\" scrolling=\"no\"><\/iframe><\/p>\n<blockquote class=\"wp-embedded-content\" data-secret=\"nIoOPWEslF\"><p><a href=\"https:\/\/uni.hi.is\/davidth\/2018\/07\/01\/um-hvad-snyst-landsrettarmalid\/\">Um hva\u00f0 sn\u00fdst Landsr\u00e9ttarm\u00e1li\u00f0?<\/a><\/p><\/blockquote>\n<p><iframe loading=\"lazy\" class=\"wp-embedded-content\" sandbox=\"allow-scripts\" security=\"restricted\" style=\"position: absolute; clip: rect(1px, 1px, 1px, 1px);\" title=\"&#8220;Um hva\u00f0 sn\u00fdst Landsr\u00e9ttarm\u00e1li\u00f0?&#8221; &#8212; Juris Prudentia: Dr. jur. Dav\u00ed\u00f0 \u00de\u00f3r Bj\u00f6rgvinsson pr\u00f3fessor, lagadeild HA og fyrrverandi d\u00f3mari vi\u00f0 Mannr\u00e9ttindad\u00f3mst\u00f3l Evr\u00f3pu\" src=\"https:\/\/uni.hi.is\/davidth\/2018\/07\/01\/um-hvad-snyst-landsrettarmalid\/embed\/#?secret=ArtCrRCQFe#?secret=nIoOPWEslF\" data-secret=\"nIoOPWEslF\" width=\"474\" height=\"267\" frameborder=\"0\" marginwidth=\"0\" marginheight=\"0\" scrolling=\"no\"><\/iframe><\/p>\n<blockquote class=\"wp-embedded-content\" data-secret=\"JbsetoMZo9\"><p><a href=\"https:\/\/uni.hi.is\/davidth\/2017\/11\/08\/fukyrdi-eda-fullyrding\/\">F\u00fakyr\u00f0i e\u00f0a fullyr\u00f0ing?<\/a><\/p><\/blockquote>\n<p><iframe loading=\"lazy\" class=\"wp-embedded-content\" sandbox=\"allow-scripts\" security=\"restricted\" style=\"position: absolute; clip: rect(1px, 1px, 1px, 1px);\" title=\"&#8220;F\u00fakyr\u00f0i e\u00f0a fullyr\u00f0ing?&#8221; &#8212; Juris Prudentia: Dr. jur. Dav\u00ed\u00f0 \u00de\u00f3r Bj\u00f6rgvinsson pr\u00f3fessor, lagadeild HA og fyrrverandi d\u00f3mari vi\u00f0 Mannr\u00e9ttindad\u00f3mst\u00f3l Evr\u00f3pu\" src=\"https:\/\/uni.hi.is\/davidth\/2017\/11\/08\/fukyrdi-eda-fullyrding\/embed\/#?secret=g8Isx5Aiz6#?secret=JbsetoMZo9\" data-secret=\"JbsetoMZo9\" width=\"474\" height=\"267\" frameborder=\"0\" marginwidth=\"0\" marginheight=\"0\" scrolling=\"no\"><\/iframe><\/p>\n<blockquote class=\"wp-embedded-content\" data-secret=\"bJFtGQhLoK\"><p><a href=\"https:\/\/uni.hi.is\/davidth\/2016\/10\/22\/retturinn-til-ad-gleymast-baratta-vid-vindmyllur\/\">R\u00e9tturinn til a\u00f0 gleymast.  Bar\u00e1tta vi\u00f0 vindmyllur?<\/a><\/p><\/blockquote>\n<p><iframe loading=\"lazy\" class=\"wp-embedded-content\" sandbox=\"allow-scripts\" security=\"restricted\" style=\"position: absolute; clip: rect(1px, 1px, 1px, 1px);\" title=\"&#8220;R\u00e9tturinn til a\u00f0 gleymast.  Bar\u00e1tta vi\u00f0 vindmyllur?&#8221; &#8212; Juris Prudentia: Dr. jur. Dav\u00ed\u00f0 \u00de\u00f3r Bj\u00f6rgvinsson pr\u00f3fessor, lagadeild HA og fyrrverandi d\u00f3mari vi\u00f0 Mannr\u00e9ttindad\u00f3mst\u00f3l Evr\u00f3pu\" src=\"https:\/\/uni.hi.is\/davidth\/2016\/10\/22\/retturinn-til-ad-gleymast-baratta-vid-vindmyllur\/embed\/#?secret=BBvFYFG99A#?secret=bJFtGQhLoK\" data-secret=\"bJFtGQhLoK\" width=\"474\" height=\"267\" frameborder=\"0\" marginwidth=\"0\" marginheight=\"0\" scrolling=\"no\"><\/iframe><\/p>\n<blockquote class=\"wp-embedded-content\" data-secret=\"5sWoC3J6ZZ\"><p><a href=\"https:\/\/uni.hi.is\/davidth\/2016\/10\/09\/155\/\">Um \"b\u00farkubann\"<\/a><\/p><\/blockquote>\n<p><iframe loading=\"lazy\" class=\"wp-embedded-content\" sandbox=\"allow-scripts\" security=\"restricted\" style=\"position: absolute; clip: rect(1px, 1px, 1px, 1px);\" title=\"&#8220;Um &quot;b\u00farkubann&quot;&#8221; &#8212; Juris Prudentia: Dr. jur. Dav\u00ed\u00f0 \u00de\u00f3r Bj\u00f6rgvinsson pr\u00f3fessor, lagadeild HA og fyrrverandi d\u00f3mari vi\u00f0 Mannr\u00e9ttindad\u00f3mst\u00f3l Evr\u00f3pu\" src=\"https:\/\/uni.hi.is\/davidth\/2016\/10\/09\/155\/embed\/#?secret=QA5I7GGTpf#?secret=5sWoC3J6ZZ\" data-secret=\"5sWoC3J6ZZ\" width=\"474\" height=\"267\" frameborder=\"0\" marginwidth=\"0\" marginheight=\"0\" scrolling=\"no\"><\/iframe><\/p>\n<blockquote class=\"wp-embedded-content\" data-secret=\"i1nQ5d21N3\"><p><a href=\"https:\/\/uni.hi.is\/davidth\/2016\/02\/17\/ad-lenda-i-ferdalogum\/\">A\u00f0 lenda \u00ed fer\u00f0al\u00f6gum<\/a><\/p><\/blockquote>\n<p><iframe loading=\"lazy\" class=\"wp-embedded-content\" sandbox=\"allow-scripts\" security=\"restricted\" style=\"position: absolute; clip: rect(1px, 1px, 1px, 1px);\" title=\"&#8220;A\u00f0 lenda \u00ed fer\u00f0al\u00f6gum&#8221; &#8212; Juris Prudentia: Dr. jur. Dav\u00ed\u00f0 \u00de\u00f3r Bj\u00f6rgvinsson pr\u00f3fessor, lagadeild HA og fyrrverandi d\u00f3mari vi\u00f0 Mannr\u00e9ttindad\u00f3mst\u00f3l Evr\u00f3pu\" src=\"https:\/\/uni.hi.is\/davidth\/2016\/02\/17\/ad-lenda-i-ferdalogum\/embed\/#?secret=UgSyRDIGDJ#?secret=i1nQ5d21N3\" data-secret=\"i1nQ5d21N3\" width=\"474\" height=\"267\" frameborder=\"0\" marginwidth=\"0\" marginheight=\"0\" scrolling=\"no\"><\/iframe><\/p>\n<blockquote class=\"wp-embedded-content\" data-secret=\"bGbc3lfMW1\"><p><a href=\"https:\/\/uni.hi.is\/davidth\/2014\/08\/28\/verdtryggingaalit-efta-domstolsins\/\">Ver\u00f0trygginga\u00e1lit EFTA d\u00f3mst\u00f3lsins<\/a><\/p><\/blockquote>\n<p><iframe loading=\"lazy\" class=\"wp-embedded-content\" sandbox=\"allow-scripts\" security=\"restricted\" style=\"position: absolute; clip: rect(1px, 1px, 1px, 1px);\" title=\"&#8220;Ver\u00f0trygginga\u00e1lit EFTA d\u00f3mst\u00f3lsins&#8221; &#8212; Juris Prudentia: Dr. jur. Dav\u00ed\u00f0 \u00de\u00f3r Bj\u00f6rgvinsson pr\u00f3fessor, lagadeild HA og fyrrverandi d\u00f3mari vi\u00f0 Mannr\u00e9ttindad\u00f3mst\u00f3l Evr\u00f3pu\" src=\"https:\/\/uni.hi.is\/davidth\/2014\/08\/28\/verdtryggingaalit-efta-domstolsins\/embed\/#?secret=8fqDtjenQy#?secret=bGbc3lfMW1\" data-secret=\"bGbc3lfMW1\" width=\"474\" height=\"267\" frameborder=\"0\" marginwidth=\"0\" marginheight=\"0\" scrolling=\"no\"><\/iframe><\/p>\n<blockquote class=\"wp-embedded-content\" data-secret=\"Nm78uz275J\"><p><a href=\"https:\/\/uni.hi.is\/davidth\/2014\/07\/09\/thankar-i-tilefni-ad-ferd-til-ukrainu\/\">\u00deankar \u00ed tilefni a\u00f0 fer\u00f0 til \u00dakra\u00ednu<\/a><\/p><\/blockquote>\n<p><iframe loading=\"lazy\" class=\"wp-embedded-content\" sandbox=\"allow-scripts\" security=\"restricted\" style=\"position: absolute; clip: rect(1px, 1px, 1px, 1px);\" title=\"&#8220;\u00deankar \u00ed tilefni a\u00f0 fer\u00f0 til \u00dakra\u00ednu&#8221; &#8212; Juris Prudentia: Dr. jur. Dav\u00ed\u00f0 \u00de\u00f3r Bj\u00f6rgvinsson pr\u00f3fessor, lagadeild HA og fyrrverandi d\u00f3mari vi\u00f0 Mannr\u00e9ttindad\u00f3mst\u00f3l Evr\u00f3pu\" src=\"https:\/\/uni.hi.is\/davidth\/2014\/07\/09\/thankar-i-tilefni-ad-ferd-til-ukrainu\/embed\/#?secret=K6RtdBlOm8#?secret=Nm78uz275J\" data-secret=\"Nm78uz275J\" width=\"474\" height=\"267\" frameborder=\"0\" marginwidth=\"0\" marginheight=\"0\" scrolling=\"no\"><\/iframe><\/p>\n<blockquote class=\"wp-embedded-content\" data-secret=\"MVO97RPODG\"><p><a href=\"https:\/\/uni.hi.is\/davidth\/2014\/06\/23\/log-sem-undirstada-sidferdis\/\">L\u00f6g sem undirsta\u00f0a si\u00f0fer\u00f0is<\/a><\/p><\/blockquote>\n<p><iframe loading=\"lazy\" class=\"wp-embedded-content\" sandbox=\"allow-scripts\" security=\"restricted\" style=\"position: absolute; clip: rect(1px, 1px, 1px, 1px);\" title=\"&#8220;L\u00f6g sem undirsta\u00f0a si\u00f0fer\u00f0is&#8221; &#8212; Juris Prudentia: Dr. jur. Dav\u00ed\u00f0 \u00de\u00f3r Bj\u00f6rgvinsson pr\u00f3fessor, lagadeild HA og fyrrverandi d\u00f3mari vi\u00f0 Mannr\u00e9ttindad\u00f3mst\u00f3l Evr\u00f3pu\" src=\"https:\/\/uni.hi.is\/davidth\/2014\/06\/23\/log-sem-undirstada-sidferdis\/embed\/#?secret=cAL1wod3KA#?secret=MVO97RPODG\" data-secret=\"MVO97RPODG\" width=\"474\" height=\"267\" frameborder=\"0\" marginwidth=\"0\" marginheight=\"0\" scrolling=\"no\"><\/iframe><\/p>\n<blockquote class=\"wp-embedded-content\" data-secret=\"KgAMXRcxXf\"><p><a href=\"https:\/\/uni.hi.is\/davidth\/2014\/06\/02\/um-mosku-i-reykjavik-og-trufrelsi\/\">Um tr\u00fafrelsi og tr\u00faari\u00f0kun sem grundvallarmannr\u00e9ttindi.<\/a><\/p><\/blockquote>\n<p><iframe loading=\"lazy\" class=\"wp-embedded-content\" sandbox=\"allow-scripts\" security=\"restricted\" style=\"position: absolute; clip: rect(1px, 1px, 1px, 1px);\" title=\"&#8220;Um tr\u00fafrelsi og tr\u00faari\u00f0kun sem grundvallarmannr\u00e9ttindi.&#8221; &#8212; Juris Prudentia: Dr. jur. Dav\u00ed\u00f0 \u00de\u00f3r Bj\u00f6rgvinsson pr\u00f3fessor, lagadeild HA og fyrrverandi d\u00f3mari vi\u00f0 Mannr\u00e9ttindad\u00f3mst\u00f3l Evr\u00f3pu\" src=\"https:\/\/uni.hi.is\/davidth\/2014\/06\/02\/um-mosku-i-reykjavik-og-trufrelsi\/embed\/#?secret=f2OtLX2Jny#?secret=KgAMXRcxXf\" data-secret=\"KgAMXRcxXf\" width=\"474\" height=\"267\" frameborder=\"0\" marginwidth=\"0\" marginheight=\"0\" scrolling=\"no\"><\/iframe><\/p>\n<blockquote class=\"wp-embedded-content\" data-secret=\"B2y7EIwq7Y\"><p><a href=\"https:\/\/uni.hi.is\/davidth\/2014\/05\/26\/tjaningarfrelsi-og-hatursarodur-gegn-samkynhneidgum\/\">Tj\u00e1ningarfrelsi og \u201ehaturs\u00e1r\u00f3\u00f0ur\u201c gegn samkynhneig\u00f0um<\/a><\/p><\/blockquote>\n<p><iframe loading=\"lazy\" class=\"wp-embedded-content\" sandbox=\"allow-scripts\" security=\"restricted\" style=\"position: absolute; clip: rect(1px, 1px, 1px, 1px);\" title=\"&#8220;Tj\u00e1ningarfrelsi og \u201ehaturs\u00e1r\u00f3\u00f0ur\u201c gegn samkynhneig\u00f0um&#8221; &#8212; Juris Prudentia: Dr. jur. Dav\u00ed\u00f0 \u00de\u00f3r Bj\u00f6rgvinsson pr\u00f3fessor, lagadeild HA og fyrrverandi d\u00f3mari vi\u00f0 Mannr\u00e9ttindad\u00f3mst\u00f3l Evr\u00f3pu\" src=\"https:\/\/uni.hi.is\/davidth\/2014\/05\/26\/tjaningarfrelsi-og-hatursarodur-gegn-samkynhneidgum\/embed\/#?secret=xAJMY4JYLN#?secret=B2y7EIwq7Y\" data-secret=\"B2y7EIwq7Y\" width=\"474\" height=\"267\" frameborder=\"0\" marginwidth=\"0\" marginheight=\"0\" scrolling=\"no\"><\/iframe><\/p>\n<blockquote class=\"wp-embedded-content\" data-secret=\"LbJOAFMdTY\"><p><a href=\"https:\/\/uni.hi.is\/davidth\/2014\/05\/21\/enn-um-fullveldi-og-ees\/\">Enn um fullveldi og EES<\/a><\/p><\/blockquote>\n<p><iframe loading=\"lazy\" class=\"wp-embedded-content\" sandbox=\"allow-scripts\" security=\"restricted\" style=\"position: absolute; clip: rect(1px, 1px, 1px, 1px);\" title=\"&#8220;Enn um fullveldi og EES&#8221; &#8212; Juris Prudentia: Dr. jur. Dav\u00ed\u00f0 \u00de\u00f3r Bj\u00f6rgvinsson pr\u00f3fessor, lagadeild HA og fyrrverandi d\u00f3mari vi\u00f0 Mannr\u00e9ttindad\u00f3mst\u00f3l Evr\u00f3pu\" src=\"https:\/\/uni.hi.is\/davidth\/2014\/05\/21\/enn-um-fullveldi-og-ees\/embed\/#?secret=rYjPK5y9ok#?secret=LbJOAFMdTY\" data-secret=\"LbJOAFMdTY\" width=\"474\" height=\"267\" frameborder=\"0\" marginwidth=\"0\" marginheight=\"0\" scrolling=\"no\"><\/iframe><\/p>\n","protected":false},"excerpt":{"rendered":"<p>&nbsp; Slaufun og tj\u00e1ningarfrelsi Hva\u00f0 er hatursor\u00f0r\u00e6\u00f0a? Saklaus uns sekt er s\u00f6nnu\u00f0 R\u00e9ttur til frj\u00e1lsra kosninga Fem\u00edn\u00edskar lagakenningar Helf\u00f6rin og tj\u00e1ningarfrelsi\u00f0 \u2013 \u201eHitler \u00ed Kar\u00f3k\u00ed\u201c \u00c1hrif d\u00f3ms Yfirdeildar MDE \u00e1 starfsemi Landsr\u00e9ttar Um hva\u00f0 sn\u00fdst Landsr\u00e9ttarm\u00e1li\u00f0? F\u00fakyr\u00f0i e\u00f0a fullyr\u00f0ing? R\u00e9tturinn &hellip; <a href=\"https:\/\/uni.hi.is\/davidth\/logfraedi\/\">Continue reading <span class=\"meta-nav\">&rarr;<\/span><\/a><\/p>\n","protected":false},"author":1298,"featured_media":0,"parent":0,"menu_order":1,"comment_status":"closed","ping_status":"closed","template":"","meta":{"footnotes":""},"class_list":["post-498","page","type-page","status-publish","hentry"],"_links":{"self":[{"href":"https:\/\/uni.hi.is\/davidth\/wp-json\/wp\/v2\/pages\/498","targetHints":{"allow":["GET"]}}],"collection":[{"href":"https:\/\/uni.hi.is\/davidth\/wp-json\/wp\/v2\/pages"}],"about":[{"href":"https:\/\/uni.hi.is\/davidth\/wp-json\/wp\/v2\/types\/page"}],"author":[{"embeddable":true,"href":"https:\/\/uni.hi.is\/davidth\/wp-json\/wp\/v2\/users\/1298"}],"replies":[{"embeddable":true,"href":"https:\/\/uni.hi.is\/davidth\/wp-json\/wp\/v2\/comments?post=498"}],"version-history":[{"count":3,"href":"https:\/\/uni.hi.is\/davidth\/wp-json\/wp\/v2\/pages\/498\/revisions"}],"predecessor-version":[{"id":501,"href":"https:\/\/uni.hi.is\/davidth\/wp-json\/wp\/v2\/pages\/498\/revisions\/501"}],"wp:attachment":[{"href":"https:\/\/uni.hi.is\/davidth\/wp-json\/wp\/v2\/media?parent=498"}],"curies":[{"name":"wp","href":"https:\/\/api.w.org\/{rel}","templated":true}]}}