{"id":2,"date":"2013-04-09T13:39:16","date_gmt":"2013-04-09T13:39:16","guid":{"rendered":"http:\/\/uni.hi.is\/disah\/?page_id=2"},"modified":"2022-01-13T12:35:09","modified_gmt":"2022-01-13T12:35:09","slug":"disah","status":"publish","type":"page","link":"https:\/\/uni.hi.is\/disah\/","title":{"rendered":"\u00de\u00f3rd\u00eds H\u00f6gnad\u00f3ttir"},"content":{"rendered":"<table class=\" alignleft\" style=\"height: 325px;width: 123.573%;border-collapse: collapse\">\n<tbody>\n<tr>\n<td style=\"width: 36.102%\"><span style=\"font-family: georgia, palatino, serif;font-size: 12pt\"><span style=\"font-family: georgia, palatino, serif;font-size: 12pt\"><span style=\"font-family: georgia, palatino, serif;font-size: 12pt\"> Jar\u00f0fr\u00e6\u00f0ingur (BS)<br \/>\nVerkefnar\u00e1\u00f0inn s\u00e9rfr\u00e6\u00f0ingur<br \/>\ndisah <i>(hj\u00e1)<\/i>\u00a0hi.is<br \/>\n<i><br \/>\nA\u00f0setur:<\/i><br \/>\n<a href=\"http:\/\/www.jardvis.hi.is\/\">Jar\u00f0v\u00edsindastofnun H\u00e1sk\u00f3lans<\/a><br \/>\nN\u00e1tt\u00farufr\u00e6\u00f0ah\u00fas, Askja<br \/>\nherb 331<br \/>\nSturlugata\u00a0 7<br \/>\nIS-101 Reykjav\u00edk<\/span><\/span><\/span><\/p>\n<p><span style=\"font-family: georgia, palatino, serif;font-size: 12pt\"><i><\/i>S\u00edmi:<i><\/i> 525 5862<\/span><\/td>\n<td style=\"width: 37.6562%\"><span style=\"font-family: georgia, palatino, serif;font-size: 12pt\">Geologist (BS)<br \/>\nResearch associate<br \/>\ndisah <i>(at)<\/i>\u00a0hi.is<\/span><br \/>\n<span style=\"font-family: georgia, palatino, serif;font-size: 12pt\"><i><br \/>\nAddress:<br \/>\n<\/i><a href=\"http:\/\/www.earthice.hi.is\/\">Institute of Earth Sciences<\/a><\/span><br \/>\n<span style=\"font-family: georgia, palatino, serif;font-size: 12pt\">Building of Natural Sciences<br \/>\nroom 331<\/span><br \/>\n<span style=\"font-family: georgia, palatino, serif;font-size: 12pt\">Sturlugata\u00a0 7<\/span><br \/>\n<span style=\"font-family: georgia, palatino, serif;font-size: 12pt\">IS-101 Reykjavik<\/span><br \/>\n<span style=\"font-family: georgia, palatino, serif;font-size: 12pt\"><i><br \/>\n<\/i>Tel:\u00a0 +(354) 525 5862<\/span><\/td>\n<td style=\"width: 31.2417%\">\n<p><div id=\"attachment_88\" style=\"width: 246px\" class=\"wp-caption aligncenter\"><a href=\"https:\/\/uni.hi.is\/disah\/files\/2022\/01\/2017-12_DIS_svhv-scaled.jpg\"><img loading=\"lazy\" decoding=\"async\" aria-describedby=\"caption-attachment-88\" class=\"size-medium wp-image-88\" src=\"https:\/\/uni.hi.is\/disah\/files\/2022\/01\/2017-12_DIS_svhv-236x300.jpg\" alt=\"\" width=\"236\" height=\"300\" srcset=\"https:\/\/uni.hi.is\/disah\/files\/2022\/01\/2017-12_DIS_svhv-236x300.jpg 236w, https:\/\/uni.hi.is\/disah\/files\/2022\/01\/2017-12_DIS_svhv-805x1024.jpg 805w, https:\/\/uni.hi.is\/disah\/files\/2022\/01\/2017-12_DIS_svhv-768x977.jpg 768w, https:\/\/uni.hi.is\/disah\/files\/2022\/01\/2017-12_DIS_svhv-1208x1536.jpg 1208w, https:\/\/uni.hi.is\/disah\/files\/2022\/01\/2017-12_DIS_svhv-1611x2048.jpg 1611w, https:\/\/uni.hi.is\/disah\/files\/2022\/01\/2017-12_DIS_svhv-scaled.jpg 2013w\" sizes=\"auto, (max-width: 236px) 100vw, 236px\" \/><\/a><p id=\"caption-attachment-88\" class=\"wp-caption-text\"><span style=\"font-family: georgia, palatino, serif;font-size: 12pt\">\u00a9Kristinn Ingvarsson<\/span><\/p><\/div><\/td>\n<\/tr>\n<\/tbody>\n<\/table>\n<p>&nbsp;<\/p>\n","protected":false},"excerpt":{"rendered":"<p>Jar\u00f0fr\u00e6\u00f0ingur (BS) Verkefnar\u00e1\u00f0inn s\u00e9rfr\u00e6\u00f0ingur disah (hj\u00e1)\u00a0hi.is A\u00f0setur: Jar\u00f0v\u00edsindastofnun H\u00e1sk\u00f3lans N\u00e1tt\u00farufr\u00e6\u00f0ah\u00fas, Askja herb 331 Sturlugata\u00a0 7 IS-101 Reykjav\u00edk S\u00edmi: 525 5862 Geologist (BS) Research associate disah (at)\u00a0hi.is Address: Institute of Earth Sciences Building of Natural Sciences room 331 Sturlugata\u00a0 7 IS-101 Reykjavik Tel:\u00a0 +(354) 525 5862 &nbsp;<\/p>\n","protected":false},"author":1181,"featured_media":0,"parent":0,"menu_order":0,"comment_status":"closed","ping_status":"closed","template":"","meta":{"footnotes":""},"class_list":["post-2","page","type-page","status-publish","hentry"],"_links":{"self":[{"href":"https:\/\/uni.hi.is\/disah\/wp-json\/wp\/v2\/pages\/2","targetHints":{"allow":["GET"]}}],"collection":[{"href":"https:\/\/uni.hi.is\/disah\/wp-json\/wp\/v2\/pages"}],"about":[{"href":"https:\/\/uni.hi.is\/disah\/wp-json\/wp\/v2\/types\/page"}],"author":[{"embeddable":true,"href":"https:\/\/uni.hi.is\/disah\/wp-json\/wp\/v2\/users\/1181"}],"replies":[{"embeddable":true,"href":"https:\/\/uni.hi.is\/disah\/wp-json\/wp\/v2\/comments?post=2"}],"version-history":[{"count":35,"href":"https:\/\/uni.hi.is\/disah\/wp-json\/wp\/v2\/pages\/2\/revisions"}],"predecessor-version":[{"id":116,"href":"https:\/\/uni.hi.is\/disah\/wp-json\/wp\/v2\/pages\/2\/revisions\/116"}],"wp:attachment":[{"href":"https:\/\/uni.hi.is\/disah\/wp-json\/wp\/v2\/media?parent=2"}],"curies":[{"name":"wp","href":"https:\/\/api.w.org\/{rel}","templated":true}]}}