{"id":59,"date":"2022-01-13T11:52:49","date_gmt":"2022-01-13T11:52:49","guid":{"rendered":"https:\/\/uni.hi.is\/disah\/?page_id=59"},"modified":"2022-01-13T12:15:28","modified_gmt":"2022-01-13T12:15:28","slug":"onnur-utgafa-other-publications","status":"publish","type":"page","link":"https:\/\/uni.hi.is\/disah\/onnur-utgafa-other-publications\/","title":{"rendered":"\u00d6nnur \u00fatg\u00e1fa \/ Other publ"},"content":{"rendered":"<p><span style=\"font-family: georgia, palatino, serif;font-size: 12pt\"><strong>Veggspj\u00f6ld \/ Posters<\/strong><\/span><\/p>\n<p><span style=\"font-family: georgia, palatino, serif;font-size: 12pt\">Ma\u00ed 2019<\/span><\/p>\n<p><span style=\"font-family: georgia, palatino, serif;font-size: 12pt\">7. Th\u00f3rd\u00eds H\u00f6gnad\u00f3ttir, Magn\u00fas T. Gudmundsson, Eyj\u00f3lfur Magn\u00fasson, Finnur P\u00e1lsson, Sn\u00e6bj\u00f6rn Gudbj\u00f6rnsson, \u00d6rn\u00f3lfur L\u00e1russon and Hannah I. Reynolds. <strong>2019<\/strong>. Monitoring of geothermal signals through aircraft mapping of glacier surface during unrest in \u00d6r\u00e6faj\u00f6kull, Iceland, in 2017-2018. EGU, Vienna Austurr\u00edki.<\/span><\/p>\n<p><span style=\"font-family: georgia, palatino, serif;font-size: 12pt\">6. \u00de\u00f3rd\u00eds H\u00f6gnad\u00f3ttir, Magn\u00fas T. Gu\u00f0mundsson, Eyj\u00f3lfur Magn\u00fasson, Sn\u00e6bj\u00f6rn Gudbj\u00f6rnsson, \u00d6rn\u00f3lfur L\u00e1russon, Reynir Ragnarsson. <strong>2018<\/strong>. V\u00f6ktun jar\u00f0hitakatla \u00ed M\u00fdrdalsj\u00f6kli 1999-2018. K\u00f6tlur\u00e1\u00f0stefna, V\u00edk \u00ed M\u00fdrdal.<\/span><\/p>\n<p><span style=\"font-family: georgia, palatino, serif;font-size: 12pt\">5. \u00de\u00f3rd\u00eds H\u00f6gnad\u00f3ttir og Gu\u00f0r\u00fan Larsen. <strong>2018<\/strong>. Lj\u00f3smyndir \u00deorl\u00e1ks Sverrissonar af K\u00f6tluhlaupi og gosmekki 1918. K\u00f6tlur\u00e1\u00f0stefna, V\u00edk \u00ed M\u00fdrdal.<\/span><\/p>\n<p><span style=\"font-family: georgia, palatino, serif;font-size: 12pt\">4. Th\u00f3rd\u00eds H\u00f6gnad\u00f3ttir, Magn\u00fas T. Gudmundsson, Hannah I. Reynolds, Snaebj\u00f6rn Gudbj\u00f6rnsson, \u00d6rn\u00f3lfur L\u00e1russon. <strong>2018<\/strong>. Monitoring thermal anomalies in ice covered volcanoes using C-band aircraft ground clearance radar. Cities on Volcanoes 10. Napoli \u00cdtal\u00eda.<\/span><\/p>\n<p><span style=\"font-family: georgia, palatino, serif;font-size: 12pt\">3. Th\u00f3rd\u00eds H\u00f6gnad\u00f3ttir, Magn\u00fas T. Gudmundsson, Sn\u00e6bj\u00f6rn Gudbj\u00f6rnsson, \u00d6rn\u00f3lfur L\u00e1russon, Eyj\u00f3lfur Magn\u00fasson, Finnur P\u00e1lsson, Hannah I. Reynolds, Bj\u00f6rn Oddsson, Tobias D\u00fcrig and Morten Riishus. <strong>2015<\/strong>. Monitoring of topographic changes in glacier ice and lava during the 2014-2015 B\u00e1r\u00f0arbunga unrest with airborne radar profiling. EG4.2, Vienna Austurr\u00edki.<\/span><\/p>\n<p><span style=\"font-family: georgia, palatino, serif;font-size: 12pt\">2. Th\u00f3rd\u00eds H\u00f6gnad\u00f3ttir, Magn\u00fas T. Gudmundsson, Eyj\u00f3lfur Magn\u00fasson, Arn\u00f3r B. Kristinsson, Sn\u00e6bj\u00f6rn Gudbj\u00f6rnsson. <strong>2013<\/strong>. Monitoring of geothermal activity in the ice-covered Katla caldera, Iceland, 1999-2012. IACVEI, Kagoshima Japan<\/span><\/p>\n<p><span style=\"font-family: georgia, palatino, serif;font-size: 12pt\">1. Th\u00f3rd\u00eds H\u00f6gnad\u00f3ttir and Magn\u00fas T. Gudmundsson. <strong>2007<\/strong>. The Correlation Between Geothermal and Volcanic Activity at Gr\u00edmsv\u00f6tn, Iceland. Ice-Volcano Interaction, Vancouver Kanada.<\/span><\/p>\n<p>&nbsp;<\/p>\n<p><span style=\"font-family: georgia, palatino, serif;font-size: 12pt\"><strong>A\u00f0rar greinar<\/strong><\/span><\/p>\n<p><span style=\"font-family: georgia, palatino, serif;font-size: 12pt\">Ma\u00ed 2021<\/span><\/p>\n<p><span style=\"font-family: georgia, palatino, serif;font-size: 12pt\">5. Hrafnhildur Hannesd\u00f3ttir og \u00de\u00f3rd\u00eds H\u00f6gnad\u00f3ttir. <strong>2020<\/strong>. Vorfer\u00f0 J\u00f6klaranns\u00f3knaf\u00e9lags \u00cdslands (The spring expedition) 2020. J\u00f6kull, 70, bls 158-159.<\/span><\/p>\n<p><span style=\"font-family: georgia, palatino, serif;font-size: 12pt\">4. Magn\u00fas Tumi Gu\u00f0mundsson, Gu\u00f0r\u00fan Larsen, \u00de\u00f3rd\u00eds H\u00f6gnad\u00f3ttir, Maria H. Janebo. <strong>2018<\/strong>. \u00dear brunu\u00f0u fram heilar hei\u00f0ar sn\u00e6vi \u00feaktar: \u00cdsbr\u00e1\u00f0nun \u00ed gosinu 1918, tengsl hlaups og goss og e\u00f0liseiginleikar st\u00f3rra K\u00f6tluhlaupa. \u00cd: \u00deorsteinn S\u00e6mundsson (ritstj.): K\u00f6tlur\u00e1\u00f0stefna, V\u00edk \u00ed M\u00fdrdal 12. okt\u00f3ber 2018, 57-59.<\/span><\/p>\n<p><span style=\"font-family: georgia, palatino, serif;font-size: 12pt\">3. Magn\u00fas Tumi Gu\u00f0mundsson, \u00de\u00f3rd\u00eds H\u00f6gnad\u00f3ttir, Gu\u00f0r\u00fan Larsen, Helgi G. Gunnarsson, Sveinn \u00d3li P\u00e1lmarsson. <strong>2018<\/strong>. Breytingar \u00e1 M\u00fdrdalssandi samfara K\u00f6tluhlaupum - hva\u00f0 gerist \u00ed n\u00e6sta st\u00f3rhlaupi? \u00cd: \u00deorsteinn S\u00e6mundsson (ritstj.): K\u00f6tlur\u00e1\u00f0stefna, V\u00edk \u00ed M\u00fdrdal 12. okt\u00f3ber 2018, 60-62.<\/span><\/p>\n<p><span style=\"font-family: georgia, palatino, serif;font-size: 12pt\">2. Eyj\u00f3lfur Magn\u00fassson, Finnur P\u00e1lsson, Tay van Boeckel, Joaquin M.C. Belart, Magn\u00fas T. Gu\u00f0mundsson, \u00de\u00f3rd\u00eds H\u00f6gnad\u00f3ttir og Helgi Bj\u00f6rnsson. <strong>2018<\/strong>. Skyggnst \u00ed undirheima M\u00fdrdalsj\u00f6kuls me\u00f0 \u00edssj\u00e1. \u00cd: \u00deorsteinn S\u00e6mundsson (ritstj.): K\u00f6tlur\u00e1\u00f0stefna, V\u00edk \u00ed M\u00fdrdal 12. okt\u00f3ber 2018, 17-21.<\/span><\/p>\n<p><span style=\"font-family: georgia, palatino, serif;font-size: 12pt\">1. Helgi G. Gunnarsson, Sveinn \u00d3li P\u00e1lmarsson, Magn\u00fas Tumi Gu\u00f0mundsson, \u00de\u00f3rd\u00eds H\u00f6gnad\u00f3ttir og Gu\u00f0r\u00fan Larsen. <strong>2018<\/strong>. Hermun K\u00f6tluhlaups \u00ed M\u00falakv\u00edsl og mat \u00e1 rennsli til V\u00edkur. \u00cd: \u00deorsteinn S\u00e6mundsson (ritstj.): K\u00f6tlur\u00e1\u00f0stefna, V\u00edk \u00ed M\u00fdrdal 12. okt\u00f3ber 2018, 46-50.<\/span><\/p>\n","protected":false},"excerpt":{"rendered":"<p>Veggspj\u00f6ld \/ Posters Ma\u00ed 2019 7. Th\u00f3rd\u00eds H\u00f6gnad\u00f3ttir, Magn\u00fas T. Gudmundsson, Eyj\u00f3lfur Magn\u00fasson, Finnur P\u00e1lsson, Sn\u00e6bj\u00f6rn Gudbj\u00f6rnsson, \u00d6rn\u00f3lfur L\u00e1russon and Hannah I. Reynolds. 2019. Monitoring of geothermal signals through aircraft mapping of glacier surface during unrest in \u00d6r\u00e6faj\u00f6kull, Iceland, in 2017-2018. EGU, Vienna Austurr\u00edki. 6. \u00de\u00f3rd\u00eds H\u00f6gnad\u00f3ttir, Magn\u00fas T. Gu\u00f0mundsson, Eyj\u00f3lfur Magn\u00fasson, Sn\u00e6bj\u00f6rn Gudbj\u00f6rnsson, \u00d6rn\u00f3lfur [&hellip;]<\/p>\n","protected":false},"author":1181,"featured_media":0,"parent":0,"menu_order":0,"comment_status":"closed","ping_status":"closed","template":"","meta":{"footnotes":""},"class_list":["post-59","page","type-page","status-publish","hentry"],"_links":{"self":[{"href":"https:\/\/uni.hi.is\/disah\/wp-json\/wp\/v2\/pages\/59","targetHints":{"allow":["GET"]}}],"collection":[{"href":"https:\/\/uni.hi.is\/disah\/wp-json\/wp\/v2\/pages"}],"about":[{"href":"https:\/\/uni.hi.is\/disah\/wp-json\/wp\/v2\/types\/page"}],"author":[{"embeddable":true,"href":"https:\/\/uni.hi.is\/disah\/wp-json\/wp\/v2\/users\/1181"}],"replies":[{"embeddable":true,"href":"https:\/\/uni.hi.is\/disah\/wp-json\/wp\/v2\/comments?post=59"}],"version-history":[{"count":5,"href":"https:\/\/uni.hi.is\/disah\/wp-json\/wp\/v2\/pages\/59\/revisions"}],"predecessor-version":[{"id":96,"href":"https:\/\/uni.hi.is\/disah\/wp-json\/wp\/v2\/pages\/59\/revisions\/96"}],"wp:attachment":[{"href":"https:\/\/uni.hi.is\/disah\/wp-json\/wp\/v2\/media?parent=59"}],"curies":[{"name":"wp","href":"https:\/\/api.w.org\/{rel}","templated":true}]}}