{"id":62,"date":"2022-01-13T11:41:34","date_gmt":"2022-01-13T11:41:34","guid":{"rendered":"https:\/\/uni.hi.is\/disah\/?page_id=62"},"modified":"2022-01-13T12:15:41","modified_gmt":"2022-01-13T12:15:41","slug":"skyrslur-reports","status":"publish","type":"page","link":"https:\/\/uni.hi.is\/disah\/skyrslur-reports\/","title":{"rendered":"Sk\u00fdrslur \/ Reports"},"content":{"rendered":"<p><span style=\"font-size: 12pt;font-family: georgia, palatino, serif\">Jan\u00faar 2020<\/span><\/p>\n<p><span style=\"font-size: 12pt;font-family: georgia, palatino, serif\">26. Magn\u00fas Tumi Gu\u00f0mundsson, \u00de\u00f3rd\u00eds H\u00f6gnad\u00f3ttir, Gu\u00f0r\u00fan Larsen, R\u00edkey J\u00fal\u00edusd\u00f3ttir, Stef\u00e1n \u00c1rmann \u00de\u00f3r\u00f0arson og Esther Hl\u00ed\u00f0ar Jensen. <strong>2019<\/strong>. Breytingar \u00e1 farvegum Leir\u00e1r \u00e1 M\u00fdrdalssandi, setflutningar og m\u00f6gulegar orsakir. Jar\u00f0v\u00edsindastofnun H\u00e1sk\u00f3lans, H\u00e1sk\u00f3la \u00cdslands, RH-09-2019. 23 bls. (<a href=\"http:\/\/www.hi.is\/%7Emtg\/pdf\/RH-2009-09_Leira_FINAL.pdf\">PDF<\/a>\u00a04.2 Mb)<\/span><\/p>\n<p><span style=\"font-size: 12pt;font-family: georgia, palatino, serif\">25. Magn\u00fas Tumi Gu\u00f0mundsson, Eyj\u00f3lfur Magn\u00fasson, \u00de\u00f3rd\u00eds H\u00f6gnad\u00f3ttir, Finnur P\u00e1lsson, Cristian Rossi. <strong>2018<\/strong>. H\u00e6ttumat vegna j\u00f6kulhlaupa \u00ed Skaft\u00e1. Skaft\u00e1rkatlar - saga og \u00fer\u00f3un 1938-2018. Raunv\u00edsindastofnun H\u00e1sk\u00f3lans RH-2018-16 og Ve\u00f0urstofa \u00cdslands V\u00cd 2018-017. 63 bls. (<a href=\"http:\/\/www.hi.is\/%7Emtg\/pdf\/RH-2018-16_Skaftarkatlar-hmat.pdf\">pdf<\/a>\u00a06 MB)<\/span><\/p>\n<p><span style=\"font-size: 12pt;font-family: georgia, palatino, serif\">24. Magn\u00fas Tumi Gu\u00f0mundsson, \u00de\u00f3rd\u00eds H\u00f6gnad\u00f3ttir og Gu\u00f0r\u00fan Larsen. <strong>2018<\/strong>. Minnisbla\u00f0 um landh\u00e6\u00f0arbreytingar \u00e1 M\u00fdrdalssandi samfara K\u00f6tluhlaupum. Vi\u00f0auki vi\u00f0 sk\u00fdrslu Verkfr\u00e6\u00f0istofunnar Vatnaskila. \u00cd: Verkfr\u00e6\u00f0istofan Vatnaskil. M\u00falakv\u00edsl. Hermun j\u00f6kulhlaups til V\u00edkur. Sk\u00fdrsla nr. 18-06. Unni\u00f0 fyrir L\u00f6greglustj\u00f3rann \u00e1 Su\u00f0urlandi. 6 bls. (<a href=\"http:\/\/www.hi.is\/%7Emtg\/pdf\/2018_Minnisblad_JH_breytingar_Myrdalssandur_Vatnaskil_skyrsla.pdf\">PDF<\/a>\u00a00.5 MB)<\/span><\/p>\n<p><span style=\"font-size: 12pt;font-family: georgia, palatino, serif\">23. Eyj\u00f3lfur Magn\u00fasson, Finnur P\u00e1lsson, Magn\u00fas T. Gu\u00f0mundsson, \u00de\u00f3rd\u00eds H\u00f6gnad\u00f3ttir og Cristian Rossi. <strong>2016<\/strong>. J\u00f6kulhlaup \u00ed Sve\u00f0ju \u00ed j\u00fal\u00ed 2011. \u00cdssj\u00e1rm\u00e6lingar vi\u00f0 Hamarsketil vorin 2013, 2014 og 2015 og yfirbor\u00f0sh\u00e6\u00f0arbreytingar \u00ed katlinum og n\u00e1grenni hans 1998-2015. Jar\u00f0v\u00edsindastofnun H\u00e1sk\u00f3lans, RH-02-2016. 34 bls. (<a href=\"http:\/\/www.hi.is\/%7Emtg\/pdf\/RH-2016-02%20Hamarsketill_EM_etal.pdf\">PDF<\/a>\u00a07.0 Mb)<\/span><\/p>\n<p><span style=\"font-size: 12pt;font-family: georgia, palatino, serif\">22. Magn\u00fas T. Gudmundsson, Th\u00f3rd\u00eds H\u00f6gnad\u00f3ttir, Cristian Rossi. <strong>2016<\/strong>. Ice evolution Time series of elevation changes during caldera collapse and geothermal activity in Iceland. <a href=\"http:\/\/futurevolc.hi.is\/\">Futurevolc<\/a>, D5.7. 33 pp. (<a href=\"http:\/\/www.hi.is\/%7Emtg\/pdf\/FV_D5_7_MTGetal.pdf\">PDF<\/a>\u00a010.7 Mb)<\/span><\/p>\n<p><span style=\"font-size: 12pt;font-family: georgia, palatino, serif\">21. Magn\u00fas T. Gudmundsson,Th\u00f3rd\u00eds H\u00f6gnad\u00f3ttir, Tobias D\u00fcrig, \u00c1rmann H\u00f6skuldsson, Halld\u00f3r Bj\u00f6rnsson, Bj\u00f6rn Oddsson, Thorbj\u00f6rg \u00c1g\u00fastsd\u00f3ttir. <strong>2015<\/strong>. Field laboratory, aircraft observations and radars. <a href=\"http:\/\/futurevolc.hi.is\/\">Futurevolc<\/a>, D7.2. 45 pp. (<a href=\"http:\/\/www.hi.is\/%7Emtg\/pdf\/FV_D7_2_MTGetal.pdf\">PDF<\/a>-file 3.9 Mb)<\/span><\/p>\n<p><span style=\"font-size: 12pt;font-family: georgia, palatino, serif\">20. Magn\u00fas Tumi Gu\u00f0mundssson, \u00de\u00f3rd\u00eds H\u00f6gnad\u00f3ttir, Bj\u00f6rn Oddsson. <strong>2015<\/strong>. S\u00f3lheimaj\u00f6kull: H\u00e6ttumat vegna l\u00edtilla og me\u00f0alst\u00f3rra j\u00f6kulhlaupa. Jar\u00f0v\u00edsindastofnun H\u00e1sk\u00f3lans. RH-02-2015. 14 pp. (<a href=\"http:\/\/www.hi.is\/%7Emtg\/pdf\/RH-2015-02_Solheimaj%C3%B6kull_h%C3%A6ttumat.pdf\">PDF<\/a>-file 7.0 Mb)<\/span><\/p>\n<p><span style=\"font-size: 12pt;font-family: georgia, palatino, serif\">19. Aoife Braiden, \u00de\u00f3rd\u00eds H\u00f6gnad\u00f3ttir, Freysteinn Sigmundsson, Hei\u00f0veig Mar\u00eda Einarsd\u00f3ttir.<strong> 2014<\/strong>. Peer review articles and conference presentations. <a href=\"http:\/\/futurevolc.hi.is\/\">Futurevolc<\/a>, D10.2 8 pp.\u00a0<\/span><\/p>\n<p><span style=\"font-size: 12pt;font-family: georgia, palatino, serif\">18. \u00de\u00f3rd\u00eds H\u00f6gnad\u00f3ttir and Magn\u00fas Tumi Gu\u00f0mundsson. <strong>2006<\/strong>. Ice Cauldrons In The Katla Caldera: Data On Temporal Variations From Airborne Ground Clearance Radar. VOLUME report. Institute of Earth Sciences, University of Iceland, RH-17-2006. 19 pp. (<a href=\"http:\/\/www.hi.is\/%7Emtg\/pdf\/RH-2006-17_Katla-cauldrons.pdf\">PDF<\/a> 2.2 Mb).<\/span><\/p>\n<p><span style=\"font-size: 12pt;font-family: georgia, palatino, serif\">17. Magn\u00fas Tumi Gu\u00f0mundsson og \u00de\u00f3rd\u00eds H\u00f6gnad\u00f3ttir. <strong>2006<\/strong>. M\u00fdrdalsj\u00f6kull and Eyjafjallaj\u00f6kull Bouguer gravity data. VOLUME, Sixth Framework Programme: Global Change and Ecosystems. Institute of Earth Sciences, University of Iceland, RH-16-2006. 10 pp. (<a href=\"http:\/\/www.hi.is\/%7Emtg\/pdf\/RH-2006-16_Katla_gravity.pdf\">PDF<\/a> 0.1 Mb).<\/span><\/p>\n<p><span style=\"font-size: 12pt;font-family: georgia, palatino, serif\">16. Magn\u00fas Tumi Gu\u00f0mundsson og \u00de\u00f3rd\u00eds H\u00f6gnad\u00f3ttir. <strong>2006<\/strong>. \u00cdsbr\u00e1\u00f0nun og upptakarennsli j\u00f6kulhlaupa vegna eldgosa \u00ed K\u00f6tlu\u00f6skju og austanver\u00f0um M\u00fdrdalsj\u00f6kli. Sk\u00fdrsla unnin fyrir Almannavarnadeild R\u00edkisl\u00f6greglustj\u00f3ra. Jar\u00f0v\u00edsindastofnun H\u00e1sk\u00f3lans. RH-02-2006. 33 pp. (<a href=\"http:\/\/www.hi.is\/%7Emtg\/pdf\/RH-2006-02_Katla_gos_bradnun.pdf\">PDF<\/a>\u00a07.8 Mb).<\/span><\/p>\n<p><span style=\"font-size: 12pt;font-family: georgia, palatino, serif\">15. Alexander H. Jarosch, Magn\u00fas Tumi Gu\u00f0mundsson and \u00de\u00f3rd\u00eds H\u00f6gnad\u00f3ttir. <strong>2005<\/strong>. Gj\u00e1lp 2003-2005: Depression development, ice flux and heat output. Jar\u00f0v\u00edsindastofnun H\u00e1sk\u00f3lans, RH-20-2005. 19 pp. (<a href=\"http:\/\/www.hi.is\/%7Emtg\/pdf\/RH-2005-20_Gjalp_2003-2005.pdf\">PDF<\/a> 1.1 Mb).<\/span><\/p>\n<p><span style=\"font-size: 12pt;font-family: georgia, palatino, serif\">14. Magn\u00fas T. Gu\u00f0mundsson og \u00de\u00f3rd\u00eds H\u00f6gnad\u00f3ttir. <strong>2005<\/strong>. Jar\u00f0hiti \u00ed Gr\u00edmsv\u00f6tnum \u00e1ri\u00f0 2004, tengsl eldgoss og jar\u00f0hita. Jar\u00f0v\u00edsindastofnun H\u00e1sk\u00f3lans, RH-02-2005. 14 bls. (<a href=\"http:\/\/www.hi.is\/%7Emtg\/pdf\/RH-2005-02_Grimsvotn_2004.pdf\">PDF<\/a> 2.5 Mb)<\/span><\/p>\n<p><span style=\"font-size: 12pt;font-family: georgia, palatino, serif\">13. Magn\u00fas T. Gu\u00f0mundsson og \u00de\u00f3rd\u00eds H\u00f6gnad\u00f3ttir. <strong>2004<\/strong>. Hraun og m\u00f3bergsmyndanir \u00e1 sv\u00e6\u00f0inu fr\u00e1 Brennisteinsfj\u00f6llum a\u00f0 Hengli. Ni\u00f0urst\u00f6\u00f0ur \u00feyngdarm\u00e6linga. Jar\u00f0v\u00edsindastofnun H\u00e1sk\u00f3lans, RH-12-2004. 66 bls. (<a href=\"http:\/\/www.hi.is\/%7Emtg\/pdf\/RH-2004-12_Blafjoll.pdf\">PDF<\/a> 5.6 Mb)<\/span><\/p>\n<p><span style=\"font-size: 12pt;font-family: georgia, palatino, serif\">12. Magn\u00fas T. Gu\u00f0mundsson og \u00de\u00f3rd\u00eds H\u00f6gnad\u00f3ttir. <strong>2004<\/strong>. Ranns\u00f3knir \u00e1 jar\u00f0hita \u00ed Gr\u00edmsv\u00f6tnum \u00e1ri\u00f0 2003. Raunv\u00edsindastofnun H\u00e1sk\u00f3lans, RH-02-2004. 14 bls. (<a href=\"http:\/\/www.hi.is\/%7Emtg\/pdf\/RH-2004-02_Grimsvotn_2003.pdf\">PDF<\/a>-file 1.5 Mb)<\/span><\/p>\n<p><span style=\"font-size: 12pt;font-family: georgia, palatino, serif\">11. Magn\u00fas T. Gu\u00f0mundsson og \u00de\u00f3rd\u00eds H\u00f6gnad\u00f3ttir. <strong>2003<\/strong>. Gj\u00e1lp 1997-2002: M\u00e6lingar \u00e1 \u00edsskri\u00f0i og varmaafli. Raunv\u00edsindastofnun H\u00e1sk\u00f3lans, RH-02-2003. 38 bls. (<a href=\"http:\/\/www.hi.is\/%7Emtg\/pdf\/RH-2003-02_Gjalp_1997-2002.pdf\">PDF<\/a> 3.6 Mb)<\/span><\/p>\n<p><span style=\"font-size: 12pt;font-family: georgia, palatino, serif\">10. Magn\u00fas T. Gu\u00f0mundsson, \u00de\u00f3rd\u00eds H\u00f6gnad\u00f3ttir og Kirsty Langley. <strong>2003<\/strong>. Jar\u00f0hiti, gosst\u00f6\u00f0var og skilyr\u00f0i til vatnss\u00f6fnunar \u00ed Gr\u00edmsv\u00f6tnum 2001-2002. Raunv\u00edsindastofnun H\u00e1sk\u00f3lans, RH-01-2003. 30 bls (<a href=\"http:\/\/www.hi.is\/%7Emtg\/pdf\/RH-2003-01_Grimsvotn_2001-2.pdf\">PDF<\/a> 7.9 Mb)<\/span><\/p>\n<p><span style=\"font-size: 12pt;font-family: georgia, palatino, serif\">9. Magn\u00fas T. Gu\u00f0mundsson og \u00de\u00f3rd\u00eds H\u00f6gnad\u00f3ttir. <strong>2002<\/strong>. \u00deykktir hrauna nor\u00f0an og austan \u00de\u00f3risvatns. Ni\u00f0urst\u00f6\u00f0ur \u00feyngdarm\u00e6linga. Raunv\u00edsindastofnun H\u00e1sk\u00f3lans, RH-29-2002. 31 bls. (<a href=\"http:\/\/www.hi.is\/%7Emtg\/pdf\/RH-2002-29_NV_vid_Thorisvatn.pdf\">PDF<\/a> 2.1 Mb)<\/span><\/p>\n<p><span style=\"font-size: 12pt;font-family: georgia, palatino, serif\">8. Magn\u00fas T. Gu\u00f0mundsson, Finnur P\u00e1lsson, \u00de\u00f3rd\u00eds H\u00f6gnad\u00f3ttir, Kirsty Langley og Helgi Bj\u00f6rnsson. <strong>2001<\/strong>. Ranns\u00f3knir \u00ed Gr\u00edmsv\u00f6tnum \u00e1ri\u00f0 2000. Raunv\u00edsindastofnun H\u00e1sk\u00f3lans, RH-30-2001. 25 bls. (<a href=\"http:\/\/www.hi.is\/%7Emtg\/pdf\/RH-2001-30_Grimsvotn_2000.pdf\">PDF<\/a> 3.9 Mb)<\/span><\/p>\n<p><span style=\"font-size: 12pt;font-family: georgia, palatino, serif\">7. Magn\u00fas T. Gu\u00f0mundsson and \u00de\u00f3rd\u00eds H\u00f6gnad\u00f3ttir. <strong>2001<\/strong>. Gravity surveying 1988-2001: Central volcanoes in the Eastern Volcanic Zone and hyaloclastite mountains in the Western Volcanic Zone. Raunv\u00edsindastofnun H\u00e1sk\u00f3lans, RH-22-2001. 57 bls. (<a href=\"http:\/\/www.hi.is\/%7Emtg\/pdf\/RH-2001-22_Gravity_surveying_1988-2001.pdf\">PDF<\/a> 4.4 Mb)<\/span><\/p>\n<p><span style=\"font-size: 12pt;font-family: georgia, palatino, serif\">6. Magn\u00fas T. Gu\u00f0mundsson og \u00de\u00f3rd\u00eds H\u00f6gnad\u00f3ttir. <strong>2001<\/strong>. G\u00f6gn um K\u00f6tlugosi\u00f0 1918: Lj\u00f3smyndir \u00far Kjartans Gu\u00f0mundssonar \u00far fer\u00f0um \u00e1 M\u00fdrdalsj\u00f6kul \u00ed j\u00fan\u00ed og september 1919. Raunv\u00edsindastofnun H\u00e1sk\u00f3lans, RH-08-2001. 19 bls. (<a href=\"http:\/\/www.hi.is\/%7Emtg\/pdf\/RH-2001-08_Kotlugosid_1918_myndir_Kjartans.pdf\">PDF<\/a> 5.6 Mb)<\/span><\/p>\n<p><span style=\"font-size: 12pt;font-family: georgia, palatino, serif\">5. Magn\u00fas T. Gu\u00f0mundsson, \u00de\u00f3rd\u00eds H\u00f6gnad\u00f3ttir og Sveinn Jakobsson. <strong>2000<\/strong>. Hraun og m\u00f3bergsmyndanir sunnan Langj\u00f6kuls. Ni\u00f0urst\u00f6\u00f0ur \u00feyngdarm\u00e6linga. Raunv\u00edsindastofnun H\u00e1sk\u00f3lans RH-28-2000. 37 bls. (<a href=\"http:\/\/www.hi.is\/%7Emtg\/pdf\/RH-2000-28_S_vid_Langjokul.pdf\">PDF<\/a> 1.5 Mb)<\/span><\/p>\n<p><span style=\"font-size: 12pt;font-family: georgia, palatino, serif\">4. Magn\u00fas T. Gu\u00f0mundsson, \u00de\u00f3rd\u00eds H\u00f6gnad\u00f3ttir, Finnur P\u00e1lsson og Helgi Bj\u00f6rnsson. <strong>2000<\/strong>. Gr\u00edmsv\u00f6tn: Eldgosi\u00f0 1998 og breytingar \u00e1 botni, r\u00famm\u00e1li og jar\u00f0hita 1996-1999. Raunv\u00edsindastofnun H\u00e1sk\u00f3lans RH-03-2000. 32 bls. (<a href=\"http:\/\/www.hi.is\/%7Emtg\/pdf\/RH-2000-03_Grimsvotn-eldgosid_1998_og_breytingar_1996-1999.pdf\">PDF<\/a> 2.3 Mb)<\/span><\/p>\n<p><span style=\"font-size: 12pt;font-family: georgia, palatino, serif\">3. Magn\u00fas T. Gu\u00f0mundsson, \u00de\u00f3rd\u00eds H\u00f6gnad\u00f3ttir og Helgi Bj\u00f6rnsson. <strong>1996<\/strong>. Br\u00faarj\u00f6kull. Framhlaupi\u00f0 1963-1964 og \u00e1hrif \u00feess \u00e1 afrennsli J\u00f6kuls\u00e1r \u00e1 Br\u00fa. Raunv\u00edsindastofnun H\u00e1sk\u00f3lans RH-11-96. 34 bls. (<a href=\"http:\/\/www.hi.is\/%7Emtg\/pdf\/RH-1996-11_Bruarjokull_framhl_1963-1964.pdf\">PDF<\/a> 0.5 Mb)<\/span><\/p>\n<p><span style=\"font-size: 12pt;font-family: georgia, palatino, serif\">2. \u00de\u00f3rd\u00eds H\u00f6gnad\u00f3ttir og J\u00f3n Eir\u00edksson. <strong>1993<\/strong>. Breytingar \u00e1 strandl\u00ednu vi\u00f0 Kjalarnes 1945-1993 \u00fat fr\u00e1 athugunum \u00e1 loftmyndum. Sk\u00fdrsla til N\u00fdsk\u00f6punarsjo\u00f0s n\u00e1msmanna. Raunv\u00edsindastofnun H\u00e1sk\u00f3lans. 3 bls. Ath. korti\u00f0 er t\u00fdnt.<\/span><\/p>\n<p><span style=\"font-size: 12pt;font-family: georgia, palatino, serif\">1. \u00de\u00f3rd\u00eds H\u00f6gnad\u00f3ttir og J\u00f3n Eir\u00edksson. <strong>1993<\/strong>. \u00cdslenskar j\u00f6kulur\u00f0ir. Samsetning. Sk\u00fdrsla til N\u00fdsk\u00f6punarsjo\u00f0s n\u00e1msmanna. Raunv\u00edsindastofnun H\u00e1sk\u00f3lans. 6 bls.<\/span><\/p>\n<p>&nbsp;<\/p>\n","protected":false},"excerpt":{"rendered":"<p>Jan\u00faar 2020 26. Magn\u00fas Tumi Gu\u00f0mundsson, \u00de\u00f3rd\u00eds H\u00f6gnad\u00f3ttir, Gu\u00f0r\u00fan Larsen, R\u00edkey J\u00fal\u00edusd\u00f3ttir, Stef\u00e1n \u00c1rmann \u00de\u00f3r\u00f0arson og Esther Hl\u00ed\u00f0ar Jensen. 2019. Breytingar \u00e1 farvegum Leir\u00e1r \u00e1 M\u00fdrdalssandi, setflutningar og m\u00f6gulegar orsakir. Jar\u00f0v\u00edsindastofnun H\u00e1sk\u00f3lans, H\u00e1sk\u00f3la \u00cdslands, RH-09-2019. 23 bls. (PDF\u00a04.2 Mb) 25. Magn\u00fas Tumi Gu\u00f0mundsson, Eyj\u00f3lfur Magn\u00fasson, \u00de\u00f3rd\u00eds H\u00f6gnad\u00f3ttir, Finnur P\u00e1lsson, Cristian Rossi. 2018. H\u00e6ttumat vegna j\u00f6kulhlaupa [&hellip;]<\/p>\n","protected":false},"author":1181,"featured_media":0,"parent":0,"menu_order":0,"comment_status":"closed","ping_status":"closed","template":"","meta":{"footnotes":""},"class_list":["post-62","page","type-page","status-publish","hentry"],"_links":{"self":[{"href":"https:\/\/uni.hi.is\/disah\/wp-json\/wp\/v2\/pages\/62","targetHints":{"allow":["GET"]}}],"collection":[{"href":"https:\/\/uni.hi.is\/disah\/wp-json\/wp\/v2\/pages"}],"about":[{"href":"https:\/\/uni.hi.is\/disah\/wp-json\/wp\/v2\/types\/page"}],"author":[{"embeddable":true,"href":"https:\/\/uni.hi.is\/disah\/wp-json\/wp\/v2\/users\/1181"}],"replies":[{"embeddable":true,"href":"https:\/\/uni.hi.is\/disah\/wp-json\/wp\/v2\/comments?post=62"}],"version-history":[{"count":7,"href":"https:\/\/uni.hi.is\/disah\/wp-json\/wp\/v2\/pages\/62\/revisions"}],"predecessor-version":[{"id":94,"href":"https:\/\/uni.hi.is\/disah\/wp-json\/wp\/v2\/pages\/62\/revisions\/94"}],"wp:attachment":[{"href":"https:\/\/uni.hi.is\/disah\/wp-json\/wp\/v2\/media?parent=62"}],"curies":[{"name":"wp","href":"https:\/\/api.w.org\/{rel}","templated":true}]}}