{"id":9,"date":"2022-01-13T10:03:43","date_gmt":"2022-01-13T10:03:43","guid":{"rendered":"https:\/\/uni.hi.is\/disah\/?page_id=9"},"modified":"2022-01-13T12:24:40","modified_gmt":"2022-01-13T12:24:40","slug":"ritlisti","status":"publish","type":"page","link":"https:\/\/uni.hi.is\/disah\/ritlisti\/","title":{"rendered":"Ritr\u00fdndar greinar \/ Reviewed publ"},"content":{"rendered":"<p><span style=\"font-family: georgia, palatino, serif;font-size: 12pt\">Jan\u00faar 2021<\/span><\/p>\n<p><span style=\"font-family: georgia, palatino, serif;font-size: 12pt\">29. Gu\u00f0r\u00fan Larsen og \u00de\u00f3rd\u00eds H\u00f6gnad\u00f3ttir.<strong> 2021<\/strong>. Lj\u00f3smyndir \u00deorl\u00e1ks Sverrissonar \u00ed V\u00edk: K\u00f6tlugosi\u00f0 1918 \u00ed n\u00fdju lj\u00f3si (The Katla 1918 photographs, reinterpreted based on new data). J\u00f6kull 71, 95-114. (<a href=\"https:\/\/notendur.hi.is\/disah\/2021_Jokull_Larsen_myndir%DES.pdf\" target=\"_blank\" rel=\"noopener\">pdf<\/a> 7 MB)<\/span><\/p>\n<p><span style=\"font-family: georgia, palatino, serif;font-size: 12pt\">28. Gudmundsson, M.T., Janebo, M.H., Larsen, G., H\u00f6gnad\u00f3ttir, Th., Thordarson, Th., Gudnason, J., J\u00f3nsd\u00f3ttir, T. <strong>2021<\/strong>. The explosive basaltic eruption in 1918, south Iceland II: Isopach map, ice cap deposition of tephra and layer volume. J\u00f6kull, 71, 21-38. (<a href=\"http:\/\/www.hi.is\/%7Emtg\/pdf\/2021_Jokull71_MTGetal_Katla1918_II.pdf\" target=\"_blank\" rel=\"noopener\">pdf<\/a> 7 MB)<\/span><\/p>\n<p><span style=\"font-family: georgia, palatino, serif;font-size: 12pt\">27. Eyj\u00f3lfur Magn\u00fasson, Finnur P\u00e1lsson, Magn\u00fas T. Gudmundsson, Th\u00f3rd\u00eds H\u00f6gnad\u00f3ttir, Cristian Rossi, Thorsteinn Thorsteinsson, Benedikt G. \u00d3feigsson, Erik Sturkell, and T\u00f3mas J\u00f3hannesson. <strong>2021<\/strong>. <a href=\"https:\/\/doi.org\/10.5194\/tc-15-3731-2021\">Development of a subglacial lake monitored with radio-echo sounding: case study from the eastern Skaft\u00e1 cauldron in the Vatnaj\u00f6kull ice cap, Iceland<\/a>. The Cryosphere, 15, 3731-3749.<\/span><\/p>\n<p><span style=\"font-family: georgia, palatino, serif;font-size: 12pt\">26. Hannah I. Reynolds, Magn\u00fas T. Gudmundsson, Th\u00f3rd\u00eds H\u00f6gnad\u00f3ttir and Gudni Axelsson. <strong>2019<\/strong>. <a href=\"https:\/\/doi.org\/10.1029\/2018JB017290\">Changes in Geothermal Activity at B\u00e1rdarbunga, Iceland, Following the 2014-2015 Caldera Collapse, Investigated Using Geothermal System Modeling<\/a>. JGR Solid Earth, Vol 124, Issue 8 Pages 8187-8204. https:\/\/doi.org\/10.1029\/2018JB017290<\/span><\/p>\n<p><span style=\"font-family: georgia, palatino, serif;font-size: 12pt\">25. Marie D. Jackson, Magn\u00fas T. Gudmundsson, Tobias B. Weisenberger, J. Michael Rhodes, Andri Stef\u00e1nsson, Barbara I. Kleine, Peter C. Lippert, Joshua M. Marquardt, Hannah I. Reynolds, Jochem K\u00fcck, Vigg\u00f3 T. Marteinsson, Pauline Vannier, Wolfgang Bach, Amel Barich, Pauline Bergsten, Julia G. Bryce, Piergiulio Cappelletti, Samantha Couper, M. Florencia Fahnestock, Carolyn F. Gorny, Carla Grimaldi, Marco Groh, \u00c1g\u00fast Gudmundsson, \u00c1g\u00fast T. Gunnlaugsson, C\u00e9dric Hamlin, Th\u00f3rd\u00eds H\u00f6gnad\u00f3ttir, Kristj\u00e1n J\u00f3nasson, Sigurdur S. J\u00f3nsson, Steffen L. J\u00f8rgensen, Alexandra M. Klonowski, Beau Marshall, Erica Massey, Jocelyn McPhie, James G. Moore, Einar S. \u00d3lafsson, Solveig L. Onstad, Velveth Perez, Simon Prause, Snorri P. Snorrason, Andreas T\u00fcrke6 James D. L. White, and Bernd Zimanowski. <strong>2019<\/strong>. <a href=\"https:\/\/doi.org\/10.5194\/sd-25-35-2019\">SUSTAIN drilling at Surtsey volcano, Iceland, tracks hydrothermal and microbiological interactions in basalt 50 years after eruption<\/a>. Sci. Dril., 25, 35-46.<\/span><\/p>\n<p><span style=\"font-family: georgia, palatino, serif;font-size: 12pt\">24. Weisenberger, Tobias Bj\u00f6rn; Gudmundsson, Magn\u00fas Tumi; Jackson, Marie Dolores; Gorny, Carolyn F.; T\u00fcrke, Andreas; Kleine, Barbara Irene; Marshall, Beau; J\u00f8rgensen, Steffen Leth; Marteinsson, Vigg\u00f3 Th\u00f3r; Stef\u00e1nsson, Andri; White, James D.L.; Barich, Amel; Bergsten, Pauline; Bryce, Julia G.; Couper, Samantha; Fahnestock, Maria Florencia; Franzson, Hjalti; Grimaldi, Carla; Groh, Marco; Gudmundsson, \u00c1g\u00fast; Gunnlaugsson, \u00c1g\u00fast Th\u00f3r; Hamelin, Cedric; H\u00f6gnad\u00f3ttir, Th\u00f3rdis; Jonasson, Kristj\u00e1n; J\u00f3nsson, Sigurdur Sveinn; Klonowski, Alexandra; K\u00fcck, Jochem; Magn\u00fasson, R\u00f6gnvaldur L\u00edndal; Massey, Erica; McPhie, Jocelyn; \u00d3lafsson, Einar Sindri; Onstad, Solveig Lie; Prause, Simon; Perez, Velveth; Rhodes, John Michael; Snorrason, Snorri P. 2019. <a href=\"https:\/\/doi.org\/10.2312\/ICDP.5059.001\">Operational Report for the 2017 Surtsey Underwater volcanic System for Thermophiles, Alteration processes and INnovative concretes (SUSTAIN) drilling project at Surtsey Volcano, Iceland<\/a>. GFZ German Research Centre for Geosciences, https:\/\/doi.org\/10.2312\/ICDP.5059.001<\/span><\/p>\n<p><span style=\"font-family: georgia, palatino, serif;font-size: 12pt\">23. Dumont S., Sigmundsson F., Parks M.M., Drouin V., Pedersen G.B.M., J\u00f3nsd\u00f3ttir I., H\u00f6skuldsson \u00c1., Hooper A., Spaans K., Bagnardi, M., Gudmundsson M.T., Barsotti S., Jonsd\u00f3ttir K., H\u00f6gnad\u00f3ttir Th., Magn\u00fasson E., Hjartard\u00f3ttir \u00c1.R., D\u00fcrig T., Rossi C., Oddsson, B. <strong>2018<\/strong>. <a href=\"https:\/\/doi.org\/10.3389\/feart.2018.00231\">Integration of SAR data into monitoring of the 2014-2015 Holuhraun eruption, Iceland: Contribution of the Icelandic Volcanoes Supersite and the FutureVolc projects<\/a>. Front. Earth Sci. 6:231. doi: 10.3389\/feart.2018.00231<\/span><\/p>\n<p><span style=\"font-family: georgia, palatino, serif;font-size: 12pt\">22. Reynolds, H.I., Gudmundsson, M.T., H\u00f6gnad\u00f3ttir, Th., Magn\u00fasson, E., P\u00e1lsson, F. <strong>2018<\/strong>. <a href=\"https:\/\/doi.org\/10.1016\/j.jvolgeores.2018.04.019\">Thermal power of Gr\u00edmsv\u00f6tn, Iceland, from 1998 to 2016: Quantifying the effects of volcanic activity and geothermal anomalies<\/a>. Volume 358, 1 June 2018, Pages 184-193. https:\/\/doi.org\/10.1016\/j.jvolgeores.2018.04.019<\/span><\/p>\n<p><span style=\"font-family: georgia, palatino, serif;font-size: 12pt\">21. Sigmundsson, F., Parks, M.M., Pedersen, R., J\u00f3nsd\u00f3ttir, R., \u00d3feigsson, B.G., Grapenthin, R., Dumont, S., Einarssson, P., Drouin, V., Heimisson, E.R., Hjartard\u00f3ttir, \u00c1.R., Gudmundsson, M.T., Geirsson, H., Hreinsd\u00f3ttir, S., Sturkell, E., Hooper, A., H\u00f6gnad\u00f3ttir, Th., Vogfj\u00f6rd, K., Barnie, T., Roberts, M. <strong>2018<\/strong>. Volcanic and Igneous Plumbing Systems Understanding Magma Transport, Storage, and Evolution in the Earth's Crust. In: Burchardt, S. (ed.): <a href=\"https:\/\/doi.org\/10.1016\/C2015-0-06837-X\">Volcanic and Ingeous pluming systems<\/a>. Elsevier, 285-322.<\/span><\/p>\n<p><span style=\"font-family: georgia, palatino, serif;font-size: 12pt\">20. Sigur\u00f0ur R. G\u00edslason, Ger\u00f0ur Stef\u00e1nsd\u00f3ttir, Melissa A. Pfeffer, Sara Barsotti, \u00deorsteinn J\u00f3hannsson, Iwona M. Galeczka, Eniko Bali, Olgeir Sigmarsson, Andri Stef\u00e1nsson, Nicole S. Keller, \u00c1rni Sigurdsson, Baldur H. Bergsson, Bo Galle, Valdimir C. Jacobo, Santiego Arellano, Alessandro Aiuppa, El\u00edn B. J\u00f3nasd\u00f3ttir, Eyd\u00eds S. Eir\u00edksd\u00f3ttir, Sigur\u00f0ur Jakobsson, Gu\u00f0mundur H. Gu\u00f0finnsson, S\u00e6mundur A. Halld\u00f3rsson, Haraldur Gunnarsson, Babtiste Haddadi, Ingibj\u00f6rg J\u00f3nsd\u00f3ttir, \u00deorvaldur \u00de\u00f3r\u00f0arson, Morten Riishuus, \u00de\u00f3rd\u00eds H\u00f6gnad\u00f3ttir, Tobias D\u00fcrig, Gro B. M. Pedersen, \u00c1rmann H\u00f6skuldsson &amp; Magn\u00fas T. Gudmundsson. <strong>2017<\/strong>. 3. kafli. Gosi\u00f0 \u00ed Holuhrauni 2014-2015. Magn gosefna, dreifing mengunar og mikilv\u00e6gi t\u00edmasetningar og sta\u00f0setningar eldgosa me\u00f0 tilliti til umhverfis\u00e1hrifa. \u00cd: Bjarni Di\u00f0rik Sigur\u00f0sson og Ger\u00f0ur Stef\u00e1nsd\u00f3ttir (ritstj.): \u00c1hrif Holuhraunsgossins \u00e1 umhverfi og heilsu. Rit Lbh\u00cd nr. 83. Lbh\u00cd og V\u00cd.<\/span><\/p>\n<p><span style=\"font-family: georgia, palatino, serif;font-size: 12pt\">19. Reynolds, H.I., Gudmundsson, M.T., H\u00f6gnad\u00f3ttir, Th., Magn\u00fasson, E., P\u00e1lsson, F. <strong>2017<\/strong>. <a href=\"http:\/\/dx.doi.org\/10.1007\/s00445-017-1122-z\">Subglacial volcanic activity above a lateral dyke path during the 2014-15 B\u00e1rdarbunga-Holuhraun rifting episode, Iceland<\/a>. Bulletin of Volcanology, 79, 38. DOI 10.1007\/s00445-017-1122-z<\/span><\/p>\n<p><span style=\"font-family: georgia, palatino, serif;font-size: 12pt\">18. Michelle Maree Parks, El\u00edas Rafn Heimisson, Freysteinn Sigmundsson, Andrew Hooper, Krist\u00edn S. Vogfj\u00f6rd, Th\u00f3ra \u00c1rnad\u00f3ttir, Benedikt \u00d3feigsson, Sigr\u00fan Hreinsd\u00f3ttir, \u00c1sta Rut Hjartard\u00f3ttir, P\u00e1ll Einarsson, Magn\u00fas Tumi Gudmundsson, Th\u00f3rdis H\u00f6gnad\u00f3ttir, Krist\u00edn J\u00f3nsd\u00f3ttir, Martin Hensch, Marco Bagnardi, St\u00e9phanie Dumont, Vincent Drouin, Karsten Spaans, R\u00f3sa \u00d3lafsd\u00f3ttir. <strong>2017<\/strong>. <a href=\"http:\/\/dx.doi.org\/10.1016\/j.epsl.2017.01.020\">Evolution of deformation and stress changes during the caldera collapse and dyking at B\u00e1rdarbunga, 2014-2015: Implication for triggering of seismicity at nearby Tungnafellsj\u00f6kull volcano.<\/a> Earth and Planetary Science Letters, 462 (2017) 212\u2013223.<\/span><\/p>\n<p><span style=\"font-family: georgia, palatino, serif;font-size: 12pt\">17. Magn\u00fas Tumi Gu\u00f0mundsson, Emmanuel Pagneux, Matthew J. Roberts, \u00c1sd\u00eds Helgad\u00f3ttir, Sigr\u00fan Karlsd\u00f3ttir, Eyj\u00f3lfur Magn\u00fasson, \u00de\u00f3rd\u00eds H\u00f6gnad\u00f3ttir &amp; \u00c1g\u00fast Gunnar Gylfason. <strong>2016<\/strong>. J\u00f6kulhlaup \u00ed \u00d6r\u00e6fum og Markarflj\u00f3ti vegna eldgosa undir j\u00f6kli. Forgreining \u00e1h\u00e6ttumats. Jar\u00f0v\u00edsindastofnun H\u00e1sk\u00f3lans, Ve\u00f0urstofa \u00cdslands, R\u00edkisl\u00f6greglustj\u00f3ri. 67 bls. (<a href=\"http:\/\/www.hi.is\/%7Emtg\/pdf\/jokulhlaup_haettumat_final.pdf\">PDF<\/a> 80 Mb)<\/span><\/p>\n<p><span style=\"font-family: georgia, palatino, serif;font-size: 12pt\">16. Gudmundsson, M.T., K. J\u00f3nsd\u00f3ttir, A. Hooper, E.P. Holohan, S.A. Halld\u00f3rsson, B.G. \u00d3feigsson, S. Cesca, K.S. Vogfj\u00f6rd, F. Sigmundsson, Th. H\u00f6gnad\u00f3ttir, P. Einarsson, O. Sigmarsson, A.H. Jarosch, K. J\u00f3nasson, E. Magn\u00fasson, S. Hreinsd\u00f3ttir, M. Bagnardi, M.M. Parks, V. Hj\u00f6rleifsd\u00f3ttir, F. P\u00e1lsson, T.R. Walter, M.P.J. Sch\u00f6pfer, S. Heimann, H.I. Reynolds, S. Dumont, E. Bali, G.H. Gudfinnsson, T. Dahm, M.J. Roberts, M. Hensch, J. M.C. Belart, K. Spaans, S. Jakobsson, G.B. Gudmundsson, H.M. Fridriksd\u00f3ttir, V. Drouin, T. D\u00fcrig, G. Adalgeirsd\u00f3ttir, M.S. Riishuus, G.B.M. Pedersen, T. van Boeckel. B. Oddsson, M.A. Pfeffer, S. Barsotti, B. Bergsson, A. Donovan, M.R. Burton, A. Aiuppa. <strong>2016<\/strong>. <a href=\"http:\/\/dx.doi.org\/10.1126\/science.aaf8988\">Gradual caldera collapse at B\u00e1rdarbunga volcano, Iceland regulated by lateral magma outflow<\/a>. Science 353, aaf8988.<\/span><\/p>\n<p><span style=\"font-family: georgia, palatino, serif;font-size: 12pt\">15. Hjartard\u00f3ttir, \u00c1.R., Einarsson, P., Gudmundsson, M.T., H\u00f6gnad\u00f3ttir, Th. <strong>2016<\/strong>. <a href=\"http:\/\/dx.doi.org\/10.1016\/j.jvolgeores.2015.12.002\">Fracture movements and graben subsidence during the 2014 B\u00e1r\u00f0arbunga dike intrusion in Iceland<\/a>. Journal of Volcanology and Geothermal Research. doi: 10.1016\/j.jvolgeores.2015.12.002<\/span><\/p>\n<p><span style=\"font-family: georgia, palatino, serif;font-size: 12pt\">14. Gudmundsson, M.T., H\u00f6gnad\u00f3ttir, \u00de., Magn\u00fasson, E. <strong>2015<\/strong>. <a href=\"http:\/\/www.vedur.is\/gogn\/vefgogn\/jokulhlaup\/haettumat\/oraefajokull_markarfljotsaurar\/bok_en\/chapter_III.pdf\">\u00d6r\u00e6faj\u00f6kull Volcano:\u00a0 Eruption melting scenarios<\/a>. In: Pagneaux, E., M.T. Gudmundsson, S. Karlsd\u00f3ttir &amp; M. Roberts (Eds.), Volcanogenic floods in Iceland: An assessment of hazards and risks at \u00d6r\u00e6faj\u00f6kull and on the Markarflj\u00f3t outwash plain, 45-72. IMO, IES-UI, NCIP-DCPEM.<\/span><\/p>\n<p><span style=\"font-family: georgia, palatino, serif;font-size: 12pt\">13. G\u00edslason, S.R., Stef\u00e1nsd\u00f3ttir, G., Pfeffer, M.A., Barsotti, S., J\u00f3hannsson, Th., Galeczka, I., Bali, E., Sigmarsson, O., Stef\u00e1nsson, A., Keller, N.S., Sigurdsson, \u00c1., Bergsson, B., Galle, B., Jacobo, V.C., Arellano, S., Aiuppa, A., J\u00f3nasd\u00f3ttir, E.B., Eir\u00edksd\u00f3ttir, E.S., Jakobsson, S., Gu\u00f0finnsson, G.H., Halld\u00f3rsson, S.A., Gunnarsson, H., Haddadi, B., J\u00f3nsd\u00f3ttir, I., Thordarson, Th., Riishuus, M., H\u00f6gnad\u00f3ttir, Th., D\u00fcrig, T., Pedersen, G.B.M., H\u00f6skuldsson, \u00c1., Gudmundsson, M.T. <strong>2015<\/strong>. <a href=\"http:\/\/dx.doi.org\/10.7185\/geochemlet.1509\">Environmental pressure from the 2014\u201315 eruption of B\u00e1r\u00f0arbunga volcano, Iceland<\/a>. Geochem. Persp. Let. 1, 84-93.<\/span><\/p>\n<p><span style=\"font-family: georgia, palatino, serif;font-size: 12pt\">12. Sigmundsson, F., Andy Hooper, Sigr\u00fan Hreinsd\u00f3ttir, Krist\u00edn Vogfjord, Benedikt \u00d3feigsson, El\u00edas Rafn Heimisson, St\u00e9phanie Dumont, Michelle Parks, Karsten Spaans, Gunnar B. Gu\u00f0mundsson, Vincent Drouin, Th\u00f3ra \u00c1rnad\u00f3ttir, Krist\u00edn J\u00f3nsd\u00f3ttir, Magn\u00fas Tumi Gudmundsson, Th\u00f3rd\u00eds H\u00f6gnad\u00f3ttir, Hildur Mar\u00eda Fri\u00f0riksd\u00f3ttir, Martin Hensch, P\u00e1ll Einarsson, Eyj\u00f3lfur Magn\u00fasson, Sergey Samsonov, Brynd\u00eds Brandsd\u00f3ttir, Robert S. White, Thorbjorg Agustsdottir, Timothy Greenfield, Robert G. Green, \u00c1sta Rut Hjartard\u00f3ttir, Rikke Pedersen, Rick Bennett, Halld\u00f3r Geirsson, Pete LaFemina, Helgi Bj\u00f6rnsson, Finnur P\u00e1lsson, Erik Sturkell, Christopher J. Bean, Martin M\u00f6llhoff, Aoife Braiden, and Eva P.S. Eibl. <strong>2015<\/strong>. <a href=\"http:\/\/dx.doi.org\/10.1038\/nature14111\">Segmented lateral dyke growth in a rifting event at B\u00e1r\u00f0arbunga volcanic system, Iceland<\/a>. Nature, 517, 191-195.<\/span><\/p>\n<p><span style=\"font-family: georgia, palatino, serif;font-size: 12pt\">11. Gu\u00f0r\u00fan Larsen, Magn\u00fas Tumi Gu\u00f0mundsson, Freysteinn Sigmundsson, \u00c1rmann H\u00f6skuldsson, Steinunn Sigr\u00ed\u00f0ur Jakobsd\u00f3ttir, Bj\u00f6rn Oddsson, Eyj\u00f3lfur Magn\u00fasson, \u00de\u00f3rd\u00eds H\u00f6gnad\u00f3ttir, \u00deorvaldur \u00de\u00f3r\u00f0arson, Halld\u00f3r Bj\u00f6rnsson. <strong>2013<\/strong>. Eldur \u00ed Eyjafjallaj\u00f6kli 2010. \u00cd: J\u00fal\u00edus S\u00f3lnes, Freysteinn Sigmundsson og Bjarni Bessason (ritstj.): N\u00e1tt\u00faruv\u00e1 \u00e1 \u00cdslandi, Vi\u00f0lagatrygging \u00cdslands\/H\u00e1sk\u00f3la\u00fatg\u00e1fan, 299-311.<\/span><\/p>\n<p><span style=\"font-family: georgia, palatino, serif;font-size: 12pt\">10. Gudmundsson, M.T., Thordarson, T., H\u00f6skuldsson, \u00c1., Larsen G., Bj\u00f6rnsson, H., Prata, A.J., Oddsson, B., Magn\u00fasson, E., H\u00f6gnad\u00f3ttir, T., Pedersen, G.N., Hayward, C.L., Stevenson, J.A., J\u00f3nsd\u00f3ttir, I. <strong>2012<\/strong>. <a href=\"http:\/\/dx.doi.org\/10.1038\/srep00572\">Ash generation and distribution from the April-May 2010 eruption of Eyjafjallaj\u00f6kull, Iceland<\/a>. Scientific Reports. 2, 572.<\/span><\/p>\n<p><span style=\"font-family: georgia, palatino, serif;font-size: 12pt\">9. Sigr\u00fan Karlsd\u00f3ttir, \u00c1g\u00fast Gunnar Gylfason, \u00c1rmann H\u00f6skuldsson, Brynd\u00eds Brandsd\u00f3ttir, Evgenia Ilyinskaya, Magn\u00fas Tumi Gudmundsson, \u00de\u00f3rd\u00eds H\u00f6gnad\u00f3ttir. Editor: Bar\u00f0i \u00deorkelsson, <strong>2012<\/strong>. <a href=\"http:\/\/jardvis.hi.is\/sites\/default\/files\/Pdf_skjol\/Eyjafjallajokull_2010\/icaoreport_web.pdf\">The 2010 Eyjafjallaj\u00f6kull eruption, Iceland<\/a>, Iceland, Report to ICAO, 209pp.<\/span><\/p>\n<p><span style=\"font-family: georgia, palatino, serif;font-size: 12pt\">8. Sverrir Gudmundsson, Helgi Bj\u00f6rnsson, Eyj\u00f3lfur Magn\u00fasson, Etienne Berthier, Finnur P\u00e1lsson, Magn\u00fas Tumi Gudmundsson, Th\u00f3rd\u00eds H\u00f6gnad\u00f3ttir, J\u00f8rgen Dall. <strong>2011<\/strong>. <a href=\"http:\/\/dx.doi.org\/10.3402\/polar.v30i0.7282\">Response of Eyjafjallaj\u00f6kull, Torfaj\u00f6kull and Tindfjallaj\u00f6kull ice caps in Iceland to regional warming, deduced by remote sensing<\/a>. Polar Research, Vol 30.<\/span><\/p>\n<p><span style=\"font-family: georgia, palatino, serif;font-size: 12pt\">7. Jarosch, A.H., Gudmundsson, M.T., Th. H\u00f6gnad\u00f3ttir, Axelsson, G. <strong>2008<\/strong>. <a href=\"http:\/\/dx.doi.org\/10.1016\/j.jvolgeores.2007.10.012\">The progressive cooling of the hyaloclastite ridge at Gj\u00e1lp, Iceland, 1996-2005<\/a>. Journal of Volcanology and Geothermal Research, 170, 218-229.<\/span><\/p>\n<p><span style=\"font-family: georgia, palatino, serif;font-size: 12pt\">6. Gudmundsson, M.T., H\u00f6gnad\u00f3ttir, \u00de., Kristinsson, A.B., Gudbj\u00f6rnsson, S. <strong>2007<\/strong>. <span lang=\"en-gb\"> <a href=\"https:\/\/doi.org\/10.3189\/172756407782282444\">Geothermal activity in the subglacial Katla caldera, Iceland, 1999-2005, studied with radar altimetry<\/a><\/span>. Annals of Glaciology, 45, 66-72.<\/span><\/p>\n<p><span style=\"font-family: georgia, palatino, serif;font-size: 12pt\">5. Pinel, V., Sigmundsson, F., Sturkell, E., Geirsson, H., Einarsson, P., Gudmundsson, M.T., H\u00f6gnad\u00f3ttir, T. <strong>2007<\/strong>. Discriminating volcano deformation due to magma movements and variable surface loads: Application to Katla subglacial volcano, Iceland. Geophysical Journal International, 169, 325-338<\/span><\/p>\n<p><span style=\"font-family: georgia, palatino, serif;font-size: 12pt\">4. Gudmundsson, M.T., and H\u00f6gnad\u00f3ttir, T. <strong>2007<\/strong>. <span lang=\"en-gb\"><a href=\"http:\/\/dx.doi.org\/10.1016\/j.jog.2006.09.015\">Volcanic systems and calderas in the Vatnaj\u00f6kull region, central Iceland, constraints on crustal structure from gravity data<\/a><\/span>. Journal of Geodynamics, 43, 163-169.<\/span><\/p>\n<p><span style=\"font-family: georgia, palatino, serif;font-size: 12pt\">3. Magn\u00fas T. Gu\u00f0mundsson, \u00de\u00f3rd\u00eds H\u00f6gnad\u00f3ttir. <strong>2005<\/strong>. \u00cdsbr\u00e1\u00f0nun og upptakarennsli j\u00f6kulhlaupa vegna eldgosa \u00ed Eyjafjallaj\u00f6kli og vestanver\u00f0um M\u00fdrdalsj\u00f6kli. \u00cd: Magn\u00fas T. Gu\u00f0mundsson og \u00c1g\u00fast Gunnar Gylfason (ritstj.): H\u00e6ttumat vegna eldgosa og hlaupa fr\u00e1 vestanver\u00f0um M\u00fdrdalsj\u00f6kli og Eyjafjallaj\u00f6kli. R\u00edkisl\u00f6greglustj\u00f3rinn og H\u00e1sk\u00f3la\u00fatg\u00e1fan. 159-180. (<a href=\"http:\/\/www.hi.is\/%7Emtg\/pdf\/2005RLS-haettumat-kafli_X.pdf\">PDF<\/a> 0.9 Mb).<\/span><\/p>\n<p><span style=\"font-family: georgia, palatino, serif;font-size: 12pt\">2. Magn\u00fas T. Gudmundsson, Freysteinn Sigmundsson, Helgi Bj\u00f6rnsson og \u00de\u00f3rd\u00eds H\u00f6gnad\u00f3ttir. <strong>2004<\/strong>. The 1996 eruption at Gj\u00e1lp, Vatnaj\u00f6kull ice cap, Iceland: Course of events, efficiency of heat transfer, ice deformation and subglacial water pressure. Bulletin of Volcanology, 66:46-65. (<a href=\"http:\/\/www.hi.is\/%7Emtg\/pdf\/2003BullVolc66_MTGetal_Gjalp.pdf\">PDF<\/a> 1.2 Mb).<\/span><\/p>\n<p><span style=\"font-family: georgia, palatino, serif;font-size: 12pt\">1. Magn\u00fas T. Gudmundsson, Finnur P\u00e1lsson, Helgi Bj\u00f6rnsson and \u00de\u00f3rd\u00eds H\u00f6gnad\u00f3ttir <strong>2002<\/strong>. The hyaloclastite ridge formed in the subglacial 1996 eruption in Gj\u00e1lp, Vatnaj\u00f6kull, Iceland: present day shape and future preservation. In Smellie, J.L., and M.G. Chapman (ed): Ice-volcano interaction on Earth and Mars. Geol. Society London, Spec.Publication, 202, 319-335.<\/span><\/p>\n","protected":false},"excerpt":{"rendered":"<p>Jan\u00faar 2021 29. Gu\u00f0r\u00fan Larsen og \u00de\u00f3rd\u00eds H\u00f6gnad\u00f3ttir. 2021. Lj\u00f3smyndir \u00deorl\u00e1ks Sverrissonar \u00ed V\u00edk: K\u00f6tlugosi\u00f0 1918 \u00ed n\u00fdju lj\u00f3si (The Katla 1918 photographs, reinterpreted based on new data). J\u00f6kull 71, 95-114. (pdf 7 MB) 28. Gudmundsson, M.T., Janebo, M.H., Larsen, G., H\u00f6gnad\u00f3ttir, Th., Thordarson, Th., Gudnason, J., J\u00f3nsd\u00f3ttir, T. 2021. The explosive basaltic eruption in [&hellip;]<\/p>\n","protected":false},"author":1181,"featured_media":0,"parent":0,"menu_order":0,"comment_status":"closed","ping_status":"closed","template":"","meta":{"footnotes":""},"class_list":["post-9","page","type-page","status-publish","hentry"],"_links":{"self":[{"href":"https:\/\/uni.hi.is\/disah\/wp-json\/wp\/v2\/pages\/9","targetHints":{"allow":["GET"]}}],"collection":[{"href":"https:\/\/uni.hi.is\/disah\/wp-json\/wp\/v2\/pages"}],"about":[{"href":"https:\/\/uni.hi.is\/disah\/wp-json\/wp\/v2\/types\/page"}],"author":[{"embeddable":true,"href":"https:\/\/uni.hi.is\/disah\/wp-json\/wp\/v2\/users\/1181"}],"replies":[{"embeddable":true,"href":"https:\/\/uni.hi.is\/disah\/wp-json\/wp\/v2\/comments?post=9"}],"version-history":[{"count":7,"href":"https:\/\/uni.hi.is\/disah\/wp-json\/wp\/v2\/pages\/9\/revisions"}],"predecessor-version":[{"id":100,"href":"https:\/\/uni.hi.is\/disah\/wp-json\/wp\/v2\/pages\/9\/revisions\/100"}],"wp:attachment":[{"href":"https:\/\/uni.hi.is\/disah\/wp-json\/wp\/v2\/media?parent=9"}],"curies":[{"name":"wp","href":"https:\/\/api.w.org\/{rel}","templated":true}]}}