{"id":13,"date":"2019-06-23T11:29:29","date_gmt":"2019-06-23T11:29:29","guid":{"rendered":"http:\/\/uni.hi.is\/dln\/?page_id=13"},"modified":"2023-05-26T13:45:14","modified_gmt":"2023-05-26T13:45:14","slug":"ritaskra","status":"publish","type":"page","link":"https:\/\/uni.hi.is\/dln\/ritaskra\/","title":{"rendered":"Ritaskr\u00e1"},"content":{"rendered":"<p>&nbsp;<\/p>\n<p><span style=\"font-size: 14pt;font-family: georgia, palatino, serif\"><strong>\u00cd vinnslu<\/strong><\/span><\/p>\n<p><span style=\"font-family: georgia, palatino, serif\"><em>Str\u00ed\u00f0 og \u00e6vint\u00fdri: \u00cdslenskar sk\u00e1lds\u00f6gur um hern\u00e1mi\u00f0\u00a0<\/em>(The Anglo-American Occupation in Icelandic Fiction: Memory and Representation)<\/span><\/p>\n<p>&nbsp;<\/p>\n<p>&nbsp;<\/p>\n","protected":false},"excerpt":{"rendered":"<p>&nbsp; \u00cd vinnslu Str\u00ed\u00f0 og \u00e6vint\u00fdri: \u00cdslenskar sk\u00e1lds\u00f6gur um hern\u00e1mi\u00f0\u00a0(The Anglo-American Occupation in Icelandic Fiction: Memory and Representation) &nbsp; &nbsp;<\/p>\n","protected":false},"author":1512,"featured_media":0,"parent":0,"menu_order":4,"comment_status":"closed","ping_status":"closed","template":"","meta":{"footnotes":""},"class_list":["post-13","page","type-page","status-publish","hentry"],"_links":{"self":[{"href":"https:\/\/uni.hi.is\/dln\/wp-json\/wp\/v2\/pages\/13","targetHints":{"allow":["GET"]}}],"collection":[{"href":"https:\/\/uni.hi.is\/dln\/wp-json\/wp\/v2\/pages"}],"about":[{"href":"https:\/\/uni.hi.is\/dln\/wp-json\/wp\/v2\/types\/page"}],"author":[{"embeddable":true,"href":"https:\/\/uni.hi.is\/dln\/wp-json\/wp\/v2\/users\/1512"}],"replies":[{"embeddable":true,"href":"https:\/\/uni.hi.is\/dln\/wp-json\/wp\/v2\/comments?post=13"}],"version-history":[{"count":8,"href":"https:\/\/uni.hi.is\/dln\/wp-json\/wp\/v2\/pages\/13\/revisions"}],"predecessor-version":[{"id":163,"href":"https:\/\/uni.hi.is\/dln\/wp-json\/wp\/v2\/pages\/13\/revisions\/163"}],"wp:attachment":[{"href":"https:\/\/uni.hi.is\/dln\/wp-json\/wp\/v2\/media?parent=13"}],"curies":[{"name":"wp","href":"https:\/\/api.w.org\/{rel}","templated":true}]}}