{"id":15,"date":"2019-06-23T11:29:54","date_gmt":"2019-06-23T11:29:54","guid":{"rendered":"http:\/\/uni.hi.is\/dln\/?page_id=15"},"modified":"2023-05-26T13:29:43","modified_gmt":"2023-05-26T13:29:43","slug":"kennsla","status":"publish","type":"page","link":"https:\/\/uni.hi.is\/dln\/kennsla\/","title":{"rendered":"Kennsla"},"content":{"rendered":"<p>&nbsp;<\/p>\n<p><span style=\"font-size: 14pt\"><strong>N\u00e1mskei\u00f0 kennd<\/strong><\/span><\/p>\n<p>&nbsp;<\/p>\n<p><strong>H\u00e1sk\u00f3li \u00cdslands: \u00cdslenska sem anna\u00f0 m\u00e1l:<\/strong><\/p>\n<p>\u00cdSE405G: M\u00e1ln\u00f3tkun II (2023&gt;)<\/p>\n<p>\u00cdSE502G: \u00de\u00fd\u00f0ingar (2021&gt;)<\/p>\n<p>\u00cdSE105G \/ \u00cdSE205G: Tal\u00fej\u00e1lfun I og II (2019&gt;)<\/p>\n<p>\u00cdSE509G: Kennsla \u00edslensku sem annars m\u00e1ls (2019; t\u00edmar um menningar- og b\u00f3kmenntakennslu)<\/p>\n<p>\u00cdSE602G: N\u00fat\u00edminn nemur land: \u00edslenskar b\u00f3kmenntir \u00e1 20. \u00f6ld (2019)<\/p>\n<p>\u00cdSE309G: Samt\u00edmab\u00f3kmenntir og b\u00f3kmenntafr\u00e6\u00f0i (2018, 2016)<\/p>\n<p>\u00cdSE014G: \u00cdslensk menning (2012 \u2013 2016)<\/p>\n<p>\u00cdSM704F: Vestur\u00edslenskt m\u00e1l og menning (2015; t\u00edmi um samspil m\u00e1ls og menningar) (framhaldsn\u00e1m)<\/p>\n<p>\u00cdSE602G: \u00cdslenskar b\u00f3kmenntir s\u00ed\u00f0ari alda (2014 - 2016)<\/p>\n<p>\u00cdSE407G: Inngangur a\u00f0 b\u00f3kmenntafr\u00e6\u00f0i (2016)<\/p>\n<p>\u00cdSE406G: \u00cdslenskar \u00fej\u00f3\u00f0s\u00f6gur (2014, 2015)<\/p>\n<p>\u00cdSE309G: Samt\u00edmab\u00f3kmenntir (2013)<\/p>\n<p>\u00cdSE405G M\u00e1lnotkun II (2013, kennt me\u00f0 Mar\u00edu \u00d6nnu Gar\u00f0arsd\u00f3ttir)<\/p>\n<p>\u00cdSE014G \u00cdslensk menning (2012)<\/p>\n<p>&nbsp;<\/p>\n<p><strong>H\u00e1sk\u00f3li \u00cdslands: B\u00f3kmennta- og menningafr\u00e6\u00f0i<\/strong><\/p>\n<p>- KVI205G: Reykjav\u00edk \u00ed b\u00f3kmenntum og kvikmyndum (2016; stakir t\u00edmar)<\/p>\n<p>- ABF312G Str\u00ed\u00f0 og b\u00f3kmenntir (2012)<\/p>\n<p>- ABF709F Minni og gleymska (2011, kennt me\u00f0 Gunn\u00fe\u00f3runni Gu\u00f0mundsd\u00f3ttur)<\/p>\n<p>&nbsp;<\/p>\n<p><strong>H\u00e1sk\u00f3li \u00cdslands: Enska<\/strong><\/p>\n<p>- ENS203G Ensk rit\u00fej\u00e1lfun (2012)<\/p>\n<p>&nbsp;<\/p>\n<p><strong>M\u00edmir - s\u00edmenntun:<\/strong><\/p>\n<p>-Icelandic 1-4 (2011-2013)<\/p>\n<p>&nbsp;<\/p>\n<p><strong>University College London:<\/strong><\/p>\n<p>- \u00cdslenskar b\u00f3kmenntir eftir 1960 (1999-2011).<\/p>\n<p>- \u00cdslenskar n\u00fat\u00edmab\u00f3kmenntir (1999-00, 2003-2011)<\/p>\n<p>- \u00cdslenska I (2000-2011)<\/p>\n<p>- \u00cdslenska II (1999-2011)<\/p>\n<p>- \u00cdslenska III (1999-00, 2001-02, 2003-2011)<\/p>\n<p>- \u00cdslenskar \u00fej\u00f3\u00f0sagnir og \u00fej\u00f3\u00f0fr\u00e6\u00f0i (2005-2008)<\/p>\n<p>- Nordic Cinema: \u00cdslenskar kvikmyndir (2005-2008)<\/p>\n<p>- The History and Literature of War, European Studies (umsj\u00f3n og stakir t\u00edmar; 2009-2011)<\/p>\n<p>- \u00cdslenskar kvikmyndir (2000-2003)<\/p>\n<p>- Introduction to Old and Modern Icelandic (1999-00, kennt me\u00f0 Richard Perkins)<\/p>\n<p>- Ranns\u00f3knarritger\u00f0 \u00ed b\u00f3kmenntum e\u00f0a menningarfr\u00e6\u00f0i (umsj\u00f3n; 2000-2006)<\/p>\n<p>&nbsp;<\/p>\n<p><strong>\u00cdslenskudeild, University of Manitoba \u00ed Winnipeg:<\/strong><\/p>\n<p>- Icelandic-Canadian Literature \u00a01995-96 (framhaldsn\u00e1m)<\/p>\n<p>- Canadian Literature Pre-1967, University of Manitoba, 1997 (grunnn\u00e1m)<\/p>\n<p>- The Icelanders in Canada, University of Manitoba, 1995, 1997, 1998 (M-n\u00e1mskei\u00f0)<\/p>\n<p>- Introductory Icelandic, University of Manitoba, 1994-99 (grunnn\u00e1m)<\/p>\n<p>- Intermediate Icelandic, University of Manitoba, 1994-99 (grunnn\u00e1m)<\/p>\n<p>- Advanced Icelandic, University of Manitoba, 1995-96 (framhaldsn\u00e1m)<\/p>\n<p>&nbsp;<\/p>\n<p><strong>Enskudeild, Vrije Universiteit Amsterdam:<\/strong><\/p>\n<p>- English Renaissance Literature, Vrije Universiteit, 1993 (grunnn\u00e1m)<\/p>\n","protected":false},"excerpt":{"rendered":"<p>&nbsp; N\u00e1mskei\u00f0 kennd &nbsp; H\u00e1sk\u00f3li \u00cdslands: \u00cdslenska sem anna\u00f0 m\u00e1l: \u00cdSE405G: M\u00e1ln\u00f3tkun II (2023&gt;) \u00cdSE502G: \u00de\u00fd\u00f0ingar (2021&gt;) \u00cdSE105G \/ \u00cdSE205G: Tal\u00fej\u00e1lfun I og II (2019&gt;) \u00cdSE509G: Kennsla \u00edslensku sem annars m\u00e1ls (2019; t\u00edmar um menningar- og b\u00f3kmenntakennslu) \u00cdSE602G: N\u00fat\u00edminn nemur land: \u00edslenskar b\u00f3kmenntir \u00e1 20. \u00f6ld (2019) \u00cdSE309G: Samt\u00edmab\u00f3kmenntir og b\u00f3kmenntafr\u00e6\u00f0i (2018, 2016) \u00cdSE014G: \u00cdslensk [&hellip;]<\/p>\n","protected":false},"author":1512,"featured_media":0,"parent":0,"menu_order":5,"comment_status":"closed","ping_status":"closed","template":"","meta":{"footnotes":""},"class_list":["post-15","page","type-page","status-publish","hentry"],"_links":{"self":[{"href":"https:\/\/uni.hi.is\/dln\/wp-json\/wp\/v2\/pages\/15","targetHints":{"allow":["GET"]}}],"collection":[{"href":"https:\/\/uni.hi.is\/dln\/wp-json\/wp\/v2\/pages"}],"about":[{"href":"https:\/\/uni.hi.is\/dln\/wp-json\/wp\/v2\/types\/page"}],"author":[{"embeddable":true,"href":"https:\/\/uni.hi.is\/dln\/wp-json\/wp\/v2\/users\/1512"}],"replies":[{"embeddable":true,"href":"https:\/\/uni.hi.is\/dln\/wp-json\/wp\/v2\/comments?post=15"}],"version-history":[{"count":7,"href":"https:\/\/uni.hi.is\/dln\/wp-json\/wp\/v2\/pages\/15\/revisions"}],"predecessor-version":[{"id":160,"href":"https:\/\/uni.hi.is\/dln\/wp-json\/wp\/v2\/pages\/15\/revisions\/160"}],"wp:attachment":[{"href":"https:\/\/uni.hi.is\/dln\/wp-json\/wp\/v2\/media?parent=15"}],"curies":[{"name":"wp","href":"https:\/\/api.w.org\/{rel}","templated":true}]}}