{"id":17,"date":"2019-06-23T11:30:42","date_gmt":"2019-06-23T11:30:42","guid":{"rendered":"http:\/\/uni.hi.is\/dln\/?page_id=17"},"modified":"2019-06-23T12:32:21","modified_gmt":"2019-06-23T12:32:21","slug":"storf","status":"publish","type":"page","link":"https:\/\/uni.hi.is\/dln\/ferill\/storf\/","title":{"rendered":"St\u00f6rf"},"content":{"rendered":"<p><strong>2013 &gt;<\/strong>: A\u00f0j\u00fankt, \u00cdslenska sem anna\u00f0 m\u00e1l, \u00cdslensku- og menningardeild, H\u00e1sk\u00f3li \u00cdslands<\/p>\n<p><strong>2011-2013<\/strong>:\u00a0 Stundakennari v\/ H\u00e1sk\u00f3la \u00cdslands; \u00der\u00f3un n\u00e1msefnis fyrir Icelandic Online 5 og 6 (me\u00f0 Olgu Holownia og J\u00f3ni Karli Helgasyni); Kennari vi\u00f0 Icelandic Online Pl\u00fas, Stig 1; Kennari, M\u00edmir \u2013 s\u00edmenntun (\u00cdslenska fyrir \u00fatlendinga 1-D, 2-E, 3-D, 4-H\/J); Rannsakandi hj\u00e1 EDDU-\u00f6ndvegissetri (&gt; 30. j\u00fani 2012): \u201eMemory and Forgetting: Ruptures, Gaps, and National Identity\u201c<\/p>\n<p><strong>1999-2011<\/strong>: Reader (d\u00f3sent) \u00ed \u00edslensku (1999-2007: Halld\u00f3r Laxness Lecturer in Modern Icelandic Language and Literature), Dept of Scandinavian Studies, University College London<\/p>\n<p><strong>1994-1999<\/strong>: Assistant Professor (lektor) \u00ed \u00edslensk-kanad\u00edskum fr\u00e6\u00f0um, \u00cdslenskudeild, University of Manitoba, Winnipeg (Kanada<\/p>\n<p><strong>1991-1994<\/strong>: A\u00f0sto\u00f0arrannsakandi, Enskudeild, Vrije Universiteit Amsterdam (sta\u00f0a studd af NWO Ranns\u00f3knarstofnun Hollands)<\/p>\n<p><strong>1989, 1990-1991<\/strong>: Ensku-, \u00fe\u00fdsku- og fr\u00f6nskukennari, Framhaldssk\u00f3linn \u00e1 H\u00fasav\u00edk<\/p>\n","protected":false},"excerpt":{"rendered":"<p>2013 &gt;: A\u00f0j\u00fankt, \u00cdslenska sem anna\u00f0 m\u00e1l, \u00cdslensku- og menningardeild, H\u00e1sk\u00f3li \u00cdslands 2011-2013:\u00a0 Stundakennari v\/ H\u00e1sk\u00f3la \u00cdslands; \u00der\u00f3un n\u00e1msefnis fyrir Icelandic Online 5 og 6 (me\u00f0 Olgu Holownia og J\u00f3ni Karli Helgasyni); Kennari vi\u00f0 Icelandic Online Pl\u00fas, Stig 1; Kennari, M\u00edmir \u2013 s\u00edmenntun (\u00cdslenska fyrir \u00fatlendinga 1-D, 2-E, 3-D, 4-H\/J); Rannsakandi hj\u00e1 EDDU-\u00f6ndvegissetri (&gt; 30. [&hellip;]<\/p>\n","protected":false},"author":1512,"featured_media":0,"parent":2,"menu_order":0,"comment_status":"closed","ping_status":"closed","template":"","meta":{"footnotes":""},"class_list":["post-17","page","type-page","status-publish","hentry"],"_links":{"self":[{"href":"https:\/\/uni.hi.is\/dln\/wp-json\/wp\/v2\/pages\/17","targetHints":{"allow":["GET"]}}],"collection":[{"href":"https:\/\/uni.hi.is\/dln\/wp-json\/wp\/v2\/pages"}],"about":[{"href":"https:\/\/uni.hi.is\/dln\/wp-json\/wp\/v2\/types\/page"}],"author":[{"embeddable":true,"href":"https:\/\/uni.hi.is\/dln\/wp-json\/wp\/v2\/users\/1512"}],"replies":[{"embeddable":true,"href":"https:\/\/uni.hi.is\/dln\/wp-json\/wp\/v2\/comments?post=17"}],"version-history":[{"count":2,"href":"https:\/\/uni.hi.is\/dln\/wp-json\/wp\/v2\/pages\/17\/revisions"}],"predecessor-version":[{"id":67,"href":"https:\/\/uni.hi.is\/dln\/wp-json\/wp\/v2\/pages\/17\/revisions\/67"}],"up":[{"embeddable":true,"href":"https:\/\/uni.hi.is\/dln\/wp-json\/wp\/v2\/pages\/2"}],"wp:attachment":[{"href":"https:\/\/uni.hi.is\/dln\/wp-json\/wp\/v2\/media?parent=17"}],"curies":[{"name":"wp","href":"https:\/\/api.w.org\/{rel}","templated":true}]}}