{"id":2,"date":"2019-06-11T11:23:47","date_gmt":"2019-06-11T11:23:47","guid":{"rendered":"http:\/\/uni.hi.is\/dln\/?page_id=2"},"modified":"2019-06-24T10:09:42","modified_gmt":"2019-06-24T10:09:42","slug":"ferill","status":"publish","type":"page","link":"https:\/\/uni.hi.is\/dln\/ferill\/","title":{"rendered":"Ferill"},"content":{"rendered":"<p>\u00c9g er menntu\u00f0 \u00ed b\u00f3kmenntafr\u00e6\u00f0i og enskum b\u00f3kmenntum og doktor \u00ed \u00edslensk-kanad\u00edskum b\u00f3kmenntum fr\u00e1 Vrije Universiteit Amsterdam. \u00c9g hef kennt vi\u00f0 h\u00e1sk\u00f3lana \u00ed Manitoba (Winnipeg, Kanada) og UCL (Lund\u00fanum, St\u00f3ra Bretlandi) og \u00ed \u00cdslensku- og menningardeild H\u00e1sk\u00f3la \u00cdslands s\u00ed\u00f0an 2012, einkum \u00ed \u00edslensku sem \u00f6\u00f0ru m\u00e1li og b\u00f3kmenntafr\u00e6\u00f0i. Helstu ranns\u00f3knasvi\u00f0 m\u00edn hafa veri\u00f0 \u00edslensk-kanad\u00edskar b\u00f3kmenntir, b\u00f3kmenntasaga, og \u00edslenska sem anna\u00f0 og erf\u00f0am\u00e1l, og \u00e1 li\u00f0num \u00e1rum \u00edslenskar hern\u00e1mss\u00f6gur, str\u00ed\u00f0 og b\u00f3kmenntir, minni og tr\u00e1ma, og samspil m\u00e1ls og menningar \u00ed erf\u00f0am\u00e1lum og \u00edslensku sem \u00f6\u00f0ru m\u00e1li.<\/p>\n","protected":false},"excerpt":{"rendered":"<p>\u00c9g er menntu\u00f0 \u00ed b\u00f3kmenntafr\u00e6\u00f0i og enskum b\u00f3kmenntum og doktor \u00ed \u00edslensk-kanad\u00edskum b\u00f3kmenntum fr\u00e1 Vrije Universiteit Amsterdam. \u00c9g hef kennt vi\u00f0 h\u00e1sk\u00f3lana \u00ed Manitoba (Winnipeg, Kanada) og UCL (Lund\u00fanum, St\u00f3ra Bretlandi) og \u00ed \u00cdslensku- og menningardeild H\u00e1sk\u00f3la \u00cdslands s\u00ed\u00f0an 2012, einkum \u00ed \u00edslensku sem \u00f6\u00f0ru m\u00e1li og b\u00f3kmenntafr\u00e6\u00f0i. Helstu ranns\u00f3knasvi\u00f0 m\u00edn hafa veri\u00f0 \u00edslensk-kanad\u00edskar b\u00f3kmenntir, [&hellip;]<\/p>\n","protected":false},"author":1512,"featured_media":0,"parent":0,"menu_order":0,"comment_status":"closed","ping_status":"closed","template":"","meta":{"footnotes":""},"class_list":["post-2","page","type-page","status-publish","hentry"],"_links":{"self":[{"href":"https:\/\/uni.hi.is\/dln\/wp-json\/wp\/v2\/pages\/2","targetHints":{"allow":["GET"]}}],"collection":[{"href":"https:\/\/uni.hi.is\/dln\/wp-json\/wp\/v2\/pages"}],"about":[{"href":"https:\/\/uni.hi.is\/dln\/wp-json\/wp\/v2\/types\/page"}],"author":[{"embeddable":true,"href":"https:\/\/uni.hi.is\/dln\/wp-json\/wp\/v2\/users\/1512"}],"replies":[{"embeddable":true,"href":"https:\/\/uni.hi.is\/dln\/wp-json\/wp\/v2\/comments?post=2"}],"version-history":[{"count":3,"href":"https:\/\/uni.hi.is\/dln\/wp-json\/wp\/v2\/pages\/2\/revisions"}],"predecessor-version":[{"id":104,"href":"https:\/\/uni.hi.is\/dln\/wp-json\/wp\/v2\/pages\/2\/revisions\/104"}],"wp:attachment":[{"href":"https:\/\/uni.hi.is\/dln\/wp-json\/wp\/v2\/media?parent=2"}],"curies":[{"name":"wp","href":"https:\/\/api.w.org\/{rel}","templated":true}]}}