{"id":38,"date":"2019-06-23T11:51:13","date_gmt":"2019-06-23T11:51:13","guid":{"rendered":"http:\/\/uni.hi.is\/dln\/?page_id=38"},"modified":"2019-06-23T12:29:47","modified_gmt":"2019-06-23T12:29:47","slug":"menntun","status":"publish","type":"page","link":"https:\/\/uni.hi.is\/dln\/ferill\/menntun\/","title":{"rendered":"Menntun"},"content":{"rendered":"<p><strong>1994<\/strong>: Dr.Phil. fr\u00e1 Vrije Universiteit Amsterdam, Hollandi<\/p>\n<p>Doktorsritger\u00f0: \u201eThe Icelandic Voice in Canadian Letters: The Contribution of Icelandic-Canadian Writers to Canadian Literature\u201c<\/p>\n<p><strong>1988<\/strong>: MA pr\u00f3f (<em>cum laude<\/em>) \u00ed enskum b\u00f3kmenntum fr\u00e1 Vrije Universiteit Amsterdam, Hollandi<\/p>\n<p>MA ritger\u00f0 um vestur-\u00edslenskar b\u00f3kmenntir<\/p>\n<p><strong>1983<\/strong>: BA pr\u00f3f \u00ed ensku fr\u00e1 Vrije Universiteit Amsterdam, Hollandi<\/p>\n","protected":false},"excerpt":{"rendered":"<p>1994: Dr.Phil. fr\u00e1 Vrije Universiteit Amsterdam, Hollandi Doktorsritger\u00f0: \u201eThe Icelandic Voice in Canadian Letters: The Contribution of Icelandic-Canadian Writers to Canadian Literature\u201c 1988: MA pr\u00f3f (cum laude) \u00ed enskum b\u00f3kmenntum fr\u00e1 Vrije Universiteit Amsterdam, Hollandi MA ritger\u00f0 um vestur-\u00edslenskar b\u00f3kmenntir 1983: BA pr\u00f3f \u00ed ensku fr\u00e1 Vrije Universiteit Amsterdam, Hollandi<\/p>\n","protected":false},"author":1512,"featured_media":0,"parent":2,"menu_order":2,"comment_status":"closed","ping_status":"closed","template":"","meta":{"footnotes":""},"class_list":["post-38","page","type-page","status-publish","hentry"],"_links":{"self":[{"href":"https:\/\/uni.hi.is\/dln\/wp-json\/wp\/v2\/pages\/38","targetHints":{"allow":["GET"]}}],"collection":[{"href":"https:\/\/uni.hi.is\/dln\/wp-json\/wp\/v2\/pages"}],"about":[{"href":"https:\/\/uni.hi.is\/dln\/wp-json\/wp\/v2\/types\/page"}],"author":[{"embeddable":true,"href":"https:\/\/uni.hi.is\/dln\/wp-json\/wp\/v2\/users\/1512"}],"replies":[{"embeddable":true,"href":"https:\/\/uni.hi.is\/dln\/wp-json\/wp\/v2\/comments?post=38"}],"version-history":[{"count":2,"href":"https:\/\/uni.hi.is\/dln\/wp-json\/wp\/v2\/pages\/38\/revisions"}],"predecessor-version":[{"id":65,"href":"https:\/\/uni.hi.is\/dln\/wp-json\/wp\/v2\/pages\/38\/revisions\/65"}],"up":[{"embeddable":true,"href":"https:\/\/uni.hi.is\/dln\/wp-json\/wp\/v2\/pages\/2"}],"wp:attachment":[{"href":"https:\/\/uni.hi.is\/dln\/wp-json\/wp\/v2\/media?parent=38"}],"curies":[{"name":"wp","href":"https:\/\/api.w.org\/{rel}","templated":true}]}}