{"id":40,"date":"2019-06-23T11:51:57","date_gmt":"2019-06-23T11:51:57","guid":{"rendered":"http:\/\/uni.hi.is\/dln\/?page_id=40"},"modified":"2023-05-26T13:47:46","modified_gmt":"2023-05-26T13:47:46","slug":"research","status":"publish","type":"page","link":"https:\/\/uni.hi.is\/dln\/english\/research\/","title":{"rendered":"Research"},"content":{"rendered":"<p>&nbsp;<\/p>\n<p><span style=\"font-size: 14pt\"><strong>Research interests<\/strong><\/span><\/p>\n<p>My research interests are in the following areas:<\/p>\n<p><strong>Literature<\/strong>: Icelandic literature of the 20th and 21st century (particularly fiction); war and occupation literature, literatures of memory and trauma, Icelandic-Canadian literature, Canadian and minority literatures. In all of these, the role of cultural and national identity is of particular interest to me, as is a transcultural approach. Based on my research in peripheral and minority literatures in Canada, I have, in recent years, also developed an interest in island literatures and cultures, as well as in the role and mediation of North in literature<\/p>\n<p><strong>Language<\/strong>: Icelandic as a second language, Icelandic as a heritage language, Heritage Language Studies. I am primarily interested in the teaching methodologies and materials for second and heritage languages from a cultural and literary perspective, the role of literature, culture and cultural identity in second and heritage language teaching<\/p>\n<p>&nbsp;<\/p>\n<p><span style=\"font-size: 14pt\"><strong>Research projects<\/strong><\/span><\/p>\n<p>In recent years, much of my research has focussed on war and occupation literature and literatures of memory and trauma, particularly in an Icelandic context. In 2007 I received a Leverhulme Research Fellowship to start this research, and since then its progression has benefitted from the financial support of an EDDA Research Grant (2011-21: \u201eMemory and Forgetting: Ruptures, Gaps, National Identity\u201d), participation in the COST-action \u201cIn Search of Transcultural memory in Europe\u201d (2013-2017) led by Barbara T\u00f6rnquist-Plewa, and, not least, co-operation with <a href=\"https:\/\/uni.hi.is\/gunnth\/memory-and-forgetting\/\">Gunn\u00fe\u00f3runn Gu\u00f0mundsd\u00f3ttir<\/a>. I am currently working on a book on this topic.<\/p>\n<p>In 2015, the <a href=\"https:\/\/memory.hi.is\/research-projects\/\">Icelandic-Irish Memory Studies Network<\/a> was founded and has hosted two symposiums to date as well as actively promoted research co-operation between its members. In my case, this has led to research on the public memory and mediation of the Icelandic experience of the Second World War through memorials, museums, policy and public discourse.<\/p>\n<p>I was part of a large Icelandic research project on \u201eHeritage Language, Linguistic Change and Cultural Identity\u201d, supported by a Rann\u00eds Research Project Grant (2013- 2016) and led by H\u00f6skuldur Thr\u00e1insson and Birna Arnbj\u00f6rnsd\u00f3ttir. My part in the project foussed on the role of cultural identity for Icelandic as a heritage language. The research included interviews taken with people of Icelandic descent from across Canada and the U.S. The main findings were presented in <em>Sigurtunga. Vestur-\u00edslenskt m\u00e1l og menning<\/em>, edited by H\u00f6skuldur \u00der\u00e1insson, Birna Arnbj\u00f6rnsd\u00f3ttir and \u00dalfar Bragason (University of Iceland Press, 2018).<\/p>\n<p>In 2007-2010 I took part in the international research project \u201cIceland and Images of the North\u201d, led by Sumarli\u00f0i \u00cdsleifsson (Reykjavik Academy) and Daniel Chartier (University of Montr\u00e9al) and supported by a Rann\u00eds Center of Excellence Grant, studying the representation of Iceland in foreign literatures from the perspective of the ideas of North and nordicity. The findings of the project were published in <em>Iceland and Images of the North<\/em>, edited by Daniel Chartier og Sumarli\u00f0i \u00cdsleifsson (Montr\u00e9al: Presses de l\u00b4Universit\u00e9 de Qu\u00e9bec, 2011).<\/p>\n","protected":false},"excerpt":{"rendered":"<p>&nbsp; Research interests My research interests are in the following areas: Literature: Icelandic literature of the 20th and 21st century (particularly fiction); war and occupation literature, literatures of memory and trauma, Icelandic-Canadian literature, Canadian and minority literatures. In all of these, the role of cultural and national identity is of particular interest to me, as [&hellip;]<\/p>\n","protected":false},"author":1512,"featured_media":0,"parent":11,"menu_order":2,"comment_status":"closed","ping_status":"closed","template":"","meta":{"footnotes":""},"class_list":["post-40","page","type-page","status-publish","hentry"],"_links":{"self":[{"href":"https:\/\/uni.hi.is\/dln\/wp-json\/wp\/v2\/pages\/40","targetHints":{"allow":["GET"]}}],"collection":[{"href":"https:\/\/uni.hi.is\/dln\/wp-json\/wp\/v2\/pages"}],"about":[{"href":"https:\/\/uni.hi.is\/dln\/wp-json\/wp\/v2\/types\/page"}],"author":[{"embeddable":true,"href":"https:\/\/uni.hi.is\/dln\/wp-json\/wp\/v2\/users\/1512"}],"replies":[{"embeddable":true,"href":"https:\/\/uni.hi.is\/dln\/wp-json\/wp\/v2\/comments?post=40"}],"version-history":[{"count":4,"href":"https:\/\/uni.hi.is\/dln\/wp-json\/wp\/v2\/pages\/40\/revisions"}],"predecessor-version":[{"id":164,"href":"https:\/\/uni.hi.is\/dln\/wp-json\/wp\/v2\/pages\/40\/revisions\/164"}],"up":[{"embeddable":true,"href":"https:\/\/uni.hi.is\/dln\/wp-json\/wp\/v2\/pages\/11"}],"wp:attachment":[{"href":"https:\/\/uni.hi.is\/dln\/wp-json\/wp\/v2\/media?parent=40"}],"curies":[{"name":"wp","href":"https:\/\/api.w.org\/{rel}","templated":true}]}}