{"id":44,"date":"2019-06-23T11:52:50","date_gmt":"2019-06-23T11:52:50","guid":{"rendered":"http:\/\/uni.hi.is\/dln\/?page_id=44"},"modified":"2023-05-26T13:33:22","modified_gmt":"2023-05-26T13:33:22","slug":"teaching","status":"publish","type":"page","link":"https:\/\/uni.hi.is\/dln\/english\/teaching\/","title":{"rendered":"Teaching"},"content":{"rendered":"<p>&nbsp;<\/p>\n<p><span style=\"font-size: 14pt\"><strong>Courses taught<\/strong><\/span><\/p>\n<p>&nbsp;<\/p>\n<p><strong>Icelandic as a Second Language, University of Iceland:<\/strong><\/p>\n<p>\u00cdSE405G: Icelandic Usage II: Composition and Academic Writing (2023&gt;)<\/p>\n<p>\u00cdSE502G: Translation (2021&gt;)<\/p>\n<p>\u00cdSE105G \/ \u00cdSE205G: Conversation I and II (2019&gt;)<\/p>\n<p>\u00cdSE509G: Teaching Icelandic as a Second Language (2019; classes on Culture and Literature as part of second-language teaching and learning)<\/p>\n<p>\u00cdSE602G: The Advent of Modernity: Icelandic Literature in the Twentieth Century (2019)<\/p>\n<p>\u00cdSE309G: Contemporary Icelandic Literature and Literary Theory (2018, 2016)<\/p>\n<p>\u00cdSE014G: Icelandic Culture (2012 \u2013 2016)<\/p>\n<p>\u00cdSM704F: Icelandic Language and Culture in North America (2015; class on Language and Identity) (MA)<\/p>\n<p>\u00cdSE602G: Icelandic Literature after 1550 (2014 - 2016)<\/p>\n<p>\u00cdSE407G: Introduction to Literature and Literary Theory (2016)<\/p>\n<p>\u00cdSE406G: Icelandic Folktales (2014, 2015)<\/p>\n<p>\u00cdSE309G: Contemporary Literature (2013)<\/p>\n<p>\u00cdSE405G Language Use II (2012; with Mar\u00eda Anna Gar\u00f0arsd\u00f3ttir)<\/p>\n<p>&nbsp;<\/p>\n<p><strong>Comparative Literature and Comparative Culture, University of Iceland:<\/strong><\/p>\n<p>KVI205G: Reykjavik in Film and Literature (2016; two classes)<\/p>\n<p>ABF312G Literature and War (2012 (BA)<\/p>\n<p>ABF709F Memory and Forgetting (2011, with Gunn\u00fe\u00f3runn Gu\u00f0mundsd\u00f3ttir) (MA)<\/p>\n<p>&nbsp;<\/p>\n<p><strong>English, University of Iceland:<\/strong><\/p>\n<p>-ENS203G English composition (2012) (BA)<\/p>\n<p>&nbsp;<\/p>\n<p><strong>M\u00edmir: College for Continuing Education:<\/strong><\/p>\n<p>-\u201cIcelandic for Foreigners\u201d levels 1-4 (2011-2013).<\/p>\n<p>&nbsp;<\/p>\n<p><strong>Dept of Scandinavian Studies, University College London:<\/strong><\/p>\n<p>- Basic Modern Icelandic (2000-2011)<\/p>\n<p>- Intermediate Modern Icelandic (1999-2011)<\/p>\n<p>- Icelandic Literature after 1960 (1999-2011)<\/p>\n<p>- Advanced Modern Icelandic (1999-00, 2001-02, 2003-2011)<\/p>\n<p>- Modern Icelandic Literature (1999-00, 2003-2011)<\/p>\n<p>- The History and Literature of War, European Studies (2009-2011; co-ordinator and teacher of several classes)<\/p>\n<p>- Icelandic Folklore as Cultural Narrative (2005-2008)<\/p>\n<p>- Nordic Cinema: Icelandic component (2005-2008)<\/p>\n<p>- Icelandic Film (2000-2003)<\/p>\n<p>- Introduction to Old and Modern Icelandic (1999-00; with Richard Perkins)<\/p>\n<p>- Extended Essay in Scandinavian Literature or Cultural Studies (2000-2006)<\/p>\n<p>&nbsp;<\/p>\n<p><strong>Dept of Icelandic, University of Manitoba, Canada:<\/strong><\/p>\n<p>- Icelandic-Canadian Literature (1995-96) (MA)<\/p>\n<p>- Advanced Icelandic\u00a0 (1995-96) (MA)<\/p>\n<p>- Canadian Literature Pre-1967 (1997) (BA)<\/p>\n<p>- The Icelanders in Canada (1995, 1997, 1998) (BA)<\/p>\n<p>- Introductory Icelandic (1994-99) (BA)<\/p>\n<p>- Intermediate Icelandic (1994-99( (BA)<\/p>\n<p>&nbsp;<\/p>\n<p><strong>English, Vrije Universiteit, Amsterdam:<\/strong><\/p>\n<p>English Renaissance Literature (1993) (BA)<\/p>\n","protected":false},"excerpt":{"rendered":"<p>&nbsp; Courses taught &nbsp; Icelandic as a Second Language, University of Iceland: \u00cdSE405G: Icelandic Usage II: Composition and Academic Writing (2023&gt;) \u00cdSE502G: Translation (2021&gt;) \u00cdSE105G \/ \u00cdSE205G: Conversation I and II (2019&gt;) \u00cdSE509G: Teaching Icelandic as a Second Language (2019; classes on Culture and Literature as part of second-language teaching and learning) \u00cdSE602G: The Advent [&hellip;]<\/p>\n","protected":false},"author":1512,"featured_media":0,"parent":11,"menu_order":4,"comment_status":"closed","ping_status":"closed","template":"","meta":{"footnotes":""},"class_list":["post-44","page","type-page","status-publish","hentry"],"_links":{"self":[{"href":"https:\/\/uni.hi.is\/dln\/wp-json\/wp\/v2\/pages\/44","targetHints":{"allow":["GET"]}}],"collection":[{"href":"https:\/\/uni.hi.is\/dln\/wp-json\/wp\/v2\/pages"}],"about":[{"href":"https:\/\/uni.hi.is\/dln\/wp-json\/wp\/v2\/types\/page"}],"author":[{"embeddable":true,"href":"https:\/\/uni.hi.is\/dln\/wp-json\/wp\/v2\/users\/1512"}],"replies":[{"embeddable":true,"href":"https:\/\/uni.hi.is\/dln\/wp-json\/wp\/v2\/comments?post=44"}],"version-history":[{"count":6,"href":"https:\/\/uni.hi.is\/dln\/wp-json\/wp\/v2\/pages\/44\/revisions"}],"predecessor-version":[{"id":161,"href":"https:\/\/uni.hi.is\/dln\/wp-json\/wp\/v2\/pages\/44\/revisions\/161"}],"up":[{"embeddable":true,"href":"https:\/\/uni.hi.is\/dln\/wp-json\/wp\/v2\/pages\/11"}],"wp:attachment":[{"href":"https:\/\/uni.hi.is\/dln\/wp-json\/wp\/v2\/media?parent=44"}],"curies":[{"name":"wp","href":"https:\/\/api.w.org\/{rel}","templated":true}]}}