{"id":46,"date":"2019-06-23T11:53:26","date_gmt":"2019-06-23T11:53:26","guid":{"rendered":"http:\/\/uni.hi.is\/dln\/?page_id=46"},"modified":"2023-05-26T13:24:23","modified_gmt":"2023-05-26T13:24:23","slug":"baekur-og-ritstjorn","status":"publish","type":"page","link":"https:\/\/uni.hi.is\/dln\/ritaskra\/baekur-og-ritstjorn\/","title":{"rendered":"B\u00e6kur og ritstj\u00f3rn"},"content":{"rendered":"<p>&nbsp;<\/p>\n<p><span style=\"font-size: 14pt\"><strong>B\u00e6kur<\/strong>:<\/span><\/p>\n<p><em>Icelandic. An Essential Grammar. <\/em>London\/New York: Routledge 2021. 496 bls. ISBN 978-1-138-84333-2.<\/p>\n<p><em>Colloquial Icelandic: A Complete Course for Beginners<\/em> (b\u00f3k og geisladiskur). London\/New York: Routledge 2013. 370 bls.<\/p>\n<p><em>The Icelandic Voice in Canadian Letters<\/em>. Ottawa: Carleton University Press, 1997. 436 bls. ISBN 0-88629-317-0.<\/p>\n<p>&nbsp;<\/p>\n<p><span style=\"font-size: 14pt\"><strong>Fr\u00e6\u00f0ileg ritstj\u00f3rn<\/strong>:<\/span><\/p>\n<p>\u00c1samt Gunn\u00fe\u00f3runni Gu\u00f0mundsd\u00f3ttur, ritstj. og inngangsor\u00f0. <em>Minni og gleymska<\/em>. <em>Riti<\/em><em>\u00f0<\/em> 13.1 (2013). 226 bls.<\/p>\n<p>Ritstj. og inngangur. <em>A History of Icelandic Literature<\/em>. 5. bindi \u00ed ritr\u00f6\u00f0inni <em>Histories of Scandinavian Literature<\/em>, ritstj. Sven Rossel. Lincoln: University of Nebraska Press, 2006. 730 bls. ISBN-13 978-0-8032-3346-1.<\/p>\n<p>Ritstj. og inngangsor\u00f0. <em>Perkensian Rambles: A Collection of Essays in Honour of Richard Perkins<\/em>. London: Department of Scandinavian Studies\/UCL, 2005. 85 bls.<\/p>\n<p>\u00c1samt Gunn\u00fe\u00f3runni Gu\u00f0mundsd\u00f3ttur, ritstj. og inngangsor\u00f0. <em>The Silent Music of the Clouds: 100 Years with Halld<\/em><em>\u00f3<\/em><em>r Laxness. Scandinavica <\/em>Special Issue 42.1 (May 2003). 204 bls.<\/p>\n","protected":false},"excerpt":{"rendered":"<p>&nbsp; B\u00e6kur: Icelandic. An Essential Grammar. London\/New York: Routledge 2021. 496 bls. ISBN 978-1-138-84333-2. Colloquial Icelandic: A Complete Course for Beginners (b\u00f3k og geisladiskur). London\/New York: Routledge 2013. 370 bls. The Icelandic Voice in Canadian Letters. Ottawa: Carleton University Press, 1997. 436 bls. ISBN 0-88629-317-0. &nbsp; Fr\u00e6\u00f0ileg ritstj\u00f3rn: \u00c1samt Gunn\u00fe\u00f3runni Gu\u00f0mundsd\u00f3ttur, ritstj. og inngangsor\u00f0. Minni [&hellip;]<\/p>\n","protected":false},"author":1512,"featured_media":0,"parent":13,"menu_order":0,"comment_status":"closed","ping_status":"closed","template":"","meta":{"footnotes":""},"class_list":["post-46","page","type-page","status-publish","hentry"],"_links":{"self":[{"href":"https:\/\/uni.hi.is\/dln\/wp-json\/wp\/v2\/pages\/46","targetHints":{"allow":["GET"]}}],"collection":[{"href":"https:\/\/uni.hi.is\/dln\/wp-json\/wp\/v2\/pages"}],"about":[{"href":"https:\/\/uni.hi.is\/dln\/wp-json\/wp\/v2\/types\/page"}],"author":[{"embeddable":true,"href":"https:\/\/uni.hi.is\/dln\/wp-json\/wp\/v2\/users\/1512"}],"replies":[{"embeddable":true,"href":"https:\/\/uni.hi.is\/dln\/wp-json\/wp\/v2\/comments?post=46"}],"version-history":[{"count":6,"href":"https:\/\/uni.hi.is\/dln\/wp-json\/wp\/v2\/pages\/46\/revisions"}],"predecessor-version":[{"id":158,"href":"https:\/\/uni.hi.is\/dln\/wp-json\/wp\/v2\/pages\/46\/revisions\/158"}],"up":[{"embeddable":true,"href":"https:\/\/uni.hi.is\/dln\/wp-json\/wp\/v2\/pages\/13"}],"wp:attachment":[{"href":"https:\/\/uni.hi.is\/dln\/wp-json\/wp\/v2\/media?parent=46"}],"curies":[{"name":"wp","href":"https:\/\/api.w.org\/{rel}","templated":true}]}}