{"id":48,"date":"2019-06-23T11:54:09","date_gmt":"2019-06-23T11:54:09","guid":{"rendered":"http:\/\/uni.hi.is\/dln\/?page_id=48"},"modified":"2023-05-26T13:22:10","modified_gmt":"2023-05-26T13:22:10","slug":"greinar-og-bokakaflar","status":"publish","type":"page","link":"https:\/\/uni.hi.is\/dln\/ritaskra\/greinar-og-bokakaflar\/","title":{"rendered":"Greinar og b\u00f3kakaflar"},"content":{"rendered":"<p>\u201eIslands and War: Remembering the Allied Occupation in Iceland.\u201c <em>Iceland \u2013 Ireland and the TransAtlantic Peripheral: Memory, Literature, Culture<\/em>.\u00a0 Ritstj. Fionuala Dilland og Gunn\u00fe\u00f3runn Gu\u00f0mundsd\u00f3ttir. Leiden: Brill, 2022. Bls. 108-34.<\/p>\n<p>\u201eThe Allied Occupation of Iceland: Indri\u00f0i G. \u00deorsteinsson\u2019s <em>North of War<\/em>.\u201c <em>Nordic War Stories: World War II as History, Fiction, Media, and Memory<\/em>.\u00a0 Ritstj. Marianne Stecher-Hansen. New York \/ Oxford: Berghahn, 2021. Bls. 287-307.<\/p>\n<p>\u201eComplex Nostalgias: North, Pastness and Community Survival in Arnaldur Indri\u00f0ason\u2019s <em>Strange Shores<\/em> and Ann Cleeves\u2019 <em>Blue Lightning<\/em>.\u201c <em>Noir in the North: Genre, Politics and Place<\/em>. Ritstj. Stacy Gillis og Gunn\u00fe\u00f3runn Gu\u00f0mundsd\u00f3ttir. London: Bloomsbury, 2020. Bls. 85-99.<\/p>\n<p>\u201eStr\u00ed\u00f0 og gl\u00e6pir \u00ed sk\u00e1lds\u00f6gum Arnaldar Indri\u00f0asonar.\u201c <em>T\u00edmarit M\u00e1ls og menningar<\/em> 81.3 (haust 2020): bls. 5-30.<\/p>\n<p>\u201eNorse Mythology in Icelandic Fiction on the Second World War.\u201c <em>Northern Myths, Modern Identities: <\/em><em>The Nationalisation of Northern Mythologies since 1800<\/em>. Ritstj. Simon Halink.\u00a0 Leiden\/Boston: Brill, 2019. Bls. 115-126.<\/p>\n<p>\u201eM\u00e1l til samskipta e\u00f0a tengsla? Gildi \u00edslenskunnar \u00ed Vesturheimi.\u201c <em>Sigurtunga. Vestur-\u00edslenskt m\u00e1l og menning<\/em>. Ritstj. H\u00f6skuldur \u00der\u00e1insson, Birna Arnbj\u00f6rnsd\u00f3ttir og \u00dalfar Bragason. H\u00e1sk\u00f3la\u00fatg\u00e1fan, 2018. Bls. 279-302.<\/p>\n<p>me\u00f0 Gunn\u00fe\u00f3runni Gu\u00f0mundsd\u00f3ttur. \u00a0\u201eLiterary Mediation and Reception of Memories of War: Hallgr\u00edmur Hallgr\u00edmsson\u2019s \u2018Under the Republic\u2019s Flag\u2019\u201c \u00a0<em>The Twentieth Century in European Memory: Transcultural Mediation and Reception<\/em>. Ritstj. Barbara T\u00f6rnquist-Plewa og Tea Sindb\u00e6k Andersen. Leiden\/Boston: Brill, 2017. Bls. 220-239.<\/p>\n<p>\u201eWar and Crime in the Work of Arnaldur Indri\u00f0ason.\u201c <em>Tijdschrift voor Skandinavistiek<\/em> 35.1 (2017): 4-25.\u00a0 &lt;<a href=\"http:\/\/ugp.rug.nl\/tvs\/article\/view\/29433\/26761\">ugp.rug.nl\/tvs\/article\/view\/29433\/26761<\/a>&gt;<\/p>\n<p>\u201eSoldiers and Other Monsters: the Allied Occupation in Icelandic Fiction<em>.<\/em>\u201c\u00a0 <em>Scandinavian-Canadian Studies<\/em> 23 (2016): 96-120.\u00a0 &lt;<a href=\"http:\/\/www.scancan.net\/pdf\/neijmann_1_23.pdf\">www.scancan.net\/pdf\/neijmann_1_23.pdf<\/a>&gt;<\/p>\n<p>\u201e\u2019\u00c1 landam\u00e6rahafinu\u2019: Huglei\u00f0ingar um s\u00f6gur Sv\u00f6vu Jakobsd\u00f3ttur.\u201c <em>T\u00edmarit M\u00e1ls og menningar<\/em> 77.2 (j\u00fan\u00ed 2016): 66-74.<\/p>\n<p>\u201e\u201aForeign\u2018 Immigrants Write Back: The Publication of Laura Goodman Salverson\u2019s <em>The Viking Heart.<\/em>\u201c \u00a0<em>Translation Effects<\/em>.\u00a0 Ritstj. Kathy Mezei, Sherry Simon, og Luise von Flotow. Montreal\/Kingston: McGill-Queen\u2019s University Press, 2014. Bls. 163-73. ISBN 978-0-7735-4316-4.<\/p>\n<p>\u201e\u2019... sem allur \u00feungi heimsstyrjaldar l\u00e6gi \u00ed skauti hennar\u2019: \u00e1standskonur \u00ed \u00edslenskum hern\u00e1mss\u00f6gum eftir karla.\u201c <em>Fl\u00e9ttur III: Jafnr\u00e9tti, menning, samf\u00e9lag<\/em>. Ritstj. Annad\u00eds Gr\u00e9ta R\u00fad\u00f3lfsd\u00f3ttir, Gu\u00f0ni El\u00edsson, Ing\u00f3lfur \u00c1sgeir J\u00f3hannesson og Irma Erlendsd\u00f3ttir. Reykjav\u00edk: RIKK\/H\u00e1sk\u00f3la\u00fatg\u00e1fan, 2014.\u00a0 Bls. 196-213. ISBN 978-9935-23-017-1<\/p>\n<p>\u201eL\u2019Image de l\u2019Islande dans la litt\u00e9rature.\u201c <em>L\u00b4Islande dans l\u00b4imaginaire<\/em>. Ritstj. Hanna Steinunn \u00deorleifsd\u00f3ttir og Francois Emion. Caen: Presses universitaires de Caen, 2013. Bls. 129-43<\/p>\n<p>\u201e\u201aA Fabulous Potency\u2018: Masculinity in Icelandic War Literature.\u201c <em>Men after War<\/em>. Ritstj. Stephen McVeigh og Nicola Cooper. London: Routledge, 2013. Bls. 152-169.<\/p>\n<p>\u201e\u201aHrings\u00f3l um dulinn kjarna.\u2018 Minni og gleymska \u00ed \u00fer\u00edleik \u00d3lafs J\u00f3hanns Sigur\u00f0ssonar.\u201c <em>Riti\u00f0<\/em> 12.1 (2012): 115-39.<\/p>\n<p>\u201eForeign Fictions of Iceland.\u201c <em>Iceland and Images of the North<\/em>. Ritstj. Daniel Chartier og Sumarli\u00f0i \u00cdsleifsson. Montr\u00e9al: Presses de l\u00b4Universit\u00e9 de Qu\u00e9bec, 2011b. Bls. 481-584.<\/p>\n<p>\u201e\u00d3bo\u00f0inn gestur: Fyrstu birtingarmyndir hern\u00e1msins \u00ed \u00edslenskum sk\u00e1lds\u00f6gum.\u201c <em>Sk\u00edrnir<\/em> 185 (vor 2011a): 64-88.<\/p>\n<p>Me\u00f0 Cristina Ros i Sole og Jelena Calic. \u201eA social and self-reflective approach to MALL [Mobile Assisted Language Learning].\u201c \u00a0<em>ReCALL<\/em> 22.1 (Jan. 2010): 39-52.<\/p>\n<p>\u201eThe Image of Iceland in UK Fiction\u201c. <em>Scandinavica<\/em> 48.2 (2009): 26-58.<\/p>\n<p>\u201e\u201aGirl Interrupting\u2018: History and Art as Clairvoyance in the Fiction of Vigd\u00eds Gr\u00edmsd\u00f3ttir.\u201c <em>Scandinavian-Canadian Studies<\/em> 17 (2007c): 1-16.\u00a0 &lt;<a href=\"http:\/\/lettuce.tapor.uvic.ca\/cocoon\/journals\/scancan\/article.pdf?id=neijmann_1_17\">lettuce.tapor.uvic.ca\/cocoon\/journals\/scancan\/article.pdf?id=neijmann_1_17<\/a>&gt;<\/p>\n<p>\u201e\u201aA\u00f0 skrifa \u00cdsland inn \u00ed umheiminn\u2018: \u00fe\u00fd\u00f0ingar \u00e1 \u00cdslandi \u00ed menningarkennslu og b\u00f3kmenntas\u00f6gu erlendis.\u201c <em>Riti\u00f0<\/em> 7.2-3 (2007b): 241-53.<\/p>\n<p>\u201e\u201aNew\u2018 Icelandic Literature: Icelandic-Canadian Challenges to Icelandic Cultural Identity.\u201c\u00a0 <em>Centring on the Peripheries: Studies in Scandinavian, Scottish, Gaelic and Greenlandic Literature<\/em>. Ritstj. Bjarne Thomsen. Norwich: Norvik Press, 2007a. Bls. 185-99.<\/p>\n<p>\u201eIcelandic Canadian Literature.\u201c <em>A History of Icelandic Literature<\/em>. Ritstj. Daisy Neijmann.\u00a0 Lincoln, Nebraska: University of Nebraska Press, 2006b.\u00a0 Bls. 608-642.<\/p>\n<p>\u201eIn Search of an Icelandic Literature: The History and Practice of Early Icelandic Literary Historiography.\u201c\u00a0 <em>Scandinavica<\/em> 45.1 (May 2006a): 43-73.<\/p>\n<p>\u201eLaura Goodman Salverson\u201c. <em>The Literary Encyclopedia: Literature in English around the World<\/em>.\u00a0 Ritstj. Robert Clark.\u00a0 &lt;<a href=\"https:\/\/www.litencyc.com\/php\/speople.php?rec=true&amp;UID=3923\">www.litencyc.com\/php\/speople.php?rec=true&amp;UID=3923<\/a>&gt;.<\/p>\n<p>\u201e\u201aMany Masks Merge in an Island Face\u2018: Re-imagining an Orcadian Past.\u201c <em>Words in their Places: A Festschrift for J. Lachlan Mackenzie<\/em>. Ritstj. Henk Aertsen, Mike Hannay og Rod Lyall.\u00a0 Amsterdam: VU Press, 2004b.\u00a0 Bls. 111-122.<\/p>\n<p>\u201e\u201aCracking the Boundaries\u2018: Icelandic-Canadian Challenges to Canadian Literature.\u201c <em>Adjacencies: Minority Writing in Canada<\/em>. Ritstj. Lianne Moyes, Licia Canton og Domenic A. Beneventi. Essay Series 49. Toronto\/Lancaster: Guernica, 2004a. Bls. 56-77.<\/p>\n<p>\u201eLaura \u201aL\u00e1rusd\u00f3ttir\u2018 Salverson: Walking in the Narrative Ways of the Father.\u201c <em>Rediscovering Canadian Difference<\/em>. Ritstj. Gudrun Bj\u00f6rk Gudsteins. The Nordic Association for Canadian Studies Text Series 17. Reykjav\u00edk: University of Iceland Press, 2001. Bls. 153-164.<\/p>\n<p>\u201e\u201aBeyond Icelandic\u2018: Teaching in a Heritage Language and Literature Department.\u201c <em>Scandinavian-Canadian Studies<\/em> 13 (2000-2001): 62-73.<\/p>\n<p>\u201eDamned with Faint Praise: The Reception of Laura Goodman Salverson\u2019s Works by the Icelandic Canadian Community.\u201c<em> Scandinavian-Canadian Studies<\/em> 12 (1999c): 40-62.<\/p>\n<p>\u201eFighting with Blunt Swords: Laura Goodman Salverson and the Beginnings of a Canadian Literary Canon.\u201c <em>Essays on Canadian Writing<\/em> 67 (Summer 1999b): 138-73. ISSN 0313-0301<\/p>\n<p>\u201eIcelandic-Canadian Literature And Anglophone Minority Writing In Canada.\u201c <em>World Literature Today<\/em>, special issue on contemporary literatures in Canada 73.2 (Spring 1999a): 245-55.<\/p>\n<p>\u201eLaura Goodman Salverson and the Marginalization of Ethnic-Canadian Female Identity in Early Twentieth-Century Canadian Literature.\u201c <em>Canada<\/em><em> and the Nordic Countries in Times of Reorientation: Literature &amp; Criticism<\/em>. Ritstj. J\u00f8rn Carlsen. The Nordic Association for Canadian Studies Text Series 12. Aarhus, Denmark: University of Aarhus, 1998. Bls. 163-82.<\/p>\n<p>\u201eCommunity and Identity in Icelandic-Canadian Literature.\u201c <em>Scandinavian-Canadian Studies<\/em> 10 (1997c): 53-75.<\/p>\n<p>\u201eIn Search of the Canadian Icelander: Writing an Icelandic-Canadian Identity into Canadian Literature.\u201c <em>Canadian Ethnic Studies<\/em> 29.3 (1997b): 64-74.<\/p>\n<p>Me\u00f0 David G. Delafenetre. \u201eThe Netherlandic and Scandinavian Transition in Canada: A Sociological and Literary Perspective.\u201c <em>International Journal for Canadian Studies<\/em> 15 (Spring 1997a): 209-30.<\/p>\n<p>\u201eA Failure of Imagination? Icelandic-Canadian Literary Culture in the \u201aCanadian Mosaic\u2018.\u201c <em>Chicago\/Amsterdam, A Man of Two Cities: Essays in Memoriam of August J. Fry<\/em>. Ritstj. Henk Aertsen og Richard Todd. Amsterdam: VU Press 1996b. Bls. 73-91.<\/p>\n<p>\u201e\u00cdslenska r\u00f6ddin \u00ed kanad\u00edskum b\u00f3kmenntum.\u201c <em>Sk\u00edrnir<\/em> (vor 1996a): 145-71.<\/p>\n<p>\u201eLaura Goodman Salverson, Guttormur J. Guttormsson, and the Dual World of Second-Generation Canadian Authors.\u201c <em>Scandinavian-Canadian Studies<\/em> 8 (1995): 19-36.<\/p>\n","protected":false},"excerpt":{"rendered":"<p>\u201eIslands and War: Remembering the Allied Occupation in Iceland.\u201c Iceland \u2013 Ireland and the TransAtlantic Peripheral: Memory, Literature, Culture.\u00a0 Ritstj. Fionuala Dilland og Gunn\u00fe\u00f3runn Gu\u00f0mundsd\u00f3ttir. Leiden: Brill, 2022. Bls. 108-34. \u201eThe Allied Occupation of Iceland: Indri\u00f0i G. \u00deorsteinsson\u2019s North of War.\u201c Nordic War Stories: World War II as History, Fiction, Media, and Memory.\u00a0 Ritstj. Marianne [&hellip;]<\/p>\n","protected":false},"author":1512,"featured_media":0,"parent":13,"menu_order":2,"comment_status":"closed","ping_status":"closed","template":"","meta":{"footnotes":""},"class_list":["post-48","page","type-page","status-publish","hentry"],"_links":{"self":[{"href":"https:\/\/uni.hi.is\/dln\/wp-json\/wp\/v2\/pages\/48","targetHints":{"allow":["GET"]}}],"collection":[{"href":"https:\/\/uni.hi.is\/dln\/wp-json\/wp\/v2\/pages"}],"about":[{"href":"https:\/\/uni.hi.is\/dln\/wp-json\/wp\/v2\/types\/page"}],"author":[{"embeddable":true,"href":"https:\/\/uni.hi.is\/dln\/wp-json\/wp\/v2\/users\/1512"}],"replies":[{"embeddable":true,"href":"https:\/\/uni.hi.is\/dln\/wp-json\/wp\/v2\/comments?post=48"}],"version-history":[{"count":7,"href":"https:\/\/uni.hi.is\/dln\/wp-json\/wp\/v2\/pages\/48\/revisions"}],"predecessor-version":[{"id":157,"href":"https:\/\/uni.hi.is\/dln\/wp-json\/wp\/v2\/pages\/48\/revisions\/157"}],"up":[{"embeddable":true,"href":"https:\/\/uni.hi.is\/dln\/wp-json\/wp\/v2\/pages\/13"}],"wp:attachment":[{"href":"https:\/\/uni.hi.is\/dln\/wp-json\/wp\/v2\/media?parent=48"}],"curies":[{"name":"wp","href":"https:\/\/api.w.org\/{rel}","templated":true}]}}