{"id":50,"date":"2019-06-23T11:54:50","date_gmt":"2019-06-23T11:54:50","guid":{"rendered":"http:\/\/uni.hi.is\/dln\/?page_id=50"},"modified":"2023-05-26T13:28:53","modified_gmt":"2023-05-26T13:28:53","slug":"annad","status":"publish","type":"page","link":"https:\/\/uni.hi.is\/dln\/ritaskra\/annad\/","title":{"rendered":"Anna\u00f0"},"content":{"rendered":"<p><span style=\"font-size: 14pt\"><strong>N\u00e1msvefir<\/strong>:<\/span><\/p>\n<p>\u00c1samt J\u00f3ni Karli Helgasyni og Olgu Holownia.\u00a0<em>Icelandic Online 5\u00a0<\/em>(menningarvefur fyrir lengra komna). Reykjav\u00edk: H\u00e1sk\u00f3li \u00cdslands, 22. ma\u00ed 2023. &lt;<a href=\"https:\/\/icelandiconline.com\/\">icelandiconline.com\/<\/a>&gt;<\/p>\n<p>\u00c1samt Birnu Arnbj\u00f6rnsd\u00f3ttur og fl. <em>Icelandic Online I<\/em>. Reykjav\u00edk: The University of Iceland, 27 August 2004. \u00der\u00f3unarvinna, <em>Icelandic Online II<\/em>, 28. j\u00fan\u00ed 2005. &lt;<a href=\"https:\/\/icelandiconline.com\/\">icelandiconline.com\/<\/a>&gt;<\/p>\n<p>\u00c1samt Soff\u00edu Gunnarsd\u00f3ttur og fl. <em>Bragi: Icelandic as a Foreign Language<\/em>: N\u00e1msvefur \u00ed \u00edslensku sem anna\u00f0 tungum\u00e1l. \u00der\u00f3unarvinna, 2000-2003. &lt;<a href=\"http:\/\/www2.hu-berlin.de\/bragi\/\">www2.hu-berlin.de\/bragi\/<\/a>&gt;<\/p>\n<p>&nbsp;<\/p>\n<p><span style=\"font-size: 14pt\"><strong>Ritd\u00f3mar<\/strong><\/span>:<\/p>\n<p>\"Ranns\u00f3knir \u00e1 str\u00ed\u00f0s\u00e1rum. Arnaldur Indri\u00f0ason: <em>\u00de\u00fdska h\u00fasi\u00f0<\/em>.\u201d <em>B\u00f3kmenntavefurinn<\/em>, desember 2015. &lt;<a href=\"http:\/\/bokmenntir.is\/desktopdefault.aspx\/tabid-3409\/5648_read-39724\/6711_view-6399\/\">bokmenntir.is\/desktopdefault.aspx\/tabid-3409\/5648_read-39724\/6711_view-6399\/<\/a>&gt;.<\/p>\n<p>Frans J. Schryer. <em>The Netherlandic Presence in Ontario: Pillars, Class and Dutch Ethnicity<\/em>.\u00a0 <em>Canadian Ethnic Studies<\/em> 31.2 (1999): 154-56.<\/p>\n<p>Joan Clark. <em>Eir\u00edksd\u00f3ttir<\/em>. <em>The Icelandic Canadian<\/em> 53.2 (winter 1994): 108-10.<\/p>\n<p>Magn\u00fas Einarsson. <em>Icelandic-Canadian Oral Narratives<\/em> and <em>Icelandic-Canadian Memory Lore<\/em>. <em>Canadian Ethnic Studies<\/em> 27.2 (1995): 215-17.<\/p>\n","protected":false},"excerpt":{"rendered":"<p>N\u00e1msvefir: \u00c1samt J\u00f3ni Karli Helgasyni og Olgu Holownia.\u00a0Icelandic Online 5\u00a0(menningarvefur fyrir lengra komna). Reykjav\u00edk: H\u00e1sk\u00f3li \u00cdslands, 22. ma\u00ed 2023. &lt;icelandiconline.com\/&gt; \u00c1samt Birnu Arnbj\u00f6rnsd\u00f3ttur og fl. Icelandic Online I. Reykjav\u00edk: The University of Iceland, 27 August 2004. \u00der\u00f3unarvinna, Icelandic Online II, 28. j\u00fan\u00ed 2005. &lt;icelandiconline.com\/&gt; \u00c1samt Soff\u00edu Gunnarsd\u00f3ttur og fl. Bragi: Icelandic as a Foreign Language: [&hellip;]<\/p>\n","protected":false},"author":1512,"featured_media":0,"parent":13,"menu_order":3,"comment_status":"closed","ping_status":"closed","template":"","meta":{"footnotes":""},"class_list":["post-50","page","type-page","status-publish","hentry"],"_links":{"self":[{"href":"https:\/\/uni.hi.is\/dln\/wp-json\/wp\/v2\/pages\/50","targetHints":{"allow":["GET"]}}],"collection":[{"href":"https:\/\/uni.hi.is\/dln\/wp-json\/wp\/v2\/pages"}],"about":[{"href":"https:\/\/uni.hi.is\/dln\/wp-json\/wp\/v2\/types\/page"}],"author":[{"embeddable":true,"href":"https:\/\/uni.hi.is\/dln\/wp-json\/wp\/v2\/users\/1512"}],"replies":[{"embeddable":true,"href":"https:\/\/uni.hi.is\/dln\/wp-json\/wp\/v2\/comments?post=50"}],"version-history":[{"count":5,"href":"https:\/\/uni.hi.is\/dln\/wp-json\/wp\/v2\/pages\/50\/revisions"}],"predecessor-version":[{"id":159,"href":"https:\/\/uni.hi.is\/dln\/wp-json\/wp\/v2\/pages\/50\/revisions\/159"}],"up":[{"embeddable":true,"href":"https:\/\/uni.hi.is\/dln\/wp-json\/wp\/v2\/pages\/13"}],"wp:attachment":[{"href":"https:\/\/uni.hi.is\/dln\/wp-json\/wp\/v2\/media?parent=50"}],"curies":[{"name":"wp","href":"https:\/\/api.w.org\/{rel}","templated":true}]}}