{"id":9,"date":"2019-06-23T11:27:30","date_gmt":"2019-06-23T11:27:30","guid":{"rendered":"http:\/\/uni.hi.is\/dln\/?page_id=9"},"modified":"2019-06-23T13:55:31","modified_gmt":"2019-06-23T13:55:31","slug":"rannsoknir","status":"publish","type":"page","link":"https:\/\/uni.hi.is\/dln\/rannsoknir\/","title":{"rendered":"Ranns\u00f3knir"},"content":{"rendered":"<p>&nbsp;<\/p>\n<p><span style=\"font-size: 14pt\"><strong>Ranns\u00f3knasvi\u00f0<\/strong><\/span><\/p>\n<p>&nbsp;<\/p>\n<p><strong>B\u00f3kmenntir<\/strong>:<\/p>\n<p>\u00cdslenskar hern\u00e1mss\u00f6gur, \u00cdslenskur sk\u00e1ldskapur \u00e1 20. og 21. \u00f6ld, str\u00ed\u00f0 og b\u00f3kmenntir, minni og tr\u00e1ma, \u00edslensk-kanad\u00edskar (vestur\u00edslenskar) b\u00f3kmenntir, kanad\u00edskar b\u00f3kmenntir, minnihlutab\u00f3kmenntir. \u00c1 \u00f6llum \u00feessum svi\u00f0um beinist \u00e1hugi minn ekki s\u00edst a\u00f0 menningarlegum sj\u00e1lfsmyndum og sj\u00e1lfsmyndarsk\u00f6pun, sko\u00f0a\u00f0ar \u00fat fr\u00e1 \u00fevermenningarlegu sj\u00f3narhorni. \u00c1hugi minn \u00e1 b\u00f3kmenntum menningarlegra minnihlutah\u00f3pa \u00ed kanad\u00edska samhengi hefur \u00e1 s\u00ed\u00f0ari \u00e1rum \u00fer\u00f3ast \u00ed \u00e1huga \u00e1 eyjab\u00f3kmenntum, og einnig \u00e1 hlutverki og mi\u00f0lun Nor\u00f0ursins \u00ed b\u00f3kmenntum<\/p>\n<p>&nbsp;<\/p>\n<p><strong>M\u00e1l og menning: <\/strong><\/p>\n<p>\u00cdslenska sem anna\u00f0 og erf\u00f0am\u00e1l, erf\u00f0am\u00e1lsf\u00e6\u00f0i, kennslua\u00f0fer\u00f0ir \u00ed \u00edslensku sem annars m\u00e1ls og erf\u00f0am\u00e1ls, hlutverk menningar, b\u00f3kmennta og sj\u00e1lfsmyndar \u00ed kennslu og n\u00e1mi \u00edslensku sem annars og erf\u00f0am\u00e1ls<\/p>\n","protected":false},"excerpt":{"rendered":"<p>&nbsp; Ranns\u00f3knasvi\u00f0 &nbsp; B\u00f3kmenntir: \u00cdslenskar hern\u00e1mss\u00f6gur, \u00cdslenskur sk\u00e1ldskapur \u00e1 20. og 21. \u00f6ld, str\u00ed\u00f0 og b\u00f3kmenntir, minni og tr\u00e1ma, \u00edslensk-kanad\u00edskar (vestur\u00edslenskar) b\u00f3kmenntir, kanad\u00edskar b\u00f3kmenntir, minnihlutab\u00f3kmenntir. \u00c1 \u00f6llum \u00feessum svi\u00f0um beinist \u00e1hugi minn ekki s\u00edst a\u00f0 menningarlegum sj\u00e1lfsmyndum og sj\u00e1lfsmyndarsk\u00f6pun, sko\u00f0a\u00f0ar \u00fat fr\u00e1 \u00fevermenningarlegu sj\u00f3narhorni. \u00c1hugi minn \u00e1 b\u00f3kmenntum menningarlegra minnihlutah\u00f3pa \u00ed kanad\u00edska samhengi hefur \u00e1 [&hellip;]<\/p>\n","protected":false},"author":1512,"featured_media":0,"parent":0,"menu_order":2,"comment_status":"closed","ping_status":"closed","template":"","meta":{"footnotes":""},"class_list":["post-9","page","type-page","status-publish","hentry"],"_links":{"self":[{"href":"https:\/\/uni.hi.is\/dln\/wp-json\/wp\/v2\/pages\/9","targetHints":{"allow":["GET"]}}],"collection":[{"href":"https:\/\/uni.hi.is\/dln\/wp-json\/wp\/v2\/pages"}],"about":[{"href":"https:\/\/uni.hi.is\/dln\/wp-json\/wp\/v2\/types\/page"}],"author":[{"embeddable":true,"href":"https:\/\/uni.hi.is\/dln\/wp-json\/wp\/v2\/users\/1512"}],"replies":[{"embeddable":true,"href":"https:\/\/uni.hi.is\/dln\/wp-json\/wp\/v2\/comments?post=9"}],"version-history":[{"count":4,"href":"https:\/\/uni.hi.is\/dln\/wp-json\/wp\/v2\/pages\/9\/revisions"}],"predecessor-version":[{"id":62,"href":"https:\/\/uni.hi.is\/dln\/wp-json\/wp\/v2\/pages\/9\/revisions\/62"}],"wp:attachment":[{"href":"https:\/\/uni.hi.is\/dln\/wp-json\/wp\/v2\/media?parent=9"}],"curies":[{"name":"wp","href":"https:\/\/api.w.org\/{rel}","templated":true}]}}