{"id":204,"date":"2017-11-21T13:39:21","date_gmt":"2017-11-21T13:39:21","guid":{"rendered":"http:\/\/uni.hi.is\/einararn\/?page_id=204"},"modified":"2017-11-22T11:20:46","modified_gmt":"2017-11-22T11:20:46","slug":"islenska-fyrirlestrar","status":"publish","type":"page","link":"https:\/\/uni.hi.is\/einararn\/is\/islenska-fyrirlestrar\/","title":{"rendered":"Fyrirlestrar"},"content":{"rendered":"<p><strong>Einar \u00c1rnason<\/strong> and Katr\u00edn Halld\u00f3rsd\u00f3ttir 2017. Codweb: whole-genome<br \/>\nsequencing uncovers extensive reticulations fueling adaptation among<br \/>\nAtlantic, Arctic, and Pacific cod-fish. Biological Association<br \/>\nConference, The Icelandic Biological Association. University of<br \/>\nIceland, 26-28 October 2017. (E88 <a href=\"http:\/\/biologia.is\/files\/agrip_2017\/E88.html\">http:\/\/biologia.is\/files\/agrip_2017\/E88.html<\/a>).<\/p>\n<p>Katr\u00edn Halld\u00f3rsd\u00f3ttir and <strong>Einar \u00c1rnaso<\/strong>n 2017. What do Atlantic cod<br \/>\nreproduction and cancer cell proliferation have in common? Biological<br \/>\nAssociation Conference, The Icelandic Biological Association.<br \/>\nUniversity of Iceland, 26-28 October 2017. (E89<br \/>\n<a href=\"http:\/\/biologia.is\/files\/agrip_2017\/E89.html\">http:\/\/biologia.is\/files\/agrip_2017\/E89.html<\/a>)<\/p>\n<p><strong>Einar \u00c1rnason<\/strong> and Katr\u00edn Halld\u00f3rsd\u00f3ttir 2017. Sweepstakes reproduction<br \/>\nand reticulations: genetics and genomics of some cod-fish. Seminar<br \/>\non: <em>Genomics and genealogy of high fecundity<\/em>. Population genetics lab,<br \/>\nUniversity of Iceland, September 20, 2017.<\/p>\n<p><strong>Einar \u00c1rnason<\/strong> 2017. Genetics of cods and human ancestry. Invited lecture at\u00a0<em>Symposium on\u00a0<\/em><em>biology and bioethics<\/em>. Institute of Biology University of Iceland. May 2, 2017.(<a href=\"http:\/\/luvs.hi.is\/vidburdir\/symposium_biology_and_bioethics\">http:\/\/luvs.hi.is\/vidburdir\/symposium_biology_and_bioethics<\/a>)<\/p>\n<p><strong>Einar \u00c1rnason<\/strong>. 2017. Biobanks for public good or<br \/>\nprivate gains. The case of deCODE examined. Invited lecture at<br \/>\n<em>Workshop on Bioethics of databanks and data\u00a0<\/em><em>sharing<\/em>. Umea, May 29-- June 1, 2017. Nordic Committee on Bioethics on the NeIC-conference 2017 (Nordic e-Infrastructure Collaboration).<\/p>\n<p><strong>Einar \u00c1rnason<\/strong>. 2016. deCODE's organizational changes. Invited<br \/>\nlecture and participation in plenary session in conference on\u00a0<em>Ethically and legally sustainable partnership between\u00a0<\/em><em>industry and public funded research initiatives: PPP and Rare\u00a0<\/em><em>diseases as a case study.<\/em> Uppsala University. November 7--8, 2016. Uppsala University Centre for Research Ethics &amp;<br \/>\nBioethics (CRB), RD-Connect and COST Action CHIP ME.<\/p>\n<p><strong>Einar \u00c1rnason.<\/strong> 2016. Population genomics of cod-fish: admixture,<br \/>\nintrogression and speciation. Invited lecture at Museum fur Naturkunde, Berlin. May 30, 2016.<\/p>\n<p><strong>Einar \u00c1rnason.<\/strong> 2015. Colonization of Glacier Ice by Microinverebrate<br \/>\nBdelloid Rotifera. Science Day. School of Engineering and Natural Sciences. Askja, University of Iceland. Oktober 31, 2015 (<a href=\"http:\/\/visindadagur.hi.is\/visindadagur_2015)\">http:\/\/visindadagur.hi.is\/visindadagur_2015)<\/a><\/p>\n<p><strong>Einar \u00c1rnason<\/strong> og Katr\u00edn Halld\u00f3rsd\u00f3ttir 2014. Patterns of nucleotide<br \/>\nvariation and natural selection at a CKMA gene in the high fecundity Atlantic cod. PopGroup 2014, 7\u201310 January, University of Bath, Bath,<br \/>\nUK.<\/p>\n<p>Katr\u00edn Halld\u00f3rsd\u00f3ttir and <strong>Einar \u00c1rnason<\/strong> 2014. Trans-species balanced<br \/>\npolymorphism at antimicrobial Cathelicidin genes of the innate<br \/>\nimmunity system of Atlantic cod and related species. PopGroup 2014, 7\u201310 January, University of Bath, Bath, UK.<\/p>\n<p><strong>Einar \u00c1rnason<\/strong> 2013. Patterns of nucleotide variation and natural<br \/>\nselection at a CKMA gene in Atlantic cod. Biological Association<br \/>\nConference, The Icelandic Biological Association. University of<br \/>\nIceland, 8-9 November 2013. (<a href=\"http:\/\/biologia.is\/files\/agrip_2013\/152.htm\">http:\/\/biologia.is\/files\/agrip_2013\/152.htm<\/a>)<\/p>\n<p>Katr\u00edn Halld\u00f3rsd\u00f3ttir og <strong>Einar \u00c1rnason<\/strong>. 2013. Multiple allelic<br \/>\nvariation at the Cathelicidin locus in Atlantic cod and the nature of<br \/>\nselection. Biological Association Conference, The Icelandic Biological<br \/>\nAssociation. University of Iceland, 8-9 November<br \/>\n2013. (<a href=\"http:\/\/biologia.is\/files\/agrip_2013\/233.htm\">http:\/\/biologia.is\/files\/agrip_2013\/233.htm<\/a>)<\/p>\n<p><strong>Einar \u00c1rnason<\/strong> 2012. Natural selection and population structure in a<br \/>\nhigh fecundity organism, Atlantic cod. Invited plenum lecture at conference on: <em>Conservation Biology: towards sustainable management of<\/em><br \/>\n<em>natural resources<\/em>. The University of Akureyri and The Institute of Natural History. 1 June 2012.<\/p>\n<p><strong>Einar \u00c1rnason<\/strong> 2011. Interplay of Habitat Selection by Genotype and Human Harvest by Habitat: A Study of <em>Pan<\/em> I Variation in Atlantic Cod.<br \/>\nInvited lecture at Museum of Vertebrate Zoology, University of California Berkeley. 16 February 2011.<\/p>\n<p><strong>Einar \u00c1rnason<\/strong> 2011. Population genomics, high fecundity and level of<br \/>\nselection---and---habitat selection by genotype and human harvest by<br \/>\nhabitat. Lecture at Center for Theoretical and Evolutionary Genomics<br \/>\nof University of California Berkeley. 2 March 2011.<\/p>\n<p><strong>Einar \u00c1rnason<\/strong> 2011. A genomic glimpse of selection in a high fecundity<br \/>\norganism. Invited lecture at Southwest Fisheries Science Center in<br \/>\nSanta Cruz, California. 14. November 2011.<\/p>\n<p><strong>Einar \u00c1rnason<\/strong> 2011. Gene by gene: On a bumpy road towards population<br \/>\ngenomics of selection in a high fecundity marine fish. Lecture at Center for Theoretical and Evolutionary Genomics of University of California Berkeley. 18 November 2011<\/p>\n<p>Gu\u00f0ni Magn\u00fas Eir\u00edksson og <strong>Einar \u00c1rnason<\/strong> 2011. Population structure and genetic variation of Atlantic cod, <em>Gadus morhua<\/em>, at Iceland. Biological<br \/>\nAssociation Conference, The Icelandic Biological Association. University of Iceland, 11-12. November 2011.<\/p>\n<p><strong>Einar \u00c1rnason<\/strong> 2011. Gene by gene: population genomics of natural<br \/>\nselection in Atlantic cod. Invited lecture at Universite de Montpellier, Institute des Sciences de L'evolution. 22 December 2011.<\/p>\n<p>Katr\u00edn Halld\u00f3rsd\u00f3ttir and<strong> Einar \u00c1rnason<\/strong>. 2010. Sequence variation and<br \/>\nselection at globin genes in Atlantic cod, <em>Gadus morhua<\/em>. PopGroup43. The 43rd Population Genetics Group Meeting. University of Liverpool, UK. 5--8 January 2010.<\/p>\n<p><strong>Einar \u00c1rnason.<\/strong> 2010. Fisheries-induced evolution at a single locus: interaction of behavior and fisheries pressure. PopGroup43. The 43rd<br \/>\nPopulation Genetics Group Meeting. University of Liverpool, UK. 5--8<br \/>\nJanuary 2010.<\/p>","protected":false},"excerpt":{"rendered":"<p>Einar \u00c1rnason and Katr\u00edn Halld\u00f3rsd\u00f3ttir 2017. Codweb: whole-genome sequencing uncovers extensive reticulations fueling adaptation among Atlantic, Arctic, and Pacific cod-fish. Biological Association Conference, The Icelandic Biological Association. University of Iceland, 26-28 October 2017. (E88 http:\/\/biologia.is\/files\/agrip_2017\/E88.html). Katr\u00edn Halld\u00f3rsd\u00f3ttir and Einar \u00c1rnason 2017. What do Atlantic cod reproduction and cancer cell proliferation have in common? Biological Association [&hellip;]<\/p>\n","protected":false},"author":997,"featured_media":0,"parent":0,"menu_order":0,"comment_status":"closed","ping_status":"closed","template":"","meta":{"footnotes":""},"class_list":["post-204","page","type-page","status-publish","hentry"],"_links":{"self":[{"href":"https:\/\/uni.hi.is\/einararn\/is\/wp-json\/wp\/v2\/pages\/204","targetHints":{"allow":["GET"]}}],"collection":[{"href":"https:\/\/uni.hi.is\/einararn\/is\/wp-json\/wp\/v2\/pages"}],"about":[{"href":"https:\/\/uni.hi.is\/einararn\/is\/wp-json\/wp\/v2\/types\/page"}],"author":[{"embeddable":true,"href":"https:\/\/uni.hi.is\/einararn\/is\/wp-json\/wp\/v2\/users\/997"}],"replies":[{"embeddable":true,"href":"https:\/\/uni.hi.is\/einararn\/is\/wp-json\/wp\/v2\/comments?post=204"}],"version-history":[{"count":8,"href":"https:\/\/uni.hi.is\/einararn\/is\/wp-json\/wp\/v2\/pages\/204\/revisions"}],"predecessor-version":[{"id":213,"href":"https:\/\/uni.hi.is\/einararn\/is\/wp-json\/wp\/v2\/pages\/204\/revisions\/213"}],"wp:attachment":[{"href":"https:\/\/uni.hi.is\/einararn\/is\/wp-json\/wp\/v2\/media?parent=204"}],"curies":[{"name":"wp","href":"https:\/\/api.w.org\/{rel}","templated":true}]}}