{"id":108,"date":"2016-02-20T20:54:12","date_gmt":"2016-02-20T20:54:12","guid":{"rendered":"http:\/\/uni.hi.is\/einararn\/?page_id=108"},"modified":"2016-02-21T16:58:22","modified_gmt":"2016-02-21T16:58:22","slug":"collaborators","status":"publish","type":"page","link":"https:\/\/uni.hi.is\/einararn\/collaborators\/","title":{"rendered":"Collaborators"},"content":{"rendered":"<p><strong>Katr\u00edn Halld\u00f3rsd\u00f3ttir, University of Iceland<\/strong><\/p>\n<p><strong>Ubaldo Benitez Hernandez<strong>, University of Iceland<\/strong><\/strong><\/p>\n<p><strong>Jarle Mork , NTNU\u00a0<a href=\"http:\/\/www.ntnu.edu\/employees\/jarle.mork\">(homepage)<\/a><a href=\"http:\/\/www.ntnu.edu\/employees\/jarle.mork\">(homapage)<\/a><\/strong><\/p>\n<p><strong>Bjarki Eldon TU Berlin, Museum fur Naturkunde\u00a0<a href=\"http:\/\/page.math.tu-berlin.de\/~eldon\/index.html\">(homepage).<\/a><\/strong><\/p>\n<p><strong>Daniel Shain, Rutgers The State University of New Jersey\u00a0<a href=\"https:\/\/biology.camden.rutgers.edu\/faculty\/daniel-shain\/\">(homepage).<\/a><\/strong><\/p>\n<p><strong>Jochen Blath, TU Berlin,\u00a0<a href=\"http:\/\/page.math.tu-berlin.de\/~blath\/\">(homepage).<\/a><\/strong><\/p>\n<p><strong>Matthias Birkner,\u00a0Johannes-Gutenberg-Universit\u00e4t,\u00a0<a href=\"http:\/\/www.staff.uni-mainz.de\/birkner\/\">(homepage).<\/a><\/strong><\/p>\n<p><strong>Wolfgang Stephan, LMU Munich\u00a0<a href=\"http:\/\/evol.bio.lmu.de\/research\/wolfgang_stephan\/index.htmlhttp:\/\/evol.bio.lmu.de\/research\/wolfgang_stephan\/index.html\">(homepage).<\/a><\/strong><\/p>\n<p><strong>Alison Etheridge, Oxford\u00a0<a href=\"https:\/\/www.stats.ox.ac.uk\/people\/academic_staff\/alison_etheridge\">(homepage).<\/a><\/strong><\/p>\n<p><strong>Rasmus Nielsen, UC Berkeley\u00a0<a href=\"http:\/\/cteg.berkeley.edu\/nielsen.html\">(homepage).<\/a><\/strong><\/p>\n<p><strong>Montgomery Slatkin, UC Berkeley\u00a0<a href=\"http:\/\/cteg.berkeley.edu\/slatkin.html\">(homepage).<\/a><\/strong><\/p>\n<p><strong>Fernando Racimo, UC Berkeley\u00a0<a href=\"http:\/\/cteg.berkeley.edu\/members\/racimo.html\">(homepage).<\/a><\/strong><\/p>\n<p><strong>Tim Sackton, Harvard University\u00a0<a href=\"http:\/\/scholar.harvard.edu\/tsackton\/publications\">(homepage).<\/a><\/strong><\/p>\n<p>&nbsp;<\/p>\n","protected":false},"excerpt":{"rendered":"<p>Katr\u00edn Halld\u00f3rsd\u00f3ttir, University of Iceland Ubaldo Benitez Hernandez, University of Iceland Jarle Mork , NTNU\u00a0(homepage)(homapage) Bjarki Eldon TU Berlin, Museum fur Naturkunde\u00a0(homepage). Daniel Shain, Rutgers The State University of New Jersey\u00a0(homepage). Jochen Blath, TU Berlin,\u00a0(homepage). Matthias Birkner,\u00a0Johannes-Gutenberg-Universit\u00e4t,\u00a0(homepage). Wolfgang Stephan, LMU Munich\u00a0(homepage). Alison Etheridge, Oxford\u00a0(homepage). Rasmus Nielsen, UC Berkeley\u00a0(homepage). Montgomery Slatkin, UC Berkeley\u00a0(homepage). Fernando Racimo, UC [&hellip;]<\/p>\n","protected":false},"author":997,"featured_media":0,"parent":0,"menu_order":0,"comment_status":"closed","ping_status":"closed","template":"","meta":{"footnotes":""},"class_list":["post-108","page","type-page","status-publish","hentry"],"_links":{"self":[{"href":"https:\/\/uni.hi.is\/einararn\/wp-json\/wp\/v2\/pages\/108","targetHints":{"allow":["GET"]}}],"collection":[{"href":"https:\/\/uni.hi.is\/einararn\/wp-json\/wp\/v2\/pages"}],"about":[{"href":"https:\/\/uni.hi.is\/einararn\/wp-json\/wp\/v2\/types\/page"}],"author":[{"embeddable":true,"href":"https:\/\/uni.hi.is\/einararn\/wp-json\/wp\/v2\/users\/997"}],"replies":[{"embeddable":true,"href":"https:\/\/uni.hi.is\/einararn\/wp-json\/wp\/v2\/comments?post=108"}],"version-history":[{"count":6,"href":"https:\/\/uni.hi.is\/einararn\/wp-json\/wp\/v2\/pages\/108\/revisions"}],"predecessor-version":[{"id":135,"href":"https:\/\/uni.hi.is\/einararn\/wp-json\/wp\/v2\/pages\/108\/revisions\/135"}],"wp:attachment":[{"href":"https:\/\/uni.hi.is\/einararn\/wp-json\/wp\/v2\/media?parent=108"}],"curies":[{"name":"wp","href":"https:\/\/api.w.org\/{rel}","templated":true}]}}