{"id":141,"date":"2016-02-21T17:36:13","date_gmt":"2016-02-21T17:36:13","guid":{"rendered":"http:\/\/uni.hi.is\/einararn\/?page_id=141"},"modified":"2017-11-22T12:39:20","modified_gmt":"2017-11-22T12:39:20","slug":"grants","status":"publish","type":"page","link":"https:\/\/uni.hi.is\/einararn\/is\/grants\/","title":{"rendered":"Styrkir"},"content":{"rendered":"<p>GRANTS AND AWARDS:<br \/>\n<strong>2010\u20132011<\/strong> <em>Jules Verne collaborative Grant: Population genomics of fish: genome-wide neutral and selected\u00a0markers<\/em>. With Fran\u00e7ois Bonhomme, Universit\u00e9 Montpellier. Rann\u00eds.<\/p>\n<p><strong>2002<\/strong> <em>A promised land, a land full of promises<\/em>. A Rockefeller Foundation Award. Scholar in Residence, The\u00a0Bellagio Center.<\/p>\n<p><strong>1988\u20131989<\/strong> <em>Senior Fulbright Scholars Award. Research\/Lecture Award in the United States<\/em>. Menningarstofnun\u00a0Bandar\u00edkjanna \u00e1 \u00cdslandi and Council for International Exchange of Scholars, Washington, D.C.<\/p>\n<p><strong>1987\u20131988<\/strong> <em>Nato Science Fellowship<\/em>. Icelandic Ministry of Education.<\/p>\n<p><strong>1987<\/strong> <em>Laun vegna l\u00fakningar \u00f3venju vi\u00f0amikilla ranns\u00f3knarverkefna<\/em>. H\u00e1sk\u00f3li \u00cdslands, Reykjav\u00edk.<\/p>\n<p><strong>1981\u20131982<\/strong> <em>Public Health Service International Research Fellow<\/em>, J.E. Fogarty International Research Foundation, National Institutes of Health, USA.<\/p>\n<p><strong>1980\u20131981<\/strong> <em>Senior Fulbright Scholars Award\u00a0<em>Research\/Lecture Award in the United States<\/em><\/em>. Menningarstofnun Bandar\u00edkjanna \u00e1 \u00cdslandi og Council for International Exchange of Scholars, Washington, D.C.<\/p>\n<p><strong>1980\u20131981<\/strong> <em>Nato Post-doctoral Science Fellowship<\/em>. Icelandic Ministry of Education.<\/p>\n<p><strong>1980\u20131981<\/strong> <em>Post-doctoral Grant to conduct advanced research at Harvard University<\/em>. Icelandic Science Fund.<\/p>\n<p><strong>1975\u20131980<\/strong> <em>University of California. UC Scholarship for Graduate Students<\/em>; University of California, Santa\u00a0Barbara, California, USA.<\/p>\n<p><strong>1975<\/strong> <em>Student Membership Award<\/em> , American Ornithologists\u2019 Union, USA.<\/p>\n<p><strong>1973\u20131974<\/strong> <em>David Stewart Memorial Fellowship<\/em>, McGill University, Montreal, Canada.<\/p>\n<p><strong>1972\u20131973<\/strong> <em>Max-Binz Bursary<\/em>, McGill University, Montreal, Canada.<\/p>\n<p>&nbsp;<\/p>\n<p>RESEARCH GRANTS:<\/p>\n<p><strong> 2017<\/strong>. <em>Population genomics and structural mapping of cod<\/em>. University of Iceland Research Fund.<\/p>\n<p><strong>2016<\/strong>. <em>Population genomics and cytogenetics of codfish<\/em>. University of Iceland Research Fund.<\/p>\n<p><strong>2015<\/strong>. <em>Outlier loci as evidence for natural selection in a high-fecundity<\/em> <em>organism<\/em>. University of Iceland Research Fund.<\/p>\n<p><strong>2014<\/strong>.<em> Outlier loci as evidence for natural selection in a\u00a0high-fecundity organism<\/em>. University of Iceland Research Fund.<\/p>\n<p><strong>2013<\/strong>. <em>Natural selection, adaptation and population structure of Atlantic cod<\/em>. University of Iceland Research Fund.<\/p>\n<p><strong>2012<\/strong>.\u00a0<em>Grant for adding a Next Generation Sequencer\u00a0<\/em><em>(NGS) to molecular core facility in Askja.\u00a0<\/em>Equipment Fund, University of Iceland Equipment Fund and University of Iceland Fund for Matching Outside Contributions.<\/p>\n<p><strong>2012<\/strong>. \u00a0<em>Grant for adding a Next Generation Sequencer (NGS) to molecular core facility in\u00a0Askja<\/em>.\u00a0Equipment Fund, University of Iceland Equipment Fund and University of Iceland Fund for Matching\u00a0Outside Contributions.<\/p>\n<p><strong>2010<\/strong>. \u00a0<em>Grant for upgrading sequencing core facility to an ABI 3500 DNA sequencer.\u00a0<\/em>Equipment Fund, University of Iceland Equipment Fund and University of Iceland Fund for Matching\u00a0Outside Contributions.<\/p>\n<p><strong>2008\u20132010.<\/strong>\u00a0 <em>The Pan I gene and population structure in\u00a0Atlantic cod.<\/em> Project grant.\u00a0Ministry of Fisheries fund for competitive research.<\/p>\n<p><strong>2008\u20132010<\/strong>. \u00a0<em>Population Genomics of Atlantic cod<\/em>. Project grant.\u00a0Icelandic Science Fund.<\/p>\n<p><strong>2007\u20132009<\/strong>. <em>Hemoglobin genes and their proteins in the development, physiology and\u00a0ecology of Atlantic cod<\/em>. Project grant.\u00a0Icelandic Science Fund.<\/p>\n<p><strong>2008<\/strong>. <em>BAC genomic library from Atlantic cod, Gadus morhua<\/em>. Small project grant.\u00a0AVS Research Fund.<\/p>\n<p><strong>2006\u20132010.<\/strong>\u00a0 <em>Co-ordinator of Nordic network Molecular Adaptation in\u00a0Fish\u2014MADFish madfish.lif.hi.is.<\/em>\u00a0Applicant and grantee. NordForsk.<\/p>\n<p><strong>2004.<\/strong> \u00a0<em>Preparation grant for a Nordic Network Application<\/em>.\u00a0Applicant and grantee. NordForsk<\/p>\n<p><strong>2004\u20132007<\/strong>. <em>DNAfish\u2014DNA based population genetics and\u00a0phylogeography of North Atlantic fish.<\/em> \u00a0Grant of Excellence. \u00a0Icelandic Science Fund.<\/p>\n<p><strong>2005\u20132007.<\/strong>\u00a0<em>Grant for establishing a molecular biology core\u00a0facility at the Institute of Biology<\/em> (joint grant with others).\u00a0Icelandic Science Foundation Equipment Fund.<\/p>\n<p><strong>1991\u20131992<\/strong>\u00a0 <em>Programming and computers for practicals in Biometry.<\/em>\u00a0University of Iceland Teaching Fund.<\/p>\n<p><strong>1991<\/strong> <em>\u00a0Genetics and Evolution. A grant to hold the XIV Congress of The Scandianvian Association of Geneticists at Oddi, University of Iceland, June 18\u201321, 1991.<\/em> Nordiska forskarsymposier. \u00a0Nordisk Ministerr\u00e5d.<\/p>\n<p><strong>1991<\/strong> <em>Genetic variability and population structure of Salmonids as revealed\u00a0by mtDNA variation.\u00a0<\/em>University of Iceland Research Fund.<\/p>\n<p><strong>1990\u20131991\u00a0<\/strong><em>Variability of the Alcohol Dehydrogenase gene in Drosophila melanogaster: effects of ethanol in the medium.<\/em>\u00a0Icelandic Science Foundation.<\/p>\n<p><strong>1990<\/strong>\u00a0<em>Population structure of Salmonids estimated with mtDNA variation.<\/em>\u00a0University of Iceland Research Fund.<\/p>\n<p><strong>1989\u20131990<\/strong>\u00a0<em>Variability of the Alcohol Dehydrogenase gene in Drosophila melanogaster: neutrality or selection.<\/em>\u00a0Icelandic Science Foundation.<\/p>\n<p><strong>1988\u20131990<\/strong>\u00a0 <em>New Approaches to Thermal Ecology and Genetics. Collaborative grant with Dr. J. S. Jones, University of London, London, UK.<\/em>\u00a0NATO Collaborative Research Grants.<\/p>\n<p><strong>1988\u20131989<\/strong>\u00a0<em> Population Structure of Cod around Iceland estimated from\u00a0variation of mtDNA.\u00a0<\/em>University of Iceland Research Fund.<\/p>\n<p><strong>1988\u20131989<\/strong>\u00a0<em>Variability of the Alcohol Dehydrogenase gene in Drosophila melanogaster: neutrality or selection.\u00a0<\/em>Icelandic Science Foundation.<\/p>\n<p><strong>1988\u20131989<\/strong>\u00a0 <em>Thermal ecology and genetic variability of the snail Cepaea hortensis\u00a0in the South.<\/em>\u00a0Icelandic Science Foundation.<\/p>\n<p><strong>1987\u20131988<\/strong> <em>Population Structure of Cod around Iceland estimated from\u00a0variation of mtDNA.<\/em>\u00a0University of Iceland Research Fund.<\/p>\n<p><strong>1987\u20131988\u00a0<\/strong><em>Experimental studies of genetic variation.<\/em>\u00a0Icelandic Science Foundation.<\/p>\n<p><strong>1986\u20131987<\/strong>\u00a0 <em>Effects of P elements on variability of an enzyme in Drosophila\u00a0melanogaster.<\/em>\u00a0University of Iceland Research Fund.<\/p>\n<p><strong>1986\u20131987<\/strong> \u00a0<em>Experimental studies of genetic variation.<\/em>\u00a0Icelandic Science Foundation.<\/p>\n<p><strong>1985\u20131986<\/strong> \u00a0<em>Genetic variation and natural selection of the Alcohol dehydrogenase gene in Drosophila melanogaster.<\/em>\u00a0University of Iceland Research Fund.<\/p>\n<p><strong>1985\u20131986<\/strong>\u00a0<em>Evolutionary changes of variants of the Esterase-5 gene in Drosophila\u00a0pseudoobscura.<\/em>\u00a0Icelandic Science Foundation.<\/p>\n<p><strong>1983\u20131984<\/strong>\u00a0<em>Neutrality or selection of electromorphs of the Esterase-5 gene\u00a0in Drosophila pseudoobscura.\u00a0<\/em>University of Iceland Research Fund.<\/p>\n<p><strong>1983\u20131984<\/strong>\u00a0<em> Allozyme variation of various life-forms of Arctic Charr from lake\u00a0Thingvallavatn.<\/em>\u00a0Icelandic Science Foundation.<\/p>\n<p><strong>1981\u20131982<\/strong>\u00a0<em>Grant for equipment of a new lab in population genetics and evolutionary biology at the Institute of Biology, University of Iceland.<\/em>\u00a0Icelandic Science Foundation.<\/p>\n<p><strong>1980\u20131981<\/strong>\u00a0<em> A perturbation experiment of the frequencies of molecular variants\u00a0of Drosophila pseudoobscura.<\/em>\u00a0Icelandic Science Foundation.<\/p>\n<p><strong>1978\u20131979<\/strong>\u00a0<em>The Interplay of random genetic drift and\u00a0natural selection.\u00a0<\/em>University of California at Santa Barbara Patent Fund.<\/p>\n<p><strong>1975<\/strong> <em>Sigma Xi Grant-in-aid of research.<\/em> Sigma Xi Research Society, USA.<\/p>\n<p><strong>1974\u20131975<\/strong>\u00a0 <em>Polymorphism and ecological genetics of the snail Cepaea hortensis.<\/em>\u00a0Icelandic Science Foundation.<\/p>\n<p><strong>1972<\/strong> <em>Research on variability and ecology of the Parasitic Jaeger Stercorarius parasiticus.<\/em> Icelandic Cultural Foundation.<\/p>","protected":false},"excerpt":{"rendered":"<p>GRANTS AND AWARDS: 2010\u20132011 Jules Verne collaborative Grant: Population genomics of fish: genome-wide neutral and selected\u00a0markers. With Fran\u00e7ois Bonhomme, Universit\u00e9 Montpellier. Rann\u00eds. 2002 A promised land, a land full of promises. A Rockefeller Foundation Award. Scholar in Residence, The\u00a0Bellagio Center. 1988\u20131989 Senior Fulbright Scholars Award. Research\/Lecture Award in the United States. Menningarstofnun\u00a0Bandar\u00edkjanna \u00e1 \u00cdslandi and [&hellip;]<\/p>\n","protected":false},"author":997,"featured_media":0,"parent":0,"menu_order":0,"comment_status":"closed","ping_status":"closed","template":"","meta":{"footnotes":""},"class_list":["post-141","page","type-page","status-publish","hentry"],"_links":{"self":[{"href":"https:\/\/uni.hi.is\/einararn\/is\/wp-json\/wp\/v2\/pages\/141","targetHints":{"allow":["GET"]}}],"collection":[{"href":"https:\/\/uni.hi.is\/einararn\/is\/wp-json\/wp\/v2\/pages"}],"about":[{"href":"https:\/\/uni.hi.is\/einararn\/is\/wp-json\/wp\/v2\/types\/page"}],"author":[{"embeddable":true,"href":"https:\/\/uni.hi.is\/einararn\/is\/wp-json\/wp\/v2\/users\/997"}],"replies":[{"embeddable":true,"href":"https:\/\/uni.hi.is\/einararn\/is\/wp-json\/wp\/v2\/comments?post=141"}],"version-history":[{"count":7,"href":"https:\/\/uni.hi.is\/einararn\/is\/wp-json\/wp\/v2\/pages\/141\/revisions"}],"predecessor-version":[{"id":221,"href":"https:\/\/uni.hi.is\/einararn\/is\/wp-json\/wp\/v2\/pages\/141\/revisions\/221"}],"wp:attachment":[{"href":"https:\/\/uni.hi.is\/einararn\/is\/wp-json\/wp\/v2\/media?parent=141"}],"curies":[{"name":"wp","href":"https:\/\/api.w.org\/{rel}","templated":true}]}}