{"id":191,"date":"2017-11-20T23:42:09","date_gmt":"2017-11-20T23:42:09","guid":{"rendered":"http:\/\/uni.hi.is\/einararn\/?page_id=191"},"modified":"2017-11-21T11:51:58","modified_gmt":"2017-11-21T11:51:58","slug":"islenska-veggspjold","status":"publish","type":"page","link":"https:\/\/uni.hi.is\/einararn\/islenska-veggspjold\/","title":{"rendered":"Posters"},"content":{"rendered":"<p><strong>Einar \u00c1rnason<\/strong> and Katr\u00edn Halld\u00f3rsd\u00f3ttir. 2017.\u00a0\u00a0Codweb: whole genome sequencing reveals extensive reticulations among Pacific, Arctic and Atlantic cod-fish.\u00a0Speciation: Gordon Research Conference, Renaissance Tuscany Il Ciocco, Italy. February 19--24, \u00a02017.<\/p>\n<p>Katr\u00edn Halld\u00f3rsd\u00f3ttir and <strong>Einar \u00c1rnason<\/strong> 2015. ddRAD sequencing of<br \/>\nAtlantic, Pacific and Arctic cod-fish. The 49th PopGroup, Population Genetics Meeting, University of Edinburgh, December 15--18, 2015.<\/p>\n<p><strong>Einar \u00c1rnason<\/strong>, Katr\u00edn Halld\u00f3rsd\u00f3ttir, Finnur P\u00e1lsson, Gu\u00f0finna A\u00f0algeirsd\u00f3ttir, Andri Gunnarsson, \u00deorsteinn J\u00f3nsson, Shirley A. Lang, Hlynur Skagfj\u00f6r\u00f0, P\u00e1lsson, Sveinbj\u00f6rn Stein\u00fe\u00f3rssson, and Daniel Shain 2015 Colonization of glacier ice by microinvertebrate Bdelloid rotifers.The 49th PopGroup, Population Genetics Meeting, University of Edinburgh, December 15--18, 2015.<\/p>\n<p><strong>Einar \u00c1rnason<\/strong> and Bjarki Eldon. 2015. The site-frequency spectrum associated with multiple merger coalescents. The 49th PopGroup, Population Genetics Meeting, University of Edinburgh, December 15--18, 2015.<\/p>\n<p>Gu\u00f0ni Magn\u00fas Eir\u00edksson and <strong>Einar \u00c1rnason<\/strong>. 2015. High levels of gene flow and temporal genetic variation in Atlantic cod Gadus morhua in Iceland. Icelandic Biological Association. Conference. University of Iceland, November 5--7, 2015.<\/p>\n<p>Ubaldo Benitez Hernandez and <strong>Einar \u00c1rnason<\/strong>. 2013. Inference on Natural<br \/>\nSelection at the Pantophysin I (<em>Pan<\/em> I) Locus in Atlantic Cod (<em>Gadus<\/em><br \/>\n<em>morhua<\/em>). Biological Association Conference 2013. The Icelandic<br \/>\nBiological Association. Askja, University of Iceland, 8-9 November<br \/>\n2013. <a href=\"http:\/\/biologia.is\/files\/agrip_2013\/324.htm\">http:\/\/biologia.is\/files\/agrip_2013\/324.htm<\/a><\/p>\n<p>Brenda Ciervo Adarna and <strong>Einar \u00c1rnason<\/strong>. 2011. Genomic cloning and expressionof Vitellogenin gene from the Atlantic Cod, <em>Gadus morhua<\/em>. Biological Association Conference, The Icelandic Biological Association. Askja, University of Iceland, 11--12 November 2011 (poster 32).<\/p>\n<p>Ubaldo Benitez Hernandez og <strong>Einar \u00c1rnason<\/strong>. 2011. The Pantophysin (<em>Pan<\/em><br \/>\nI) Locus in Atlantic Cod (<em>Gadus morhua<\/em>) and Biological Patterns in<br \/>\nDifferent Geographic Locales. Biological Association Conference, The<br \/>\nIcelandic Biological Association. Askja, University of Iceland, 11--12<br \/>\nNovember 2011 (poster 31).<\/p>\n<p>Ragnhei\u00f0ur Birna Fossdal and <strong>Einar \u00c1rnason<\/strong>. 2010. Linkage<br \/>\ndisequilibrium and selection at a creatine kinase locus in Atlantic<br \/>\ncod, <em>Gadus morhua<\/em>. R-VoN 2010. A Symposium on Current Research in<br \/>\nEngineering and Natural Sciences at the University of Iceland, 8--9<br \/>\nOctober 2010. University of Iceland, Reykjavik.<\/p>\n<p>Brenda Ciervo Adarna and <strong>Einar \u00c1rnason<\/strong>. 2010. Vitellogenin: a<br \/>\ncandidate gene under selection in Atlantic cod, <em>Gadus morhua<\/em>. R-VoN<br \/>\n2010. A Symposium on Current Research in Engineering and Natural<br \/>\nSciences at the University of Iceland, 8--9 October 2010. University<br \/>\nof Iceland, Reykjavik.<\/p>\n<p>Ubaldo Benitez Hernandez and <strong>Einar \u00c1rnason<\/strong>. 2010. A Continuation Study<br \/>\non DNA Variation Patterns in the Pantophysin I (<em>Pan<\/em> I) Locus in<br \/>\nAtlantic Cod, (<em>Gadus morhua<\/em>). R-VoN 2010. A Symposium on Current<br \/>\nResearch in Engineering and Natural Sciences at the University of<br \/>\nIceland, 8--9 October 2010. University of Iceland, Reykjav\u00edk.<\/p>\n<p>Gu\u00f0ni Magn\u00fas Eir\u00edksson and <strong>Einar \u00c1rnason<\/strong>. 2010. Mitochondrial DNA<br \/>\nsequence variation in haddock, <em>Melanogrammus aeglefinus<\/em>, in the North<br \/>\nAtlantic. R-VoN 2010. A Symposium on Current Research in Engineering<br \/>\nand Natural Sciences at the University of Iceland, 8--9 October<br \/>\n2010. University of Iceland, Reykjav\u00edk.<\/p>\n<p>Katr\u00edn Halld\u00f3rsd\u00f3ttir and <strong>Einar \u00c1rnason.<\/strong> 2010. Sequence variation and<br \/>\nselection at Globin Genes in Atlantic Cod, <em>Gadus morhua<\/em>. R-VoN 2010. A<br \/>\nSymposium on Current Research in Engineering and Natural Sciences at<br \/>\nthe University of Iceland, 8.--9th October 2010. University of<br \/>\nIceland, Reykjav\u00edk.<\/p>\n<p>Ubaldo Benitez Hernandez and <strong>Einar \u00c1rnason<\/strong>. 2010. The Pantophysin I (<em>Pan<\/em> I) Locus in Atlantic Cod (<em>Gadus morhua<\/em>): A Continuation Study on DNA Sequence Variation. Research symposium on Biodiversity in Iceland 2010 of the Icelandic Ecological and Biological Societies. Nordic House. 27. November 2010.<\/p>","protected":false},"excerpt":{"rendered":"<p>Einar \u00c1rnason and Katr\u00edn Halld\u00f3rsd\u00f3ttir. 2017.\u00a0\u00a0Codweb: whole genome sequencing reveals extensive reticulations among Pacific, Arctic and Atlantic cod-fish.\u00a0Speciation: Gordon Research Conference, Renaissance Tuscany Il Ciocco, Italy. February 19--24, \u00a02017. Katr\u00edn Halld\u00f3rsd\u00f3ttir and Einar \u00c1rnason 2015. ddRAD sequencing of Atlantic, Pacific and Arctic cod-fish. The 49th PopGroup, Population Genetics Meeting, University of Edinburgh, December 15--18, 2015. [&hellip;]<\/p>\n","protected":false},"author":997,"featured_media":0,"parent":0,"menu_order":0,"comment_status":"closed","ping_status":"closed","template":"","meta":{"footnotes":""},"class_list":["post-191","page","type-page","status-publish","hentry"],"_links":{"self":[{"href":"https:\/\/uni.hi.is\/einararn\/wp-json\/wp\/v2\/pages\/191","targetHints":{"allow":["GET"]}}],"collection":[{"href":"https:\/\/uni.hi.is\/einararn\/wp-json\/wp\/v2\/pages"}],"about":[{"href":"https:\/\/uni.hi.is\/einararn\/wp-json\/wp\/v2\/types\/page"}],"author":[{"embeddable":true,"href":"https:\/\/uni.hi.is\/einararn\/wp-json\/wp\/v2\/users\/997"}],"replies":[{"embeddable":true,"href":"https:\/\/uni.hi.is\/einararn\/wp-json\/wp\/v2\/comments?post=191"}],"version-history":[{"count":9,"href":"https:\/\/uni.hi.is\/einararn\/wp-json\/wp\/v2\/pages\/191\/revisions"}],"predecessor-version":[{"id":203,"href":"https:\/\/uni.hi.is\/einararn\/wp-json\/wp\/v2\/pages\/191\/revisions\/203"}],"wp:attachment":[{"href":"https:\/\/uni.hi.is\/einararn\/wp-json\/wp\/v2\/media?parent=191"}],"curies":[{"name":"wp","href":"https:\/\/api.w.org\/{rel}","templated":true}]}}