{"id":75,"date":"2016-02-19T00:58:50","date_gmt":"2016-02-19T00:58:50","guid":{"rendered":"http:\/\/uni.hi.is\/einararn\/?page_id=75"},"modified":"2017-11-22T12:55:09","modified_gmt":"2017-11-22T12:55:09","slug":"publications-2","status":"publish","type":"page","link":"https:\/\/uni.hi.is\/einararn\/publications-2\/","title":{"rendered":"Publications"},"content":{"rendered":"<p>W. Stewart Grant,<strong> Einar \u00c1rnason <\/strong>and Bjarki Eldon. 2016. New DNA coalescent models and old population genetics software. <em>ICES Journal of Marine Science. <\/em>doi: 10.1093\/icesjms\/fsw076. \u00a0<a href=\"http:\/\/10.1093\/icesjms\/fsw076.\u00a0http:\/\/icesjms.oxfordjournals.org\/content\/early\/2016\/05\/14\/icesjms.fsw076.full?sid=1b26d797-cfa9-419a-ab78-10cf3b711f98\">10.1093\/icesjms\/fsw076.\u00a0http:\/\/icesjms.oxfordjournals.org\/content\/early\/2016\/05\/14\/icesjms.fsw076.full?sid=1b26d797-cfa9-419a-ab78-10cf3b711f98<\/a><\/p>\n<p>W. Stewart Grant,\u00a0 Gu\u00f0ni Magn\u00fas Eir\u00edksson and <strong>Einar \u00c1rnason<\/strong>. 2016. Paying attention to assumptions: Coalescing genes and reproductive skew in marine species. <em>The American Fisheries Society, Genetics Section Newsletter<\/em> Volume 29, Issue 1, September 2016.\u00a0<a href=\"http:\/\/genetics.fisheries.org\/wp-content\/uploads\/2014\/04\/August-2016-AFSGS-newsletter.pdf\">http:\/\/genetics.fisheries.org\/wp-content\/uploads\/2014\/04\/August-2016-AFSGS-newsletter.pdf<\/a><\/p>\n<p>Daniel Shain,\u00a0Katr\u00edn Halld\u00f3rsd\u00f3ttir, Finnur P\u00e1lsson, Gu\u00f0finna\u00a0A\u00f0algeirsd\u00f3ttir, Andri Gunnarsson, Thorsteinn J\u00f3nsson, Shirley\u00a0Lang,\u00a0Hlynur P\u00e1lsson, Sveinbj\u00f6rn Stein\u00fe\u00f3rssson<strong>, Einar \u00c1rnason,<\/strong> 2016.\u00a0Colonization of Maritime Glacier Ice by Bdelloid Rotifera.\u00a0<em>Molecular Phylogenetics and Evolution,<\/em>\u00a0<a href=\"http:\/\/www.sciencedirect.com\/science\/article\/pii\/S1055790316000646\">http:\/\/www.sciencedirect.com\/science\/article\/pii\/S1055790316000646<\/a>. doi:\u00a0<a href=\"http:\/\/10.1016\/j.ympev.2016.02.020\">http:\/\/10.1016\/j.ympev.2016.02.020<\/a><\/p>\n<p><strong>Einar \u00c1rnason<\/strong>, 2016. Commentary on Models of biobanks and implications for reproductive health innovation. <em>Monash Bioethics Review<\/em>. doi:<a href=\"http:\/\/link.springer.com\/article\/10.1007\/s40592-016-0054-2\">10.1007\/s40592-016-0054-2<\/a><\/p>\n<p>Katr\u00edn Halld\u00f3rsd\u00f3ttir and<strong> Einar \u00c1rnason<\/strong>. 2015. Whole-genome sequencing uncovers\u00a0cryptic and hybrid species among Atlantic and Pacific cod-fish. <em>bioR\u03c7iv, The\u00a0preprint server for biology<\/em> doi:\u00a0<a href=\"http:\/\/dx.doi.org\/10.1101\/034926\">http:\/\/dx.doi.org\/10.1101\/034926<\/a><\/p>\n<p>Katr\u00edn Halld\u00f3rsd\u00f3ttir and<strong> Einar \u00c1rnason.<\/strong> 2015. Trans-species polymorphism at antimicrobial innate immunity Cathelicidin genes of Atlantic cod and related species.<em> PeerJ<\/em> 3:e976. doi:\u00a0<a href=\"https:\/\/doi.org\/10.7717\/peerj.976\">10.7717\/peerj.976<\/a><\/p>\n<p><strong>Einar \u00c1rnason <\/strong>and Katr\u00edn Halld\u00f3rsd\u00f3ttir. 2015. Nucleotide Variation and Balancing Natural Selection at the Ckma gene in Atlantic cod: Analysis with multiple merger coalescent models. <em>PeerJ<\/em> 3:e786 doi:\u00a0<a href=\"https:\/\/doi.org\/10.7717\/peerj.786\">https:\/\/doi.org\/10.7717\/peerj.786<\/a><\/p>\n<p>Hernandez, U.B. and<strong> \u00c1rnason, E<\/strong>., 2015. Living in each other\u2019s pockets: Nucleotide variation inside a genomic island harboring <em>Pan<\/em> I and its neighbors in\u00a0Atlantic cod.<em> PeerJ PrePrints<\/em> doi:\u00a0<a href=\"https:\/\/doi.org\/10.7287\/peerj.preprints.956v1\">https:\/\/doi.org\/10.7287\/peerj.preprints.956v1<\/a><\/p>\n<p>Gu\u00f0ni Magn\u00fas Eir\u00edksson and<strong> Einar \u00c1rnason.<\/strong> 2015. Gene flow across the N-Atlantic and sex-biased dispersal inferred from mtDNA sequence variation in saithe, <em>Pollachius virens<\/em>. <em>Environmental Biology of Fishes<\/em> <strong>98:<\/strong>67\u201379, doi:<a href=\"http:\/\/10.1007\/s10641-014-0237-8\">10.1007\/s10641-014-0237-8<\/a>.<\/p>\n<p>Gu\u00f0ni Magn\u00fas Eir\u00edksson and<strong> Einar \u00c1rnason.<\/strong> 2014. Mitochondrial DNA sequence variation in whiting <em>Merlangius merlangus<\/em> in the North East Atlantic. <em>Environmental Biology of Fishes<\/em> 97:103\u2013110, doi:<a href=\"http:\/\/10.1007\/s10641-013-0143-5\">10.1007\/s10641-013-0143-5<\/a>.<\/p>\n<p><strong>Einar \u00c1rnason <\/strong>and Katr\u00edn Halld\u00f3rsd\u00f3ttir,\u00a02014.Nucleotide variation and balancing natural selection at the <em>Ckma<\/em> gene in Atlantic cod: Analysis with multiple merger coalescent models. <em>PeerJ PrePrints<\/em> 9 October 2014 doi:<a href=\"http:\/\/10.7287\/peerj.preprints.528v1\">10.7287\/peerj.preprints.528v1<\/a><\/p>\n<p><strong>Einar \u00c1rnason.<\/strong> 2014. False facts and false views: Coalescent analysis of truncated data. <em>bioR\u03c7iv, The Preprint Server for Biology,<\/em> June 30, 2014 doi:<a href=\"http:\/\/10.1101\/006445\">10.1101\/006445<\/a><\/p>\n<p>Gu\u00f0ni Magn\u00fas Eir\u00edksson and<strong> Einar. \u00c1rnason<\/strong>. 2013. Spatial and temporal microsatellite variation in spawning Atlantic cod, <em>Gadus morhua<\/em>, around Iceland. <em>Canadian Journal of Fisheries and Aquatic Sciences<\/em> 70: 1151\u20131158. doi:<a href=\"http:\/\/10.1139\/cjfas-2012-0494\">10.1139\/cjfas-2012-0494<\/a>.<\/p>\n<p><strong>Einar \u00c1rnason <\/strong>and Bogi Andersen<strong>,<\/strong>\u00a02013. deCODE and Iceland: A Critique. <em>In:<\/em> eLS. John Wiley &amp; Sons, Ltd: Chichester, UK. doi: <a href=\"http:\/\/10.1002\/9780470015902.a0005180.pub2\">10.1002\/9780470015902.a0005180.pub2<\/a>.<\/p>\n<p>Kim Aleksander T. Halvorsen,<strong> Einar \u00c1rnason, <\/strong>Peter J. Smith and Jarle Mork,\u00a02012. Mitochondrial DNA differentiation between the antitropical blue whiting species <em>Micromesistius poutassou<\/em> and <em>M. australis<\/em>. <em>Journal\u00a0of Fish Biology<\/em> 81: 253\u2013269 doi:<a href=\"http:\/\/10.1111\/j.1095-8649.2012.03334.x\">10.1111\/j.1095-8649.2012.03334.x<\/a>.<\/p>\n<p><strong>Einar \u00c1rnason<\/strong>. 2010. Theory of Evolution. Chapter 1 (pp. 17\u201351) <em>in<\/em> Darwin\u2019s heritage edited by Arnar\u00a0P\u00e1lsson, Bjarni K. Kristj\u00e1nsson, Hafd\u00eds H. \u00c6gisd\u00f3ttir, Sn\u00e6bj\u00f6rn P\u00e1lsson og Steind\u00f3r J. Erlingsson. Hi\u00f0 \u00edslenska\u00a0b\u00f3kmenntaf\u00e9lag. Reykjav\u00edk. (In Icelandic).<\/p>\n<p><strong>Einar \u00c1rnason.<\/strong> 2010. Gene, environment, and phenotype. Chapter 2 (pp. 53\u201371) <em>in<\/em> Darwin\u2019s heritage edited by\u00a0Arnar P\u00e1lsson, Bjarni K. Kristj\u00e1nsson, Hafd\u00eds H. \u00c6gisd\u00f3ttir, Sn\u00e6bj\u00f6rn P\u00e1lsson og Steind\u00f3r J. Erlingsson. Hi\u00f0\u00a0\u00edslenska b\u00f3kmenntaf\u00e9lag. Reykjav\u00edk. (In Icelandic).<\/p>\n<p>Katr\u00edn Halld\u00f3rsd\u00f3ttir and<strong> Einar \u00c1rnason,<\/strong>\u00a02009. Multiple linked \u03b2 and \u03b1 globin genes in Atlantic cod: a PCR based strategy of genomic exploration. <em>Marine Genomics<\/em> 2:169\u2013181. doi:<a href=\"http:\/\/10.1016\/j.margen.2009.10.001\">10.1016\/j.margen.2009.10.001<\/a><\/p>\n<p>Katr\u00edn Halld\u00f3rsd\u00f3ttir and<strong> Einar \u00c1rnason,<\/strong>\u00a02009. Organization of a \u03b2 and \u03b1 globin gene Set in the Teleost\u00a0Atlantic Cod, <em>Gadus morhua<\/em>. <em>Biochemical Genetics<\/em> 47:817\u2013830. doi:<a href=\"http:\/\/10.1007\/s10528-009-9280-0\">10.1007\/s10528-009-9280-0<\/a>.<\/p>\n<p><strong>Einar \u00c1rnason, <\/strong>Ubaldo Benitez Hernandez and Kristj\u00e1n Kristinsson<strong>,<\/strong>\u00a02009. Intense habitat-specific fisheries induced selection at the molecular <em>Pan<\/em> I locus predicts imminent collapse of a major cod fishery.<em> PLoS ONE<\/em>.\u00a04:e5529. doi:<a href=\"http:\/\/10.1371\\%journal.pone.0005529\">10.1371\\%journal.pone.0005529<\/a><\/p>\n<p>Sn\u00e6bj\u00f6rn P\u00e1lsson and Jonas Paulsen and Thomas K\u00e4llman and<strong> Einar \u00c1rnason,<\/strong>\u00a02009. An assessment of mitochondrial\u00a0variation in Arctic gadoids.<em> Polar Biology<\/em> 32:471\u2013479.<\/p>\n<p><strong>Einar \u00c1rnason.<\/strong> 2009. Hann \u00e1 afm\u00e6li hann Darwin, hann \u00e1 afm\u00e6li \u00ed \u00e1r. <em>N\u00e1tt\u00farufr\u00e6\u00f0ingurinn<\/em> 77:67. (Darwin\u2019s\u00a0anniversary. In Icelandic)<\/p>\n<p>Sn\u00e6bj\u00f6rn P\u00e1lsson, Jonas Paulsen og<strong> Einar \u00c1rnason.<\/strong> 2008. Rapid evolution of the intergenic T-P spacer in the\u00a0mtDNA of Arctic Cod <em>Arctogadus glacialis<\/em>. <em>Marine Biotechnology<\/em> 10:270\u2013277.<\/p>\n<p><strong>Einar \u00c1rnason,<\/strong> 2004. Mitochondrial cytochrome<em> b<\/em> DNA variation in the high fecundity Atlantic cod: Trans Atlantic clines and shallow gene-genealogy. <em>Genetics<\/em> 166: 1871\u20131885.<\/p>\n<p>Hlynur Sigurg\u00edslason og<strong> Einar \u00c1rnason.<\/strong> 2003. Extent of mitochondrial DNA sequence variation in Atlantic cod\u00a0from the Faroe Islands: a resolution of gene genealogy. <em>Heredity<\/em> 91: 557\u2013564.<\/p>\n<p><strong>Einar \u00c1rnason <\/strong>and Frank Wells. 2003. Iceland and deCODE: A Critique. In <em>Encyclopedia of the Human\u00a0Genome.<\/em> David Cooper et al. (eds.). MacMillan, London.<\/p>\n<p><strong>Einar \u00c1rnason,<\/strong> 2003. Genetic Heterogeneity of Icelanders. <em>Annals of Human Genetics<\/em> 67: 5\u201316.<\/p>\n<p>Tillquist, C., E.<strong> \u00c1rnason, <\/strong>H. Sigurg\u00edslason, and M. Hamme<strong>r<\/strong> (2003). Evidence of Founder Effects in North\u00a0Atlantic Island Populations. <em>American Journal of Physical Anthropology, Supplement<\/em> 34: 208.<\/p>\n<p><strong>Einar \u00c1rnason<\/strong>, 2002. Personal Identifiability in the Icelandic Health Sector Database. <em>The Journal of Information,\u00a0Law and Technology<\/em> (<em>JILT<\/em>) 2002 (2) <a href=\"http:\/\/elj.warwick.ac.uk\/jilt\/02-2\/arnason\">http:\/\/elj.warwick.ac.uk\/jilt\/02-2\/arnason<\/a>.<\/p>\n<p>Truls Moum, \u00dalfur \u00c1rnason og<strong> Einar \u00c1rnason<\/strong>, 2002. Mitochondrial DNA Sequence Evolution and Phylogeny of\u00a0the Atlantic Alcidae, Including the Extinct Great Auk (<em>Pinguinus impennis<\/em>). <em>Molecular Biology and Evolution<\/em>\u00a019:1434\u20131439.<\/p>\n<p>Tillquist, C., M. Kaplan(2), F. Blackmer, T. Karafet, H. Jarjanazi, M. Remigereau, <strong>E. \u00c1rnason, <\/strong>H. Sigurg\u00edslason,\u00a0and M. Hammer,\u00a02002. Evidence of Y Chromosome clines in Europe: Post-glacial re-colonization from Upper\u00a0Paleolithic refugia? <em>American Journal of Physical Anthropology, Supplement<\/em> (abstract).<\/p>\n<p>Bjarki J\u00f3nsson Eldon, J\u00f3hann Axelsson, Stef\u00e1n B. Sigur\u00f0sson and<strong> Einar \u00c1rnason,<\/strong> 2001. Cardiovascular risk factors and relatedness in an Icelandic subpopulation. <em>International Journal of Circumpolar Health<\/em> 60: 499\u2013502.<\/p>\n<p><strong>Einar \u00c1rnason,<\/strong> 2001. Pers\u00f3nugreining \u00ed gagnagrunni \u00e1 heilbrig\u00f0issvi\u00f0i. <em>L\u00e6knabla\u00f0i\u00f0<\/em> 87: 807\u2013816. (Personal\u00a0Identifiability in the Icelandic Health Sector Database. In Icelandic.)<\/p>\n<p>Truls Moum and<strong> Einar \u00c1rnason<\/strong>, 2001. Genetic diversity and population history of two related seabird species\u00a0based on mitochondrial DNA control region sequences. Molecular Ecology 10: 2463\u20132478.<\/p>\n<p>Tillquist, C.,<strong> E. \u00c1rnason, <\/strong>H. Sigurg\u00edslason, and M. Hammer,\u00a02001. Y chromosome variation on the Isle of Man:\u00a0Evidence of Celtic and Scandinavian admixture. <em>American Journal of Physical Anthropology, Supplement<\/em> 32:149-150 (abstract).<\/p>\n<p><strong>Einar \u00c1rnason<\/strong>, 2000. The Icelandic Healthcare Database. <em>The New England Journal of Medicine<\/em> 343: 1734-1735.\u00a0\u00a0<a href=\"http:\/\/www.nejm.org\/doi\/full\/10.1056\/NEJM200012073432314#t=article\">http:\/\/www.nejm.org\/doi\/full\/10.1056\/NEJM200012073432314#t=article<\/a><\/p>\n<p><strong>Einar \u00c1rnason, <\/strong>Hlynur Sigurg\u00edslason, og Eir\u00edkur Benedikz, 2000. Genetic homogeneity of Icelanders: Fact or fiction? <em>Nature Genetics<\/em> 25: 373\u2013374.<\/p>\n<p><strong>Einar \u00c1rnason, <\/strong>P\u00e9tur Henry Petersen, Kristj\u00e1n Kristinsson, Hlynur Sigurg\u00edslason, og Sn\u00e6bj\u00f6rn P\u00e1lsson, 2000.\u00a0Mitochondrial cytochrome<em> b<\/em> DNA sequence variation of Atlantic Cod, <em>Gadus morhua<\/em>, from Iceland and Greenland.\u00a0<em>Journal of Fish Biology<\/em> 56 409\u2013430.<\/p>\n<p><strong>Einar \u00c1rnason<\/strong> 2000.\u00a0The Icelandic Healthcare Database. <em>The New England Journal of Medicine<\/em>, 343:1734-1735.\u00a0 http:\/\/www.nejm.org\/doi\/full\/10.1056\/NEJM200012073432314#t=article<\/p>\n<p>Bogi Andersen and<strong> Einar \u00c1rnason<\/strong>, 1999 Iceland\u2019s database is ethically questionable. <em>British Medical Journal\u00a0<\/em>318: 1565.<\/p>\n<p><strong>Einar \u00c1rnason <\/strong>and J. S. F. Barker, 1999. Analysis of selection in laboratory and field Populations. <em>In:<\/em> Evolutionary\u00a0Genetics: From Molecules to Morphology (Rama Singh and Costas Krimbas, eds.. Chapter 10. \u00a0(pp. 182\u2013203).\u00a0Cambridge University Press, Cambridge, UK.<\/p>\n<p>Bogi Andersen, <strong>Einar \u00c1rnason<\/strong> and Sk\u00fali Sigur\u00f0sson 1999.\u00a0Kafkaesque ethics for post-modern vikings? <em>eBMJ<\/em> (<a href=\"http:\/\/www.bmj.com\/rapid-response\/2011\/10\/28\/kafkaesque-ethics-post-modern-vikings\">http:\/\/www.bmj.com\/rapid-response\/2011\/10\/28\/kafkaesque-ethics-post-modern-vikings<\/a>)<\/p>\n<p><strong>Einar \u00c1rnason,<\/strong> 1998. Mitochondrial cytochrome <em>b<\/em> DNA sequence variation Atlantic cod,<em> Gadus morhua<\/em>.<em> In:<\/em>\u00a0The Implication of Localized Fishery Stocks (Hunt von Herbing, I. Kornfield, I. Tupper, M. and Wilson J., eds.). pp.\u00a0129\u2013137. NRAES, Ithaca, NY.<\/p>\n<p><strong>Einar \u00c1rnason<\/strong> 1978. Apostatic Selection and Kleptoparasitism in the Parasitic Jaeger. <em>The Auk<\/em> 95: 377-381. (<a href=\"http:\/\/www.jstor.org\/stable\/4085456\">http:\/\/www.jstor.org\/stable\/4085456<\/a>)<\/p>\n<p><strong>Einar \u00c1rnason<\/strong> and P.R. Grant 1978.\u00a0The significance of kleptoparasitism during the breeding season in a colony of Arctic skuas <em>Stercorarius<\/em> <em>parasiticus<\/em> in Iceland. Ibis 120: 38-54 (doi: 10.1111\/j.1474-919X.1978.tb04997.x) (<a href=\"http:\/\/onlinelibrary.wiley.com\/doi\/10.1111\/j.1474-919X.1978.tb04997.x\/full\">http:\/\/onlinelibrary.wiley.com\/doi\/10.1111\/j.1474-919X.1978.tb04997.x\/full<\/a>)<\/p>\n","protected":false},"excerpt":{"rendered":"<p>W. Stewart Grant, Einar \u00c1rnason and Bjarki Eldon. 2016. New DNA coalescent models and old population genetics software. ICES Journal of Marine Science. doi: 10.1093\/icesjms\/fsw076. \u00a010.1093\/icesjms\/fsw076.\u00a0http:\/\/icesjms.oxfordjournals.org\/content\/early\/2016\/05\/14\/icesjms.fsw076.full?sid=1b26d797-cfa9-419a-ab78-10cf3b711f98 W. Stewart Grant,\u00a0 Gu\u00f0ni Magn\u00fas Eir\u00edksson and Einar \u00c1rnason. 2016. Paying attention to assumptions: Coalescing genes and reproductive skew in marine species. The American Fisheries Society, Genetics Section Newsletter [&hellip;]<\/p>\n","protected":false},"author":997,"featured_media":0,"parent":0,"menu_order":0,"comment_status":"closed","ping_status":"closed","template":"","meta":{"footnotes":""},"class_list":["post-75","page","type-page","status-publish","hentry"],"_links":{"self":[{"href":"https:\/\/uni.hi.is\/einararn\/wp-json\/wp\/v2\/pages\/75","targetHints":{"allow":["GET"]}}],"collection":[{"href":"https:\/\/uni.hi.is\/einararn\/wp-json\/wp\/v2\/pages"}],"about":[{"href":"https:\/\/uni.hi.is\/einararn\/wp-json\/wp\/v2\/types\/page"}],"author":[{"embeddable":true,"href":"https:\/\/uni.hi.is\/einararn\/wp-json\/wp\/v2\/users\/997"}],"replies":[{"embeddable":true,"href":"https:\/\/uni.hi.is\/einararn\/wp-json\/wp\/v2\/comments?post=75"}],"version-history":[{"count":36,"href":"https:\/\/uni.hi.is\/einararn\/wp-json\/wp\/v2\/pages\/75\/revisions"}],"predecessor-version":[{"id":222,"href":"https:\/\/uni.hi.is\/einararn\/wp-json\/wp\/v2\/pages\/75\/revisions\/222"}],"wp:attachment":[{"href":"https:\/\/uni.hi.is\/einararn\/wp-json\/wp\/v2\/media?parent=75"}],"curies":[{"name":"wp","href":"https:\/\/api.w.org\/{rel}","templated":true}]}}