{"id":12,"date":"2010-05-14T22:56:08","date_gmt":"2010-05-14T22:56:08","guid":{"rendered":"http:\/\/uni.hi.is\/eirikur\/?page_id=12"},"modified":"2010-05-15T11:21:23","modified_gmt":"2010-05-15T11:21:23","slug":"rannsoknir","status":"publish","type":"page","link":"https:\/\/uni.hi.is\/eirikur\/rannsoknir\/","title":{"rendered":"Ranns\u00f3knir"},"content":{"rendered":"<p>\u00c1 \u00feessum s\u00ed\u00f0um er a\u00f0 finna stutta l\u00fdsingu \u00e1 helstu ranns\u00f3knum sem \u00e9g hef fengist vi\u00f0 undanfarna \u00e1ratugi.<\/p>\n","protected":false},"excerpt":{"rendered":"<p>\u00c1 \u00feessum s\u00ed\u00f0um er a\u00f0 finna stutta l\u00fdsingu \u00e1 helstu ranns\u00f3knum sem \u00e9g hef fengist vi\u00f0 undanfarna \u00e1ratugi.<\/p>\n","protected":false},"author":141,"featured_media":0,"parent":0,"menu_order":4,"comment_status":"closed","ping_status":"closed","template":"","meta":{"footnotes":""},"class_list":["post-12","page","type-page","status-publish","hentry"],"_links":{"self":[{"href":"https:\/\/uni.hi.is\/eirikur\/wp-json\/wp\/v2\/pages\/12","targetHints":{"allow":["GET"]}}],"collection":[{"href":"https:\/\/uni.hi.is\/eirikur\/wp-json\/wp\/v2\/pages"}],"about":[{"href":"https:\/\/uni.hi.is\/eirikur\/wp-json\/wp\/v2\/types\/page"}],"author":[{"embeddable":true,"href":"https:\/\/uni.hi.is\/eirikur\/wp-json\/wp\/v2\/users\/141"}],"replies":[{"embeddable":true,"href":"https:\/\/uni.hi.is\/eirikur\/wp-json\/wp\/v2\/comments?post=12"}],"version-history":[{"count":4,"href":"https:\/\/uni.hi.is\/eirikur\/wp-json\/wp\/v2\/pages\/12\/revisions"}],"predecessor-version":[{"id":77,"href":"https:\/\/uni.hi.is\/eirikur\/wp-json\/wp\/v2\/pages\/12\/revisions\/77"}],"wp:attachment":[{"href":"https:\/\/uni.hi.is\/eirikur\/wp-json\/wp\/v2\/media?parent=12"}],"curies":[{"name":"wp","href":"https:\/\/api.w.org\/{rel}","templated":true}]}}