{"id":141,"date":"2010-05-15T20:57:32","date_gmt":"2010-05-15T20:57:32","guid":{"rendered":"http:\/\/uni.hi.is\/eirikur\/?page_id=141"},"modified":"2021-12-12T22:17:03","modified_gmt":"2021-12-12T22:17:03","slug":"lif-og-starf","status":"publish","type":"page","link":"https:\/\/uni.hi.is\/eirikur\/about\/lif-og-starf\/","title":{"rendered":"L\u00edf og starf"},"content":{"rendered":"<h3>Uppruni og fj\u00f6lskylda<\/h3>\n<p>\u00c9g er f\u00e6ddur 1. j\u00fan\u00ed 1955 \u00e1 <a href=\"http:\/\/maps.google.com\/maps?f=q&amp;source=s_q&amp;hl=en&amp;geocode=&amp;q=Sau%C3%B0%C3%A1rkr%C3%B3kur,+Iceland&amp;sll=65.633073,-19.44447&amp;sspn=0.008092,0.027595&amp;ie=UTF8&amp;hq=&amp;hnear=Sau%C3%B0%C3%A1rkr%C3%B3kur,+Northwest,+Iceland&amp;ll=65.747343,-19.639778&amp;spn=0.032224,0.110378&amp;t=h&amp;z=13\">Sau\u00f0\u00e1rkr\u00f3ki<\/a>, sonur hj\u00f3nanna R\u00f6gnvaldar G\u00edslasonar fr\u00e1 Eyhildarholti \u00ed Hegranesi og Sigr\u00ed\u00f0ar J\u00f3nsd\u00f3ttur fr\u00e1 <a href=\"http:\/\/is.wikipedia.org\/wiki\/Dj%C3%BApidalur\">Dj\u00fapadal<\/a> \u00ed Bl\u00f6nduhl\u00ed\u00f0. \u00c9g er kv\u00e6ntur Gu\u00f0r\u00fanu Ing\u00f3lfsd\u00f3ttur, cand.mag., doktorsnema \u00ed \u00edslenskum b\u00f3kmenntum, og vi\u00f0 eigum einn son, Ing\u00f3lf, f. 1994.<\/p>\n<h3>N\u00e1msferill<\/h3>\n<p>\u00c9g lauk landspr\u00f3fi mi\u00f0sk\u00f3la fr\u00e1 Gagnfr\u00e6\u00f0ask\u00f3lanum \u00e1 Sau\u00f0\u00e1rkr\u00f3ki vori\u00f0 1971. A\u00f0 \u00fev\u00ed loknu f\u00f3r \u00e9g \u00ed <a href=\"http:\/\/www.ma.is\">Menntask\u00f3lann \u00e1 Akureyri<\/a>, og lauk st\u00fadentspr\u00f3fi \u00far m\u00e1ladeild vori\u00f0 1975.<\/p>\n<p>Hausti\u00f0 1976 h\u00f3f \u00e9g n\u00e1m vi\u00f0 heimspekideild H\u00e1sk\u00f3la \u00cdslands, og lauk B.A.-pr\u00f3fi \u00ed \u00edslensku sem a\u00f0algrein og almennri b\u00f3kmenntafr\u00e6\u00f0i sem aukagrein vori\u00f0 1979.<\/p>\n<p>A\u00f0 loknu B.A.-pr\u00f3fi settist \u00e9g \u00e1 kand\u00eddatsstig \u00ed \u00edslenskri m\u00e1lfr\u00e6\u00f0i, og t\u00f3k einnig nokkur n\u00e1mskei\u00f0 \u00ed almennum m\u00e1lv\u00edsindum til B.A.-pr\u00f3fs. Kand\u00eddatspr\u00f3fi lauk \u00e9g hausti\u00f0 1982.<\/p>\n<h3>A\u00f0alstarf<\/h3>\n<p>Fr\u00e1 n\u00e1mslokum hef \u00e9g haft kennslu og ranns\u00f3knir a\u00f0 a\u00f0alstarfi. \u00c9g var stundakennari (\u00ed almennum m\u00e1lv\u00edsindum og \u00edslensku) vi\u00f0 H\u00e1sk\u00f3la \u00cdslands 1981- 85. Skipa\u00f0ur lektor \u00ed \u00edslenskri m\u00e1lfr\u00e6\u00f0i fr\u00e1 1. jan\u00faar 1986, d\u00f3sent fr\u00e1 1. ma\u00ed 1988, pr\u00f3fessor fr\u00e1 1. ma\u00ed 1993 til 30. j\u00fan\u00ed 2018 \u00feegar \u00e9g f\u00f3r \u00e1 eftirlaun.<\/p>\n<p>Fr\u00e1 \u00e1rsbyrjun 2019 til septemberloka 2021 var \u00e9g \u00ed 40 og s\u00ed\u00f0ar 20% starfi sem landsfulltr\u00fai (<em>national coordinator<\/em>) <a href=\"http:\/\/clarin.is\/\">CLARIN \u00e1 \u00cdslandi<\/a>, me\u00f0 a\u00f0st\u00f6\u00f0u \u00e1 CLARIN-mi\u00f0st\u00f6\u00f0inni \u00e1 Stofnun \u00c1rna Magn\u00fassonar \u00ed \u00edslenskum fr\u00e6\u00f0um.<\/p>\n<h3>\u00d6nnur st\u00f6rf<\/h3>\n<p>Fr\u00e1 hausti 1975 til jafnlengdar n\u00e6sta \u00e1r gegndi \u00e9g starfi b\u00f3kavar\u00f0ar <a href=\"http:\/\/www.skagafjordur.is\/default.asp?cat_id=389\">H\u00e9ra\u00f0sb\u00f3kasafns Skagfir\u00f0inga<\/a> og forst\u00f6\u00f0umanns Safnah\u00fass Skagfir\u00f0inga. Sumrin 1977-1979 gegndi \u00e9g \u00feessu sama starfi, u.\u00fe.b. \u00ferj\u00e1 m\u00e1nu\u00f0i hvert sumar.<\/p>\n<p>Sumari\u00f0 1980 vann \u00e9g um m\u00e1na\u00f0arskei\u00f0 \u00e1 <a href=\"http:\/\/www.skagafjordur.is\/default.asp?cat_id=388\">H\u00e9ra\u00f0sskjalasafni Skagfir\u00f0inga<\/a> vi\u00f0 r\u00f6\u00f0un og skr\u00e1ningu \u00fdmissa opinberra skjala.<\/p>\n<p>Sumrin 1980 og 1981 vann \u00e9g vi\u00f0 <a href=\"http:\/\/mallyskur.is\/\">frambur\u00f0arathuganir<\/a> (uppt\u00f6kur) \u00ed Skagafir\u00f0i \u00e1 vegum pr\u00f3fessoranna H\u00f6skuldar \u00der\u00e1inssonar og Kristj\u00e1ns \u00c1rnasonar, u.\u00fe.b. viku hvort sumar.<\/p>\n<p>Veturinn 1980-1981 vann \u00e9g um t\u00edma vi\u00f0 pr\u00f3farkalestur sk\u00fdringartexta hj\u00e1 Sj\u00f3nvarpinu.<\/p>\n<p>Sumrin 1981 og 1982 vann \u00e9g einkum a\u00f0 <a href=\"http:\/\/notendur.hi.is\/eirikur\/ordarod.pdf\">kand\u00eddatsritger\u00f0<\/a> minni.<\/p>\n<p>Sumrin 1983-1985 vann \u00e9g a\u00f0 athugunum \u00e1 \u00edslenskri setningafr\u00e6\u00f0i, einkum or\u00f0ar\u00f6\u00f0, fyrir styrki \u00far Ranns\u00f3knasj\u00f3\u00f0i H\u00e1sk\u00f3la \u00cdslands og norr\u00e6nan styrk sem M\u00e1lv\u00edsindastofnun var veittur.<\/p>\n<p>\u00c1rin 1983-1987 var \u00e9g ritstj\u00f3ri t\u00edmaritsins <a href=\"http:\/\/m\u00e1lfr\u00e6\u00f0i.is\/\"><em>\u00cdslensks m\u00e1ls<\/em><\/a>, sem \u00cdslenska m\u00e1lfr\u00e6\u00f0if\u00e9lagi\u00f0 gefur \u00fat.<\/p>\n<p>Sumari\u00f0 1984 s\u00e1 \u00e9g um \u00fe\u00e1ttinn <a href=\"http:\/\/notendur.hi.is\/eirikur\/daglmal.pdf\">Daglegt m\u00e1l<\/a> \u00ed R\u00edkis\u00fatvarpinu um tveggja m\u00e1na\u00f0a skei\u00f0 (j\u00fal\u00ed-september), og flutti alls 17 \u00fe\u00e6tti.<\/p>\n<p>\u00c1 \u00e1runum 1985-1989 rak \u00e9g \u00e1samt Vilhj\u00e1lmi Sigurj\u00f3nssyni fyrirt\u00e6ki\u00f0 <em>Ritm\u00e1l<\/em>, sem t\u00f3k a\u00f0 s\u00e9r \u00fdmis verkefni \u00e1 svi\u00f0i textavinnslu. Vi\u00f0 \u00fe\u00fdddum m.a. ritvinnslukerfi\u00f0 <a href=\"http:\/\/timarit.is\/view_page_init.jsp?pageId=1633457&amp;issId=120635&amp;lang=is\">WordPerfect<\/a> \u00e1 \u00edslensku og ger\u00f0um \u00edslenskt or\u00f0asafn me\u00f0 kerfinu.<!--:--><!--:en--><\/p>\n","protected":false},"excerpt":{"rendered":"<p>Uppruni og fj\u00f6lskylda \u00c9g er f\u00e6ddur 1. j\u00fan\u00ed 1955 \u00e1 Sau\u00f0\u00e1rkr\u00f3ki, sonur hj\u00f3nanna R\u00f6gnvaldar G\u00edslasonar fr\u00e1 Eyhildarholti \u00ed Hegranesi og Sigr\u00ed\u00f0ar J\u00f3nsd\u00f3ttur fr\u00e1 Dj\u00fapadal \u00ed Bl\u00f6nduhl\u00ed\u00f0. \u00c9g er kv\u00e6ntur Gu\u00f0r\u00fanu Ing\u00f3lfsd\u00f3ttur, cand.mag., doktorsnema \u00ed \u00edslenskum b\u00f3kmenntum, og vi\u00f0 eigum einn son, Ing\u00f3lf, f. 1994. N\u00e1msferill \u00c9g lauk landspr\u00f3fi mi\u00f0sk\u00f3la fr\u00e1 Gagnfr\u00e6\u00f0ask\u00f3lanum \u00e1 Sau\u00f0\u00e1rkr\u00f3ki vori\u00f0 1971. [&hellip;]<\/p>\n","protected":false},"author":141,"featured_media":0,"parent":2,"menu_order":1,"comment_status":"closed","ping_status":"closed","template":"","meta":{"footnotes":""},"class_list":["post-141","page","type-page","status-publish","hentry"],"_links":{"self":[{"href":"https:\/\/uni.hi.is\/eirikur\/wp-json\/wp\/v2\/pages\/141","targetHints":{"allow":["GET"]}}],"collection":[{"href":"https:\/\/uni.hi.is\/eirikur\/wp-json\/wp\/v2\/pages"}],"about":[{"href":"https:\/\/uni.hi.is\/eirikur\/wp-json\/wp\/v2\/types\/page"}],"author":[{"embeddable":true,"href":"https:\/\/uni.hi.is\/eirikur\/wp-json\/wp\/v2\/users\/141"}],"replies":[{"embeddable":true,"href":"https:\/\/uni.hi.is\/eirikur\/wp-json\/wp\/v2\/comments?post=141"}],"version-history":[{"count":22,"href":"https:\/\/uni.hi.is\/eirikur\/wp-json\/wp\/v2\/pages\/141\/revisions"}],"predecessor-version":[{"id":4066,"href":"https:\/\/uni.hi.is\/eirikur\/wp-json\/wp\/v2\/pages\/141\/revisions\/4066"}],"up":[{"embeddable":true,"href":"https:\/\/uni.hi.is\/eirikur\/wp-json\/wp\/v2\/pages\/2"}],"wp:attachment":[{"href":"https:\/\/uni.hi.is\/eirikur\/wp-json\/wp\/v2\/media?parent=141"}],"curies":[{"name":"wp","href":"https:\/\/api.w.org\/{rel}","templated":true}]}}