{"id":144,"date":"2010-05-15T21:00:08","date_gmt":"2010-05-15T21:00:08","guid":{"rendered":"http:\/\/uni.hi.is\/eirikur\/?page_id=144"},"modified":"2018-07-01T10:25:08","modified_gmt":"2018-07-01T10:25:08","slug":"myndir","status":"publish","type":"page","link":"https:\/\/uni.hi.is\/eirikur\/about\/myndir\/","title":{"rendered":"Myndir"},"content":{"rendered":"<h3>Eir\u00edkur \u00e1 \u00fdmsum t\u00edmum<\/h3>\n<p><a href=\"http:\/\/uni.hi.is\/eirikur\/files\/2010\/05\/eirikur.jpg\"><img loading=\"lazy\" decoding=\"async\" src=\"http:\/\/uni.hi.is\/eirikur\/files\/2010\/05\/eirikur.jpg\" alt=\"\" width=\"604\" height=\"453\" \/><\/a><\/p>\n<p>&nbsp;<\/p>\n<p><a href=\"https:\/\/www.facebook.com\/eirikurr\/photos?lst=542863870%3A542863870%3A1530440674&amp;source_ref=pb_friends_tl\">Myndas\u00ed\u00f0an m\u00edn \u00e1 Facebook<\/a><\/p>\n","protected":false},"excerpt":{"rendered":"<p>Eir\u00edkur \u00e1 \u00fdmsum t\u00edmum &nbsp; Myndas\u00ed\u00f0an m\u00edn \u00e1 Facebook<\/p>\n","protected":false},"author":141,"featured_media":0,"parent":2,"menu_order":2,"comment_status":"closed","ping_status":"closed","template":"","meta":{"footnotes":""},"class_list":["post-144","page","type-page","status-publish","hentry"],"_links":{"self":[{"href":"https:\/\/uni.hi.is\/eirikur\/wp-json\/wp\/v2\/pages\/144","targetHints":{"allow":["GET"]}}],"collection":[{"href":"https:\/\/uni.hi.is\/eirikur\/wp-json\/wp\/v2\/pages"}],"about":[{"href":"https:\/\/uni.hi.is\/eirikur\/wp-json\/wp\/v2\/types\/page"}],"author":[{"embeddable":true,"href":"https:\/\/uni.hi.is\/eirikur\/wp-json\/wp\/v2\/users\/141"}],"replies":[{"embeddable":true,"href":"https:\/\/uni.hi.is\/eirikur\/wp-json\/wp\/v2\/comments?post=144"}],"version-history":[{"count":17,"href":"https:\/\/uni.hi.is\/eirikur\/wp-json\/wp\/v2\/pages\/144\/revisions"}],"predecessor-version":[{"id":1370,"href":"https:\/\/uni.hi.is\/eirikur\/wp-json\/wp\/v2\/pages\/144\/revisions\/1370"}],"up":[{"embeddable":true,"href":"https:\/\/uni.hi.is\/eirikur\/wp-json\/wp\/v2\/pages\/2"}],"wp:attachment":[{"href":"https:\/\/uni.hi.is\/eirikur\/wp-json\/wp\/v2\/media?parent=144"}],"curies":[{"name":"wp","href":"https:\/\/api.w.org\/{rel}","templated":true}]}}