{"id":169,"date":"2010-05-16T11:42:15","date_gmt":"2010-05-16T11:42:15","guid":{"rendered":"http:\/\/uni.hi.is\/eirikur\/?page_id=169"},"modified":"2020-03-14T17:48:05","modified_gmt":"2020-03-14T17:48:05","slug":"innan-haskolans","status":"publish","type":"page","link":"https:\/\/uni.hi.is\/eirikur\/stjornun\/innan-haskolans\/","title":{"rendered":"Innan H\u00e1sk\u00f3lans"},"content":{"rendered":"<p><!--:en--><\/p>\n<table border=\"0\" cellspacing=\"0\" cellpadding=\"0\">\n<tbody>\n<tr>\n<td valign=\"top\" width=\"91\">2016-2018<\/td>\n<td valign=\"top\" width=\"528\">Forma\u00f0ur M\u00e1lnefndar H\u00e1sk\u00f3la \u00cdslands<\/td>\n<\/tr>\n<tr>\n<td valign=\"top\" width=\"91\">2015-2016<\/td>\n<td valign=\"top\" width=\"528\">Forma\u00f0ur starfsh\u00f3ps rektors um endursko\u00f0un m\u00e1lstefnu H\u00e1sk\u00f3la \u00cdslands<\/td>\n<\/tr>\n<tr>\n<td valign=\"top\" width=\"91\">2014-2018<\/td>\n<td valign=\"top\" width=\"528\">Fulltr\u00fai h\u00e1sk\u00f3lasamf\u00e9lagsins \u00ed h\u00e1sk\u00f3lar\u00e1\u00f0i<\/td>\n<\/tr>\n<tr>\n<td valign=\"top\" width=\"91\">2014-2018<\/td>\n<td valign=\"top\" width=\"528\">Stj\u00f3rnarforma\u00f0ur M\u00e1lv\u00edsindastofnunar H\u00e1sk\u00f3la \u00cdslands<\/td>\n<\/tr>\n<tr>\n<td valign=\"top\" width=\"91\">2014<\/td>\n<td valign=\"top\" width=\"528\">Fulltr\u00fai Hugv\u00edsindasvi\u00f0s \u00ed sj\u00e1lfsmatsh\u00f3p til a\u00f0 meta \u00e1rangur sameiningar Kennarah\u00e1sk\u00f3la \u00cdslands og H\u00e1sk\u00f3la \u00cdslands og st\u00f6\u00f0u kennaramenntunar<\/td>\n<\/tr>\n<tr>\n<td valign=\"top\" width=\"91\">2012-2013<\/td>\n<td valign=\"top\" width=\"528\">\u00cd starfsh\u00f3pi rektors um vefstudda kennslu og n\u00e1m<\/td>\n<\/tr>\n<tr>\n<td valign=\"top\" width=\"91\">2012-2014<\/td>\n<td valign=\"top\" width=\"528\">\u00cd framhaldsn\u00e1msnefnd \u00cdslensku- og menningardeildar<\/td>\n<\/tr>\n<tr>\n<td valign=\"top\" width=\"91\">2012-2014<\/td>\n<td valign=\"top\" width=\"528\">Varama\u00f0ur \u00ed h\u00e1sk\u00f3lar\u00e1\u00f0i<\/td>\n<\/tr>\n<tr>\n<td valign=\"top\" width=\"91\">2012-2015<\/td>\n<td valign=\"top\" width=\"528\">\u00cd n\u00e1msstj\u00f3rn um menntun framhaldssk\u00f3lakennara<\/td>\n<\/tr>\n<tr>\n<td valign=\"top\" width=\"91\">2011-2012<\/td>\n<td valign=\"top\" width=\"528\">Forma\u00f0ur starfsh\u00f3ps rektors um opinn a\u00f0gang a\u00f0 ranns\u00f3knarni\u00f0urst\u00f6\u00f0um og lokaverkefnum<\/td>\n<\/tr>\n<tr>\n<td valign=\"top\" width=\"91\">2011<\/td>\n<td valign=\"top\" width=\"528\">\u00cd d\u00f3mnefnd um tv\u00e6r s\u00e9rfr\u00e6\u00f0ingsst\u00f6\u00f0ur \u00ed m\u00e1lfr\u00e6\u00f0i vi\u00f0 Hugv\u00edsindastofnun<\/td>\n<\/tr>\n<tr>\n<td valign=\"top\" width=\"91\">2011-2017<\/td>\n<td valign=\"top\" width=\"528\">\u00cd stj\u00f3rn meistaran\u00e1ms \u00ed talmeinafr\u00e6\u00f0i<\/td>\n<\/tr>\n<tr>\n<td valign=\"top\" width=\"91\">2008-2010<\/td>\n<td valign=\"top\" width=\"528\">\u00cd br\u00e1\u00f0abirg\u00f0an\u00e1msstj\u00f3rn \u00feverfaglegs meistaran\u00e1ms \u00ed talmeinafr\u00e6\u00f0i<\/td>\n<\/tr>\n<tr>\n<td valign=\"top\" width=\"91\">2008<\/td>\n<td valign=\"top\" width=\"528\">\u00cd valnefnd til a\u00f0 undirb\u00faa r\u00e1\u00f0ningu forseta Hugv\u00edsindasvi\u00f0s<\/td>\n<\/tr>\n<tr>\n<td valign=\"top\" width=\"91\">2008-2010<\/td>\n<td valign=\"top\" width=\"528\">Forseti \u00cdslensku- og menningardeildar H\u00e1sk\u00f3la \u00cdslands og \u00ed stj\u00f3rn Hugv\u00edsindasvi\u00f0s<\/td>\n<\/tr>\n<tr>\n<td valign=\"top\" width=\"91\">2007-2008<\/td>\n<td valign=\"top\" width=\"528\">\u00cd verkefnish\u00f3p um skipulag og framkv\u00e6md n\u00e1ms \u00ed n\u00fdjum menntav\u00edsindask\u00f3la H\u00cd<\/td>\n<\/tr>\n<tr>\n<td valign=\"top\" width=\"91\">2007-2014<\/td>\n<td valign=\"top\" width=\"528\">\u00cd samstarfsnefnd H\u00e1sk\u00f3la \u00cdslands og Stofnunar \u00c1rna Magn\u00fassonar \u00ed \u00edslenskum fr\u00e6\u00f0um<\/td>\n<\/tr>\n<tr>\n<td valign=\"top\" width=\"91\">2006-2007<\/td>\n<td valign=\"top\" width=\"528\">\u00cd starfsh\u00f3p til a\u00f0 undirb\u00faa dr\u00f6g a\u00f0 stefnu H\u00e1sk\u00f3lans um notkun uppl\u00fdsingat\u00e6kni \u00ed n\u00e1mi og kennslu og um frambo\u00f0 og framkv\u00e6md fjarn\u00e1ms<\/td>\n<\/tr>\n<tr>\n<td valign=\"top\" width=\"91\">2006<\/td>\n<td valign=\"top\" width=\"528\">Fulltr\u00fai Hugv\u00edsindadeildar \u00ed d\u00f3mnefnd um starf forst\u00f6\u00f0umanns Stofnunar \u00c1rna Magn\u00fassonar \u00ed \u00edslenskum fr\u00e6\u00f0um<\/td>\n<\/tr>\n<tr>\n<td valign=\"top\" width=\"91\">2006-2008<\/td>\n<td valign=\"top\" width=\"528\">Forma\u00f0ur \u00edslenskuskorar H\u00e1sk\u00f3lans og \u00ed deildarr\u00e1\u00f0i Hugv\u00edsindadeildar<\/td>\n<\/tr>\n<tr>\n<td valign=\"top\" width=\"91\">2005-2006<\/td>\n<td valign=\"top\" width=\"528\">\u00cd fj\u00e1rm\u00e1lanefnd Hugv\u00edsindadeildar<\/td>\n<\/tr>\n<tr>\n<td valign=\"top\" width=\"91\">2002-2004<\/td>\n<td valign=\"top\" width=\"528\">\u00cd fj\u00e1rm\u00e1lanefnd Heimspekideildar<\/td>\n<\/tr>\n<tr>\n<td valign=\"top\" width=\"91\">2002-2004<\/td>\n<td valign=\"top\" width=\"528\">Varaforseti Heimspekideildar<\/td>\n<\/tr>\n<tr>\n<td valign=\"top\" width=\"91\">2002-2005<\/td>\n<td valign=\"top\" width=\"528\">Varama\u00f0ur \u00ed stj\u00f3rn M\u00e1lv\u00edsindastofnunar H\u00e1sk\u00f3lans<\/td>\n<\/tr>\n<tr>\n<td valign=\"top\" width=\"91\">1999-2002<\/td>\n<td valign=\"top\" width=\"528\">\u00cd verkefnisstj\u00f3rn hagn\u00fdtra n\u00e1msbrauta vi\u00f0 H\u00e1sk\u00f3la \u00cdslands<\/td>\n<\/tr>\n<tr>\n<td valign=\"top\" width=\"91\">1999-2000<\/td>\n<td valign=\"top\" width=\"528\">Forma\u00f0ur \u00fer\u00f3unarnefndar Heimspekideildar<\/td>\n<\/tr>\n<tr>\n<td valign=\"top\" width=\"91\">1998-2000<\/td>\n<td valign=\"top\" width=\"528\">\u00cd fj\u00e1rm\u00e1lanefnd Heimspekideildar<\/td>\n<\/tr>\n<tr>\n<td valign=\"top\" width=\"91\">1998-1999<\/td>\n<td valign=\"top\" width=\"528\">\u00cd d\u00f3mnefnd um lektorsstarf \u00ed \u00edslenskri m\u00e1lfr\u00e6\u00f0i vi\u00f0 heimspekideild H\u00e1sk\u00f3la \u00cdslands<\/td>\n<\/tr>\n<tr>\n<td valign=\"top\" width=\"91\">1998-2001<\/td>\n<td valign=\"top\" width=\"528\">\u00cd stj\u00f3rn Reiknistofnunar H\u00e1sk\u00f3la \u00cdslands<\/td>\n<\/tr>\n<tr>\n<td valign=\"top\" width=\"91\">1997-1998<\/td>\n<td valign=\"top\" width=\"528\">Varaforma\u00f0ur \u00edslenskuskorar H\u00e1sk\u00f3lans<\/td>\n<\/tr>\n<tr>\n<td valign=\"top\" width=\"91\">1994-2006<\/td>\n<td valign=\"top\" width=\"528\">Forma\u00f0ur stj\u00f3rnar Or\u00f0ab\u00f3kar H\u00e1sk\u00f3lans<\/td>\n<\/tr>\n<tr>\n<td valign=\"top\" width=\"91\">1993-1995<\/td>\n<td valign=\"top\" width=\"528\">Forma\u00f0ur \u00edslenskuskorar H\u00e1sk\u00f3lans og \u00ed deildarr\u00e1\u00f0i Heimspekideildar<\/td>\n<\/tr>\n<tr>\n<td valign=\"top\" width=\"91\">1993-1998<\/td>\n<td valign=\"top\" width=\"528\">Varama\u00f0ur \u00ed stj\u00f3rn Reiknistofnunar H\u00e1sk\u00f3la \u00cdslands<\/td>\n<\/tr>\n<tr>\n<td valign=\"top\" width=\"91\">1991-1998<\/td>\n<td valign=\"top\" width=\"528\">Fulltr\u00fai Heimspekideildar \u00ed n\u00e1msnefnd \u00ed hagn\u00fdtri fj\u00f6lmi\u00f0lun<\/td>\n<\/tr>\n<tr>\n<td valign=\"top\" width=\"91\">1991-1992<\/td>\n<td valign=\"top\" width=\"528\">\u00cd n\u00e1msnefnd \u00e1 MA-stigi \u00ed \u00edslenskri m\u00e1lfr\u00e6\u00f0i<\/td>\n<\/tr>\n<tr>\n<td valign=\"top\" width=\"91\">1991-1992<\/td>\n<td valign=\"top\" width=\"528\">Forma\u00f0ur \u00edslenskuskorar H\u00e1sk\u00f3lans og \u00ed deildarr\u00e1\u00f0i Heimspekideildar<\/td>\n<\/tr>\n<tr>\n<td valign=\"top\" width=\"91\">1991-1992<\/td>\n<td valign=\"top\" width=\"528\">\u00cd fj\u00e1rm\u00e1lanefnd H\u00e1sk\u00f3lans<\/td>\n<\/tr>\n<tr>\n<td valign=\"top\" width=\"91\">1991<\/td>\n<td valign=\"top\" width=\"528\">Forma\u00f0ur d\u00f3mnefndar um \u00ferj\u00e1r t\u00edmabundnar lektorsst\u00f6\u00f0ur vi\u00f0 heimspekideild H\u00e1sk\u00f3la \u00cdslands<\/td>\n<\/tr>\n<tr>\n<td valign=\"top\" width=\"91\">1990-1991<\/td>\n<td valign=\"top\" width=\"528\">Forma\u00f0ur skoranefndar Heimspekideildar<\/td>\n<\/tr>\n<tr>\n<td valign=\"top\" width=\"91\">1990-1992<\/td>\n<td valign=\"top\" width=\"528\">\u00c1heyrnarfulltr\u00fai Heimspekideildar \u00ed stj\u00f3rn Reiknistofnunar H\u00e1sk\u00f3la \u00cdslands<\/td>\n<\/tr>\n<tr>\n<td valign=\"top\" width=\"91\">1990-1991<\/td>\n<td valign=\"top\" width=\"528\">\u00cd h\u00fasn\u00e6\u00f0isnefnd Heimspekideildar<\/td>\n<\/tr>\n<tr>\n<td valign=\"top\" width=\"91\">1989-1990<\/td>\n<td valign=\"top\" width=\"528\">\u00cd n\u00e1msnefnd \u00ed \u00edslensku til BA-pr\u00f3fs<\/td>\n<\/tr>\n<tr>\n<td valign=\"top\" width=\"91\">1989<\/td>\n<td valign=\"top\" width=\"528\">Fulltr\u00fai menntam\u00e1lar\u00e1\u00f0uneytisins \u00ed d\u00f3mnefnd um d\u00f3sentsst\u00f6\u00f0u \u00ed almennum m\u00e1lv\u00edsindum vi\u00f0 H\u00e1sk\u00f3la \u00cdslands<\/td>\n<\/tr>\n<tr>\n<td valign=\"top\" width=\"91\">1988<\/td>\n<td valign=\"top\" width=\"528\">Fulltr\u00fai H\u00e1sk\u00f3lans \u00ed d\u00f3mnefnd um pr\u00f3fessorsst\u00f6\u00f0u \u00ed \u00edslensku vi\u00f0 Kennarah\u00e1sk\u00f3la \u00cdslands<\/td>\n<\/tr>\n<tr>\n<td valign=\"top\" width=\"91\">1988-1992<\/td>\n<td valign=\"top\" width=\"528\">\u00cd kennaramenntunarnefnd H\u00e1sk\u00f3la \u00cdslands<\/td>\n<\/tr>\n<tr>\n<td valign=\"top\" width=\"91\">1988-1992<\/td>\n<td valign=\"top\" width=\"528\">\u00datg\u00e1fufulltr\u00fai Heimspekideildar gagnvart H\u00e1sk\u00f3la\u00fatg\u00e1funni<\/td>\n<\/tr>\n<tr>\n<td valign=\"top\" width=\"91\">1988-1989<\/td>\n<td valign=\"top\" width=\"528\">Forst\u00f6\u00f0uma\u00f0ur M\u00e1lv\u00edsindastofnunar H\u00e1sk\u00f3la \u00cdslands<\/td>\n<\/tr>\n<tr>\n<td valign=\"top\" width=\"91\">1987-1988<\/td>\n<td valign=\"top\" width=\"528\">\u00cd stj\u00f3rnarnefnd kennslugreinarinnar r\u00fassnesku<\/td>\n<\/tr>\n<tr>\n<td valign=\"top\" width=\"91\">1987-1988<\/td>\n<td valign=\"top\" width=\"528\">\u00cd n\u00e1msnefnd \u00ed \u00edslensku til BA-pr\u00f3fs<\/td>\n<\/tr>\n<tr>\n<td valign=\"top\" width=\"91\">1987<\/td>\n<td valign=\"top\" width=\"528\">\u00cd h\u00fasn\u00e6\u00f0isnefnd Heimspekideildar<\/td>\n<\/tr>\n<tr>\n<td valign=\"top\" width=\"91\">1986-1988<\/td>\n<td valign=\"top\" width=\"528\">\u00cd undirb\u00faningsnefnd Heimspekideildar fyrir \"opi\u00f0 h\u00fas\"<\/td>\n<\/tr>\n<tr>\n<td valign=\"top\" width=\"91\">1986-1987<\/td>\n<td valign=\"top\" width=\"528\">\u00cd deildarr\u00e1\u00f0i Heimspekideildar<\/td>\n<\/tr>\n<tr>\n<td valign=\"top\" width=\"91\">1984-1985<\/td>\n<td valign=\"top\" width=\"528\">\u00cd n\u00e1msnefnd \u00ed \u00edslensku til BA-pr\u00f3fs<\/td>\n<\/tr>\n<tr>\n<td valign=\"top\" width=\"91\">1983-1984<\/td>\n<td valign=\"top\" width=\"528\">\u00c1heyrnarfulltr\u00fai Samtaka stundakennara vi\u00f0 H.\u00cd. \u00e1 deildarr\u00e1\u00f0sfundum og deildarfundum \u00ed heimspekideild<\/td>\n<\/tr>\n<tr>\n<td valign=\"top\" width=\"91\">1982-1984<\/td>\n<td valign=\"top\" width=\"528\">\u00cd n\u00e1msnefnd \u00ed almennum m\u00e1lv\u00edsindum<\/td>\n<\/tr>\n<tr>\n<td valign=\"top\" width=\"91\">1981-1982<\/td>\n<td valign=\"top\" width=\"528\">Fulltr\u00fai st\u00fadenta \u00ed \u00fer\u00f3unarnefnd Heimspekideildar<\/td>\n<\/tr>\n<tr>\n<td valign=\"top\" width=\"91\">1980-1981<\/td>\n<td valign=\"top\" width=\"528\">Forma\u00f0ur M\u00e1lv\u00edsundarins, f\u00e9lags kennara og nemenda \u00ed almennum m\u00e1lv\u00edsindum<\/td>\n<\/tr>\n<tr>\n<td valign=\"top\" width=\"91\">1979-1982<\/td>\n<td valign=\"top\" width=\"528\">Fulltr\u00fai st\u00fadenta \u00e1 deildarfundum Heimspekideildar<\/td>\n<\/tr>\n<tr>\n<td valign=\"top\" width=\"91\">1979-1980<\/td>\n<td valign=\"top\" width=\"528\">Fulltr\u00fai st\u00fadenta \u00ed deildarr\u00e1\u00f0i Heimspekideildar<\/td>\n<\/tr>\n<tr>\n<td valign=\"top\" width=\"91\">1977-1978<\/td>\n<td valign=\"top\" width=\"528\">Forma\u00f0ur M\u00edmis, f\u00e9lags st\u00fadenta \u00ed \u00edslenskum fr\u00e6\u00f0um<\/td>\n<\/tr>\n<\/tbody>\n<\/table>\n<p><!--:--><!--:zh--><\/p>\n<table border=\"0\" cellspacing=\"0\" cellpadding=\"0\">\n<tbody>\n<tr>\n<td valign=\"top\" width=\"91\">2011<\/td>\n<td valign=\"top\" width=\"528\">\u00cd d\u00f3mnefnd um tv\u00e6r s\u00e9rfr\u00e6\u00f0ingsst\u00f6\u00f0ur \u00ed m\u00e1lfr\u00e6\u00f0i vi\u00f0 Hugv\u00edsindastofnun<\/td>\n<\/tr>\n<tr>\n<td valign=\"top\" width=\"91\">2011-2013<\/td>\n<td valign=\"top\" width=\"528\">\u00cd stj\u00f3rn meistaran\u00e1ms \u00ed talmeinafr\u00e6\u00f0i<\/td>\n<\/tr>\n<tr>\n<td valign=\"top\" width=\"91\">2008-2010<\/td>\n<td valign=\"top\" width=\"528\">\u00cd br\u00e1\u00f0abirg\u00f0an\u00e1msstj\u00f3rn \u00feverfaglegs meistaran\u00e1ms \u00ed talmeinafr\u00e6\u00f0i<\/td>\n<\/tr>\n<tr>\n<td valign=\"top\" width=\"91\">2008<\/td>\n<td valign=\"top\" width=\"528\">\u00cd valnefnd til a\u00f0 undirb\u00faa r\u00e1\u00f0ningu forseta Hugv\u00edsindasvi\u00f0s<\/td>\n<\/tr>\n<tr>\n<td valign=\"top\" width=\"91\">2008-2010<\/td>\n<td valign=\"top\" width=\"528\">Forseti \u00cdslensku- og menningardeildar H\u00e1sk\u00f3la \u00cdslands og \u00ed stj\u00f3rn Hugv\u00edsindasvi\u00f0s<\/td>\n<\/tr>\n<tr>\n<td valign=\"top\" width=\"91\">2007-<\/td>\n<td valign=\"top\" width=\"528\">\u00cd samstarfsnefnd H\u00e1sk\u00f3la \u00cdslands og Stofnunar \u00c1rna Magn\u00fassonar \u00ed \u00edslenskum fr\u00e6\u00f0um<\/td>\n<\/tr>\n<tr>\n<td valign=\"top\" width=\"91\">2007-2008<\/td>\n<td valign=\"top\" width=\"528\">\u00cd verkefnish\u00f3p um skipulag og framkv\u00e6md n\u00e1ms \u00ed n\u00fdjum menntav\u00edsindask\u00f3la H\u00cd<\/td>\n<\/tr>\n<tr>\n<td valign=\"top\" width=\"91\">2006-2007<\/td>\n<td valign=\"top\" width=\"528\">\u00cd starfsh\u00f3p til a\u00f0 undirb\u00faa dr\u00f6g a\u00f0 stefnu H\u00e1sk\u00f3lans um notkun uppl\u00fdsingat\u00e6kni \u00ed n\u00e1mi og kennslu og um frambo\u00f0 og framkv\u00e6md fjarn\u00e1ms<\/td>\n<\/tr>\n<tr>\n<td valign=\"top\" width=\"91\">2006<\/td>\n<td valign=\"top\" width=\"528\">Fulltr\u00fai Hugv\u00edsindadeildar \u00ed d\u00f3mnefnd um starf forst\u00f6\u00f0umanns Stofnunar \u00c1rna Magn\u00fassonar \u00ed \u00edslenskum fr\u00e6\u00f0um<\/td>\n<\/tr>\n<tr>\n<td valign=\"top\" width=\"91\">2006-2008<\/td>\n<td valign=\"top\" width=\"528\">Forma\u00f0ur \u00edslenskuskorar H\u00e1sk\u00f3lans og \u00ed deildarr\u00e1\u00f0i Hugv\u00edsindadeildar<\/td>\n<\/tr>\n<tr>\n<td valign=\"top\" width=\"91\">2005-2006<\/td>\n<td valign=\"top\" width=\"528\">\u00cd fj\u00e1rm\u00e1lanefnd Hugv\u00edsindadeildar<\/td>\n<\/tr>\n<tr>\n<td valign=\"top\" width=\"91\">2002-2004<\/td>\n<td valign=\"top\" width=\"528\">\u00cd fj\u00e1rm\u00e1lanefnd Heimspekideildar<\/td>\n<\/tr>\n<tr>\n<td valign=\"top\" width=\"91\">2002-2004<\/td>\n<td valign=\"top\" width=\"528\">Varaforseti Heimspekideildar<\/td>\n<\/tr>\n<tr>\n<td valign=\"top\" width=\"91\">2002-2005<\/td>\n<td valign=\"top\" width=\"528\">\u00cd stj\u00f3rn vefseturs \u00ed \u00edslensku - Icelandic Online<\/td>\n<\/tr>\n<tr>\n<td valign=\"top\" width=\"91\">2002-2005<\/td>\n<td valign=\"top\" width=\"528\">Varama\u00f0ur \u00ed stj\u00f3rn M\u00e1lv\u00edsindastofnunar H\u00e1sk\u00f3lans<\/td>\n<\/tr>\n<tr>\n<td valign=\"top\" width=\"91\">1999-2002<\/td>\n<td valign=\"top\" width=\"528\">\u00cd verkefnisstj\u00f3rn hagn\u00fdtra n\u00e1msbrauta vi\u00f0 H\u00e1sk\u00f3la \u00cdslands<\/td>\n<\/tr>\n<tr>\n<td valign=\"top\" width=\"91\">1999-2000<\/td>\n<td valign=\"top\" width=\"528\">Forma\u00f0ur \u00fer\u00f3unarnefndar Heimspekideildar<\/td>\n<\/tr>\n<tr>\n<td valign=\"top\" width=\"91\">1998-2000<\/td>\n<td valign=\"top\" width=\"528\">\u00cd fj\u00e1rm\u00e1lanefnd Heimspekideildar<\/td>\n<\/tr>\n<tr>\n<td valign=\"top\" width=\"91\">1998-1999<\/td>\n<td valign=\"top\" width=\"528\">\u00cd d\u00f3mnefnd um lektorsstarf \u00ed \u00edslenskri m\u00e1lfr\u00e6\u00f0i vi\u00f0 heimspekideild H\u00e1sk\u00f3la \u00cdslands<\/td>\n<\/tr>\n<tr>\n<td valign=\"top\" width=\"91\">1998-2001<\/td>\n<td valign=\"top\" width=\"528\">\u00cd stj\u00f3rn Reiknistofnunar H\u00e1sk\u00f3la \u00cdslands<\/td>\n<\/tr>\n<tr>\n<td valign=\"top\" width=\"91\">1997-1998<\/td>\n<td valign=\"top\" width=\"528\">Varaforma\u00f0ur \u00edslenskuskorar H\u00e1sk\u00f3lans<\/td>\n<\/tr>\n<tr>\n<td valign=\"top\" width=\"91\">1994-2006<\/td>\n<td valign=\"top\" width=\"528\">Forma\u00f0ur stj\u00f3rnar Or\u00f0ab\u00f3kar H\u00e1sk\u00f3lans<\/td>\n<\/tr>\n<tr>\n<td valign=\"top\" width=\"91\">1993-1995<\/td>\n<td valign=\"top\" width=\"528\">Forma\u00f0ur \u00edslenskuskorar H\u00e1sk\u00f3lans og \u00ed deildarr\u00e1\u00f0i Heimspekideildar<\/td>\n<\/tr>\n<tr>\n<td valign=\"top\" width=\"91\">1993-1998<\/td>\n<td valign=\"top\" width=\"528\">Varama\u00f0ur \u00ed stj\u00f3rn Reiknistofnunar H\u00e1sk\u00f3la \u00cdslands<\/td>\n<\/tr>\n<tr>\n<td valign=\"top\" width=\"91\">1991-1998<\/td>\n<td valign=\"top\" width=\"528\">Fulltr\u00fai Heimspekideildar \u00ed n\u00e1msnefnd \u00ed hagn\u00fdtri fj\u00f6lmi\u00f0lun<\/td>\n<\/tr>\n<tr>\n<td valign=\"top\" width=\"91\">1991-1992<\/td>\n<td valign=\"top\" width=\"528\">\u00cd n\u00e1msnefnd \u00e1 MA-stigi \u00ed \u00edslenskri m\u00e1lfr\u00e6\u00f0i<\/td>\n<\/tr>\n<tr>\n<td valign=\"top\" width=\"91\">1991-1992<\/td>\n<td valign=\"top\" width=\"528\">Forma\u00f0ur \u00edslenskuskorar H\u00e1sk\u00f3lans og \u00ed deildarr\u00e1\u00f0i Heimspekideildar<\/td>\n<\/tr>\n<tr>\n<td valign=\"top\" width=\"91\">1991-1992<\/td>\n<td valign=\"top\" width=\"528\">\u00cd fj\u00e1rm\u00e1lanefnd H\u00e1sk\u00f3lans<\/td>\n<\/tr>\n<tr>\n<td valign=\"top\" width=\"91\">1991<\/td>\n<td valign=\"top\" width=\"528\">Forma\u00f0ur d\u00f3mnefndar um \u00ferj\u00e1r t\u00edmabundnar lektorsst\u00f6\u00f0ur vi\u00f0 heimspekideild H\u00e1sk\u00f3la \u00cdslands<\/td>\n<\/tr>\n<tr>\n<td valign=\"top\" width=\"91\">1990-1991<\/td>\n<td valign=\"top\" width=\"528\">Forma\u00f0ur skoranefndar Heimspekideildar<\/td>\n<\/tr>\n<tr>\n<td valign=\"top\" width=\"91\">1990-1992<\/td>\n<td valign=\"top\" width=\"528\">\u00c1heyrnarfulltr\u00fai Heimspekideildar \u00ed stj\u00f3rn Reiknistofnunar H\u00e1sk\u00f3la \u00cdslands<\/td>\n<\/tr>\n<tr>\n<td valign=\"top\" width=\"91\">1990-1991<\/td>\n<td valign=\"top\" width=\"528\">\u00cd h\u00fasn\u00e6\u00f0isnefnd Heimspekideildar<\/td>\n<\/tr>\n<tr>\n<td valign=\"top\" width=\"91\">1989-1990<\/td>\n<td valign=\"top\" width=\"528\">\u00cd n\u00e1msnefnd \u00ed \u00edslensku til BA-pr\u00f3fs<\/td>\n<\/tr>\n<tr>\n<td valign=\"top\" width=\"91\">1989<\/td>\n<td valign=\"top\" width=\"528\">Fulltr\u00fai menntam\u00e1lar\u00e1\u00f0uneytisins \u00ed d\u00f3mnefnd um d\u00f3sentsst\u00f6\u00f0u \u00ed almennum m\u00e1lv\u00edsindum vi\u00f0 H\u00e1sk\u00f3la \u00cdslands<\/td>\n<\/tr>\n<tr>\n<td valign=\"top\" width=\"91\">1988<\/td>\n<td valign=\"top\" width=\"528\">Fulltr\u00fai H\u00e1sk\u00f3lans \u00ed d\u00f3mnefnd um pr\u00f3fessorsst\u00f6\u00f0u \u00ed \u00edslensku vi\u00f0 Kennarah\u00e1sk\u00f3la \u00cdslands<\/td>\n<\/tr>\n<tr>\n<td valign=\"top\" width=\"91\">1988-1992<\/td>\n<td valign=\"top\" width=\"528\">\u00cd kennaramenntunarnefnd H\u00e1sk\u00f3la \u00cdslands<\/td>\n<\/tr>\n<tr>\n<td valign=\"top\" width=\"91\">1988-1992<\/td>\n<td valign=\"top\" width=\"528\">\u00datg\u00e1fufulltr\u00fai Heimspekideildar gagnvart H\u00e1sk\u00f3la\u00fatg\u00e1funni<\/td>\n<\/tr>\n<tr>\n<td valign=\"top\" width=\"91\">1988-1989<\/td>\n<td valign=\"top\" width=\"528\">Forst\u00f6\u00f0uma\u00f0ur M\u00e1lv\u00edsindastofnunar H\u00e1sk\u00f3la \u00cdslands<\/td>\n<\/tr>\n<tr>\n<td valign=\"top\" width=\"91\">1987-1988<\/td>\n<td valign=\"top\" width=\"528\">\u00cd stj\u00f3rnarnefnd kennslugreinarinnar r\u00fassnesku<\/td>\n<\/tr>\n<tr>\n<td valign=\"top\" width=\"91\">1987-1988<\/td>\n<td valign=\"top\" width=\"528\">\u00cd n\u00e1msnefnd \u00ed \u00edslensku til BA-pr\u00f3fs<\/td>\n<\/tr>\n<tr>\n<td valign=\"top\" width=\"91\">1987<\/td>\n<td valign=\"top\" width=\"528\">\u00cd h\u00fasn\u00e6\u00f0isnefnd Heimspekideildar<\/td>\n<\/tr>\n<tr>\n<td valign=\"top\" width=\"91\">1986-1988<\/td>\n<td valign=\"top\" width=\"528\">\u00cd undirb\u00faningsnefnd Heimspekideildar fyrir \"opi\u00f0 h\u00fas\"<\/td>\n<\/tr>\n<tr>\n<td valign=\"top\" width=\"91\">1986-1987<\/td>\n<td valign=\"top\" width=\"528\">\u00cd deildarr\u00e1\u00f0i Heimspekideildar<\/td>\n<\/tr>\n<tr>\n<td valign=\"top\" width=\"91\">1984-1985<\/td>\n<td valign=\"top\" width=\"528\">\u00cd n\u00e1msnefnd \u00ed \u00edslensku til BA-pr\u00f3fs<\/td>\n<\/tr>\n<tr>\n<td valign=\"top\" width=\"91\">1983-1984<\/td>\n<td valign=\"top\" width=\"528\">\u00c1heyrnarfulltr\u00fai Samtaka stundakennara vi\u00f0 H.\u00cd. \u00e1 deildarr\u00e1\u00f0sfundum og deildarfundum \u00ed heimspekideild<\/td>\n<\/tr>\n<tr>\n<td valign=\"top\" width=\"91\">1982-1984<\/td>\n<td valign=\"top\" width=\"528\">\u00cd n\u00e1msnefnd \u00ed almennum m\u00e1lv\u00edsindum<\/td>\n<\/tr>\n<tr>\n<td valign=\"top\" width=\"91\">1981-1982<\/td>\n<td valign=\"top\" width=\"528\">Fulltr\u00fai st\u00fadenta \u00ed \u00fer\u00f3unarnefnd Heimspekideildar<\/td>\n<\/tr>\n<tr>\n<td valign=\"top\" width=\"91\">1980-1981<\/td>\n<td valign=\"top\" width=\"528\">Forma\u00f0ur M\u00e1lv\u00edsundarins, f\u00e9lags kennara og nemenda \u00ed almennum m\u00e1lv\u00edsindum<\/td>\n<\/tr>\n<tr>\n<td valign=\"top\" width=\"91\">1979-1982<\/td>\n<td valign=\"top\" width=\"528\">Fulltr\u00fai st\u00fadenta \u00e1 deildarfundum Heimspekideildar<\/td>\n<\/tr>\n<tr>\n<td valign=\"top\" width=\"91\">1979-1980<\/td>\n<td valign=\"top\" width=\"528\">Fulltr\u00fai st\u00fadenta \u00ed deildarr\u00e1\u00f0i Heimspekideildar<\/td>\n<\/tr>\n<tr>\n<td valign=\"top\" width=\"91\">1977-1978<\/td>\n<td valign=\"top\" width=\"528\">Forma\u00f0ur M\u00edmis, f\u00e9lags st\u00fadenta \u00ed \u00edslenskum fr\u00e6\u00f0um<\/td>\n<\/tr>\n<\/tbody>\n<\/table>\n<p><!--:--><\/p>\n","protected":false},"excerpt":{"rendered":"<p>2016-2018 Forma\u00f0ur M\u00e1lnefndar H\u00e1sk\u00f3la \u00cdslands 2015-2016 Forma\u00f0ur starfsh\u00f3ps rektors um endursko\u00f0un m\u00e1lstefnu H\u00e1sk\u00f3la \u00cdslands 2014-2018 Fulltr\u00fai h\u00e1sk\u00f3lasamf\u00e9lagsins \u00ed h\u00e1sk\u00f3lar\u00e1\u00f0i 2014-2018 Stj\u00f3rnarforma\u00f0ur M\u00e1lv\u00edsindastofnunar H\u00e1sk\u00f3la \u00cdslands 2014 Fulltr\u00fai Hugv\u00edsindasvi\u00f0s \u00ed sj\u00e1lfsmatsh\u00f3p til a\u00f0 meta \u00e1rangur sameiningar Kennarah\u00e1sk\u00f3la \u00cdslands og H\u00e1sk\u00f3la \u00cdslands og st\u00f6\u00f0u kennaramenntunar 2012-2013 \u00cd starfsh\u00f3pi rektors um vefstudda kennslu og n\u00e1m 2012-2014 \u00cd framhaldsn\u00e1msnefnd \u00cdslensku- [&hellip;]<\/p>\n","protected":false},"author":141,"featured_media":0,"parent":9,"menu_order":0,"comment_status":"closed","ping_status":"closed","template":"","meta":{"footnotes":""},"class_list":["post-169","page","type-page","status-publish","hentry"],"_links":{"self":[{"href":"https:\/\/uni.hi.is\/eirikur\/wp-json\/wp\/v2\/pages\/169","targetHints":{"allow":["GET"]}}],"collection":[{"href":"https:\/\/uni.hi.is\/eirikur\/wp-json\/wp\/v2\/pages"}],"about":[{"href":"https:\/\/uni.hi.is\/eirikur\/wp-json\/wp\/v2\/types\/page"}],"author":[{"embeddable":true,"href":"https:\/\/uni.hi.is\/eirikur\/wp-json\/wp\/v2\/users\/141"}],"replies":[{"embeddable":true,"href":"https:\/\/uni.hi.is\/eirikur\/wp-json\/wp\/v2\/comments?post=169"}],"version-history":[{"count":34,"href":"https:\/\/uni.hi.is\/eirikur\/wp-json\/wp\/v2\/pages\/169\/revisions"}],"predecessor-version":[{"id":2677,"href":"https:\/\/uni.hi.is\/eirikur\/wp-json\/wp\/v2\/pages\/169\/revisions\/2677"}],"up":[{"embeddable":true,"href":"https:\/\/uni.hi.is\/eirikur\/wp-json\/wp\/v2\/pages\/9"}],"wp:attachment":[{"href":"https:\/\/uni.hi.is\/eirikur\/wp-json\/wp\/v2\/media?parent=169"}],"curies":[{"name":"wp","href":"https:\/\/api.w.org\/{rel}","templated":true}]}}