{"id":173,"date":"2010-05-16T11:44:35","date_gmt":"2010-05-16T11:44:35","guid":{"rendered":"http:\/\/uni.hi.is\/eirikur\/?page_id=173"},"modified":"2023-04-10T11:06:05","modified_gmt":"2023-04-10T11:06:05","slug":"utan-haskolans","status":"publish","type":"page","link":"https:\/\/uni.hi.is\/eirikur\/stjornun\/utan-haskolans\/","title":{"rendered":"Utan H\u00e1sk\u00f3lans"},"content":{"rendered":"<p><!--:en--><\/p>\n<table border=\"0\" cellspacing=\"0\" cellpadding=\"0\">\n<tbody>\n<tr>\n<td valign=\"top\" width=\"91\">2019-2022<\/td>\n<td valign=\"top\" width=\"528\">Landsfulltr\u00fai <a href=\"https:\/\/european-language-equality.eu\/\">ELE - European Language Equality<\/a> fyrir \u00cdsland<\/td>\n<\/tr>\n<tr>\n<td valign=\"top\" width=\"91\">2019-2022<\/td>\n<td valign=\"top\" width=\"528\">Landsfulltr\u00fai <a href=\"https:\/\/www.european-language-grid.eu\/\">ELG - European Language Grid<\/a> fyrir \u00cdsland<\/td>\n<\/tr>\n<tr>\n<td valign=\"top\" width=\"91\">2018-2021<\/td>\n<td valign=\"top\" width=\"528\">Landsfulltr\u00fai <a href=\"https:\/\/clarin.eu\/\">CLARIN - Common Language Resources and Technology Infrastructure<\/a> fyrir \u00cdsland<\/td>\n<\/tr>\n<tr>\n<td valign=\"top\" width=\"91\">2018-2022<\/td>\n<td valign=\"top\" width=\"528\">Forma\u00f0ur \u00cdslenska m\u00e1lfr\u00e6\u00f0if\u00e9lagsins<\/td>\n<\/tr>\n<tr>\n<td valign=\"top\" width=\"91\">2017-2019<\/td>\n<td valign=\"top\" width=\"528\">\u00cd stj\u00f3rn sj\u00e1lfseignarstofnunarinnar Almannar\u00f3ms<\/td>\n<\/tr>\n<tr>\n<td valign=\"top\" width=\"91\">2017-2019<\/td>\n<td valign=\"top\" width=\"528\">\u00cd fagr\u00e1\u00f0i hugv\u00edsinda og lista hj\u00e1 Ranns\u00f3knasj\u00f3\u00f0i<\/td>\n<\/tr>\n<tr>\n<td valign=\"top\" width=\"91\">2016-2017<\/td>\n<td valign=\"top\" width=\"528\">Forma\u00f0ur starfsh\u00f3ps um h\u00e1sk\u00f3lakennslu \u00ed m\u00e1lt\u00e6kni<\/td>\n<\/tr>\n<tr>\n<td valign=\"top\" width=\"91\">2015-2022<\/td>\n<td valign=\"top\" width=\"528\">Landsfulltr\u00fai <a href=\"http:\/\/www.lr-coordination.eu\/\">ELRC - European Language Resource Coordination<\/a> fyrir \u00cdsland<\/td>\n<\/tr>\n<tr>\n<td valign=\"top\" width=\"91\">2014-2018<\/td>\n<td valign=\"top\" width=\"528\">\u00cd stj\u00f3rn <a href=\"http:\/\/landsbokasafn.is\/\">Landsb\u00f3kasafns \u00cdslands-H\u00e1sk\u00f3lab\u00f3kasafns<\/a><\/td>\n<\/tr>\n<tr>\n<td valign=\"top\" width=\"91\">2014<\/td>\n<td valign=\"top\" width=\"528\">\u00cd nefnd mennta- og menningarm\u00e1lar\u00e1\u00f0herra um <a href=\"http:\/\/www.althingi.is\/altext\/143\/s\/1076.html\">a\u00f0ger\u00f0a\u00e1\u00e6tlun um stafr\u00e6na \u00edslensku<\/a><\/td>\n<\/tr>\n<tr>\n<td valign=\"top\" width=\"91\">2013-2014<\/td>\n<td valign=\"top\" width=\"528\">Forma\u00f0ur \u00edslenskrar undirb\u00faningsnefndar <i><a href=\"http:\/\/lrec2014.lrec-conf.org\/en\/\">LREC 2014<\/a><\/i> \u00ed Reykjav\u00edk, 26.-31. ma\u00ed<\/td>\n<\/tr>\n<tr>\n<td valign=\"top\" width=\"91\">2012-2013<\/td>\n<td valign=\"top\" width=\"528\">\u00cd fagr\u00e1\u00f0i T\u00e6kjasj\u00f3\u00f0s Rann\u00eds<\/td>\n<\/tr>\n<tr>\n<td valign=\"top\" width=\"91\">2011-2015<\/td>\n<td valign=\"top\" width=\"528\">\u00cd stj\u00f3rn <a href=\"http:\/\/www.ismal.hi.is\/malnefnd.html\">\u00cdslenskrar m\u00e1lnefndar<\/a><\/td>\n<\/tr>\n<tr>\n<td valign=\"top\" width=\"91\">2010-2019<\/td>\n<td valign=\"top\" width=\"528\">Fulltr\u00fai samstarfsnefndar h\u00e1sk\u00f3lastigsins \u00ed <a href=\"http:\/\/www.ismal.hi.is\/malnefnd.html\">\u00cdslenskri m\u00e1lnefnd<\/a><\/td>\n<\/tr>\n<tr>\n<td valign=\"top\" width=\"91\">2010-2014<\/td>\n<td valign=\"top\" width=\"528\">Varama\u00f0ur kosinn af Al\u00feingi \u00ed d\u00f3mnefnd til a\u00f0 fjalla um h\u00e6fi ums\u00e6kjenda um d\u00f3maraemb\u00e6tti skv. <a href=\"http:\/\/www.althingi.is\/altext\/138\/s\/1141.html\">l\u00f6gum nr. 45\/2010<\/a><\/td>\n<\/tr>\n<tr>\n<td valign=\"top\" width=\"91\">2010-2012<\/td>\n<td valign=\"top\" width=\"528\">\u00cd nefnd mennta- og menningarm\u00e1lar\u00e1\u00f0herra til a\u00f0 fylgja eftir markmi\u00f0um <a href=\"http:\/\/bella.stjr.is\/utgafur\/islenska_til_alls.pdf\">\u00edslenskrar m\u00e1lstefnu<\/a> um \u00edslensku \u00ed t\u00f6lvuheiminum<\/td>\n<\/tr>\n<tr>\n<td valign=\"top\" width=\"91\">2010-2012<\/td>\n<td valign=\"top\" width=\"528\">\u00cd stj\u00f3rn <a href=\"http:\/\/www.modurmal.is\/\">Samtaka m\u00f3\u00f0urm\u00e1lskennara<\/a><\/td>\n<\/tr>\n<tr>\n<td valign=\"top\" width=\"91\">2009-2010<\/td>\n<td valign=\"top\" width=\"528\">\u00cd undirb\u00faningsnefnd <a href=\"http:\/\/icetal.ru.is\"><em>IceTAL 2010<\/em><\/a> \u00ed Reykjav\u00edk, 16.-18. \u00e1g\u00fast 2010<\/td>\n<\/tr>\n<tr>\n<td valign=\"top\" width=\"91\">2006-2009<\/td>\n<td valign=\"top\" width=\"528\">Varaforseti <a href=\"http:\/\/omilia.uio.no\/nealt\/\">NEALT<\/a>, Northern European Association for Language Technology<\/td>\n<\/tr>\n<tr>\n<td valign=\"top\" width=\"91\">2005-2006<\/td>\n<td valign=\"top\" width=\"528\">\u00cd verkefnisstj\u00f3rn <a href=\"http:\/\/www.lexis.hi.is\/islex.html\">ISLEX - norr\u00e6nna vefor\u00f0ab\u00f3ka<\/a><\/td>\n<\/tr>\n<tr>\n<td valign=\"top\" width=\"91\">2005-2008<\/td>\n<td valign=\"top\" width=\"528\">\u00cd <a href=\"http:\/\/sofi.imcms.net\/astin\">arbejdsgruppen for sprogteknologi<\/a> \u00e1 vegum Nordens Sprogr\u00e5d<\/td>\n<\/tr>\n<tr>\n<td valign=\"top\" width=\"91\">2005-<\/td>\n<td valign=\"top\" width=\"528\">Forst\u00f6\u00f0uma\u00f0ur <a href=\"http:\/\/www.maltaeknisetur.is\/\">M\u00e1lt\u00e6kniseturs<\/a><\/td>\n<\/tr>\n<tr>\n<td valign=\"top\" width=\"91\">2004-2009<\/td>\n<td valign=\"top\" width=\"528\">Fulltr\u00fai \u00cdslands \u00ed stj\u00f3rn Nordic Graduate School of Language Technology<\/td>\n<\/tr>\n<tr>\n<td valign=\"top\" width=\"91\">2002-2003<\/td>\n<td valign=\"top\" width=\"528\">Forma\u00f0ur undirb\u00faningsnefndar <em>The Fourteenth Scandinavian Conference of Computational Linguistics<\/em> \u00ed Reykjav\u00edk, 30.-31. ma\u00ed 2003<\/td>\n<\/tr>\n<tr>\n<td valign=\"top\" width=\"91\">2001-2005<\/td>\n<td valign=\"top\" width=\"528\">\u00c1byrg\u00f0arma\u00f0ur \u00edslensks uppl\u00fdsingaseturs \u00ed tungut\u00e6kni<\/td>\n<\/tr>\n<tr>\n<td valign=\"top\" width=\"91\">1998-2000<\/td>\n<td valign=\"top\" width=\"528\">\u00cd varastj\u00f3rn <a href=\"http:\/\/www.modurmal.is\/\">Samtaka m\u00f3\u00f0urm\u00e1lskennara<\/a><\/td>\n<\/tr>\n<tr>\n<td valign=\"top\" width=\"91\">1998-1999<\/td>\n<td valign=\"top\" width=\"528\">\u00cd <a href=\"http:\/\/brunnur.stjr.is\/mrn\/utgafuskra\/utgafa.nsf\/xsp\/.ibmmodres\/domino\/OpenAttachment\/mrn\/utgafuskra\/utgafa.nsf\/F0250A90B6D7F31B002576F00058D4B8\/Attachment\/tungutaekni.pdf\">starfsh\u00f3pi um tungut\u00e6kni<\/a> \u00e1 vegum menntam\u00e1lar\u00e1\u00f0uneytisins<\/td>\n<\/tr>\n<tr>\n<td valign=\"top\" width=\"91\">1998-2010<\/td>\n<td valign=\"top\" width=\"528\">Varama\u00f0ur \u00ed <a href=\"http:\/\/www.ismal.hi.is\/malnefnd.html\">\u00cdslenskri m\u00e1lnefnd<\/a><\/td>\n<\/tr>\n<tr>\n<td valign=\"top\" width=\"91\">1997-1998<\/td>\n<td valign=\"top\" width=\"528\">\u00cd undirb\u00faningsnefnd <em>The Tenth Conference of Nordic and General Linguistics \u00ed Reykjav\u00edk<\/em>, 6.-8. j\u00fan\u00ed 1998<\/td>\n<\/tr>\n<tr>\n<td valign=\"top\" width=\"91\">1995-2005<\/td>\n<td valign=\"top\" width=\"528\">Forma\u00f0ur <a href=\"https:\/\/uni.hi.is\/eirikur\/stjornun\/verkefnisstjorn-ly%C3%B0veldissjo%C3%B0s\/\">Verkefnisstj\u00f3rnar \u00ed \u00edslensku \u00e1 vegum L\u00fd\u00f0veldissj\u00f3\u00f0s<\/a><\/td>\n<\/tr>\n<tr>\n<td valign=\"top\" width=\"91\">1994-1997<\/td>\n<td valign=\"top\" width=\"528\">\u00cd ritnefnd <em><a href=\"http:\/\/www.modurmal.is\/skima\">Sk\u00edmu<\/a><\/em><\/td>\n<\/tr>\n<tr>\n<td valign=\"top\" width=\"91\">1991-1995<\/td>\n<td valign=\"top\" width=\"528\">Varama\u00f0ur \u00ed stj\u00f3rn hug- og f\u00e9lagsv\u00edsindadeildar V\u00edsindasj\u00f3\u00f0s<\/td>\n<\/tr>\n<tr>\n<td valign=\"top\" width=\"91\">1990-1992<\/td>\n<td valign=\"top\" width=\"528\">\u00cd varastj\u00f3rn \u00cdslenska lestrarf\u00e9lagsins<\/td>\n<\/tr>\n<tr>\n<td valign=\"top\" width=\"91\">1989<\/td>\n<td valign=\"top\" width=\"528\">\u00cd nefnd um lesskilning og or\u00f0afor\u00f0a \u00e1 vegum menntam\u00e1lar\u00e1\u00f0uneytisins<\/td>\n<\/tr>\n<tr>\n<td valign=\"top\" width=\"91\">1989-1990<\/td>\n<td valign=\"top\" width=\"528\">\u00cd undirb\u00faningsnefnd <em>The Twelfth Scandinavian Conference of Linguistics<\/em> \u00ed Reykjav\u00edk, 14.-16. j\u00fan\u00ed 1990<\/td>\n<\/tr>\n<tr>\n<td valign=\"top\" width=\"91\">1988-1989<\/td>\n<td valign=\"top\" width=\"528\">Forma\u00f0ur undirb\u00faningsnefndar <em>The Seventh Scandinavian Conference of Computational Linguistics<\/em> \u00ed Reykjav\u00edk, 26.-28. j\u00fan\u00ed 1989<\/td>\n<\/tr>\n<tr>\n<td valign=\"top\" width=\"91\">1986-1988<\/td>\n<td valign=\"top\" width=\"528\">Ritari <em><a href=\"http:\/\/cc.joensuu.fi\/linguistics\/nal\/\">The Nordic Association of Linguists<\/a><\/em><\/td>\n<\/tr>\n<tr>\n<td valign=\"top\" width=\"91\">1986<\/td>\n<td valign=\"top\" width=\"528\">Fulltr\u00fai H\u00e1sk\u00f3lans \u00ed nefnd til a\u00f0 semja \u00e1fangal\u00fdsingar \u00ed \u00edslensku fyrir framhaldssk\u00f3la<\/td>\n<\/tr>\n<tr>\n<td valign=\"top\" width=\"91\">1984-1986<\/td>\n<td valign=\"top\" width=\"528\">\u00cd stj\u00f3rn <a href=\"http:\/\/www.modurmal.is\/\">Samtaka m\u00f3\u00f0urm\u00e1lskennara<\/a><\/td>\n<\/tr>\n<tr>\n<td valign=\"top\" width=\"91\">1984-1985<\/td>\n<td valign=\"top\" width=\"528\">\u00cd undirb\u00faningsnefnd n\u00e1mskei\u00f0sins <em>Syntaktisk teori<\/em> \u00e1 Fl\u00fa\u00f0um, 17.-28. j\u00fan\u00ed 1985<\/td>\n<\/tr>\n<tr>\n<td valign=\"top\" width=\"91\">1983-1988<\/td>\n<td valign=\"top\" width=\"528\">Ritstj\u00f3ri t\u00edmaritsins <em><a href=\"http:\/\/m\u00e1lfr\u00e6\u00f0i.is\/\">\u00cdslensks m\u00e1ls<\/a><\/em><\/td>\n<\/tr>\n<tr>\n<td valign=\"top\" width=\"91\">1982-1990<\/td>\n<td valign=\"top\" width=\"528\">\u00cd or\u00f0anefnd <a href=\"http:\/\/m\u00e1lfr\u00e6\u00f0i.is\/\">\u00cdslenska m\u00e1lfr\u00e6\u00f0if\u00e9lagsins<\/a><\/td>\n<\/tr>\n<tr>\n<td valign=\"top\" width=\"91\">1982-1983<\/td>\n<td valign=\"top\" width=\"528\">Ritari <a href=\"http:\/\/m\u00e1lfr\u00e6\u00f0i.is\/\">\u00cdslenska m\u00e1lfr\u00e6\u00f0if\u00e9lagsins<\/a><\/td>\n<\/tr>\n<\/tbody>\n<\/table>\n<p><!--:--><!--:zh--><\/p>\n<table border=\"0\" cellspacing=\"0\" cellpadding=\"0\">\n<tbody>\n<tr>\n<td valign=\"top\" width=\"91\">2011-2015<\/td>\n<td valign=\"top\" width=\"528\">\u00cd stj\u00f3rn <a href=\"http:\/\/www.ismal.hi.is\/malnefnd.html\">\u00cdslenskrar m\u00e1lnefndar<\/a><\/td>\n<\/tr>\n<tr>\n<td valign=\"top\" width=\"91\">2010-2015<\/td>\n<td valign=\"top\" width=\"528\">\u00cd <a href=\"http:\/\/www.ismal.hi.is\/malnefnd.html\">\u00cdslenskri m\u00e1lnefnd<\/a><\/td>\n<\/tr>\n<tr>\n<td valign=\"top\" width=\"91\">2010-2014<\/td>\n<td valign=\"top\" width=\"528\">Varama\u00f0ur kosinn af Al\u00feingi \u00ed d\u00f3mnefnd til a\u00f0 fjalla um h\u00e6fi ums\u00e6kjenda um d\u00f3maraemb\u00e6tti skv. <a href=\"http:\/\/www.althingi.is\/altext\/138\/s\/1141.html\">l\u00f6gum nr. 45\/2010<\/a><\/td>\n<\/tr>\n<tr>\n<td valign=\"top\" width=\"91\">2010-<\/td>\n<td valign=\"top\" width=\"528\">\u00cd nefnd mennta- og menningarm\u00e1lar\u00e1\u00f0herra til a\u00f0 fylgja eftir markmi\u00f0um <a href=\"http:\/\/bella.stjr.is\/utgafur\/islenska_til_alls.pdf\">\u00edslenskrar m\u00e1lstefnu<\/a> um \u00edslensku \u00ed t\u00f6lvuheiminum<\/td>\n<\/tr>\n<tr>\n<td valign=\"top\" width=\"91\">2010-<\/td>\n<td valign=\"top\" width=\"528\">\u00cd stj\u00f3rn <a href=\"http:\/\/www.ki.is\/?PageID=1205\">Samtaka m\u00f3\u00f0urm\u00e1lskennara<\/a><\/td>\n<\/tr>\n<tr>\n<td valign=\"top\" width=\"91\">2009-2010<\/td>\n<td valign=\"top\" width=\"528\">\u00cd undirb\u00faningsnefnd <a href=\"http:\/\/icetal.ru.is\"><em>IceTAL 2010<\/em><\/a> \u00ed Reykjav\u00edk, 16.-18. \u00e1g\u00fast 2010<\/td>\n<\/tr>\n<tr>\n<td valign=\"top\" width=\"91\">2006-2009<\/td>\n<td valign=\"top\" width=\"528\">Varaforseti <a href=\"http:\/\/omilia.uio.no\/nealt\/\">NEALT<\/a>, Northern European Association for Language Technology<\/td>\n<\/tr>\n<tr>\n<td valign=\"top\" width=\"91\">2005-2006<\/td>\n<td valign=\"top\" width=\"528\">\u00cd verkefnisstj\u00f3rn <a href=\"http:\/\/www.lexis.hi.is\/islex.html\">ISLEX - norr\u00e6nna vefor\u00f0ab\u00f3ka<\/a><\/td>\n<\/tr>\n<tr>\n<td valign=\"top\" width=\"91\">2005-2008<\/td>\n<td valign=\"top\" width=\"528\">\u00cd <a href=\"http:\/\/www.sprakradet.se\/2229\">arbejdsgruppen for sprogteknologi<\/a> \u00e1 vegum Nordens Sprogr\u00e5d<\/td>\n<\/tr>\n<tr>\n<td valign=\"top\" width=\"91\">2005-<\/td>\n<td valign=\"top\" width=\"528\">Forst\u00f6\u00f0uma\u00f0ur <a href=\"http:\/\/www.tungutaekni.is\">Tungut\u00e6kniseturs<\/a><\/td>\n<\/tr>\n<tr>\n<td valign=\"top\" width=\"91\">2004-2009<\/td>\n<td valign=\"top\" width=\"528\">Fulltr\u00fai \u00cdslands \u00ed stj\u00f3rn <a href=\"http:\/\/www.ngslt.org\/\">Nordic Graduate School of Language Technology<\/a><\/td>\n<\/tr>\n<tr>\n<td valign=\"top\" width=\"91\">2002-2003<\/td>\n<td valign=\"top\" width=\"528\">Forma\u00f0ur undirb\u00faningsnefndar <em>The Fourteenth Scandinavian Conference of Computational Linguistics<\/em> \u00ed Reykjav\u00edk, 30.-31. ma\u00ed 2003<\/td>\n<\/tr>\n<tr>\n<td valign=\"top\" width=\"91\">2001-2005<\/td>\n<td valign=\"top\" width=\"528\">\u00c1byrg\u00f0arma\u00f0ur \u00edslensks uppl\u00fdsingaseturs \u00ed tungut\u00e6kni<\/td>\n<\/tr>\n<tr>\n<td valign=\"top\" width=\"91\">1998-2000<\/td>\n<td valign=\"top\" width=\"528\">\u00cd varastj\u00f3rn <a href=\"http:\/\/www.ki.is\/?PageID=1205\">Samtaka m\u00f3\u00f0urm\u00e1lskennara<\/a><\/td>\n<\/tr>\n<tr>\n<td valign=\"top\" width=\"91\">1998-1999<\/td>\n<td valign=\"top\" width=\"528\">\u00cd <a href=\"http:\/\/tungutaekni.is\/news\/Skyrsla.pdf\">starfsh\u00f3pi um tungut\u00e6kni<\/a> \u00e1 vegum menntam\u00e1lar\u00e1\u00f0uneytisins<\/td>\n<\/tr>\n<tr>\n<td valign=\"top\" width=\"91\">1998-2010<\/td>\n<td valign=\"top\" width=\"528\">Varama\u00f0ur \u00ed <a href=\"http:\/\/www.ismal.hi.is\/malnefnd.html\">\u00cdslenskri m\u00e1lnefnd<\/a><\/td>\n<\/tr>\n<tr>\n<td valign=\"top\" width=\"91\">1997-1998<\/td>\n<td valign=\"top\" width=\"528\">\u00cd undirb\u00faningsnefnd <em>The Tenth Conference of Nordic and General Linguistics \u00ed Reykjav\u00edk<\/em>, 6.-8. j\u00fan\u00ed 1998<\/td>\n<\/tr>\n<tr>\n<td valign=\"top\" width=\"91\">1995-2005<\/td>\n<td valign=\"top\" width=\"528\">Forma\u00f0ur Verkefnisstj\u00f3rnar \u00ed \u00edslensku \u00e1 vegum L\u00fd\u00f0veldissj\u00f3\u00f0s<\/td>\n<\/tr>\n<tr>\n<td valign=\"top\" width=\"91\">1994-1997<\/td>\n<td valign=\"top\" width=\"528\">\u00cd ritnefnd <em><a href=\"http:\/\/www.ki.is\/?PageID=1252\">Sk\u00edmu<\/a><\/em><\/td>\n<\/tr>\n<tr>\n<td valign=\"top\" width=\"91\">1991-1995<\/td>\n<td valign=\"top\" width=\"528\">Varama\u00f0ur \u00ed stj\u00f3rn hug- og f\u00e9lagsv\u00edsindadeildar V\u00edsindasj\u00f3\u00f0s<\/td>\n<\/tr>\n<tr>\n<td valign=\"top\" width=\"91\">1990-1992<\/td>\n<td valign=\"top\" width=\"528\">\u00cd varastj\u00f3rn \u00cdslenska lestrarf\u00e9lagsins<\/td>\n<\/tr>\n<tr>\n<td valign=\"top\" width=\"91\">1989<\/td>\n<td valign=\"top\" width=\"528\">\u00cd nefnd um lesskilning og or\u00f0afor\u00f0a \u00e1 vegum menntam\u00e1lar\u00e1\u00f0uneytisins<\/td>\n<\/tr>\n<tr>\n<td valign=\"top\" width=\"91\">1989-1990<\/td>\n<td valign=\"top\" width=\"528\">\u00cd undirb\u00faningsnefnd <em>The Twelfth Scandinavian Conference of Linguistics<\/em> \u00ed Reykjav\u00edk, 14.-16. j\u00fan\u00ed 1990<\/td>\n<\/tr>\n<tr>\n<td valign=\"top\" width=\"91\">1988-1989<\/td>\n<td valign=\"top\" width=\"528\">Forma\u00f0ur undirb\u00faningsnefndar <em>The Seventh Scandinavian Conference of Computational Linguistics<\/em> \u00ed Reykjav\u00edk, 26.-28. j\u00fan\u00ed 1989<\/td>\n<\/tr>\n<tr>\n<td valign=\"top\" width=\"91\">1986-1988<\/td>\n<td valign=\"top\" width=\"528\">Ritari <em><a href=\"http:\/\/cc.joensuu.fi\/linguistics\/nal\/\">The Nordic Association of Linguists<\/a><\/em><\/td>\n<\/tr>\n<tr>\n<td valign=\"top\" width=\"91\">1986<\/td>\n<td valign=\"top\" width=\"528\">Fulltr\u00fai H\u00e1sk\u00f3lans \u00ed nefnd til a\u00f0 semja \u00e1fangal\u00fdsingar \u00ed \u00edslensku fyrir framhaldssk\u00f3la<\/td>\n<\/tr>\n<tr>\n<td valign=\"top\" width=\"91\">1984-1986<\/td>\n<td valign=\"top\" width=\"528\">\u00cd stj\u00f3rn <a href=\"http:\/\/www.ki.is\/?PageID=1205\">Samtaka m\u00f3\u00f0urm\u00e1lskennara<\/a><\/td>\n<\/tr>\n<tr>\n<td valign=\"top\" width=\"91\">1984-1985<\/td>\n<td valign=\"top\" width=\"528\">\u00cd undirb\u00faningsnefnd n\u00e1mskei\u00f0sins <em>Syntaktisk teori<\/em> \u00e1 Fl\u00fa\u00f0um, 17.-28. j\u00fan\u00ed 1985<\/td>\n<\/tr>\n<tr>\n<td valign=\"top\" width=\"91\">1983-1988<\/td>\n<td valign=\"top\" width=\"528\">Ritstj\u00f3ri t\u00edmaritsins <em><a href=\"http:\/\/m\u00e1lfr\u00e6\u00f0i.is\/\">\u00cdslensks m\u00e1ls<\/a><\/em><\/td>\n<\/tr>\n<tr>\n<td valign=\"top\" width=\"91\">1982-1990<\/td>\n<td valign=\"top\" width=\"528\">\u00cd or\u00f0anefnd <a href=\"http:\/\/m\u00e1lfr\u00e6\u00f0i.is\/\">\u00cdslenska m\u00e1lfr\u00e6\u00f0if\u00e9lagsins<\/a><\/td>\n<\/tr>\n<tr>\n<td valign=\"top\" width=\"91\">1982-1983<\/td>\n<td valign=\"top\" width=\"528\">Ritari <a href=\"http:\/\/m\u00e1lfr\u00e6\u00f0i.is\/\">\u00cdslenska m\u00e1lfr\u00e6\u00f0if\u00e9lagsins<\/a><\/td>\n<\/tr>\n<\/tbody>\n<\/table>\n<p><!--:--><\/p>\n","protected":false},"excerpt":{"rendered":"<p>2019-2022 Landsfulltr\u00fai ELE - European Language Equality fyrir \u00cdsland 2019-2022 Landsfulltr\u00fai ELG - European Language Grid fyrir \u00cdsland 2018-2021 Landsfulltr\u00fai CLARIN - Common Language Resources and Technology Infrastructure fyrir \u00cdsland 2018-2022 Forma\u00f0ur \u00cdslenska m\u00e1lfr\u00e6\u00f0if\u00e9lagsins 2017-2019 \u00cd stj\u00f3rn sj\u00e1lfseignarstofnunarinnar Almannar\u00f3ms 2017-2019 \u00cd fagr\u00e1\u00f0i hugv\u00edsinda og lista hj\u00e1 Ranns\u00f3knasj\u00f3\u00f0i 2016-2017 Forma\u00f0ur starfsh\u00f3ps um h\u00e1sk\u00f3lakennslu \u00ed m\u00e1lt\u00e6kni 2015-2022 [&hellip;]<\/p>\n","protected":false},"author":141,"featured_media":0,"parent":9,"menu_order":0,"comment_status":"closed","ping_status":"closed","template":"","meta":{"footnotes":""},"class_list":["post-173","page","type-page","status-publish","hentry"],"_links":{"self":[{"href":"https:\/\/uni.hi.is\/eirikur\/wp-json\/wp\/v2\/pages\/173","targetHints":{"allow":["GET"]}}],"collection":[{"href":"https:\/\/uni.hi.is\/eirikur\/wp-json\/wp\/v2\/pages"}],"about":[{"href":"https:\/\/uni.hi.is\/eirikur\/wp-json\/wp\/v2\/types\/page"}],"author":[{"embeddable":true,"href":"https:\/\/uni.hi.is\/eirikur\/wp-json\/wp\/v2\/users\/141"}],"replies":[{"embeddable":true,"href":"https:\/\/uni.hi.is\/eirikur\/wp-json\/wp\/v2\/comments?post=173"}],"version-history":[{"count":37,"href":"https:\/\/uni.hi.is\/eirikur\/wp-json\/wp\/v2\/pages\/173\/revisions"}],"predecessor-version":[{"id":5057,"href":"https:\/\/uni.hi.is\/eirikur\/wp-json\/wp\/v2\/pages\/173\/revisions\/5057"}],"up":[{"embeddable":true,"href":"https:\/\/uni.hi.is\/eirikur\/wp-json\/wp\/v2\/pages\/9"}],"wp:attachment":[{"href":"https:\/\/uni.hi.is\/eirikur\/wp-json\/wp\/v2\/media?parent=173"}],"curies":[{"name":"wp","href":"https:\/\/api.w.org\/{rel}","templated":true}]}}