{"id":182,"date":"2010-05-16T12:18:23","date_gmt":"2010-05-16T12:18:23","guid":{"rendered":"http:\/\/uni.hi.is\/eirikur\/?page_id=182"},"modified":"2026-03-01T17:31:43","modified_gmt":"2026-03-01T17:31:43","slug":"annad-efni","status":"publish","type":"page","link":"https:\/\/uni.hi.is\/eirikur\/ritaskra\/annad-efni\/","title":{"rendered":"\u00d3ritr\u00fdnt fr\u00e6\u00f0ilegt efni"},"content":{"rendered":"<p><!--:--><!--:en--><\/p>\n<h3>\u00d3ritr\u00fdnt fr\u00e6\u00f0ilegt efni, prenta\u00f0 og \u00f3prenta\u00f0<\/h3>\n<p>Flest \u00feessara verka m\u00e1 n\u00e1lgast \u00e1 netinu me\u00f0 \u00fev\u00ed a\u00f0 smella \u00e1 titilinn.<br \/>\nAthugi\u00f0 \u00fe\u00f3 a\u00f0 ekki er alltaf um a\u00f0 r\u00e6\u00f0a endanlega ger\u00f0 \u00fatgefinna verka.<\/p>\n<ol reversed=\"\">\n<li>Eir\u00edkur R\u00f6gnvaldsson. 2022. <a href=\"https:\/\/islenskan.is\/wp-content\/uploads\/2022\/12\/malfregnir-2022-30-1-tbl.pdf\">Kynju\u00f0 og kynhlutlaus \u00edslenska.<\/a>\u00a0<em>M\u00e1lfregnir<\/em>, bls. 3-4.<\/li>\n<li>Eir\u00edkur R\u00f6gnvaldsson. 2022. <a href=\"https:\/\/timarit.is\/page\/8274208#page\/n11\/mode\/2up\">Kynju\u00f0 \u00edslenska.<\/a>\u00a0<em>19. j\u00fan\u00ed<\/em>, bls. 10-15.<\/li>\n<li>Eir\u00edkur R\u00f6gnvaldsson. 2022. <a href=\"https:\/\/timarit.is\/page\/7931999?iabr=on#page\/n241\/mode\/1up\">Kristjana Vigd\u00eds Ingvad\u00f3ttir: \u00derautseigja og mikilv\u00e6gi \u00edslenskrar tungu. [Ritd\u00f3mur.]<\/a>\u00a0<em>Saga <\/em>1, bls. 240-244.<\/li>\n<li>Eir\u00edkur R\u00f6gnvaldsson. 2022. <a href=\"https:\/\/european-language-equality.eu\/wp-content\/uploads\/2022\/03\/ELE___Deliverable_D1_19__Language_Report_Icelandic_.pdf\">Deliverable D1.19 Report on the Icelandic Language.<\/a> EU project European Language Equality (ELE); Grant Agreement no. LC-01641480 \u2013 101018166 ELE.<\/li>\n<li>Eir\u00edkur R\u00f6gnvaldsson og Sigr\u00ed\u00f0ur Sigurj\u00f3nsd\u00f3ttir. 2021. <a href=\"https:\/\/ritid.hi.is\/index.php\/ritid\/article\/view\/149\/137\">\u00c1hrif stafr\u00e6ns m\u00e1lsamb\u00fdlis \u00e1 \u00edslensku. Inngangur gestaritstj\u00f3ra.<\/a>\u00a0<em>Riti\u00f0<\/em> 3:1-9.<\/li>\n<li>Eir\u00edkur R\u00f6gnvaldsson. 2020. Event: <a href=\"https:\/\/www.clarin.eu\/blog\/tour-de-clarin-launching-national-language-technology-programme\">Launching the National Language Technology Programme.<\/a>\u00a0Darja Fi\u0161er og Jakob Lenardi? (ritstj.):\u00a0<a href=\"https:\/\/office.clarin.eu\/v\/CE-2020-1781-Tour-de-CLARIN-volume-III-2020.pdf\"><em>Tour de CLARIN<\/em> 3<\/a>, s. 77-79.<\/li>\n<li>Krist\u00edn Bjarnad\u00f3ttir og Eir\u00edkur R\u00f6gnvaldsson. 2020. <a href=\"https:\/\/www.clarin.eu\/blog\/tour-de-clarin-database-modern-icelandic-inflection\">Resource: The Database of Modern Icelandic Inflection.<\/a> Darja Fi\u0161er og Jakob Lenardi? (ritstj.):\u00a0<a href=\"https:\/\/office.clarin.eu\/v\/CE-2020-1781-Tour-de-CLARIN-volume-III-2020.pdf\"><em>Tour de CLARIN<\/em> 3<\/a>, s. 74-76.<\/li>\n<li>Eir\u00edkur R\u00f6gnvaldsson og Hrafn Loftsson. 2020. <a href=\"https:\/\/www.clarin.eu\/blog\/tour-de-clarin-icenlp\">Tool: IceNLP.<\/a> Darja Fi\u0161er og Jakob Lenardi? (ritstj.):\u00a0<a href=\"https:\/\/office.clarin.eu\/v\/CE-2020-1781-Tour-de-CLARIN-volume-III-2020.pdf\"><em>Tour de CLARIN<\/em> 3<\/a>, s. 71-73.<\/li>\n<li>Eir\u00edkur R\u00f6gnvaldsson. 2020. <a href=\"https:\/\/www.clarin.eu\/blog\/tour-de-clarin-iceland\">Iceland. Introduction.<\/a> Darja Fi\u0161er og Jakob Lenardi? (ritstj.):\u00a0<a href=\"https:\/\/office.clarin.eu\/v\/CE-2020-1781-Tour-de-CLARIN-volume-III-2020.pdf\"><em>Tour de CLARIN<\/em> 3<\/a>, s. 68-70.<\/li>\n<li>Eir\u00edkur R\u00f6gnvaldsson. 2020. <a href=\"https:\/\/eirikur.hi.is\/ipv.pdf\">A Short Overview of the Icelandic Sound System, Pronunication Variants, and Phonetic Transcription<\/a>. S\u00cdM, Samstarf um \u00edslenska m\u00e1lt\u00e6kni, Reykjav\u00edk.<\/li>\n<li>Stein\u00fe\u00f3r Steingr\u00edmsson, Sigr\u00fan Helgad\u00f3ttir og Eir\u00edkur R\u00f6gnvaldsson. 2018.\u00a0<a href=\"https:\/\/notendur.hi.is\/~sigruhel\/vefskrar\/NFL2017_birt.pdf\">An Icelandic Gigaword Corpus<\/a>. \u00c1sta Svavarsd\u00f3ttir, Halld\u00f3ra J\u00f3nsd\u00f3ttir, Helga Hilmisd\u00f3ttir og \u00de\u00f3rd\u00eds \u00dalfarsd\u00f3ttir (ritstj.):\u00a0<em>Rapport fra 14. Konference om Leksikografi i Norden Reykjav\u00edk 30. maj\u20132. juni 2017.<\/em>\u00a0<em>Nordiske Sudier i Leksikografi 14<\/em>, s. 246\u2013254. Nordisk Forening for Leksikografi, Skrift nr. 15.<\/li>\n<li>Eir\u00edkur R\u00f6gnvaldsson. 2017.\u00a0<a href=\"http:\/\/eirikur.hi.is\/vandalaustmal.pdf\">Vandalaust m\u00e1l?<\/a>\u00a0<em>Sk\u00edma\u00a0<\/em>40:13-17.<\/li>\n<li>Eir\u00edkur R\u00f6gnvaldsson. 2017. <a href=\"http:\/\/eirikur.hi.is\/Tunga_fullveldi.pdf\">Tungan, fullveldi\u00f0 og framt\u00ed\u00f0in.<\/a> <em>Fullveldi \u00ed 99 \u00e1r.<\/em> Safn ritger\u00f0a til hei\u00f0urs dr. Dav\u00ed\u00f0 \u00de\u00f3r Bj\u00f6rgvinssyni sextugum, s. 247-264. Hi\u00f0 \u00edslenska b\u00f3kmenntaf\u00e9lag, Reykjav\u00edk.<\/li>\n<li>Eir\u00edkur R\u00f6gnvaldsson. 2010. <a href=\"http:\/\/eirikur.hi.is\/ymis.pdf\"><em>\u00ddmis.<\/em><\/a> <em>Arav\u00edsur<\/em> sungnar Ara P\u00e1li Kristinssyni fimmtugum 28. september 2010, s. 10-12. Menningar- og minningarsj\u00f3\u00f0ur Mette Magnussen, Reykjav\u00edk.<\/li>\n<li>Eir\u00edkur R\u00f6gnvaldsson. 2010. <a href=\"http:\/\/eirikur.hi.is\/kristin.pdf\">Sm\u00e1grein handa Krist\u00edni.<\/a> <em>Nokkrar handl\u00ednur<\/em> br\u00f3dera\u00f0ar handa Krist\u00ednu Bjarnad\u00f3ttur sextugri 9. jan\u00faar 2010, s. 27-32. Menningar- og minningarsj\u00f3\u00f0ur Mette Magnussen, Reykjav\u00edk.<\/li>\n<li>Eir\u00edkur R\u00f6gnvaldsson, Hrafn Loftsson, Krist\u00edn Bjarnad\u00f3ttir, Sigr\u00fan Helgad\u00f3ttir, Anna Bj\u00f6rk Nikul\u00e1sd\u00f3ttir, Matthew Whelpton og Anton Karl Ingason. 2009. <a href=\"http:\/\/dspace.utlib.ee\/dspace\/bitstream\/10062\/9670\/1\/Icelandic%20language%20resources.pdf\">Icelandic Language Resources and Technology: Status and Prospects.<\/a> Domeij, Rickard, Kimmo Koskenniemi, Steven Krauwer, Bente Maegaard, Eir\u00edkur R\u00f6gnvaldsson og Koenraad de Smedt (ritstj.): <a href=\"http:\/\/hdl.handle.net\/10062\/9207\"><em>Proceedings of the NODALIDA 2009 workshop Nordic Perspectives on the CLARIN Infrastructure of Language Resources<\/em><\/a><em>, <\/em>s. 27-32. Northern European Association for Language Technology (NEALT), Tartu University Library.<\/li>\n<li>Eir\u00edkur R\u00f6gnvaldsson. 2007. <a href=\"http:\/\/eirikur.hi.is\/reflex-old.pdf\">Reflexives in Older Icelandic.<\/a> [\u00d3prentu\u00f0 grein.]<\/li>\n<li>Eir\u00edkur R\u00f6gnvaldsson. 2006. <em><a href=\"http:\/\/eirikur.hi.is\/bananar.pdf\">u-<\/a><\/em><a href=\"http:\/\/eirikur.hi.is\/bananar.pdf\">hlj\u00f3\u00f0varpi\u00f0 afturgengi\u00f0.<\/a> <em>Lesi\u00f0 \u00ed HLJ\u00d3\u00d0I fyrir Kristj\u00e1n \u00c1rnason sextugan 26. desember 2006<\/em>, s. 41-45. Menningar- og minningarsj\u00f3\u00f0ur Mette Magnussen, Reykjav\u00edk.<\/li>\n<li>Hrafn Loftsson og Eir\u00edkur R\u00f6gnvaldsson. 2006. <a href=\"http:\/\/nlp.ru.is\/pdf\/shallowAnnotation.pdf\">A Shallow Syntactic Annotation Scheme for Icelandic Text.<\/a> <em>Technical Report RUTR-SSE06004<\/em>, Department of Computer Science, Reykjavik University, Reykjav\u00edk.<\/li>\n<li>Eir\u00edkur R\u00f6gnvaldsson. 2006. <a href=\"http:\/\/eirikur.hi.is\/Faarlund.pdf\">Review of Jan Terje Faarlund: <em>The Syntax of Old Norse.<\/em><\/a> <em>Maal og minne<\/em> 1:82-89.<\/li>\n<li>Sigr\u00fan Helgad\u00f3ttir og Eir\u00edkur R\u00f6gnvaldsson. 2005. <a href=\"http:\/\/eirikur.hi.is\/Joensuu.pdf\">Testing Data-Driven Learning Algorithms for PoS Tagging of Icelandic.<\/a> Veggspjald \u00e1 NODALIDA, Joensuu, 20.-21. ma\u00ed.<\/li>\n<li>Eir\u00edkur R\u00f6gnvaldsson. 2004. <a href=\"http:\/\/eirikur.hi.is\/hjal.PDF\">The Icelandic Speech Recognition Project <em>Hjal<\/em>.<\/a> Henrik Holmboe (ritstj.): <em>Nordisk Sprogteknologi. \u00c5rbog 2003<\/em>:239-242.<\/li>\n<li>Eir\u00edkur R\u00f6gnvaldsson, Au\u00f0ur \u00de\u00f3runn R\u00f6gnvaldsd\u00f3ttir, Krist\u00edn Bjarnad\u00f3ttir og Sigr\u00fan Helgad\u00f3ttir. 2002b. <a href=\"http:\/\/eirikur.hi.is\/markari.pdf\">V\u00e9lr\u00e6n m\u00e1lfr\u00e6\u00f0igreining me\u00f0 n\u00e1mf\u00fasum markara.<\/a> <em>Or\u00f0 og tunga<\/em> 6:1-9.<\/li>\n<li>Eir\u00edkur R\u00f6gnvaldsson. 2002. <a href=\"http:\/\/eirikur.hi.is\/NLP.pdf\">The Icelandic m-TBL Experiment: m-TBL Rules for Icelandic Compared to English Rules.<\/a> [\u00d3prentu\u00f0 grein.]<\/li>\n<li>\u00c1sta Svavarsd\u00f3ttir og Eir\u00edkur R\u00f6gnvaldsson. 2001. Or\u00f0flokkar. \u00de\u00f3runn Bl\u00f6ndal og Heimir P\u00e1lsson (ritstj.): <em>Alfr\u00e6\u00f0i \u00edslenskrar tungu<\/em>. [Margmi\u00f0lunardiskur.] L\u00fd\u00f0veldissj\u00f3\u00f0ur og N\u00e1msgagnastofnun, Reykjav\u00edk.<\/li>\n<li>Sigur\u00f0ur Konr\u00e1\u00f0sson og Eir\u00edkur R\u00f6gnvaldsson. 2001. Hlj\u00f3\u00f0fr\u00e6\u00f0i. \u00de\u00f3runn Bl\u00f6ndal og Heimir P\u00e1lsson (ritstj.): <em>Alfr\u00e6\u00f0i \u00edslenskrar tungu<\/em>. [Margmi\u00f0lunardiskur.] L\u00fd\u00f0veldissj\u00f3\u00f0ur og N\u00e1msgagnastofnun, Reykjav\u00edk.<\/li>\n<li>Eir\u00edkur R\u00f6gnvaldsson og H\u00f6skuldur \u00der\u00e1insson. 2001. <a href=\"http:\/\/eirikur.hi.is\/setnfr.pdf\">Setningafr\u00e6\u00f0i.<\/a> \u00de\u00f3runn Bl\u00f6ndal og Heimir P\u00e1lsson (ritstj.): <em>Alfr\u00e6\u00f0i \u00edslenskrar tungu<\/em>. [Margmi\u00f0lunardiskur.] L\u00fd\u00f0veldissj\u00f3\u00f0ur og N\u00e1msgagnastofnun, Reykjav\u00edk.<\/li>\n<li>Eir\u00edkur R\u00f6gnvaldsson. 2001. <a href=\"http:\/\/eirikur.hi.is\/maltol.pdf\">M\u00e1l og t\u00f6lvur.<\/a> \u00de\u00f3runn Bl\u00f6ndal og Heimir P\u00e1lsson (ritstj.): <em>Alfr\u00e6\u00f0i \u00edslenskrar tungu<\/em>. [Margmi\u00f0lunardiskur.] L\u00fd\u00f0veldissj\u00f3\u00f0ur og N\u00e1msgagnastofnun, Reykjav\u00edk.<\/li>\n<li>Eir\u00edkur R\u00f6gnvaldsson. 2001. <a href=\"http:\/\/eirikur.hi.is\/stofn.pdf\">Stofnger\u00f0 \u00edslenskra or\u00f0a.<\/a> <em>Or\u00f0 og tunga <\/em>5:129-166.<\/li>\n<li>Eir\u00edkur R\u00f6gnvaldsson. 2000. <a href=\"http:\/\/eirikur.hi.is\/Fall.pdf\">F\u00f6ll og kyn a\u00f0 fornu og n\u00fdju.<\/a> <em>Or\u00f0hagi.<\/em> Afm\u00e6lisrit J\u00f3ns A\u00f0alsteins J\u00f3nssonar 12. okt\u00f3ber 2000.<\/li>\n<li>R\u00f6gnvaldur \u00d3lafsson, Eir\u00edkur R\u00f6gnvaldsson og \u00deorgeir Sigur\u00f0sson. 1999. <a href=\"http:\/\/www.tungutaekni.is\/news\/Skyrsla.pdf\"><em>Tungut\u00e6kni. Sk\u00fdrsla starfsh\u00f3ps.<\/em><\/a> Menntam\u00e1lar\u00e1\u00f0uneyti\u00f0, Reykjav\u00edk.<\/li>\n<li>Eir\u00edkur R\u00f6gnvaldsson. 1998. <a href=\"http:\/\/eirikur.hi.is\/imp.pdf\">The Syntax of Imperatives in Old Scandinavian.<\/a> [\u00d3prentu\u00f0 grein.]<\/li>\n<li>Eir\u00edkur R\u00f6gnvaldsson. 1998. <a href=\"http:\/\/eirikur.hi.is\/heimtulk.pdf\">Heimildat\u00falkun \u00ed s\u00f6gulegri setningafr\u00e6\u00f0i.<\/a> Baldur Sigur\u00f0sson, Sigur\u00f0ur Konr\u00e1\u00f0sson og \u00d6rn\u00f3lfur Thorsson (ritstj.): <em>Greinar af sama mei\u00f0i<\/em>, bls. 317-334. Ranns\u00f3knarstofnun Kennarah\u00e1sk\u00f3la \u00cdslands, Reykjav\u00edk.<\/li>\n<li>Eir\u00edkur R\u00f6gnvaldsson. 1998. <a href=\"https:\/\/tidsskrift.dk\/sin\/article\/view\/17194\/14934\">Informationsteknologien og sm\u00e5 sprogsamfund.<\/a> <em>Sprog i Norden<\/em>, s. 82-93.<\/li>\n<li>Eir\u00edkur R\u00f6gnvaldsson. 1998. <a href=\"http:\/\/eirikur.hi.is\/om.pdf\">M\u00e1lfr\u00e6\u00f0i \u00ed \u00edslenskri or\u00f0ab\u00f3k: Hvernig og til hvers?<\/a> <em>Or\u00f0 og tunga<\/em> 4:25-32.<\/li>\n<li>Eir\u00edkur R\u00f6gnvaldsson. 1997. <a href=\"http:\/\/eirikur.hi.is\/ordafar.pdf\">Or\u00f0afar \u00cdslendinga sagna.<\/a> Anna Agnarsd\u00f3ttir, P\u00e9tur P\u00e9tursson og Torfi H. Tulinius (ritstj.): <em>Milli himins og jar\u00f0ar<\/em>, s. 271-286. H\u00e1sk\u00f3la\u00fatg\u00e1fan, Reykjav\u00edk.<\/li>\n<li>Eir\u00edkur R\u00f6gnvaldsson. 1997. <a href=\"http:\/\/eirikur.hi.is\/mal_og_midlar.pdf\">M\u00e1l og mi\u00f0lar: Uppl\u00fdsingabyltingin og sm\u00e1\u00fej\u00f3\u00f0atungum\u00e1l.<\/a> [\u00d3prentu\u00f0 grein.]<\/li>\n<li>Eir\u00edkur R\u00f6gnvaldsson. 1996. <a href=\"http:\/\/eirikur.hi.is\/refir.pdf\">Miki\u00f0 er \u00fea\u00f0 sorglegt a\u00f0 refir skuli ekki geta klifra\u00f0 \u00ed trj\u00e1m.<\/a> <em>H\u00f6skollu gefi\u00f0.<\/em> H\u00f6skuldur \u00der\u00e1insson fimmtugur, bls. 14-16. Reykjav\u00edk.<\/li>\n<li>Eir\u00edkur R\u00f6gnvaldsson. 1996. <a href=\"http:\/\/eirikur.hi.is\/wordord.pdf\">Word Order Variation in the VP in Old Icelandic.<\/a> <em>Working Papers in Scandinavian Syntax<\/em> 58:55-86.<\/li>\n<li>Eir\u00edkur R\u00f6gnvaldsson. 1996. <a href=\"http:\/\/eirikur.hi.is\/korpus.htm\">Brugen af et gammelislandsk tekstkorpus i leksikografisk arbejde.<\/a> <em>LexicoNordica<\/em> 3:19-34.<\/li>\n<li>Eir\u00edkur R\u00f6gnvaldsson. 1995. <a href=\"http:\/\/eirikur.hi.is\/concord.htm\">A Concordance to Old Icelandic Texts and its Lexicographic value.<\/a> <em>Nordiske studier i leksikografi<\/em> 3:123-135.<\/li>\n<li>Eir\u00edkur R\u00f6gnvaldsson. 1994. <a href=\"http:\/\/eirikur.hi.is\/nafnlf.pdf\">Nafnli\u00f0arf\u00e6rslur \u00ed fornm\u00e1li.<\/a> [\u00d3prentu\u00f0 grein.]<\/li>\n<li>Eir\u00edkur R\u00f6gnvaldsson. 1994. <a href=\"http:\/\/eirikur.hi.is\/cases.pdf\">The Status of Morphological Case in the Icelandic Lexicon.<\/a> [\u00d3prentu\u00f0 grein.]<\/li>\n<li>Eir\u00edkur R\u00f6gnvaldsson. 1994. <a href=\"http:\/\/eirikur.hi.is\/samt.pdf\">\"Er ekki kominn t\u00edmi til a\u00f0 tengja?\"<\/a> <em>J\u00f3n\u00edna hans J\u00f3ns G. Fri\u00f0j\u00f3nssonar<\/em>, bls. 16-21. Reykjav\u00edk.<\/li>\n<li>Eir\u00edkur R\u00f6gnvaldsson. 1993. <a href=\"http:\/\/eirikur.hi.is\/syntsag.pdf\">\u00de\u00e6ttir \u00far s\u00f6gulegri setningafr\u00e6\u00f0i.<\/a> [\u00d3prenta\u00f0 handrit.]<\/li>\n<li>Eir\u00edkur R\u00f6gnvaldsson. 1993. <a href=\"http:\/\/eirikur.hi.is\/colloc.pdf\">Collocations in the Minimalist Framework.<\/a> <em>Lambda<\/em> 18:107-118.<\/li>\n<li>Eir\u00edkur R\u00f6gnvaldsson. 1993. <a href=\"http:\/\/eirikur.hi.is\/coord.pdf\">Coordination, ATB-extractions, and the Identification of <em>pro<\/em>.<\/a> <em>Harvard Working Papers in Linguistics<\/em> 3:153-180.<\/li>\n<li>Eir\u00edkur R\u00f6gnvaldsson. 1992. <a href=\"http:\/\/eirikur.hi.is\/ritd-gen.pdf\">Review of Torbj\u00f8rn Nordg\u00e5rd and Tor A. \u00c5farli: <em>Generativ syntaks. Ei innf\u00f8ring via norsk.<\/em><\/a> Unpublished.<\/li>\n<li>Eir\u00edkur R\u00f6gnvaldsson. 1992. Word Order Changes in the VP in Icelandic. <em>Second Generative Diachronic Syntax Workshop<\/em>, University of Pennsylvania, November 5-8, 1992.<\/li>\n<li>Eir\u00edkur R\u00f6gnvaldsson. 1991. <a href=\"http:\/\/eirikur.hi.is\/quirkysb.pdf\">Quirky Subjects in Old Icelandic.<\/a> Halld\u00f3r \u00c1rmann Sigur\u00f0sson (ritstj.): <em>Papers from the Twelfth Scandinavian Conference of Linguistics<\/em>, bls. 369-378.<\/li>\n<li>Berglj\u00f3t Kristj\u00e1nsd\u00f3ttir, Eir\u00edkur R\u00f6gnvaldsson, Gu\u00f0r\u00fan Ing\u00f3lfsd\u00f3ttir og \u00d6rn\u00f3lfur Thorsson. 1990. <a href=\"http:\/\/eirikur.hi.is\/ordord.pdf\"><em>Fr\u00e1 or\u00f0alykli til or\u00f0ab\u00f3kar.<\/em><\/a> [Fj\u00f6lrita\u00f0ur kynningarb\u00e6klingur, 16 s.]<\/li>\n<li>H\u00f6skuldur \u00der\u00e1insson og Eir\u00edkur R\u00f6gnvaldsson. 1990. Bibliography of Modern Icelandic Syntax. Maling, Joan, og Annie Zaenen (ritstj.): <em>Modern Icelandic Syntax.<\/em> Academic Press, San Diego.<\/li>\n<li>Eir\u00edkur R\u00f6gnvaldsson og H\u00f6skuldur \u00der\u00e1insson. 1990. Bibliography of Icelandic Diachronic Syntax. Maling, Joan, og Annie Zaenen (ritstj.): <em>Modern Icelandic Syntax.<\/em> Academic Press, San Diego.<\/li>\n<li>Eir\u00edkur R\u00f6gnvaldsson. 1990. <a href=\"https:\/\/timarit.is\/page\/6482220#page\/n55\/mode\/2up\">Or\u00f0st\u00f6\u00f0ulykill \u00cdslendinga sagna. <\/a><em>Sk\u00e1ldskaparm\u00e1l<\/em> 1:54-61.<\/li>\n<li>Eir\u00edkur R\u00f6gnvaldsson. 1988. <a href=\"http:\/\/eirikur.hi.is\/einsl.pdf\">Einsleitur grunnur \u00edslenskra vi\u00f0skeyta.<\/a> [\u00d3prentu\u00f0 grein.]<\/li>\n<li>Eir\u00edkur R\u00f6gnvaldsson. 1987. Skr\u00e1 um b\u00e6kur og ritger\u00f0ir sem var\u00f0a s\u00f6gulega setningafr\u00e6\u00f0i \u00edslensku. <em>\u00cdslenskt m\u00e1l<\/em> 9:151-161.<\/li>\n<li>Eir\u00edkur R\u00f6gnvaldsson. 1987. <a href=\"http:\/\/eirikur.hi.is\/ritd.pdf\">Ritd\u00f3mur um <em>Frambur\u00f0ur og myndun fleirt\u00f6lu hj\u00e1 200 \u00edslenskum b\u00f6rnum vi\u00f0 fj\u00f6gra og sex \u00e1ra aldur<\/em> eftir Indri\u00f0a G\u00edslason, Sigur\u00f0 Konr\u00e1\u00f0sson og Benedikt J\u00f3hannesson.<\/a> <em>\u00cdslenskt m\u00e1l<\/em> 9:143-147.<\/li>\n<li>Eir\u00edkur R\u00f6gnvaldsson. 1987. <a href=\"http:\/\/eirikur.hi.is\/vidsk.pdf\">Nokkur vi\u00f0skeyti og t\u00ed\u00f0ni \u00feeirra.<\/a> <em>Morgunbla\u00f0i\u00f0<\/em> 15. ma\u00ed.<\/li>\n<li>Eir\u00edkur R\u00f6gnvaldsson. 1987. <a href=\"http:\/\/eirikur.hi.is\/ovwo.pdf\">OV Word Order in Icelandic.<\/a> Allan, R.D.S., og Michael P. Barnes (ritstj.): <em>Proceedings of the Seventh Biennial Conference of Teachers of Scandinavian Studies in Great Britain and Northern Ireland<\/em>, bls. 33-49. University College, London.<\/li>\n<li>Eir\u00edkur R\u00f6gnvaldsson. 1986. <a href=\"http:\/\/eirikur.hi.is\/stylinv.pdf\">On Subordinate Topicalization, Stylistic Inversion and V\/3 in Icelandic.<\/a> [\u00d3prentu\u00f0 grein.]<\/li>\n<li>Eir\u00edkur R\u00f6gnvaldsson. 1986. <a href=\"http:\/\/eirikur.hi.is\/tolvuord.pdf\">Ritd\u00f3mur um <em>T\u00f6lvuor\u00f0asafn.<\/em><\/a> <em>\u00cdslenskt m\u00e1l<\/em> 8:191-200.<\/li>\n<li>Eir\u00edkur R\u00f6gnvaldsson og Vilhj\u00e1lmur Sigurj\u00f3nsson. 1986. <a href=\"http:\/\/eirikur.hi.is\/ordasafn.pdf\">Um or\u00f0asafn me\u00f0 WordPerfect og \u00edslenska or\u00f0t\u00ed\u00f0ni.<\/a> [\u00d3prentu\u00f0 sk\u00fdrsla.]<\/li>\n<li>Eir\u00edkur R\u00f6gnvaldsson. 1986. <em>\u00cdslensk hlj\u00f3\u00f0kerfisfr\u00e6\u00f0i.<\/em> Br\u00e1\u00f0abirg\u00f0a\u00fatg\u00e1fa. [3. \u00fatg.] Reykjav\u00edk.<\/li>\n<li>Eir\u00edkur R\u00f6gnvaldsson. 1986. <em>\u00cdslensk or\u00f0hlutafr\u00e6\u00f0i.<\/em> Kennslukver handa nemendum \u00e1 h\u00e1sk\u00f3lastigi. [3. \u00fatg.] M\u00e1lv\u00edsindastofnun H\u00e1sk\u00f3la \u00cdslands, Reykjav\u00edk.<\/li>\n<li>Eir\u00edkur R\u00f6gnvaldsson. 1984. <a href=\"http:\/\/eirikur.hi.is\/adblast.pdf\">Hva\u00f0 og hvar er a\u00f0bl\u00e1stur?<\/a> [\u00d3prentu\u00f0 grein.]<\/li>\n<li>Eir\u00edkur R\u00f6gnvaldsson. 1984. <a href=\"http:\/\/eirikur.hi.is\/rokrett.pdf\">Af r\u00f6kr\u00e9ttu m\u00e1li.<\/a> <em>Sk\u00edma<\/em> 7,2:2-4.<\/li>\n<li>Eir\u00edkur R\u00f6gnvaldsson. 1984. <a href=\"http:\/\/eirikur.hi.is\/iwo.pdf\">Icelandic Word Order and \u00fea\u00f0-Insertion.<\/a> <em>Working Papers in Scandinavian Syntax<\/em> 8:1-21.<\/li>\n<li>Eir\u00edkur R\u00f6gnvaldsson. 1984. <a href=\"http:\/\/eirikur.hi.is\/rightw.pdf\">Rightward Displacement of NPs in Icelandic. - Formal and Functional Characteristics.<\/a> Ringgaard, Kristian, og Viggo S\u00f8rensen (ritstj.): <em>The Nordic Languages and Modern Linguistics<\/em> 5:361-368.<\/li>\n<li>Eir\u00edkur R\u00f6gnvaldsson. 1983. <a href=\"http:\/\/eirikur.hi.is\/rightdis.pdf\">Rightward Displacement of NPs in Icelandic. Formal and Functional Characteristics.<\/a> [\u00d3prentu\u00f0 grein.]<\/li>\n<li>Eir\u00edkur R\u00f6gnvaldsson. 1983. <a href=\"http:\/\/eirikur.hi.is\/islgramm.pdf\">Ritd\u00f3mur um <em>Isl\u00e4ndische Grammatik<\/em> eftir Bruno Kress.<\/a> <em>\u00cdslenskt m\u00e1l<\/em> 5:185-196.<\/li>\n<li>Eir\u00edkur R\u00f6gnvaldsson. 1983. <a href=\"http:\/\/eirikur.hi.is\/framford.pdf\">Frambur\u00f0ur og ford\u00f3mar.<\/a> <em>M\u00edmir<\/em> 31:59-63.<\/li>\n<li>Eir\u00edkur R\u00f6gnvaldsson. 1983. <a href=\"http:\/\/eirikur.hi.is\/framg.pdf\">F\u00e1ein or\u00f0 um framg\u00f3mun.<\/a> <em>\u00cdslenskt m\u00e1l<\/em> 5:173-174.<\/li>\n<li>Eir\u00edkur R\u00f6gnvaldsson. 1983. <a href=\"http:\/\/eirikur.hi.is\/Tilvteng.pdf\">\"Tilv\u00edsunartengingin\" OG \u00ed b\u00f3kum Halld\u00f3rs Laxness.<\/a> <em>M\u00edmir<\/em> 30:8-18.<\/li>\n<li>Eir\u00edkur R\u00f6gnvaldsson. 1983. <a href=\"http:\/\/eirikur.hi.is\/thaguf.pdf\">\u00de\u00e1gufallss\u00fdkin og fallakerfi \u00edslensku.<\/a> <em>Sk\u00edma<\/em> 6,2:3-6.<\/li>\n<li>Eir\u00edkur R\u00f6gnvaldsson. 1982. <a href=\"http:\/\/eirikur.hi.is\/ordmynd.pdf\">Or\u00f0myndun og or\u00f0myndunarreglur \u00ed \u00edslensku.<\/a> [\u00d3prentu\u00f0 ritger\u00f0.]<\/li>\n<li>Eir\u00edkur R\u00f6gnvaldsson. 1981. <a href=\"http:\/\/eirikur.hi.is\/Tenging.pdf\">Um merkingu og hlutverk \u00edslenskra a\u00f0altenginga.<\/a> <em>M\u00edmir<\/em> 29:6-18.<\/li>\n<li>Eir\u00edkur R\u00f6gnvaldsson. 1979 H\u00e9ra\u00f0sb\u00f3kasafn Skagfir\u00f0inga. Hlutverk \u00feess og starfsemi. <em>Safnam\u00e1l<\/em> 3:31-42.<\/li>\n<li>Eir\u00edkur R\u00f6gnvaldsson. 1979. Kristileg minni og v\u00edsanir \u00ed \"\u00c1 Gnitahei\u00f0i\" eftir Snorra Hjartarson. Hvernig eru \u00feessi st\u00edlbr\u00f6g\u00f0 notu\u00f0 og til hvers? <em>M\u00edmir<\/em> 27:3-7.<\/li>\n<\/ol>\n","protected":false},"excerpt":{"rendered":"<p>\u00d3ritr\u00fdnt fr\u00e6\u00f0ilegt efni, prenta\u00f0 og \u00f3prenta\u00f0 Flest \u00feessara verka m\u00e1 n\u00e1lgast \u00e1 netinu me\u00f0 \u00fev\u00ed a\u00f0 smella \u00e1 titilinn. Athugi\u00f0 \u00fe\u00f3 a\u00f0 ekki er alltaf um a\u00f0 r\u00e6\u00f0a endanlega ger\u00f0 \u00fatgefinna verka. Eir\u00edkur R\u00f6gnvaldsson. 2022. Kynju\u00f0 og kynhlutlaus \u00edslenska.\u00a0M\u00e1lfregnir, bls. 3-4. Eir\u00edkur R\u00f6gnvaldsson. 2022. Kynju\u00f0 \u00edslenska.\u00a019. j\u00fan\u00ed, bls. 10-15. Eir\u00edkur R\u00f6gnvaldsson. 2022. Kristjana Vigd\u00eds Ingvad\u00f3ttir: [&hellip;]<\/p>\n","protected":false},"author":141,"featured_media":0,"parent":15,"menu_order":3,"comment_status":"closed","ping_status":"closed","template":"","meta":{"footnotes":""},"class_list":["post-182","page","type-page","status-publish","hentry"],"_links":{"self":[{"href":"https:\/\/uni.hi.is\/eirikur\/wp-json\/wp\/v2\/pages\/182","targetHints":{"allow":["GET"]}}],"collection":[{"href":"https:\/\/uni.hi.is\/eirikur\/wp-json\/wp\/v2\/pages"}],"about":[{"href":"https:\/\/uni.hi.is\/eirikur\/wp-json\/wp\/v2\/types\/page"}],"author":[{"embeddable":true,"href":"https:\/\/uni.hi.is\/eirikur\/wp-json\/wp\/v2\/users\/141"}],"replies":[{"embeddable":true,"href":"https:\/\/uni.hi.is\/eirikur\/wp-json\/wp\/v2\/comments?post=182"}],"version-history":[{"count":88,"href":"https:\/\/uni.hi.is\/eirikur\/wp-json\/wp\/v2\/pages\/182\/revisions"}],"predecessor-version":[{"id":8016,"href":"https:\/\/uni.hi.is\/eirikur\/wp-json\/wp\/v2\/pages\/182\/revisions\/8016"}],"up":[{"embeddable":true,"href":"https:\/\/uni.hi.is\/eirikur\/wp-json\/wp\/v2\/pages\/15"}],"wp:attachment":[{"href":"https:\/\/uni.hi.is\/eirikur\/wp-json\/wp\/v2\/media?parent=182"}],"curies":[{"name":"wp","href":"https:\/\/api.w.org\/{rel}","templated":true}]}}