{"id":264,"date":"2010-05-22T02:34:06","date_gmt":"2010-05-22T02:34:06","guid":{"rendered":"http:\/\/uni.hi.is\/eirikur\/?page_id=264"},"modified":"2014-06-30T15:28:50","modified_gmt":"2014-06-30T15:28:50","slug":"verkefnisstjorn-ly%c3%b0veldissjo%c3%b0s","status":"publish","type":"page","link":"https:\/\/uni.hi.is\/eirikur\/stjornun\/verkefnisstjorn-ly%c3%b0veldissjo%c3%b0s\/","title":{"rendered":"Verkefnisstj\u00f3rn"},"content":{"rendered":"<p><!--:de-->Vori\u00f0  1995 t\u00f3k \u00e9g a\u00f0 m\u00e9r formennsku \u00ed <a href=\"http:\/\/notendur.hi.is\/eirikur\/verkstj\/verkstj.htm\">Verkefnisstj\u00f3rn \u00ed \u00edslensku<\/a> \u00e1 vegum <a href=\"http:\/\/www.althingi.is\/lagasofn\/121b\/1994125.html\">L\u00fd\u00f0veldissj\u00f3\u00f0s<\/a>, en auk m\u00edn \u00e1ttu s\u00e6ti \u00ed verkefnisstj\u00f3rninni <a href=\"http:\/\/www.lexis.hi.is\/asta\/asta.html\">\u00c1sta Svavarsd\u00f3ttir<\/a> ranns\u00f3knard\u00f3sent og <a href=\"http:\/\/starfsfolk.khi.is\/thblond\/\">\u00de\u00f3runn Bl\u00f6ndal<\/a> d\u00f3sent.  Verkefnisstj\u00f3rnin st\u00f3\u00f0 fyrir ger\u00f0 margmi\u00f0lunarefnis \u00e1 geisladiski, <a href=\"http:\/\/www.nams.is\/allt-namsefni\/vorunr\/1558\"><em>Alfr\u00e6\u00f0i \u00edslenskrar  tungu <\/em><\/a>(2001), og samningu \u00feriggja vi\u00f0amikilla handb\u00f3ka, <a href=\"http:\/\/www.forlagid.is\/?p=5731\"><em>\u00cdslensk tunga I-III <\/em><\/a>(2005). Verkefnisstj\u00f3rnin var skipu\u00f0 til fimm \u00e1ra en vegna \u00feess a\u00f0 \u00fatg\u00e1fa \u00feeirra verka sem h\u00fan st\u00f3\u00f0 fyrir dr\u00f3st \u00e1 langinn lauk h\u00fan ekki st\u00f6rfum fyrr en s\u00ed\u00f0la \u00e1rs 2005.<\/p>\n<p>&nbsp;<\/p>\n<h3>\u00ddmsar uppl\u00fdsingar um verkefnisstj\u00f3rnina og verkefni hennar<\/h3>\n<ul>\n<li><a href=\"http:\/\/notendur.hi.is\/eirikur\/verkstj\/undirbun.htm\">Till\u00f6gur undirb\u00faningsnefndar<\/a>\n<li><a href=\"http:\/\/notendur.hi.is\/eirikur\/verkstj\/stefna.htm\">Ritstj\u00f3rnarstefna<\/a>\n<li><a href=\"http:\/\/notendur.hi.is\/eirikur\/verkstj\/reglur-h.htm\">Reglur og lei\u00f0beiningar um framsetningu og fr\u00e1gang<\/a>\n<li><a href=\"http:\/\/notendur.hi.is\/eirikur\/verkstj\/skima1.htm\">Grein formanns \u00ed <i>Sk\u00edmu<\/i> 38, haust 1995<\/a>\n<li><a href=\"http:\/\/notendur.hi.is\/eirikur\/verkstj\/afangi1.htm\">\u00c1fangask\u00fdrsla til stj\u00f3rnar L\u00fd\u00f0veldissj\u00f3\u00f0s, mars 1996<\/a>\n<li><a href=\"http:\/\/notendur.hi.is\/eirikur\/verkstj\/skima2.htm\">Grein formanns \u00ed <i>Sk\u00edmu<\/i> 39, vor 1996<\/a>\n<li><a href=\"http:\/\/notendur.hi.is\/eirikur\/verkstj\/afangi2.htm\">\u00c1fangask\u00fdrsla til stj\u00f3rnar L\u00fd\u00f0veldissj\u00f3\u00f0s, febr\u00faar 1997<\/a>\n<li><a href=\"http:\/\/notendur.hi.is\/eirikur\/verkstj\/skima3.htm\">Grein formanns \u00ed <i>Sk\u00edmu<\/i> 41, vor 1997<\/a>\n<li><a href=\"http:\/\/notendur.hi.is\/eirikur\/verkstj\/skyrsla98.pdf\">\u00c1fangask\u00fdrsla til stj\u00f3rnar L\u00fd\u00f0veldissj\u00f3\u00f0s, mars 1998<\/a>\n<li><a href=\"http:\/\/notendur.hi.is\/eirikur\/verkstj\/malthing.pdf\">Erindi formanns verkefnisstj\u00f3rnar \u00e1 m\u00e1l\u00feingi \u00ed \u00dej\u00f3\u00f0arb\u00f3khl\u00f6\u00f0u 13. ma\u00ed 2000<\/a>\n<li><a href=\"http:\/\/notendur.hi.is\/eirikur\/verkstj\/diskur.pdf\">\u00c1varp formanns verkefnisstj\u00f3rnar vi\u00f0 afhendingu disksins<\/a>\n<li><a href=\"http:\/\/notendur.hi.is\/eirikur\/verkstj\/isltfors.pdf\">\u00c1varp forseta Al\u00feingis vi\u00f0 \u00fatkomu handb\u00f3kanna<\/a>\n<li><a href=\"http:\/\/notendur.hi.is\/eirikur\/verkstj\/isltform.pdf\">\u00c1varp formanns verkefnisstj\u00f3rnar vi\u00f0 \u00fatkomu handb\u00f3kanna<\/a>\n<\/ul>\n<p><!--:--><!--:en-->Vori\u00f0  1995 t\u00f3k \u00e9g a\u00f0 m\u00e9r formennsku \u00ed <a href=\"http:\/\/notendur.hi.is\/eirikur\/verkstj\/verkstj.htm\">Verkefnisstj\u00f3rn \u00ed \u00edslensku<\/a> \u00e1 vegum <a href=\"http:\/\/www.althingi.is\/lagasofn\/121b\/1994125.html\">L\u00fd\u00f0veldissj\u00f3\u00f0s<\/a>, en auk m\u00edn \u00e1ttu s\u00e6ti \u00ed verkefnisstj\u00f3rninni <a href=\"http:\/\/www.arnastofnun.is\/page\/starfsmenn&amp;personID=1001120&amp;batch=1\">\u00c1sta Svavarsd\u00f3ttir<\/a> ranns\u00f3knard\u00f3sent og <a href=\"https:\/\/notendur.hi.is\/thorunnb\/\">\u00de\u00f3runn Bl\u00f6ndal<\/a> d\u00f3sent.  Verkefnisstj\u00f3rnin st\u00f3\u00f0 fyrir ger\u00f0 margmi\u00f0lunarefnis \u00e1 geisladiski, <a href=\"http:\/\/www.a4.is\/product\/alfraedi-islenskrar-tungu-cd-einkautgafa\"><em>Alfr\u00e6\u00f0i \u00edslenskrar  tungu <\/em><\/a>(2001), og samningu \u00feriggja vi\u00f0amikilla handb\u00f3ka, <a href=\"http:\/\/www.forlagid.is\/?p=623042\"><em>\u00cdslensk tunga I-III <\/em><\/a>(2005). Verkefnisstj\u00f3rnin var skipu\u00f0 til fimm \u00e1ra en vegna \u00feess a\u00f0 \u00fatg\u00e1fa \u00feeirra verka sem h\u00fan st\u00f3\u00f0 fyrir dr\u00f3st \u00e1 langinn lauk h\u00fan ekki st\u00f6rfum fyrr en s\u00ed\u00f0la \u00e1rs 2005.<\/p>\n<p>&nbsp;<\/p>\n<h3>\u00ddmsar uppl\u00fdsingar um verkefnisstj\u00f3rnina og verkefni hennar<\/h3>\n<ul>\n<li><a href=\"http:\/\/notendur.hi.is\/eirikur\/verkstj\/undirbun.htm\">Till\u00f6gur undirb\u00faningsnefndar<\/a>\n<li><a href=\"http:\/\/notendur.hi.is\/eirikur\/verkstj\/stefna.htm\">Ritstj\u00f3rnarstefna<\/a>\n<li><a href=\"http:\/\/notendur.hi.is\/eirikur\/verkstj\/reglur-h.htm\">Reglur og lei\u00f0beiningar um framsetningu og fr\u00e1gang<\/a>\n<li><a href=\"http:\/\/notendur.hi.is\/eirikur\/verkstj\/skima1.htm\">Grein formanns \u00ed <i>Sk\u00edmu<\/i> 38, haust 1995<\/a>\n<li><a href=\"http:\/\/notendur.hi.is\/eirikur\/verkstj\/afangi1.htm\">\u00c1fangask\u00fdrsla til stj\u00f3rnar L\u00fd\u00f0veldissj\u00f3\u00f0s, mars 1996<\/a>\n<li><a href=\"http:\/\/notendur.hi.is\/eirikur\/verkstj\/skima2.htm\">Grein formanns \u00ed <i>Sk\u00edmu<\/i> 39, vor 1996<\/a>\n<li><a href=\"http:\/\/notendur.hi.is\/eirikur\/verkstj\/afangi2.htm\">\u00c1fangask\u00fdrsla til stj\u00f3rnar L\u00fd\u00f0veldissj\u00f3\u00f0s, febr\u00faar 1997<\/a>\n<li><a href=\"http:\/\/notendur.hi.is\/eirikur\/verkstj\/skima3.htm\">Grein formanns \u00ed <i>Sk\u00edmu<\/i> 41, vor 1997<\/a>\n<li><a href=\"http:\/\/notendur.hi.is\/eirikur\/verkstj\/skyrsla98.pdf\">\u00c1fangask\u00fdrsla til stj\u00f3rnar L\u00fd\u00f0veldissj\u00f3\u00f0s, mars 1998<\/a>\n<li><a href=\"http:\/\/notendur.hi.is\/eirikur\/verkstj\/malthing.pdf\">Erindi formanns verkefnisstj\u00f3rnar \u00e1 m\u00e1l\u00feingi \u00ed \u00dej\u00f3\u00f0arb\u00f3khl\u00f6\u00f0u 13. ma\u00ed 2000<\/a>\n<li><a href=\"http:\/\/notendur.hi.is\/eirikur\/verkstj\/diskur.pdf\">\u00c1varp formanns verkefnisstj\u00f3rnar vi\u00f0 afhendingu disksins<\/a>\n<li><a href=\"http:\/\/notendur.hi.is\/eirikur\/verkstj\/isltfors.pdf\">\u00c1varp forseta Al\u00feingis vi\u00f0 \u00fatkomu handb\u00f3kanna<\/a>\n<li><a href=\"http:\/\/notendur.hi.is\/eirikur\/verkstj\/isltform.pdf\">\u00c1varp formanns verkefnisstj\u00f3rnar vi\u00f0 \u00fatkomu handb\u00f3kanna<\/a>\n<\/ul>\n<p><!--:--><!--:zh-->Vori\u00f0  1995 t\u00f3k \u00e9g a\u00f0 m\u00e9r formennsku \u00ed <a href=\"http:\/\/notendur.hi.is\/eirikur\/verkstj\/verkstj.htm\">Verkefnisstj\u00f3rn \u00ed \u00edslensku<\/a> \u00e1 vegum <a href=\"http:\/\/www.althingi.is\/lagasofn\/121b\/1994125.html\">L\u00fd\u00f0veldissj\u00f3\u00f0s<\/a>, en auk m\u00edn \u00e1ttu s\u00e6ti \u00ed verkefnisstj\u00f3rninni <a href=\"http:\/\/www.lexis.hi.is\/asta\/asta.html\">\u00c1sta Svavarsd\u00f3ttir<\/a> ranns\u00f3knard\u00f3sent og <a href=\"http:\/\/starfsfolk.khi.is\/thblond\/\">\u00de\u00f3runn Bl\u00f6ndal<\/a> d\u00f3sent.  Verkefnisstj\u00f3rnin st\u00f3\u00f0 fyrir ger\u00f0 margmi\u00f0lunarefnis \u00e1 geisladiski, <a href=\"http:\/\/www.nams.is\/allt-namsefni\/vorunr\/1558\"><em>Alfr\u00e6\u00f0i \u00edslenskrar  tungu <\/em><\/a>(2001), og samningu \u00feriggja vi\u00f0amikilla handb\u00f3ka, <a href=\"http:\/\/www.forlagid.is\/?p=5731\"><em>\u00cdslensk tunga I-III <\/em><\/a>(2005). Verkefnisstj\u00f3rnin var skipu\u00f0 til fimm \u00e1ra en vegna \u00feess a\u00f0 \u00fatg\u00e1fa \u00feeirra verka sem h\u00fan st\u00f3\u00f0 fyrir dr\u00f3st \u00e1 langinn lauk h\u00fan ekki st\u00f6rfum fyrr en s\u00ed\u00f0la \u00e1rs 2005.<\/p>\n<p>&nbsp;<\/p>\n<h3>\u00ddmsar uppl\u00fdsingar um verkefnisstj\u00f3rnina og verkefni hennar<\/h3>\n<ul>\n<li><a href=\"http:\/\/notendur.hi.is\/eirikur\/verkstj\/undirbun.htm\">Till\u00f6gur undirb\u00faningsnefndar<\/a>\n<li><a href=\"http:\/\/notendur.hi.is\/eirikur\/verkstj\/stefna.htm\">Ritstj\u00f3rnarstefna<\/a>\n<li><a href=\"http:\/\/notendur.hi.is\/eirikur\/verkstj\/reglur-h.htm\">Reglur og lei\u00f0beiningar um framsetningu og fr\u00e1gang<\/a>\n<li><a href=\"http:\/\/notendur.hi.is\/eirikur\/verkstj\/skima1.htm\">Grein formanns \u00ed <i>Sk\u00edmu<\/i> 38, haust 1995<\/a>\n<li><a href=\"http:\/\/notendur.hi.is\/eirikur\/verkstj\/afangi1.htm\">\u00c1fangask\u00fdrsla til stj\u00f3rnar L\u00fd\u00f0veldissj\u00f3\u00f0s, mars 1996<\/a>\n<li><a href=\"http:\/\/notendur.hi.is\/eirikur\/verkstj\/skima2.htm\">Grein formanns \u00ed <i>Sk\u00edmu<\/i> 39, vor 1996<\/a>\n<li><a href=\"http:\/\/notendur.hi.is\/eirikur\/verkstj\/afangi2.htm\">\u00c1fangask\u00fdrsla til stj\u00f3rnar L\u00fd\u00f0veldissj\u00f3\u00f0s, febr\u00faar 1997<\/a>\n<li><a href=\"http:\/\/notendur.hi.is\/eirikur\/verkstj\/skima3.htm\">Grein formanns \u00ed <i>Sk\u00edmu<\/i> 41, vor 1997<\/a>\n<li><a href=\"http:\/\/notendur.hi.is\/eirikur\/verkstj\/skyrsla98.pdf\">\u00c1fangask\u00fdrsla til stj\u00f3rnar L\u00fd\u00f0veldissj\u00f3\u00f0s, mars 1998<\/a>\n<li><a href=\"http:\/\/notendur.hi.is\/eirikur\/verkstj\/malthing.pdf\">Erindi formanns verkefnisstj\u00f3rnar \u00e1 m\u00e1l\u00feingi \u00ed \u00dej\u00f3\u00f0arb\u00f3khl\u00f6\u00f0u 13. ma\u00ed 2000<\/a>\n<li><a href=\"http:\/\/notendur.hi.is\/eirikur\/verkstj\/diskur.pdf\">\u00c1varp formanns verkefnisstj\u00f3rnar vi\u00f0 afhendingu disksins<\/a>\n<li><a href=\"http:\/\/notendur.hi.is\/eirikur\/verkstj\/isltfors.pdf\">\u00c1varp forseta Al\u00feingis vi\u00f0 \u00fatkomu handb\u00f3kanna<\/a>\n<li><a href=\"http:\/\/notendur.hi.is\/eirikur\/verkstj\/isltform.pdf\">\u00c1varp formanns verkefnisstj\u00f3rnar vi\u00f0 \u00fatkomu handb\u00f3kanna<\/a>\n<\/ul>\n<p><!--:--><\/p>\n","protected":false},"excerpt":{"rendered":"<p>Vori\u00f0 1995 t\u00f3k \u00e9g a\u00f0 m\u00e9r formennsku \u00ed Verkefnisstj\u00f3rn \u00ed \u00edslensku \u00e1 vegum L\u00fd\u00f0veldissj\u00f3\u00f0s, en auk m\u00edn \u00e1ttu s\u00e6ti \u00ed verkefnisstj\u00f3rninni \u00c1sta Svavarsd\u00f3ttir ranns\u00f3knard\u00f3sent og \u00de\u00f3runn Bl\u00f6ndal d\u00f3sent. Verkefnisstj\u00f3rnin st\u00f3\u00f0 fyrir ger\u00f0 margmi\u00f0lunarefnis \u00e1 geisladiski, Alfr\u00e6\u00f0i \u00edslenskrar tungu (2001), og samningu \u00feriggja vi\u00f0amikilla handb\u00f3ka, \u00cdslensk tunga I-III (2005). Verkefnisstj\u00f3rnin var skipu\u00f0 til fimm \u00e1ra en [&hellip;]<\/p>\n","protected":false},"author":141,"featured_media":0,"parent":9,"menu_order":0,"comment_status":"closed","ping_status":"closed","template":"","meta":{"footnotes":""},"class_list":["post-264","page","type-page","status-publish","hentry"],"_links":{"self":[{"href":"https:\/\/uni.hi.is\/eirikur\/wp-json\/wp\/v2\/pages\/264","targetHints":{"allow":["GET"]}}],"collection":[{"href":"https:\/\/uni.hi.is\/eirikur\/wp-json\/wp\/v2\/pages"}],"about":[{"href":"https:\/\/uni.hi.is\/eirikur\/wp-json\/wp\/v2\/types\/page"}],"author":[{"embeddable":true,"href":"https:\/\/uni.hi.is\/eirikur\/wp-json\/wp\/v2\/users\/141"}],"replies":[{"embeddable":true,"href":"https:\/\/uni.hi.is\/eirikur\/wp-json\/wp\/v2\/comments?post=264"}],"version-history":[{"count":24,"href":"https:\/\/uni.hi.is\/eirikur\/wp-json\/wp\/v2\/pages\/264\/revisions"}],"predecessor-version":[{"id":1144,"href":"https:\/\/uni.hi.is\/eirikur\/wp-json\/wp\/v2\/pages\/264\/revisions\/1144"}],"up":[{"embeddable":true,"href":"https:\/\/uni.hi.is\/eirikur\/wp-json\/wp\/v2\/pages\/9"}],"wp:attachment":[{"href":"https:\/\/uni.hi.is\/eirikur\/wp-json\/wp\/v2\/media?parent=264"}],"curies":[{"name":"wp","href":"https:\/\/api.w.org\/{rel}","templated":true}]}}