{"id":288,"date":"2010-05-22T15:09:39","date_gmt":"2010-05-22T15:09:39","guid":{"rendered":"http:\/\/uni.hi.is\/eirikur\/?page_id=288"},"modified":"2014-04-13T09:27:05","modified_gmt":"2014-04-13T09:27:05","slug":"hljo%c3%b0-og-hljo%c3%b0kerfi","status":"publish","type":"page","link":"https:\/\/uni.hi.is\/eirikur\/rannsoknir\/hljo%c3%b0-og-hljo%c3%b0kerfi\/","title":{"rendered":"Hlj\u00f3\u00f0 og hlj\u00f3\u00f0kerfi"},"content":{"rendered":"<p><!--:de-->\u00c1 n\u00e1ms\u00e1rum m\u00ednum f\u00e9kkst \u00e9g nokku\u00f0 vi\u00f0 hlj\u00f3\u00f0fr\u00e6\u00f0i og hlj\u00f3\u00f0kerfisfr\u00e6\u00f0i og birti greinar \u00e1 b\u00e1\u00f0um svi\u00f0um (<a href=\"http:\/\/notendur.hi.is\/eirikur\/lengd.pdf\">1980<\/a>, <a href=\"http:\/\/notendur.hi.is\/eirikur\/u-hljv.pdf\">1981a<\/a>). Snemma \u00e1 kennsluferli m\u00ednum skrifa\u00f0i \u00e9g kennslub\u00e6kur fyrir h\u00e1sk\u00f3lastig um b\u00e6\u00f0i \u00edslenska hlj\u00f3\u00f0fr\u00e6\u00f0i (1989a) og \u00edslenska hlj\u00f3\u00f0kerfisfr\u00e6\u00f0i (<a href=\"http:\/\/notendur.hi.is\/eirikur\/hljkfr.pdf\">1993a<\/a>). \u00c1 bak vi\u00f0 hlj\u00f3\u00f0kerfisfr\u00e6\u00f0ib\u00f3kina liggja talsver\u00f0ar grunnranns\u00f3knir og \u00fear var \u00ed fyrsta sinn fjalla\u00f0 um \u00fdmis atri\u00f0i \u00edslenskrar hlj\u00f3\u00f0kerfisfr\u00e6\u00f0i.<\/p>\n<p>\u00c1 \u00e1runum 2003-2005 t\u00f3k \u00e9g \u00fe\u00e1tt \u00ed vinnu a\u00f0 ger\u00f0 \u00edslensks talgreinis (<a href=\"http:\/\/notendur.hi.is\/eirikur\/hjal.PDF\">2004a<\/a>) og talgervils (<a href=\"http:\/\/www.ut.is\/UTbladid2006\/nr\/2226\">2006e<\/a>). \u00cd tengslum vi\u00f0 \u00fea\u00f0 vann \u00e9g margv\u00edslegt efni um \u00edslenska hlj\u00f3\u00f0fr\u00e6\u00f0i og hlj\u00f3\u00f0kerfisfr\u00e6\u00f0i. \u00c9g \u00fatbj\u00f3 m.a. <a href=\"http:\/\/www.phon.ucl.ac.uk\/home\/sampa\/\">SAMPA<\/a>-sta\u00f0al um \u00edslenska hlj\u00f3\u00f0ritun (<a href=\"http:\/\/notendur.hi.is\/eirikur\/ptg_ice.pdf\">2003<\/a>) og <a href=\"http:\/\/notendur.hi.is\/eirikur\/patterns.xls\">skr\u00e1 um hlj\u00f3\u00f0asamb\u00f6nd \u00ed \u00edslensku<\/a>.<\/p>\n<p>Vori\u00f0 2010 t\u00f3k \u00e9g s\u00e6ti \u00ed verkefnisstj\u00f3rn um ger\u00f0 <a>n\u00fds \u00edslensks talgervils<\/a> sem Blindraf\u00e9lagi\u00f0 beitir s\u00e9r fyrir og \u00e1 a\u00f0 vera tilb\u00fainn \u00e1ri\u00f0 2012.<\/p>\n<h3>Rit og fyrirlestrar sem tengjast \u00feessu ranns\u00f3knarsvi\u00f0i<\/h3>\n<table border=\"0\" cellpadding=\"0\">\n<tbody>\n<tr>\n<td>2006e:<\/td>\n<td><a href=\"http:\/\/www.ut.is\/UTbladid2006\/nr\/2226\">N\u00fdr \u00edslenskur \u00feulur a\u00f0 koma  \u00e1   marka\u00f0.<\/a> (\u00c1samt Birni Kristinssyni og S\u00e6mundi \u00deorsteinssyni.) <em>Morgunbla\u00f0i\u00f0<\/em> 20. jan\u00faar.<\/td>\n<\/tr>\n<tr>\n<td>2006d:<\/td>\n<td><em><a href=\"http:\/\/notendur.hi.is\/eirikur\/bananar.pdf\">u-hlj\u00f3\u00f0varpi\u00f0   afturgengi\u00f0.<\/a><\/em> <em>Lesi\u00f0 \u00ed  HLJ\u00d3\u00d0I fyrir Kristj\u00e1n \u00c1rnason sextugan 26. desember 2006<\/em>,   s. 41-45. Menningar- og minningarsj\u00f3\u00f0ur Mette Magnussen, Reykjav\u00edk.<\/td>\n<\/tr>\n<tr>\n<td>2004a:<\/td>\n<td><a href=\"http:\/\/notendur.hi.is\/eirikur\/hjal.PDF\">The Icelandic Speech   Recognition Project <em>Hjal<\/em>.<\/a> Henrik Holmboe (ritstj.):  <em>Nordisk Sprogteknologi. \u00c5rbog 2003<\/em>:239-242.<\/td>\n<\/tr>\n<tr>\n<td>2003:<\/td>\n<td><a href=\"http:\/\/notendur.hi.is\/eirikur\/ptg_ice.pdf\">Phonetic   Transcription Guideline: Icelandic.<\/a> ScanSoft Inc.<\/td>\n<\/tr>\n<tr>\n<td>2001d:<\/td>\n<td>Hlj\u00f3\u00f0fr\u00e6\u00f0i.  (\u00c1samt   Sigur\u00f0i Konr\u00e1\u00f0ssyni.) \u00de\u00f3runn Bl\u00f6ndal og Heimir P\u00e1lsson (ritstj.): <em>Alfr\u00e6\u00f0i    \u00edslenskrar tungu<\/em>. [Margmi\u00f0lunardiskur.] L\u00fd\u00f0veldissj\u00f3\u00f0ur og   N\u00e1msgagnastofnun, Reykjav\u00edk.<\/td>\n<\/tr>\n<tr>\n<td>1993a:<\/td>\n<td><em><a href=\"http:\/\/notendur.hi.is\/eirikur\/hljkfr.pdf\">\u00cdslensk hlj\u00f3\u00f0kerfisfr\u00e6\u00f0i.<\/a><\/em> M\u00e1lv\u00edsindastofnun H\u00e1sk\u00f3la \u00cdslands, Reykjav\u00edk. [Endursko\u00f0u\u00f0 og aukin  ger\u00f0 af 1986b.]<\/td>\n<\/tr>\n<tr>\n<td>1990b:<\/td>\n<td><a href=\"http:\/\/notendur.hi.is\/eirikur\/hljfr.pdf\"><em>\u00cdslensk   hlj\u00f3\u00f0fr\u00e6\u00f0i<\/em><\/a> handa framhaldssk\u00f3lum.  M\u00e1l og menning,   Reykjav\u00edk.<\/td>\n<\/tr>\n<tr>\n<td>1989a:<\/td>\n<td><em>\u00cdslensk   hlj\u00f3\u00f0fr\u00e6\u00f0i<\/em>. Kennslukver handa  nemendum \u00e1 h\u00e1sk\u00f3lastigi.   M\u00e1lv\u00edsindastofnun H\u00e1sk\u00f3la \u00cdslands, Reykjav\u00edk.<\/td>\n<\/tr>\n<tr>\n<td>1986b:<\/td>\n<td><em>\u00cdslensk   hlj\u00f3\u00f0kerfisfr\u00e6\u00f0i.<\/em> Br\u00e1\u00f0abirg\u00f0a\u00fatg\u00e1fa. [3. \u00fatg., 50 s. Breytt ger\u00f0 af   fyrri hluta 1984a.]  Reykjav\u00edk.<\/td>\n<\/tr>\n<tr>\n<td>1984f:<\/td>\n<td><a href=\"http:\/\/notendur.hi.is\/eirikur\/adblast.pdf\">Hva\u00f0 og hvar er  a\u00f0bl\u00e1stur?<\/a> [\u00d3prentu\u00f0 ritger\u00f0.]<\/td>\n<\/tr>\n<tr>\n<td>1984a:<\/td>\n<td><em>\u00cdslensk   m\u00e1lfr\u00e6\u00f0i.<\/em> Hlj\u00f3\u00f0kerfisfr\u00e6\u00f0i og  beygingafr\u00e6\u00f0i. [Fj\u00f6lritu\u00f0   kennslub\u00f3k, 180 s. Aukin og endursko\u00f0u\u00f0 ger\u00f0 af 1983e og 1983f.]  Reykjav\u00edk.<\/td>\n<\/tr>\n<tr>\n<td>1983g:<\/td>\n<td><a href=\"http:\/\/notendur.hi.is\/eirikur\/framford.pdf\">Frambur\u00f0ur og  ford\u00f3mar.<\/a> <em>M\u00edmir<\/em> 31:59-63.<\/td>\n<\/tr>\n<tr>\n<td>1983f:<\/td>\n<td><em>\u00cdslensk   hlj\u00f3\u00f0kerfisfr\u00e6\u00f0i.<\/em> [Fj\u00f6lrita\u00f0  kennslukver, 52 s.]<\/td>\n<\/tr>\n<tr>\n<td>1983d:<\/td>\n<td><a href=\"http:\/\/notendur.hi.is\/eirikur\/framg.pdf\">F\u00e1ein or\u00f0 um framg\u00f3mun.<\/a> <em>\u00cdslenskt m\u00e1l<\/em> 5:173-174.<\/td>\n<\/tr>\n<tr>\n<td>1981a:<\/td>\n<td><a href=\"http:\/\/notendur.hi.is\/eirikur\/u-hljv.pdf\"><em>U<\/em>-hlj\u00f3\u00f0varp og  \u00f6nnur <em>a-\u00f6<\/em> v\u00edxl \u00ed   n\u00fat\u00edma\u00edslensku.<\/a> <em>\u00cdslenskt m\u00e1l<\/em> 3:25-58.<\/td>\n<\/tr>\n<tr>\n<td>1980:<\/td>\n<td><a href=\"http:\/\/notendur.hi.is\/eirikur\/lengd.pdf\">Lengd \u00edslenskra  samhlj\u00f3\u00f0a: Vito\u00f0 \u00e9r enn - e\u00f0a hvat?<\/a> <em>\u00cdslenskt   m\u00e1l<\/em> 2:25-51.<\/td>\n<\/tr>\n<\/tbody>\n<\/table>\n<ul>\n<li><a href=\"http:\/\/notendur.hi.is\/eirikur\/isltal.pdf\">\u00cdslensk talgreining: Efnivi\u00f0ur og \u00farvinnsla.<\/a> <em>Linguistic Discussion Group<\/em>, H\u00e1sk\u00f3la \u00cdslands, 21. n\u00f3vember 2003<\/li>\n<li><a href=\"http:\/\/notendur.hi.is\/eirikur\/hjal-hugvis.pdf\"><em>Hjal<\/em> - v\u00e9lr\u00e6n \u00edslensk talgreining.<\/a> <em>Hugv\u00edsinda\u00feing.<\/em> Hugv\u00edsindastofnun og Gu\u00f0fr\u00e6\u00f0istofnun, 31. okt\u00f3ber 2003.<\/li>\n<li><a href=\"http:\/\/notendur.hi.is\/eirikur\/sampa.pdf\">SAMPA hlj\u00f3\u00f0ritunarsta\u00f0all fyrir \u00edslensku.<\/a> <em>Linguistic Discussion Group<\/em>, H\u00e1sk\u00f3la \u00cdslands, 28. febr\u00faar 2003.<\/li>\n<\/ul>\n<p><!--:--><!--:en-->\u00c1 n\u00e1ms\u00e1rum m\u00ednum f\u00e9kkst \u00e9g nokku\u00f0 vi\u00f0 hlj\u00f3\u00f0fr\u00e6\u00f0i og hlj\u00f3\u00f0kerfisfr\u00e6\u00f0i og birti greinar \u00e1 b\u00e1\u00f0um svi\u00f0um (<a href=\"http:\/\/notendur.hi.is\/eirikur\/lengd.pdf\">Lengd \u00edslenskra samhlj\u00f3\u00f0a: Vito\u00f0 \u00e9r enn - e\u00f0a hvat?<\/a> og <a href=\"http:\/\/notendur.hi.is\/eirikur\/u-hljv.pdf\"><em>U<\/em>-hlj\u00f3\u00f0varp og \u00f6nnur <em>a-\u00f6<\/em> v\u00edxl \u00ed n\u00fat\u00edma\u00edslensku<\/a>). Snemma \u00e1 kennsluferli m\u00ednum skrifa\u00f0i \u00e9g kennslub\u00e6kur fyrir h\u00e1sk\u00f3lastig um b\u00e6\u00f0i \u00edslenska hlj\u00f3\u00f0fr\u00e6\u00f0i og <a href=\"http:\/\/notendur.hi.is\/eirikur\/hljkfr.pdf\">\u00edslenska hlj\u00f3\u00f0kerfisfr\u00e6\u00f0i<\/a>. \u00c1 bak vi\u00f0 hlj\u00f3\u00f0kerfisfr\u00e6\u00f0ib\u00f3kina liggja talsver\u00f0ar grunnranns\u00f3knir og \u00fear var \u00ed fyrsta sinn fjalla\u00f0 um \u00fdmis atri\u00f0i \u00edslenskrar hlj\u00f3\u00f0kerfisfr\u00e6\u00f0i. \u00c1ri\u00f0 2013 endursko\u00f0a\u00f0i \u00e9g \u00feessar b\u00e6kur b\u00e1\u00f0ar og gekk fr\u00e1 \u00feeim \u00ed <a href=\"http:\/\/notendur.hi.is\/eirikur\/hoi.pdf\">rafr\u00e6nni \u00fatg\u00e1fu<\/a> \u00e1samt efni um \u00edslenska or\u00f0hlutafr\u00e6\u00f0i.<\/p>\n<p>\u00c1 \u00e1runum 2003-2005 t\u00f3k \u00e9g \u00fe\u00e1tt \u00ed vinnu a\u00f0 ger\u00f0 <a href=\"http:\/\/notendur.hi.is\/eirikur\/hjal.PDF\"> \u00edslensks talgreinis<\/a> og  <a href=\"http:\/\/www.ut.is\/UTbladid2006\/nr\/2226\">talgervils<\/a>. \u00cd tengslum vi\u00f0 \u00fea\u00f0 vann \u00e9g margv\u00edslegt efni um \u00edslenska hlj\u00f3\u00f0fr\u00e6\u00f0i og hlj\u00f3\u00f0kerfisfr\u00e6\u00f0i. \u00c9g \u00fatbj\u00f3 m.a. <a href=\"http:\/\/notendur.hi.is\/eirikur\/ptg_ice.pdf\">SAMPA--sta\u00f0al um \u00edslenska hlj\u00f3\u00f0ritun<\/a> og <a href=\"http:\/\/notendur.hi.is\/eirikur\/patterns.xls\">skr\u00e1 um hlj\u00f3\u00f0asamb\u00f6nd \u00ed \u00edslensku<\/a>.<\/p>\n<p>Vori\u00f0 2010 t\u00f3k \u00e9g s\u00e6ti \u00ed verkefnisstj\u00f3rn um ger\u00f0 <a href=\"http:\/\/www.blind.is\/verkefni\/talgervlaverkefnid\/\">n\u00fds \u00edslensks talgervils<\/a> sem Blindraf\u00e9lagi\u00f0 beitti s\u00e9r fyrir og var tilb\u00fainn \u00e1ri\u00f0 2012. \u00c1ri\u00f0 2011 t\u00f3k \u00e9g einnig \u00fe\u00e1tt \u00ed undirb\u00faningi a\u00f0 ger\u00f0 <a href=\"http:\/\/almannaromur.hr.is\/\">n\u00fds \u00edslensks talgreinis<\/a> sem M\u00e1lt\u00e6knisetur, H\u00e1sk\u00f3linn \u00ed Reykjav\u00edk og Google unnu a\u00f0. Fr\u00e1 2013 tek \u00e9g \u00fe\u00e1tt \u00ed undirb\u00faningi a\u00f0 stofnun sj\u00e1lfseignarf\u00e9lagsins <a href=\"http:\/\/almannaromur.is\/\">Almannar\u00f3mur<\/a> sem hefur \u00fea\u00f0 a\u00f0 markmi\u00f0i a\u00f0 standa fyrir ger\u00f0 m\u00e1lt\u00e6knilausna fyrir \u00edslensku.<\/p>\n<h3>Rit og fyrirlestrar sem tengjast \u00feessu ranns\u00f3knarsvi\u00f0i<\/h3>\n<ol>\n<li>Eir\u00edkur R\u00f6gnvaldsson. 2013. <a href=\"http:\/\/notendur.hi.is\/eirikur\/hoi.pdf\">Hlj\u00f3\u00f0kerfi og or\u00f0hlutakerfi \u00edslensku.<\/a> [Rafr\u00e6n \u00fatg\u00e1fa.] Reykjav\u00edk.\n<li>J\u00f3n Gu\u00f0nason, Oddur Kjartansson, J\u00f6kull J\u00f3hannsson, El\u00edn Carstensd\u00f3ttir, Hannes H\u00f6gni Vilhj\u00e1lmsson, Hrafn Loftsson, Sigr\u00fan Helgad\u00f3ttir, Krist\u00edn M. J\u00f3hannsd\u00f3ttir og Eir\u00edkur R\u00f6gnvaldsson. 2012. Almannar\u00f3mur: An Open Icelandic Speech Corpus. <em>Proceedings of SLTU '12, 3rd Workshop on Spoken Languages Technologies for Under-Resourced Languages<\/em>, Cape Town, Su\u00f0ur-Afr\u00edku.<\/li>\n<li>Eir\u00edkur R\u00f6gnvaldsson. 2011. <a href=\"http:\/\/www.hugras.is\/2011\/11\/islensk-talkennsl-og-talgerving\/\">\u00cdslensk talkennsl og talgerving.<\/a> <em><a href=\"http:\/\/www.hugras.is\/\">Hugr\u00e1s, vefrit Hugv\u00edsindasvi\u00f0s<\/a><\/em>, 4. n\u00f3vember.<\/li>\n<li>Eir\u00edkur R\u00f6gnvaldsson, Bj\u00f6rn Kristinsson og S\u00e6mundur \u00deorsteinsson. 2006. <a href=\"http:\/\/www.ut.is\/UTbladid2006\/nr\/2226\">N\u00fdr \u00edslenskur \u00feulur a\u00f0 koma \u00e1 marka\u00f0.<\/a> <em><a href=\"http:\/\/www.ut.is\/media\/utblad06\/utbladjan05.pdf\">UT-bla\u00f0i\u00f0<\/a><\/em> 20. jan\u00faar, s. 26.<\/li>\n<li>Eir\u00edkur R\u00f6gnvaldsson. 2006. <em><a href=\"http:\/\/notendur.hi.is\/eirikur\/bananar.pdf\">u-<\/a><\/em><a href=\"http:\/\/notendur.hi.is\/eirikur\/bananar.pdf\">hlj\u00f3\u00f0varpi\u00f0 afturgengi\u00f0.<\/a> <em>Lesi\u00f0 \u00ed HLJ\u00d3\u00d0I fyrir Kristj\u00e1n \u00c1rnason sextugan 26. desember 2006<\/em>, s. 41-45. Menningar- og minningarsj\u00f3\u00f0ur Mette Magnussen, Reykjav\u00edk.<\/li>\n<li>Eir\u00edkur R\u00f6gnvaldsson. 2004. <a href=\"http:\/\/notendur.hi.is\/eirikur\/hjal.PDF\">The Icelandic Speech Recognition Project <em>Hjal<\/em>.<\/a> Henrik Holmboe (ritstj.): <em>Nordisk Sprogteknologi. \u00c5rbog 2003<\/em>:239-242.<\/li>\n<li>Eir\u00edkur R\u00f6gnvaldsson. 2003. <a href=\"http:\/\/notendur.hi.is\/eirikur\/ptg_ice.pdf\">Phonetic Transcription Guideline: Icelandic.<\/a> ScanSoft Inc.<\/li>\n<li>Sigur\u00f0ur Konr\u00e1\u00f0sson og Eir\u00edkur R\u00f6gnvaldsson. 2001. Hlj\u00f3\u00f0fr\u00e6\u00f0i. \u00de\u00f3runn Bl\u00f6ndal og Heimir P\u00e1lsson (ritstj.): <em>Alfr\u00e6\u00f0i \u00edslenskrar tungu<\/em>. [Margmi\u00f0lunardiskur.] L\u00fd\u00f0veldissj\u00f3\u00f0ur og N\u00e1msgagnastofnun, Reykjav\u00edk.<\/li>\n<li>Eir\u00edkur R\u00f6gnvaldsson. 1993. <em><a href=\"http:\/\/notendur.hi.is\/eirikur\/hljkfr.pdf\">\u00cdslensk hlj\u00f3\u00f0kerfisfr\u00e6\u00f0i.<\/a><\/em> M\u00e1lv\u00edsindastofnun H\u00e1sk\u00f3la \u00cdslands, Reykjav\u00edk.<\/li>\n<li>Eir\u00edkur R\u00f6gnvaldsson. 1990. <a href=\"http:\/\/notendur.hi.is\/eirikur\/hljfr.pdf\"><em>\u00cdslensk hlj\u00f3\u00f0fr\u00e6\u00f0i<\/em><\/a> handa framhaldssk\u00f3lum. M\u00e1l og menning, Reykjav\u00edk.<\/li>\n<li>Eir\u00edkur R\u00f6gnvaldsson. 1989. <em>\u00cdslensk hlj\u00f3\u00f0fr\u00e6\u00f0i<\/em>. Kennslukver handa nemendum \u00e1 h\u00e1sk\u00f3lastigi. M\u00e1lv\u00edsindastofnun H\u00e1sk\u00f3la \u00cdslands, Reykjav\u00edk.<\/li>\n<li>Eir\u00edkur R\u00f6gnvaldsson. 1986. <em>\u00cdslensk hlj\u00f3\u00f0kerfisfr\u00e6\u00f0i.<\/em> Br\u00e1\u00f0abirg\u00f0a\u00fatg\u00e1fa. [3. \u00fatg.] Reykjav\u00edk.<\/li>\n<li>Eir\u00edkur R\u00f6gnvaldsson. 1984. <a href=\"http:\/\/notendur.hi.is\/eirikur\/adblast.pdf\">Hva\u00f0 og hvar er a\u00f0bl\u00e1stur?<\/a> [\u00d3prentu\u00f0 grein.]<\/li>\n<li>Eir\u00edkur R\u00f6gnvaldsson. 1984. <em><a href=\"http:\/\/notendur.hi.is\/eirikur\/im.pdf\">\u00cdslensk m\u00e1lfr\u00e6\u00f0i.<\/a><\/em><a href=\"http:\/\/notendur.hi.is\/eirikur\/im.pdf\"> Hlj\u00f3\u00f0kerfisfr\u00e6\u00f0i og beygingafr\u00e6\u00f0i.<\/a> [Fj\u00f6lritu\u00f0 kennslub\u00f3k.] Reykjav\u00edk.<\/li>\n<li>Eir\u00edkur R\u00f6gnvaldsson. 1983. <a href=\"http:\/\/notendur.hi.is\/eirikur\/framford.pdf\">Frambur\u00f0ur og ford\u00f3mar.<\/a> <em>M\u00edmir<\/em> 31:59-63.<\/li>\n<li>Eir\u00edkur R\u00f6gnvaldsson. 1983. <em>\u00cdslensk hlj\u00f3\u00f0kerfisfr\u00e6\u00f0i.<\/em> [Fj\u00f6lrita\u00f0 kennslukver, 52 s.]<\/li>\n<li>Eir\u00edkur R\u00f6gnvaldsson. 1983. <a href=\"http:\/\/notendur.hi.is\/eirikur\/framg.pdf\">F\u00e1ein or\u00f0 um framg\u00f3mun.<\/a> <em>\u00cdslenskt m\u00e1l<\/em> 5:173-174.<\/li>\n<li>Eir\u00edkur R\u00f6gnvaldsson. 1981. <a href=\"http:\/\/notendur.hi.is\/eirikur\/u-hljv.pdf\"><em>U<\/em>-hlj\u00f3\u00f0varp og \u00f6nnur <em>a-\u00f6<\/em> v\u00edxl \u00ed n\u00fat\u00edma\u00edslensku.<\/a> <em>\u00cdslenskt m\u00e1l<\/em> 3:25-58.<\/li>\n<li>Eir\u00edkur R\u00f6gnvaldsson. 1980. <a href=\"http:\/\/notendur.hi.is\/eirikur\/lengd.pdf\">Lengd \u00edslenskra samhlj\u00f3\u00f0a: Vito\u00f0 \u00e9r enn - e\u00f0a hvat?<\/a> <em>\u00cdslenskt m\u00e1l<\/em> 2:25-51.<\/li>\n<\/ol>\n<ul>\n<li><a href=\"http:\/\/notendur.hi.is\/eirikur\/isltal.pdf\">\u00cdslensk talgreining: Efnivi\u00f0ur og \u00farvinnsla.<\/a> <em>Linguistic Discussion Group<\/em>, H\u00e1sk\u00f3la \u00cdslands, 21. n\u00f3vember 2003<\/li>\n<li><a href=\"http:\/\/notendur.hi.is\/eirikur\/hjal-hugvis.pdf\"><em>Hjal<\/em> - v\u00e9lr\u00e6n \u00edslensk talgreining.<\/a> <em>Hugv\u00edsinda\u00feing.<\/em> Hugv\u00edsindastofnun og Gu\u00f0fr\u00e6\u00f0istofnun, 31. okt\u00f3ber 2003.<\/li>\n<li><a href=\"http:\/\/notendur.hi.is\/eirikur\/sampa.pdf\">SAMPA hlj\u00f3\u00f0ritunarsta\u00f0all fyrir \u00edslensku.<\/a> <em>Linguistic Discussion Group<\/em>, H\u00e1sk\u00f3la \u00cdslands, 28. febr\u00faar 2003.<\/li>\n<\/ul>\n<p><!--:--><!--:zh-->\u00c1 n\u00e1ms\u00e1rum m\u00ednum f\u00e9kkst \u00e9g nokku\u00f0 vi\u00f0 hlj\u00f3\u00f0fr\u00e6\u00f0i og hlj\u00f3\u00f0kerfisfr\u00e6\u00f0i og birti greinar \u00e1 b\u00e1\u00f0um svi\u00f0um (<a href=\"http:\/\/notendur.hi.is\/eirikur\/lengd.pdf\">1980<\/a>, <a href=\"http:\/\/notendur.hi.is\/eirikur\/u-hljv.pdf\">1981a<\/a>). Snemma \u00e1 kennsluferli m\u00ednum skrifa\u00f0i \u00e9g kennslub\u00e6kur fyrir h\u00e1sk\u00f3lastig um b\u00e6\u00f0i \u00edslenska hlj\u00f3\u00f0fr\u00e6\u00f0i (1989a) og \u00edslenska hlj\u00f3\u00f0kerfisfr\u00e6\u00f0i (<a href=\"http:\/\/notendur.hi.is\/eirikur\/hljkfr.pdf\">1993a<\/a>). \u00c1 bak vi\u00f0 hlj\u00f3\u00f0kerfisfr\u00e6\u00f0ib\u00f3kina liggja talsver\u00f0ar grunnranns\u00f3knir og \u00fear var \u00ed fyrsta sinn fjalla\u00f0 um \u00fdmis atri\u00f0i \u00edslenskrar hlj\u00f3\u00f0kerfisfr\u00e6\u00f0i.<\/p>\n<p>\u00c1 \u00e1runum 2003-2005 t\u00f3k \u00e9g \u00fe\u00e1tt \u00ed vinnu a\u00f0 ger\u00f0 \u00edslensks talgreinis (<a href=\"http:\/\/notendur.hi.is\/eirikur\/hjal.PDF\">2004a<\/a>) og talgervils (<a href=\"http:\/\/www.ut.is\/UTbladid2006\/nr\/2226\">2006e<\/a>). \u00cd tengslum vi\u00f0 \u00fea\u00f0 vann \u00e9g margv\u00edslegt efni um \u00edslenska hlj\u00f3\u00f0fr\u00e6\u00f0i og hlj\u00f3\u00f0kerfisfr\u00e6\u00f0i. \u00c9g \u00fatbj\u00f3 m.a. <a href=\"http:\/\/www.phon.ucl.ac.uk\/home\/sampa\/\">SAMPA<\/a>-sta\u00f0al um \u00edslenska hlj\u00f3\u00f0ritun (<a href=\"http:\/\/notendur.hi.is\/eirikur\/ptg_ice.pdf\">2003<\/a>) og <a href=\"http:\/\/notendur.hi.is\/eirikur\/patterns.xls\">skr\u00e1 um hlj\u00f3\u00f0asamb\u00f6nd \u00ed \u00edslensku<\/a>.<\/p>\n<p>Vori\u00f0 2010 t\u00f3k \u00e9g s\u00e6ti \u00ed verkefnisstj\u00f3rn um ger\u00f0 <a>n\u00fds \u00edslensks talgervils<\/a> sem Blindraf\u00e9lagi\u00f0 beitir s\u00e9r fyrir og \u00e1 a\u00f0 vera tilb\u00fainn \u00e1ri\u00f0 2012.<\/p>\n<h3>Rit og fyrirlestrar sem tengjast \u00feessu ranns\u00f3knarsvi\u00f0i<\/h3>\n<table border=\"0\" cellpadding=\"0\">\n<tbody>\n<tr>\n<td>2006e:<\/td>\n<td><a href=\"http:\/\/www.ut.is\/UTbladid2006\/nr\/2226\">N\u00fdr \u00edslenskur \u00feulur a\u00f0 koma  \u00e1   marka\u00f0.<\/a> (\u00c1samt Birni Kristinssyni og S\u00e6mundi \u00deorsteinssyni.) <em>Morgunbla\u00f0i\u00f0<\/em> 20. jan\u00faar.<\/td>\n<\/tr>\n<tr>\n<td>2006d:<\/td>\n<td><em><a href=\"http:\/\/notendur.hi.is\/eirikur\/bananar.pdf\">u-hlj\u00f3\u00f0varpi\u00f0   afturgengi\u00f0.<\/a><\/em> <em>Lesi\u00f0 \u00ed  HLJ\u00d3\u00d0I fyrir Kristj\u00e1n \u00c1rnason sextugan 26. desember 2006<\/em>,   s. 41-45. Menningar- og minningarsj\u00f3\u00f0ur Mette Magnussen, Reykjav\u00edk.<\/td>\n<\/tr>\n<tr>\n<td>2004a:<\/td>\n<td><a href=\"http:\/\/notendur.hi.is\/eirikur\/hjal.PDF\">The Icelandic Speech   Recognition Project <em>Hjal<\/em>.<\/a> Henrik Holmboe (ritstj.):  <em>Nordisk Sprogteknologi. \u00c5rbog 2003<\/em>:239-242.<\/td>\n<\/tr>\n<tr>\n<td>2003:<\/td>\n<td><a href=\"http:\/\/notendur.hi.is\/eirikur\/ptg_ice.pdf\">Phonetic   Transcription Guideline: Icelandic.<\/a> ScanSoft Inc.<\/td>\n<\/tr>\n<tr>\n<td>2001d:<\/td>\n<td>Hlj\u00f3\u00f0fr\u00e6\u00f0i.  (\u00c1samt   Sigur\u00f0i Konr\u00e1\u00f0ssyni.) \u00de\u00f3runn Bl\u00f6ndal og Heimir P\u00e1lsson (ritstj.): <em>Alfr\u00e6\u00f0i    \u00edslenskrar tungu<\/em>. [Margmi\u00f0lunardiskur.] L\u00fd\u00f0veldissj\u00f3\u00f0ur og   N\u00e1msgagnastofnun, Reykjav\u00edk.<\/td>\n<\/tr>\n<tr>\n<td>1993a:<\/td>\n<td><em><a href=\"http:\/\/notendur.hi.is\/eirikur\/hljkfr.pdf\">\u00cdslensk hlj\u00f3\u00f0kerfisfr\u00e6\u00f0i.<\/a><\/em> M\u00e1lv\u00edsindastofnun H\u00e1sk\u00f3la \u00cdslands, Reykjav\u00edk. [Endursko\u00f0u\u00f0 og aukin  ger\u00f0 af 1986b.]<\/td>\n<\/tr>\n<tr>\n<td>1990b:<\/td>\n<td><a href=\"http:\/\/notendur.hi.is\/eirikur\/hljfr.pdf\"><em>\u00cdslensk   hlj\u00f3\u00f0fr\u00e6\u00f0i<\/em><\/a> handa framhaldssk\u00f3lum.  M\u00e1l og menning,   Reykjav\u00edk.<\/td>\n<\/tr>\n<tr>\n<td>1989a:<\/td>\n<td><em>\u00cdslensk   hlj\u00f3\u00f0fr\u00e6\u00f0i<\/em>. Kennslukver handa  nemendum \u00e1 h\u00e1sk\u00f3lastigi.   M\u00e1lv\u00edsindastofnun H\u00e1sk\u00f3la \u00cdslands, Reykjav\u00edk.<\/td>\n<\/tr>\n<tr>\n<td>1986b:<\/td>\n<td><em>\u00cdslensk   hlj\u00f3\u00f0kerfisfr\u00e6\u00f0i.<\/em> Br\u00e1\u00f0abirg\u00f0a\u00fatg\u00e1fa. [3. \u00fatg., 50 s. Breytt ger\u00f0 af   fyrri hluta 1984a.]  Reykjav\u00edk.<\/td>\n<\/tr>\n<tr>\n<td>1984f:<\/td>\n<td><a href=\"http:\/\/notendur.hi.is\/eirikur\/adblast.pdf\">Hva\u00f0 og hvar er  a\u00f0bl\u00e1stur?<\/a> [\u00d3prentu\u00f0 ritger\u00f0.]<\/td>\n<\/tr>\n<tr>\n<td>1984a:<\/td>\n<td><em>\u00cdslensk   m\u00e1lfr\u00e6\u00f0i.<\/em> Hlj\u00f3\u00f0kerfisfr\u00e6\u00f0i og  beygingafr\u00e6\u00f0i. [Fj\u00f6lritu\u00f0   kennslub\u00f3k, 180 s. Aukin og endursko\u00f0u\u00f0 ger\u00f0 af 1983e og 1983f.]  Reykjav\u00edk.<\/td>\n<\/tr>\n<tr>\n<td>1983g:<\/td>\n<td><a href=\"http:\/\/notendur.hi.is\/eirikur\/framford.pdf\">Frambur\u00f0ur og  ford\u00f3mar.<\/a> <em>M\u00edmir<\/em> 31:59-63.<\/td>\n<\/tr>\n<tr>\n<td>1983f:<\/td>\n<td><em>\u00cdslensk   hlj\u00f3\u00f0kerfisfr\u00e6\u00f0i.<\/em> [Fj\u00f6lrita\u00f0  kennslukver, 52 s.]<\/td>\n<\/tr>\n<tr>\n<td>1983d:<\/td>\n<td><a href=\"http:\/\/notendur.hi.is\/eirikur\/framg.pdf\">F\u00e1ein or\u00f0 um framg\u00f3mun.<\/a> <em>\u00cdslenskt m\u00e1l<\/em> 5:173-174.<\/td>\n<\/tr>\n<tr>\n<td>1981a:<\/td>\n<td><a href=\"http:\/\/notendur.hi.is\/eirikur\/u-hljv.pdf\"><em>U<\/em>-hlj\u00f3\u00f0varp og  \u00f6nnur <em>a-\u00f6<\/em> v\u00edxl \u00ed   n\u00fat\u00edma\u00edslensku.<\/a> <em>\u00cdslenskt m\u00e1l<\/em> 3:25-58.<\/td>\n<\/tr>\n<tr>\n<td>1980:<\/td>\n<td><a href=\"http:\/\/notendur.hi.is\/eirikur\/lengd.pdf\">Lengd \u00edslenskra  samhlj\u00f3\u00f0a: Vito\u00f0 \u00e9r enn - e\u00f0a hvat?<\/a> <em>\u00cdslenskt   m\u00e1l<\/em> 2:25-51.<\/td>\n<\/tr>\n<\/tbody>\n<\/table>\n<ul>\n<li><a href=\"http:\/\/notendur.hi.is\/eirikur\/isltal.pdf\">\u00cdslensk talgreining: Efnivi\u00f0ur og \u00farvinnsla.<\/a> <em>Linguistic Discussion Group<\/em>, H\u00e1sk\u00f3la \u00cdslands, 21. n\u00f3vember 2003<\/li>\n<li><a href=\"http:\/\/notendur.hi.is\/eirikur\/hjal-hugvis.pdf\"><em>Hjal<\/em> - v\u00e9lr\u00e6n \u00edslensk talgreining.<\/a> <em>Hugv\u00edsinda\u00feing.<\/em> Hugv\u00edsindastofnun og Gu\u00f0fr\u00e6\u00f0istofnun, 31. okt\u00f3ber 2003.<\/li>\n<li><a href=\"http:\/\/notendur.hi.is\/eirikur\/sampa.pdf\">SAMPA hlj\u00f3\u00f0ritunarsta\u00f0all fyrir \u00edslensku.<\/a> <em>Linguistic Discussion Group<\/em>, H\u00e1sk\u00f3la \u00cdslands, 28. febr\u00faar 2003.<\/li>\n<\/ul>\n<p><!--:--><\/p>\n","protected":false},"excerpt":{"rendered":"<p>\u00c1 n\u00e1ms\u00e1rum m\u00ednum f\u00e9kkst \u00e9g nokku\u00f0 vi\u00f0 hlj\u00f3\u00f0fr\u00e6\u00f0i og hlj\u00f3\u00f0kerfisfr\u00e6\u00f0i og birti greinar \u00e1 b\u00e1\u00f0um svi\u00f0um (1980, 1981a). Snemma \u00e1 kennsluferli m\u00ednum skrifa\u00f0i \u00e9g kennslub\u00e6kur fyrir h\u00e1sk\u00f3lastig um b\u00e6\u00f0i \u00edslenska hlj\u00f3\u00f0fr\u00e6\u00f0i (1989a) og \u00edslenska hlj\u00f3\u00f0kerfisfr\u00e6\u00f0i (1993a). \u00c1 bak vi\u00f0 hlj\u00f3\u00f0kerfisfr\u00e6\u00f0ib\u00f3kina liggja talsver\u00f0ar grunnranns\u00f3knir og \u00fear var \u00ed fyrsta sinn fjalla\u00f0 um \u00fdmis atri\u00f0i \u00edslenskrar hlj\u00f3\u00f0kerfisfr\u00e6\u00f0i. [&hellip;]<\/p>\n","protected":false},"author":141,"featured_media":0,"parent":12,"menu_order":6,"comment_status":"closed","ping_status":"closed","template":"","meta":{"footnotes":""},"class_list":["post-288","page","type-page","status-publish","hentry"],"_links":{"self":[{"href":"https:\/\/uni.hi.is\/eirikur\/wp-json\/wp\/v2\/pages\/288","targetHints":{"allow":["GET"]}}],"collection":[{"href":"https:\/\/uni.hi.is\/eirikur\/wp-json\/wp\/v2\/pages"}],"about":[{"href":"https:\/\/uni.hi.is\/eirikur\/wp-json\/wp\/v2\/types\/page"}],"author":[{"embeddable":true,"href":"https:\/\/uni.hi.is\/eirikur\/wp-json\/wp\/v2\/users\/141"}],"replies":[{"embeddable":true,"href":"https:\/\/uni.hi.is\/eirikur\/wp-json\/wp\/v2\/comments?post=288"}],"version-history":[{"count":21,"href":"https:\/\/uni.hi.is\/eirikur\/wp-json\/wp\/v2\/pages\/288\/revisions"}],"predecessor-version":[{"id":1091,"href":"https:\/\/uni.hi.is\/eirikur\/wp-json\/wp\/v2\/pages\/288\/revisions\/1091"}],"up":[{"embeddable":true,"href":"https:\/\/uni.hi.is\/eirikur\/wp-json\/wp\/v2\/pages\/12"}],"wp:attachment":[{"href":"https:\/\/uni.hi.is\/eirikur\/wp-json\/wp\/v2\/media?parent=288"}],"curies":[{"name":"wp","href":"https:\/\/api.w.org\/{rel}","templated":true}]}}