{"id":346,"date":"2010-05-24T23:30:28","date_gmt":"2010-05-24T23:30:28","guid":{"rendered":"http:\/\/uni.hi.is\/eirikur\/?page_id=346"},"modified":"2023-09-07T20:11:21","modified_gmt":"2023-09-07T20:11:21","slug":"samstarfsverkefni","status":"publish","type":"page","link":"https:\/\/uni.hi.is\/eirikur\/stjornun\/samstarfsverkefni\/","title":{"rendered":"Samstarfsverkefni"},"content":{"rendered":"<p>\u00c9g hef teki\u00f0 \u00fe\u00e1tt \u00ed \u00fdmsum innlendum, norr\u00e6num og evr\u00f3pskum samstarfsverkefnum og netum \u00e1 svi\u00f0i setningafr\u00e6\u00f0i og m\u00e1lt\u00e6kni. Flest \u00feeirra eru talin h\u00e9r a\u00f0 ne\u00f0an.<\/p>\n<table border=\"0\" cellspacing=\"0\" cellpadding=\"0\">\n<tbody>\n<tr>\n<td valign=\"top\" width=\"80\"><strong>T\u00edmabil<\/strong><\/td>\n<td valign=\"top\" width=\"260\"><strong>Verkefni<\/strong><\/td>\n<td valign=\"top\" width=\"150\"><strong>Styrkveitandi<\/strong><\/td>\n<td valign=\"top\" width=\"150\"><strong>Hlutverk<\/strong><\/td>\n<\/tr>\n<tr>\n<td valign=\"top\" width=\"80\">2020-2021<\/td>\n<td valign=\"top\" width=\"260\"><a href=\"https:\/\/european-language-equality.eu\/\/\">ELE - European Language Equality<\/a><\/td>\n<td valign=\"top\" width=\"150\">Evr\u00f3pusambandi\u00f0<\/td>\n<td valign=\"top\" width=\"150\">Landsfulltr\u00fai (National Competence Centre Lead)<\/td>\n<\/tr>\n<tr>\n<td valign=\"top\" width=\"80\">2019-2021<\/td>\n<td valign=\"top\" width=\"260\"><a href=\"https:\/\/www.european-language-grid.eu\/\">ELG - European Language Grid<\/a><\/td>\n<td valign=\"top\" width=\"150\">Evr\u00f3pusambandi\u00f0<\/td>\n<td valign=\"top\" width=\"150\">Landsfulltr\u00fai (National Competence Centre Lead)<\/td>\n<\/tr>\n<tr>\n<td valign=\"top\" width=\"80\">2019<\/td>\n<td valign=\"top\" width=\"260\"><a href=\"http:\/\/uni.hi.is\/eirikur\/2019\/10\/25\/islensk-malgogn\/\">\u00cdslensk m\u00e1lg\u00f6gn<\/a><\/td>\n<td valign=\"top\" width=\"150\">Innvi\u00f0asj\u00f3\u00f0ur<\/td>\n<td valign=\"top\" width=\"150\">Verkefnisstj\u00f3ri<\/td>\n<\/tr>\n<tr>\n<td valign=\"top\" width=\"80\">2018-2021<\/td>\n<td valign=\"top\" width=\"260\"><a href=\"https:\/\/clarin.eu\/\">CLARIN - Common Language Resources and Technology Infrastructure<\/a><\/td>\n<td valign=\"top\" width=\"150\">Mennta- og menningarm\u00e1la- r\u00e1\u00f0uneyti\u00f0<\/td>\n<td valign=\"top\" width=\"150\">Landsfulltr\u00fai (National Coordinator)<\/td>\n<\/tr>\n<tr>\n<td valign=\"top\" width=\"80\">2016-2019<\/td>\n<td valign=\"top\" width=\"260\"><a href=\"http:\/\/molicodilaco.hi.is\/\">Modeling the Linguistic Consequences of Digital Language Contact<\/a><\/td>\n<td valign=\"top\" width=\"150\">Ranns\u00f3knasj\u00f3\u00f0ur<\/td>\n<td valign=\"top\" width=\"150\">Verkefnisstj\u00f3ri (me\u00f0 Sigr\u00ed\u00f0i Sigurj\u00f3nsd\u00f3ttur)<\/td>\n<\/tr>\n<tr>\n<td valign=\"top\" width=\"80\">2015-2021<\/td>\n<td valign=\"top\" width=\"260\"><a href=\"http:\/\/www.lr-coordination.eu\/\">ELRC - European Language Resource Coordination<\/a><\/td>\n<td valign=\"top\" width=\"150\">Evr\u00f3pusambandi\u00f0<\/td>\n<td valign=\"top\" width=\"150\">Landsfulltr\u00fai (National Anchor Point)<\/td>\n<\/tr>\n<tr>\n<td valign=\"top\" width=\"80\">2015-2018<\/td>\n<td valign=\"top\" width=\"260\"><a href=\"http:\/\/malheildir.arnastofnun.is\/\">Risam\u00e1lheild<\/a><\/td>\n<td valign=\"top\" width=\"150\">Innvi\u00f0asj\u00f3\u00f0ur<\/td>\n<td valign=\"top\" width=\"150\">Verkefnisstj\u00f3ri<\/td>\n<\/tr>\n<tr>\n<td valign=\"top\" width=\"80\">2014-2017<\/td>\n<td valign=\"top\" width=\"260\"><a href=\"http:\/\/cst.ku.dk\/projekter\/nordic-clarin-netvaerk\/\">Nordic CLARIN Network<\/a><\/td>\n<td valign=\"top\" width=\"150\">NordForsk<\/td>\n<td valign=\"top\" width=\"150\">\u00cd verkefnisstj\u00f3rn<\/td>\n<\/tr>\n<tr>\n<td valign=\"top\" width=\"80\">2012-2014<\/td>\n<td valign=\"top\" width=\"260\"><a href=\"http:\/\/rannis.rhi.hi.is\/AllocatedFunds\/meirasida.php?a=rsj&amp;b=120616021\">St\u00f6kkbreytingar \u00ed \u00edslenskri setningager\u00f0<\/a><\/td>\n<td valign=\"top\" width=\"150\">Ranns\u00f3knasj\u00f3\u00f0ur<\/td>\n<td valign=\"top\" width=\"150\">\u00cd verkefnisstj\u00f3rn<\/td>\n<\/tr>\n<tr>\n<td valign=\"top\" width=\"80\">2012-2014<\/td>\n<td valign=\"top\" width=\"260\"><a href=\"http:\/\/www.arnastofnun.is\/page\/ord_19old\">M\u00e1lbreytingar og tilbrig\u00f0i \u00ed \u00edslensku m\u00e1li \u00e1 19. \u00f6ld: tilur\u00f0 opinbers m\u00e1lsta\u00f0als<\/a><\/td>\n<td valign=\"top\" width=\"150\">Ranns\u00f3knasj\u00f3\u00f0ur<\/td>\n<td valign=\"top\" width=\"150\">\u00cd verkefnisstj\u00f3rn<\/td>\n<\/tr>\n<tr>\n<td valign=\"top\" width=\"80\">2011-2013<\/td>\n<td valign=\"top\" width=\"260\">Diachronic Syntax Corpus<\/td>\n<td valign=\"top\" width=\"150\">NOS-HS<\/td>\n<td valign=\"top\" width=\"150\">\u00cd verkefnisstj\u00f3rn<\/td>\n<\/tr>\n<tr>\n<td valign=\"top\" width=\"80\">2011-2013<\/td>\n<td valign=\"top\" width=\"260\"><a href=\"http:\/\/meta-nord.eu\/\">META-NORD<\/a><\/td>\n<td valign=\"top\" width=\"150\">Evr\u00f3pusambandi\u00f0, ICT PSP<\/td>\n<td valign=\"top\" width=\"150\">\u00cdslenskur verkefnisstj\u00f3ri<\/td>\n<\/tr>\n<tr>\n<td valign=\"top\" width=\"80\">2010-2012<\/td>\n<td valign=\"top\" width=\"260\"><a href=\"http:\/\/www.blind.is\/verkefni\/talgervlaverkefnid\/\">Talgervlaverkefni Blindraf\u00e9lagsins<\/a><\/td>\n<td valign=\"top\" width=\"150\">\u00ddmsir<\/td>\n<td valign=\"top\" width=\"150\">\u00cd verkefnisstj\u00f3rn<\/td>\n<\/tr>\n<tr>\n<td valign=\"top\" width=\"80\">2010-2012<\/td>\n<td valign=\"top\" width=\"260\"><a href=\"http:\/\/spraakbanken.gu.se\/nclav\">N\u2019CLAV \u2013 Nordic Collaboration on Language Variation Studies<\/a><\/td>\n<td valign=\"top\" width=\"150\">NordForsk<\/td>\n<td valign=\"top\" width=\"150\">\u00de\u00e1tttakandi<\/td>\n<\/tr>\n<tr>\n<td valign=\"top\" width=\"80\">2009-2011<\/td>\n<td valign=\"top\" width=\"260\"><a href=\"http:\/\/iceblark.wordpress.com\">Viable Language Technology beyond English<\/a><\/td>\n<td valign=\"top\" width=\"150\">Ranns\u00f3knasj\u00f3\u00f0ur<\/td>\n<td valign=\"top\" width=\"150\">Verkefnisstj\u00f3ri<\/td>\n<\/tr>\n<tr>\n<td valign=\"top\" width=\"80\">2007-2009<\/td>\n<td valign=\"top\" width=\"260\"><a href=\"http:\/\/rannis.rhi.hi.is\/AllocatedFunds\/meirasida.php?a=rsj&amp;b=70025021\">Aukin m\u00f6rkunarn\u00e1kv\u00e6mni \u00edslensks texta<\/a><\/td>\n<td valign=\"top\" width=\"150\">Ranns\u00f3knasj\u00f3\u00f0ur<\/td>\n<td valign=\"top\" width=\"150\">\u00cd verkefnisstj\u00f3rn<\/td>\n<\/tr>\n<tr>\n<td valign=\"top\" width=\"80\">2007-2008<\/td>\n<td valign=\"top\" width=\"260\"><a href=\"http:\/\/rannis.rhi.hi.is\/AllocatedFunds\/meirasida.php?a=rsj&amp;b=70620021\">Samhengish\u00e1\u00f0 ritvilluleit<\/a><\/td>\n<td valign=\"top\" width=\"150\">Ranns\u00f3knasj\u00f3\u00f0ur<\/td>\n<td valign=\"top\" width=\"150\">Verkefnisstj\u00f3ri<\/td>\n<\/tr>\n<tr>\n<td valign=\"top\" width=\"80\">2006-2009<\/td>\n<td valign=\"top\" width=\"260\"><a href=\"http:\/\/nlvn.uit.no\/\">NLVN \u2013 Nordic Language Variation Network<\/a><\/td>\n<td valign=\"top\" width=\"150\">NordForsk<\/td>\n<td valign=\"top\" width=\"150\">\u00de\u00e1tttakandi<\/td>\n<\/tr>\n<tr>\n<td valign=\"top\" width=\"80\">2006-2007<\/td>\n<td valign=\"top\" width=\"260\"><a href=\"http:\/\/rannis.rhi.hi.is\/AllocatedFunds\/meirasida.php?a=rsj&amp;b=60010021\">Hluta\u00fe\u00e1ttun \u00edslensks texta<\/a><\/td>\n<td valign=\"top\" width=\"150\">Ranns\u00f3knasj\u00f3\u00f0ur<\/td>\n<td valign=\"top\" width=\"150\">Verkefnisstj\u00f3ri<\/td>\n<\/tr>\n<tr>\n<td valign=\"top\" width=\"80\">2006-2007<\/td>\n<td valign=\"top\" width=\"260\"><a href=\"http:\/\/www.cst.dk\/nordisknetordbog\/index.htm\">Tv\u00e6rsproglig s\u00f8gning p\u00e5 tekster og ordb\u00f8ger<\/a><\/td>\n<td valign=\"top\" width=\"150\">Nordplus Sprog<\/td>\n<td valign=\"top\" width=\"150\">\u00cd verkefnisstj\u00f3rn<\/td>\n<\/tr>\n<tr>\n<td valign=\"top\" width=\"80\">2006-2007<\/td>\n<td valign=\"top\" width=\"260\"><a href=\"http:\/\/rannis.rhi.hi.is\/AllocatedFunds\/meirasida.php?a=tthsj&amp;b=061207006\">\u00cdslenskur textaskimi<\/a><\/td>\n<td valign=\"top\" width=\"150\">T\u00e6kni\u00fer\u00f3unarsj\u00f3\u00f0ur<\/td>\n<td valign=\"top\" width=\"150\">\u00cd verkefnisstj\u00f3rn<\/td>\n<\/tr>\n<tr>\n<td valign=\"top\" width=\"80\">2005-2010<\/td>\n<td valign=\"top\" width=\"260\"><a href=\"http:\/\/norms.uit.no\/\">NORMS \u2013 Nordic Center of Excellence in Microcomparative Syntax<\/a><\/td>\n<td valign=\"top\" width=\"150\">NOS-HS<\/td>\n<td valign=\"top\" width=\"150\">\u00de\u00e1tttakandi<\/td>\n<\/tr>\n<tr>\n<td valign=\"top\" width=\"80\">2005-2010<\/td>\n<td valign=\"top\" width=\"260\"><a href=\"http:\/\/uit.no\/scandiasyn\">ScanDiaSyn \u2013 Scandinavian Dialect Syntax<\/a><\/td>\n<td valign=\"top\" width=\"150\">NordForsk o.fl.<\/td>\n<td valign=\"top\" width=\"150\">\u00de\u00e1tttakandi<\/td>\n<\/tr>\n<tr>\n<td valign=\"top\" width=\"80\">2005-2008<\/td>\n<td valign=\"top\" width=\"260\"><a href=\"http:\/\/malvis.hi.is\/tilbrigdi_i_setningagerd\">Tilbrig\u00f0i \u00ed setningager\u00f0<\/a><\/td>\n<td valign=\"top\" width=\"16\">Ranns\u00f3knasj\u00f3\u00f0ur<\/td>\n<td valign=\"top\" width=\"150\">\u00cd verkefnisstj\u00f3rn<\/td>\n<\/tr>\n<tr>\n<td valign=\"top\" width=\"80\">2005-2007<\/td>\n<td valign=\"top\" width=\"260\"><a href=\"http:\/\/www.csc.kth.se\/tcs\/projects\/netordbog\/\">Nordisk Netordbog<\/a><\/td>\n<td valign=\"top\" width=\"150\">Nordisk ministerr\u00e5d<\/td>\n<td valign=\"top\" width=\"150\">\u00cd verkefnisstj\u00f3rn<\/td>\n<\/tr>\n<tr>\n<td valign=\"top\" width=\"80\">2005<\/td>\n<td valign=\"top\" width=\"260\"><a href=\"http:\/\/cst.dk\/nltnet\/\">NLTNet<\/a><\/td>\n<td valign=\"top\" width=\"150\">Nordic Innovation Center, NordForsk<\/td>\n<td valign=\"top\" width=\"150\">\u00cd verkefnisstj\u00f3rn<\/td>\n<\/tr>\n<tr>\n<td valign=\"top\" width=\"80\">2004-<\/td>\n<td valign=\"top\" width=\"260\"><a href=\"http:\/\/www.arnastofnun.is\/page\/morkud_islensk_malheild\">M\u00f6rku\u00f0 \u00edslensk m\u00e1lheild<\/a><\/td>\n<td valign=\"top\" width=\"150\">Tungut\u00e6knisj\u00f3\u00f0ur<\/td>\n<td valign=\"top\" width=\"150\">\u00cd verkefnisstj\u00f3rn<\/td>\n<\/tr>\n<tr>\n<td valign=\"top\" width=\"80\">2004-2006<\/td>\n<td valign=\"top\" width=\"260\"><a href=\"http:\/\/www.ut.is\/UTbladid2006\/nr\/2226\">Ragga \u2013 \u00edslenskur talgervill<\/a><\/td>\n<td valign=\"top\" width=\"150\">Tungut\u00e6knisj\u00f3\u00f0ur<\/td>\n<td valign=\"top\" width=\"150\">\u00cd verkefnisstj\u00f3rn<\/td>\n<\/tr>\n<tr>\n<td valign=\"top\" width=\"80\">2004-2006<\/td>\n<td valign=\"top\" width=\"260\"><a href=\"http:\/\/arnastofnun.is\/page\/arnastofnun_ord_islex\">\u00cdSLEX \u2013 \u00edslensk-norr\u00e6n vefor\u00f0ab\u00f3k<\/a><\/td>\n<td valign=\"top\" width=\"150\">Menntam\u00e1lar\u00e1\u00f0uneyti\u00f0<\/td>\n<td valign=\"top\" width=\"150\">\u00cd verkefnisstj\u00f3rn<\/td>\n<\/tr>\n<tr>\n<td valign=\"top\" width=\"80\">2003-2005<\/td>\n<td valign=\"top\" width=\"260\"><a href=\"http:\/\/stp.lingfil.uu.se\/~nivre\/research\/nt.html\">Nordic Treebank Network<\/a><\/td>\n<td valign=\"top\" width=\"150\">Nordic Language Technology Research Programme<\/td>\n<td valign=\"top\" width=\"150\">\u00de\u00e1tttakandi<\/td>\n<\/tr>\n<tr>\n<td valign=\"top\" width=\"80\">2003-2004<\/td>\n<td valign=\"top\" width=\"260\"><a href=\"http:\/\/notendur.hi.is\/eirikur\/hjal.PDF\">Hjal \u2013 \u00edslensk talgreining<\/a><\/td>\n<td valign=\"top\" width=\"150\">Tungut\u00e6knisj\u00f3\u00f0ur<\/td>\n<td valign=\"top\" width=\"150\">\u00cd verkefnisstj\u00f3rn<\/td>\n<\/tr>\n<tr>\n<td valign=\"top\" width=\"80\">2002-2004<\/td>\n<td valign=\"top\" width=\"260\"><a href=\"http:\/\/www.arnastofnun.is\/page\/arnastofnun_ord_tungutaekni_markari\">M\u00e1lfr\u00e6\u00f0ilegur markari<\/a><\/td>\n<td valign=\"top\" width=\"150\">Tungut\u00e6knisj\u00f3\u00f0ur<\/td>\n<td valign=\"top\" width=\"150\">Verkefnisstj\u00f3ri<\/td>\n<\/tr>\n<tr>\n<td valign=\"top\" width=\"80\">2002-<\/td>\n<td valign=\"top\" width=\"260\"><a href=\"http:\/\/bin.arnastofnun.is\/\">Beygingarl\u00fdsing \u00edslensks n\u00fat\u00edmam\u00e1ls<\/a><\/td>\n<td valign=\"top\" width=\"150\">Tungut\u00e6knisj\u00f3\u00f0ur<\/td>\n<td valign=\"top\" width=\"150\">\u00cd verkefnisstj\u00f3rn<\/td>\n<\/tr>\n<tr>\n<td valign=\"top\" width=\"80\">2001-2003<\/td>\n<td valign=\"top\" width=\"260\"><a href=\"http:\/\/www.ling.gu.se\/projekt\/nordtalk\/\">Nordtalk \u2013 Corpus based research on spoken language<\/a><\/td>\n<td valign=\"top\" width=\"150\">Nordic Language Technology Research Programme<\/td>\n<td valign=\"top\" width=\"150\">\u00de\u00e1tttakandi<\/td>\n<\/tr>\n<tr>\n<td valign=\"top\" width=\"80\">2001-2005<\/td>\n<td valign=\"top\" width=\"260\"><a href=\"http:\/\/cst.dk\/nordoknet\/\">NorDokNet \u2013 Network of Nordic Documentation Centres<\/a><\/td>\n<td valign=\"top\" width=\"150\">Nordic Language Technology Research Programme<\/td>\n<td valign=\"top\" width=\"150\">\u00cd verkefnisstj\u00f3rn<\/td>\n<\/tr>\n<tr>\n<td valign=\"top\" width=\"80\">1999-2002<\/td>\n<td valign=\"top\" width=\"260\"><a href=\"http:\/\/notendur.hi.is\/eirikur\/istal\">\u00cdstal \u2013 \u00edslenskur talm\u00e1lsbanki<\/a><\/td>\n<td valign=\"top\" width=\"150\">Ranns\u00f3knasj\u00f3\u00f0ur<\/td>\n<td valign=\"top\" width=\"150\">\u00cd verkefnisstj\u00f3rn<\/td>\n<\/tr>\n<tr>\n<td valign=\"top\" width=\"80\">1992-1995<\/td>\n<td valign=\"top\" width=\"260\">NordLex<\/td>\n<td valign=\"top\" width=\"150\">NOS-H<\/td>\n<td valign=\"top\" width=\"150\">\u00cd verkefnisstj\u00f3rn<\/td>\n<\/tr>\n<\/tbody>\n<\/table>\n","protected":false},"excerpt":{"rendered":"<p>\u00c9g hef teki\u00f0 \u00fe\u00e1tt \u00ed \u00fdmsum innlendum, norr\u00e6num og evr\u00f3pskum samstarfsverkefnum og netum \u00e1 svi\u00f0i setningafr\u00e6\u00f0i og m\u00e1lt\u00e6kni. Flest \u00feeirra eru talin h\u00e9r a\u00f0 ne\u00f0an. T\u00edmabil Verkefni Styrkveitandi Hlutverk 2020-2021 ELE - European Language Equality Evr\u00f3pusambandi\u00f0 Landsfulltr\u00fai (National Competence Centre Lead) 2019-2021 ELG - European Language Grid Evr\u00f3pusambandi\u00f0 Landsfulltr\u00fai (National Competence Centre Lead) 2019 \u00cdslensk [&hellip;]<\/p>\n","protected":false},"author":141,"featured_media":0,"parent":9,"menu_order":0,"comment_status":"closed","ping_status":"closed","template":"","meta":{"footnotes":""},"class_list":["post-346","page","type-page","status-publish","hentry"],"_links":{"self":[{"href":"https:\/\/uni.hi.is\/eirikur\/wp-json\/wp\/v2\/pages\/346","targetHints":{"allow":["GET"]}}],"collection":[{"href":"https:\/\/uni.hi.is\/eirikur\/wp-json\/wp\/v2\/pages"}],"about":[{"href":"https:\/\/uni.hi.is\/eirikur\/wp-json\/wp\/v2\/types\/page"}],"author":[{"embeddable":true,"href":"https:\/\/uni.hi.is\/eirikur\/wp-json\/wp\/v2\/users\/141"}],"replies":[{"embeddable":true,"href":"https:\/\/uni.hi.is\/eirikur\/wp-json\/wp\/v2\/comments?post=346"}],"version-history":[{"count":34,"href":"https:\/\/uni.hi.is\/eirikur\/wp-json\/wp\/v2\/pages\/346\/revisions"}],"predecessor-version":[{"id":5439,"href":"https:\/\/uni.hi.is\/eirikur\/wp-json\/wp\/v2\/pages\/346\/revisions\/5439"}],"up":[{"embeddable":true,"href":"https:\/\/uni.hi.is\/eirikur\/wp-json\/wp\/v2\/pages\/9"}],"wp:attachment":[{"href":"https:\/\/uni.hi.is\/eirikur\/wp-json\/wp\/v2\/media?parent=346"}],"curies":[{"name":"wp","href":"https:\/\/api.w.org\/{rel}","templated":true}]}}