{"id":458,"date":"2010-05-29T17:44:55","date_gmt":"2010-05-29T17:44:55","guid":{"rendered":"http:\/\/uni.hi.is\/eirikur\/?page_id=458"},"modified":"2018-06-30T11:27:41","modified_gmt":"2018-06-30T11:27:41","slug":"malstefna","status":"publish","type":"page","link":"https:\/\/uni.hi.is\/eirikur\/rannsoknir\/malstefna\/","title":{"rendered":"Sta\u00f0a \u00edslenskunnar"},"content":{"rendered":"<p><!--:--><!--:en-->Snemma \u00e1 starfsferli m\u00ednum haf\u00f0i \u00e9g mikinn \u00e1huga \u00e1 \u00edslenskri m\u00e1lstefnu og sko\u00f0anir \u00e1 \u00fdmsum \u00e1litam\u00e1lum \u00ed henni. \u00c9g skrifa\u00f0i nokkrar greinar \u00ed <em>Sk\u00edmu<\/em> (sj\u00e1 h\u00e9r a\u00f0 ne\u00f0an), m.a. um svonefnda <a href=\"http:\/\/notendur.hi.is\/eirikur\/thaguf.pdf\">\"\u00fe\u00e1gufallss\u00fdki\"<\/a>, og t\u00f3k \u00fe\u00e1tt \u00ed umr\u00e6\u00f0um \u00ed dagbl\u00f6\u00f0um (sj\u00e1 a\u00f0 ne\u00f0an). Einnig s\u00e1 \u00e9g um \u00fe\u00e1ttinn <a href=\"http:\/\/notendur.hi.is\/eirikur\/daglmal.pdf\">Daglegt m\u00e1l<\/a> \u00ed R\u00edkis\u00fatvarpinu um skei\u00f0. M\u00e9r fannst \u00fe\u00f3 flj\u00f3tlega a\u00f0 \u00feessi umr\u00e6\u00f0a hjakka\u00f0i \u00ed sama farinu og h\u00e6tti \u00fe\u00e1ttt\u00f6ku \u00ed henni.<\/p>\n<p>Undir aldam\u00f3tin komst \u00e9g \u00e1 \u00fe\u00e1 sko\u00f0un a\u00f0 framt\u00ed\u00f0 \u00edslensks m\u00e1ls ylti \u00e1 \u00fev\u00ed a\u00f0 m\u00e1li\u00f0 yr\u00f0i noth\u00e6ft innan t\u00f6lvu- og uppl\u00fdsingat\u00e6kninnar. \u00deetta var ein af \u00e1st\u00e6\u00f0unum fyrir \u00fev\u00ed a\u00f0 \u00e9g sneri m\u00e9r a\u00f0 ranns\u00f3knar- og \u00fer\u00f3unarstarfi \u00ed \u00edslenskri m\u00e1lt\u00e6kni. Fyrst <a href=\"https:\/\/notendur.hi.is\/eirikur\/mal_og_midlar.pdf\">r\u00e6ddi<\/a> \u00e9g \u00feessi m\u00e1l \u00e1 norr\u00e6nu m\u00e1lnefnda\u00feingi \u00ed F\u00e6reyjum 1997 og s\u00ed\u00f0an hef \u00e9g flutt fj\u00f6lda fyrirlestra og skrifa\u00f0 greinar \u00fear sem l\u00f6g\u00f0 er \u00e1hersla \u00e1 mikilv\u00e6gi \u00edslenskrar m\u00e1lt\u00e6kni fyrir framt\u00ed\u00f0 tungunnar.<\/p>\n<p>\u00c1ri\u00f0 2016 fengum vi\u00f0 Sigr\u00ed\u00f0ur Sigurj\u00f3nsd\u00f3ttir og ranns\u00f3knarh\u00f3pur okkar \u00feriggja \u00e1ra \u00f6ndvegisstyrk fr\u00e1 Ranns\u00f3knasj\u00f3\u00f0i til verkefnisins <a href=\"http:\/\/molicodilaco.hi.is\/\">Modeling the Linguistic Consequences of Digital Language Contact<\/a> (Greining \u00e1 m\u00e1lfr\u00e6\u00f0ilegum aflei\u00f0ingum stafr\u00e6ns m\u00e1lsamb\u00fdlis) en meginmarkmi\u00f0 \u00feess er a\u00f0 kanna st\u00f6\u00f0u \u00edslenskunnar og ensk \u00e1hrif \u00e1 hana, einkum gegnum stafr\u00e6na mi\u00f0la.<\/p>\n<h3>Rit og fyrirlestrar sem tengjast \u00feessu ranns\u00f3knarsvi\u00f0i<\/h3>\n<ol>\n<li>Eir\u00edkur R\u00f6gnvaldsson. 2017.\u00a0<a href=\"https:\/\/notendur.hi.is\/eirikur\/vandalaustmal.pdf\">Vandalaust m\u00e1l?<\/a>\u00a0<em>Sk\u00edma<\/em>\u00a040:13-17.<\/li>\n<li>Eir\u00edkur R\u00f6gnvaldsson. 2016.\u00a0<a href=\"https:\/\/notendur.hi.is\/eirikur\/tolvumal.jpg\">Stafr\u00e6nt l\u00edf \u00edslenskunnar \u2013 e\u00f0a stafr\u00e6nn dau\u00f0i?<\/a>\u00a0<em>T\u00f6lvum\u00e1l<\/em>41,1:6-7.<\/li>\n<li>Eir\u00edkur R\u00f6gnvaldsson. 2016.\u00a0<a href=\"http:\/\/hugras.is\/2016\/07\/breytingar-a-mannanafnaloggjof\/\">Breytingar \u00e1 mannanafnal\u00f6ggj\u00f6f.<\/a>\u00a0<em>Hugr\u00e1s, vefrit Hugv\u00edsindasvi\u00f0s<\/em>, 23. j\u00fal\u00ed.<\/li>\n<li>Eir\u00edkur R\u00f6gnvaldsson. 2016.\u00a0<a href=\"http:\/\/hugras.is\/2016\/02\/serislenskir-bokstafir-sjalfsmynd-islendinga-og-framtidarthroun-islensku\/\/\">S\u00e9r\u00edslenskir b\u00f3kstafir, sj\u00e1lfsmynd \u00cdslendinga og framt\u00ed\u00f0ar\u00fer\u00f3un \u00edslensku.<\/a>\u00a0<em>Hugr\u00e1s, vefrit Hugv\u00edsindasvi\u00f0s<\/em>, 24. febr\u00faar.<\/li>\n<li>Eir\u00edkur R\u00f6gnvaldsson. 2016.\u00a0<a href=\"http:\/\/notendur.hi.is\/eirikur\/skirnir.pdf\">Um utana\u00f0komandi a\u00f0st\u00e6\u00f0ur \u00edslenskrar m\u00e1l\u00fer\u00f3unar.<\/a>\u00a0<em>Sk\u00edrnir<\/em>vor 2016, 17-31.<\/li>\n<li>Eir\u00edkur R\u00f6gnvaldsson. 2015.\u00a0<a href=\"http:\/\/hugras.is\/2015\/11\/ad-breyta-fjalli-stadli\/\">A\u00f0 breyta\u00a0fjalli\u00a0sta\u00f0li.<\/a>\u00a0<em>Hugr\u00e1s, vefrit Hugv\u00edsindasvi\u00f0s<\/em>, 15. n\u00f3vember.<\/li>\n<li>Eir\u00edkur R\u00f6gnvaldsson. 2015.\u00a0<a href=\"http:\/\/hugras.is\/2015\/11\/er-hrakspa-rasks-ad-raetast\/\">Er hraksp\u00e1 Rasks a\u00f0 r\u00e6tast?<\/a>\u00a0<em>Hugr\u00e1s, vefrit Hugv\u00edsindasvi\u00f0s<\/em>, 6. n\u00f3vember.<\/li>\n<li>Eir\u00edkur R\u00f6gnvaldsson. 2015.\u00a0<a href=\"http:\/\/hugras.is\/2015\/10\/verdur-islenska-gjaldgeng-i-stafraenum-heimi\/\">Ver\u00f0ur \u00edslenska gjaldgeng \u00ed stafr\u00e6num heimi?<\/a>\u00a0<em>Hugr\u00e1s, vefrit Hugv\u00edsindasvi\u00f0s<\/em>, 29. okt\u00f3ber.<\/li>\n<li>Eir\u00edkur R\u00f6gnvaldsson, Krist\u00edn M. J\u00f3hannsd\u00f3ttir, Sigr\u00fan Helgad\u00f3ttir og Stein\u00fe\u00f3r Steingr\u00edmsson. 2012. <a href=\"http:\/\/notendur.hi.is\/eirikur\/mt\/lwp.pdf\"><em>\u00cdslensk tunga \u00e1 stafr\u00e6nni \u00f6ld \/ The Icelandic Language in the Digital Age.<\/em><\/a> META-NET White Paper Series. Springer, Berl\u00edn.<\/li>\n<li>Eir\u00edkur R\u00f6gnvaldsson. 2011. <a href=\"http:\/\/www.hugras.is\/2011\/03\/kann-tolvan-thin-islensku\/\">Kann t\u00f6lvan \u00fe\u00edn \u00edslensku?<\/a> <em><a href=\"http:\/\/www.hugras.is\/\">Hugr\u00e1s, vefrit Hugv\u00edsindasvi\u00f0s<\/a><\/em>, 10. mars.<\/li>\n<li>Eir\u00edkur R\u00f6gnvaldsson. 2011. <a href=\"http:\/\/www.hugras.is\/2011\/03\/frumvarp-um-stodu-islenskrar-tungu-og-taknmals\/\">Frumvarp um st\u00f6\u00f0u \u00edslenskrar tungu og t\u00e1knm\u00e1ls.<\/a> <em><a href=\"http:\/\/www.hugras.is\/\">Hugr\u00e1s, vefrit Hugv\u00edsindasvi\u00f0s<\/a><\/em>, 2. mars.<\/li>\n<li>Eir\u00edkur R\u00f6gnvaldsson, Krist\u00edn M. J\u00f3hannsd\u00f3ttir, Stein\u00fe\u00f3r Steingr\u00edmsson, Hrafn Loftsson og Sigr\u00fan Helgad\u00f3ttir. 2011. <a href=\"http:\/\/www.meta-net.eu\/whitepapers\/download\/meta-net-languagewhitepaper-icelandic.pdf\"><em>Languages in the European Information Society - Icelandic.<\/em><\/a> META-NET DFKI Projektb\u00fcro, Berl\u00edn.<\/li>\n<li>Eir\u00edkur R\u00f6gnvaldsson. 2011. <a href=\"http:\/\/notendur.hi.is\/eirikur\/ILT.pdf\">Icelandic Language Technology: An Overview.<\/a> Stickel, Gerhard, og Tam\u00e1s V\u00e1radi (ritstj.): <em>Language, Languages and New Technologies: ICT in the Service of Languages. Contributions to the Annual Conference 2010 of EFNIL in Thessaloniki<\/em>, s. 187-195. (Duisburger Arbeiten zur Sprach- und Kulturwissenschaft, 87). Lang, Frankfurt am Main.<\/li>\n<li>Eir\u00edkur R\u00f6gnvaldsson. 2010. <a href=\"http:\/\/notendur.hi.is\/eirikur\/lti.pdf\">The State of Icelandic LT.<\/a> <em>Clarin Newsletter<\/em> 11-12:17.<\/li>\n<li>Eir\u00edkur R\u00f6gnvaldsson. 2010. <a href=\"http:\/\/notendur.hi.is\/eirikur\/ymis.pdf\"><em>\u00ddmis.<\/em><\/a> <em>Arav\u00edsur<\/em> sungnar Ara P\u00e1li Kristinssyni fimmtugum 28. september 2010, s. 10-12. Menningar- og minningarsj\u00f3\u00f0ur Mette Magnussen, Reykjav\u00edk.<\/li>\n<li>Eir\u00edkur R\u00f6gnvaldsson. 2010. <a href=\"http:\/\/notendur.hi.is\/eirikur\/isuppmal.pdf\">\u00cdslenska, uppl\u00fdsingat\u00e6kni og m\u00e1lt\u00e6kni \u2013 fort\u00ed\u00f0 og framt\u00ed\u00f0<\/a>. [\u00d3prentu\u00f0 grein.]<\/li>\n<li>Eir\u00edkur R\u00f6gnvaldsson. 2009. <a href=\"http:\/\/notendur.hi.is\/eirikur\/malmal.pdf\">M\u00e1lt\u00e6kni og m\u00e1lstefna \u2013 \u00edslenska innan uppl\u00fdsingat\u00e6kninnar.<\/a> <em>Sk\u00edma<\/em> 1:40-43.<\/li>\n<li>Eir\u00edkur R\u00f6gnvaldsson, Hrafn Loftsson, Krist\u00edn Bjarnad\u00f3ttir, Sigr\u00fan Helgad\u00f3ttir, Anna Bj\u00f6rk Nikul\u00e1sd\u00f3ttir, Matthew Whelpton og Anton Karl Ingason. 2009. <a href=\"http:\/\/dspace.utlib.ee\/dspace\/bitstream\/10062\/9670\/1\/Icelandic%20language%20resources.pdf\">Icelandic Language Resources and Technology: Status and Prospects.<\/a> Domeij, Rickard, Kimmo Koskenniemi, Steven Krauwer, Bente Maegaard, Eir\u00edkur R\u00f6gnvaldsson og Koenraad de Smedt (ritstj.): <a href=\"http:\/\/hdl.handle.net\/10062\/9207\"><em>Proceedings of the NODALIDA 2009 workshop Nordic Perspectives on the CLARIN Infrastructure of Language Resources<\/em><\/a><em>, <\/em>s. 27-32. Northern European Association for Language Technology (NEALT), Tartu University Library.<\/li>\n<li>Eir\u00edkur R\u00f6gnvaldsson. 2008. <a href=\"http:\/\/notendur.hi.is\/eirikur\/ut.pdf\">Framt\u00ed\u00f0 \u00edslensku innan uppl\u00fdsingat\u00e6kninnar.<\/a> [\u00d3prentu\u00f0 grein.]<\/li>\n<li>Eir\u00edkur R\u00f6gnvaldsson. 2008. <a href=\"http:\/\/notendur.hi.is\/eirikur\/Ten_Years_Later.pdf\">Icelandic Language Technology Ten Years Later<\/a>. <em>Collaboration: Interoperability between People in the Creation of Language Resources for Less-resourced Languages<\/em>, s. 1-5. SALTMIL workshop, LREC 2008. Marrakech, Marokk\u00f3.<\/li>\n<li>Eir\u00edkur R\u00f6gnvaldsson. 2007. <a href=\"http:\/\/notendur.hi.is\/eirikur\/sjalfs.pdf\">Sj\u00e1lfs m\u00edn(s) s\u00f6k?<\/a> <em>\u00cdslenskt m\u00e1l <\/em>28:117-130.<\/li>\n<li>Eir\u00edkur R\u00f6gnvaldsson. 2006. <a href=\"http:\/\/notendur.hi.is\/eirikur\/islupp.jpg\">\u00cdslenska og uppl\u00fdsingat\u00e6kni.<\/a> <em>Morgunbla\u00f0i\u00f0<\/em> 8. febr\u00faar, s. 30.<\/li>\n<li>Eir\u00edkur R\u00f6gnvaldsson. 2005. <a href=\"http:\/\/notendur.hi.is\/eirikur\/status.pdf\">The Status and Prospects of Icelandic Language Technology.<\/a> [\u00d3prentu\u00f0 grein.]<\/li>\n<li>Eir\u00edkur R\u00f6gnvaldsson. 2005. <a href=\"http:\/\/www.sky.is\/index.php?option=com_content&amp;task=view&amp;id=55&amp;Itemid=85\">Sta\u00f0a \u00edslenskrar tungut\u00e6kni vi\u00f0 lok tungut\u00e6kni\u00e1taks.<\/a> <em>T\u00f6lvum\u00e1l<\/em> 24.2.<\/li>\n<li>R\u00f6gnvaldur \u00d3lafsson og Eir\u00edkur R\u00f6gnvaldsson. 1999. <a href=\"http:\/\/timarit.is\/view_page_init.jsp?pageId=2364766\">Sk\u00fdrsla um tungut\u00e6kni.<\/a> <em>T\u00f6lvum\u00e1l<\/em> 24,3:30-32.<\/li>\n<li>R\u00f6gnvaldur \u00d3lafsson, Eir\u00edkur R\u00f6gnvaldsson og \u00deorgeir Sigur\u00f0sson. 1999. <a href=\"http:\/\/www.tungutaekni.is\/news\/Skyrsla.pdf\"><em>Tungut\u00e6kni. Sk\u00fdrsla starfsh\u00f3ps.<\/em><\/a> Menntam\u00e1lar\u00e1\u00f0uneyti\u00f0, Reykjav\u00edk.<\/li>\n<li>Eir\u00edkur R\u00f6gnvaldsson. 1998. <a href=\"http:\/\/notendur.hi.is\/eirikur\/info.pdf\">Informationsteknologien og sm\u00e5 sprogsamfund.<\/a> <em>Sprog i Norden<\/em>, s. 82-93.<\/li>\n<li>Eir\u00edkur R\u00f6gnvaldsson. 1998. <a href=\"http:\/\/notendur.hi.is\/eirikur\/om.pdf\">M\u00e1lfr\u00e6\u00f0i \u00ed \u00edslenskri or\u00f0ab\u00f3k: Hvernig og til hvers?<\/a> <em>Or\u00f0 og tunga<\/em> 4:25-32.<\/li>\n<li>Eir\u00edkur R\u00f6gnvaldsson. 1991. <a href=\"http:\/\/notendur.hi.is\/eirikur\/vandi.pdf\">Vandi \u00edslenskrar tungu og vi\u00f0br\u00f6g\u00f0 vi\u00f0 honum.<\/a> <em>Sk\u00edma<\/em> 14,2:9.<\/li>\n<li>Eir\u00edkur R\u00f6gnvaldsson. 1991. <a href=\"http:\/\/timarit.is\/view_page_init.jsp?pageId=1750344\">Minnkandi \u00edslenskukunn\u00e1tta? - Versnandi \u00edslenskukennsla?<\/a> <em>Morgunbla\u00f0i\u00f0<\/em> 12. september, s. 22.<\/li>\n<li>Eir\u00edkur R\u00f6gnvaldsson. 1988. <a href=\"http:\/\/notendur.hi.is\/eirikur\/sprog.pdf\">Islandsk sprogpolitik.<\/a> <em>Spr\u00e5k i Norden<\/em>, bls. 56-63.<\/li>\n<li>Eir\u00edkur R\u00f6gnvaldsson. 1985. <a href=\"http:\/\/notendur.hi.is\/eirikur\/mal-thjv.pdf\">\u00dej\u00f3\u00f0f\u00e9lagsbreytingar, st\u00e9ttam\u00e1l og \u00edslensk m\u00e1lstefna.<\/a> <em>\u00dej\u00f3\u00f0viljinn<\/em> 5. ma\u00ed, s. 7-8.<\/li>\n<li>Eir\u00edkur R\u00f6gnvaldsson. 1985. <a href=\"http:\/\/notendur.hi.is\/eirikur\/hveigisl.pdf\">Hverjir eiga \u00edslensku?<\/a> <em>Morgunbla\u00f0i\u00f0<\/em> 1. ma\u00ed, s. 32-33.<\/li>\n<li>Eir\u00edkur R\u00f6gnvaldsson. 1985. <a href=\"http:\/\/notendur.hi.is\/eirikur\/malstefn.pdf\">M\u00e1lstefnan \u00ed n\u00fat\u00ed\u00f0 og framt\u00ed\u00f0.<\/a> <em>Sk\u00edma<\/em> 8,1:7-10.<\/li>\n<li>Eir\u00edkur R\u00f6gnvaldsson. 1984. <a href=\"http:\/\/notendur.hi.is\/eirikur\/matthias.pdf\">Er \u00feetta h\u00e6gt Matth\u00edas?<\/a> <em>Morgunbla\u00f0i\u00f0<\/em> 4. ma\u00ed, s. 22-23.<\/li>\n<li>Eir\u00edkur R\u00f6gnvaldsson. 1984. <a href=\"http:\/\/notendur.hi.is\/eirikur\/daglmal.pdf\">Daglegt m\u00e1l. \u00de\u00e6ttir fluttir \u00ed R\u00edkis\u00fatvarpinu sumari\u00f0 1984.<\/a> [\u00d3prenta\u00f0.]<\/li>\n<li>Eir\u00edkur R\u00f6gnvaldsson. 1984. <a href=\"http:\/\/notendur.hi.is\/eirikur\/rokrett.pdf\">Af r\u00f6kr\u00e9ttu m\u00e1li.<\/a> <em>Sk\u00edma<\/em> 7,2:2-4.<\/li>\n<li>Eir\u00edkur R\u00f6gnvaldsson. 1983. <a href=\"http:\/\/notendur.hi.is\/eirikur\/framford.pdf\">Frambur\u00f0ur og ford\u00f3mar.<\/a> <em>M\u00edmir<\/em> 31:59-63.<\/li>\n<li>Eir\u00edkur R\u00f6gnvaldsson. 1983. <a href=\"http:\/\/notendur.hi.is\/eirikur\/thaguf.pdf\">\u00de\u00e1gufallss\u00fdkin og fallakerfi \u00edslensku.<\/a> <em>Sk\u00edma<\/em> 6,2:3-6.<\/li>\n<\/ol>\n<ul>\n<li>(\u00c1samt Sigr\u00ed\u00f0i Sigurj\u00f3nsd\u00f3ttur.) Modeling the linguistic consequences of digital language contact.\u00a0<em>Early Language Learning Conference<\/em>, Reykjav\u00edk, 13. j\u00fan\u00ed 2018.<\/li>\n<li>(\u00c1samt Sigr\u00ed\u00f0i Sigurj\u00f3nsd\u00f3ttur.)\u00a0<a href=\"http:\/\/www.sky.is\/images\/stories\/2018_SkjolOgMyndir\/06_NutimaKennsla\/sky_Eirikur.pdf\">\u00cdslenska \u00ed \u00f3lgusj\u00f3: \u00c1hrif samf\u00e9lags- og t\u00e6knibreytinga \u00e1 tungum\u00e1li\u00f0.<\/a>\u00a0Erum vi\u00f0 betur st\u00f6dd me\u00f0 n\u00fat\u00edmat\u00e6kni \u00ed kennslu e\u00f0a er h\u00fan hamlandi? H\u00e1degisver\u00f0arfundur Sk\u00fd, 14. mars 2018.<\/li>\n<li>(\u00c1samt Sigr\u00ed\u00f0i Sigurj\u00f3nsd\u00f3ttur.) Samb\u00fa\u00f0 \u00edslensku og ensku. Verkefni\u00f0\u00a0<em>Greining \u00e1 m\u00e1lfr\u00e6\u00f0ilegum aflei\u00f0ingum stafr\u00e6ns m\u00e1lsamb\u00fdlis<\/em>\u00a0og sta\u00f0a \u00feess.\u00a0<em>Hugv\u00edsinda\u00feing.<\/em>\u00a0Hugv\u00edsindastofnun H\u00e1sk\u00f3la \u00cdslands, Reykjav\u00edk, 10. mars 2018.<\/li>\n<li>(\u00c1samt Dagbj\u00f6rtu Gu\u00f0mundsd\u00f3ttur.)\u00a0Stafr\u00e6nt \u00edlag \u2013 e\u00f0li \u00feess og \u00e1hrif \u00e1 \u00edslensku.\u00a0<em>Hugv\u00edsinda\u00feing.<\/em>\u00a0Hugv\u00edsindastofnun H\u00e1sk\u00f3la \u00cdslands, Reykjav\u00edk, 10. mars 2018.<\/li>\n<li><a href=\"http:\/\/notendur.hi.is\/eirikur.malt.pdf\">Sta\u00f0an \u00ed \u00edslenskri m\u00e1lt\u00e6kni.<\/a>\u00a0M\u00e1lv\u00edsindakaffi \u00cdslenska m\u00e1lfr\u00e6\u00f0if\u00e9lagsins, Reykjav\u00edk, 2. mars 2018.<\/li>\n<li><a href=\"http:\/\/notendur.hi.is\/eirikur\/fyrstides.pdf\">Fullveldis\u00e1varp.<\/a>\u00a0St\u00fadentar\u00e1\u00f0, H\u00e1sk\u00f3latorgi, 1. desember 2017.<\/li>\n<li>\u00cdslenskan \u00ed \u00f3lgusj\u00f3. The University of the Third Age, Reykjav\u00edk, 28. n\u00f3vember 2017.<\/li>\n<li><a href=\"http:\/\/notendur.hi.is\/eirikur\/Kyn.pdf\">M\u00e1 gera kynusla \u00ed \u00edslenskunni?<\/a>\u00a0<em>Kynsegin \u00edslenska<\/em>, m\u00e1lstofa \u00e1 norr\u00e6nni r\u00e1\u00f0stefnu um m\u00e1l og kyn, Akureyri, 21. okt\u00f3ber 2017.<\/li>\n<li>(\u00c1samt Sebastian Drude, Sigr\u00ed\u00f0i Sigurj\u00f3nsd\u00f3ttur, Antoni Karli Ingasyni, Ara P\u00e1li Kristinssyni og Irisi Eddu Nowenstein.) Digital collaboration and resources: Expanding the EGIDS scale for language development into the digital domains.\u00a0<em>CinC (Communities in Control) 2017<\/em>, Alcanena, Port\u00fagal, 20. okt\u00f3ber 2017.<\/li>\n<li><a href=\"http:\/\/notendur.hi.is\/eirikur\/Fullveldi.pdf\">Tungan og fullveldi\u00f0.<\/a>\u00a0<em>Fullveldi \u00ed 99 \u00e1r.<\/em>\u00a0R\u00e1\u00f0stefna um fullveldi fr\u00e1 sj\u00f3narh\u00f3li mismunandi fr\u00e6\u00f0igreina. H\u00e1sk\u00f3lanum \u00ed Reykjav\u00edk, 22. september 2017.<\/li>\n<li>(\u00c1samt Sigr\u00ed\u00f0i Sigurj\u00f3nsd\u00f3ttur, Irisi Eddu Nowenstein, Sigr\u00ed\u00f0i Mj\u00f6ll Bj\u00f6rnsd\u00f3ttur, \u00c1sgr\u00edmi Angant\u00fdssyni, Antoni Karli Ingasyni og Einari Frey Sigur\u00f0ssyni.) Language Contact without Contact: A Nationwide Study of Digital Minoritization.\u00a0<em>DiGS 19 Workshop<\/em>, Stellenbosch, Su\u00f0ur-Afr\u00edku, 5. september 2017.<\/li>\n<li><a href=\"http:\/\/io.pdf\/\">\u00cdslenska \u00ed \u00f3lgusj\u00f3.<\/a>\u00a0R\u00f3tar\u00fdkl\u00fabburinn Reykjav\u00edk-Austurb\u00e6r, 23. ma\u00ed 2017.<\/li>\n<li><a href=\"http:\/\/notendur.hi.is\/eirikur\/tvt.pdf\">Tala\u00f0 vi\u00f0 t\u00e6kin - hva\u00f0 \u00fearf til?<\/a>\u00a0R\u00f3tar\u00fdkl\u00fabbur K\u00f3pavogs, 21. mars 2017.<\/li>\n<li><a href=\"http:\/\/notendur.hi.is\/eirikur\/SA.pdf\">\u00cdslenska \u00ed stafr\u00e6num heimi.<\/a>\u00a0Menntadagur atvinnul\u00edfsins, Hilton H\u00f3tel Nordica, Reykjav\u00edk, 2. febr\u00faar 2017.<\/li>\n<li>(\u00c1samt Sigr\u00ed\u00f0i Sigurj\u00f3nsd\u00f3ttur.)\u00a0<a href=\"http:\/\/notendur.hi.is\/eirikur\/fif.pdf\">\u00cdslenska \u00e1 t\u00f6lvu\u00f6ld. Kynning \u00e1 \u00f6ndvegisverkefninu \"Greining \u00e1 m\u00e1lfr\u00e6\u00f0ilegum aflei\u00f0ingum stafr\u00e6ns m\u00e1lsamb\u00fdlis\".<\/a>\u00a0<em>F\u00e9lag \u00edslenskra fr\u00e6\u00f0a<\/em>. Reykjav\u00edk, 1. febr\u00faar 2017.<\/li>\n<li><a href=\"http:\/\/notendur.hi.is\/eirikur\/PoM.pdf\">Glata\u00f0ur t\u00edmi, gl\u00f6tu\u00f0 tunga: \u00cdslenskan og snjallt\u00e6kin.<\/a>\u00a0Dagur prents og mi\u00f0lunar, Samt\u00f6k prenti\u00f0na\u00f0arins, Reykjav\u00edk, 27. jan\u00faar 2017.<\/li>\n<li>(\u00c1samt Sigr\u00ed\u00f0i Sigurj\u00f3nsd\u00f3ttur.) Ranns\u00f3kn \u00e1 stafr\u00e6nu m\u00e1lsamb\u00fdli. Samkoma M\u00edmis \u00e1 degi \u00edslenskrar tungu, Reykjav\u00edk, 16. n\u00f3vember 2016.<\/li>\n<li><a href=\"http:\/\/notendur.hi.is\/eirikur\/ELRC2016.pdf\">Sta\u00f0a \u00edslenskunnar \u00ed stafr\u00e6num heimi \u00e1 t\u00edmum al\u00fej\u00f3\u00f0av\u00e6\u00f0ingar.<\/a>\u00a0V\u00e9lr\u00e6nar \u00fe\u00fd\u00f0ingar og v\u00e9lr\u00e6n samskipti \u00e1 \u00edslensku. Vinnustofa \u00e1 vegum ELRC, Safnah\u00fasinu, Reykjav\u00edk, 11. n\u00f3vember 2016.<\/li>\n<li><a href=\"http:\/\/notendur.hi.is\/eirikur\/olga.htm\">\u00cdslenskan \u00ed \u00f3lgusj\u00f3.<\/a>\u00a0R\u00f3tar\u00fdkl\u00fabbur Keflav\u00edkur, 22. september 2016.<\/li>\n<li>(\u00c1samt Sigr\u00ed\u00f0i Sigurj\u00f3nsd\u00f3ttur.)\u00a0<a href=\"http:\/\/notendur.hi.is\/eirikur\/ff.pdf\">\u00cdslenska \u00e1 t\u00f6lvu\u00f6ld. Kynning \u00e1 \u00f6ndvegisverkefninu \"Greining \u00e1 m\u00e1lfr\u00e6\u00f0ilegum aflei\u00f0ingum stafr\u00e6ns m\u00e1lsamb\u00fdlis\".<\/a>\u00a0<em>Fr\u00e6ndafundur<\/em>. Reykjav\u00edk, 27. \u00e1g\u00fast 2016.<\/li>\n<li><a href=\"http:\/\/notendur.hi.is\/eirikur\/utan.pdf\">Um utana\u00f0komandi a\u00f0st\u00e6\u00f0ur \u00edslenskrar m\u00e1l\u00fer\u00f3unar.<\/a>\u00a0<em>Hugv\u00edsinda\u00feing<\/em>. Hugv\u00edsindastofnun H\u00e1sk\u00f3la \u00cdslands, Reykjav\u00edk, 11. mars 2016.<\/li>\n<li><a href=\"http:\/\/notendur.hi.is\/eirikur\/Hugarflug.pdf\">S\u00e9r\u00edslenskir b\u00f3kstafir, sj\u00e1lfsmynd \u00cdslendinga og framt\u00ed\u00f0ar\u00fer\u00f3un \u00edslensku.<\/a>\u00a0Hugarflug, r\u00e1\u00f0stefna Listah\u00e1sk\u00f3la \u00cdslands, Reykjav\u00edk, 19. febr\u00faar 2016.<\/li>\n<li><a href=\"http:\/\/www.youtube.com\/watch?v=Y_8Sj7P67F0\">\u00cdslenska og uppl\u00fdsingat\u00e6kni.<\/a>\u00a0UTmessan 2016. R\u00e1\u00f0stefna \u00ed H\u00f6rpu, Reykjav\u00edk, 5. febr\u00faar 2016.<\/li>\n<li><a href=\"http:\/\/notendur.hi.is\/eirikur\/olga.htm\">\u00cdslenskan \u00ed \u00f3lgusj\u00f3.<\/a>\u00a0R\u00f3tar\u00fdkl\u00fabburinn Borgir, K\u00f3pavogi, 4. febr\u00faar 2016.<\/li>\n<li><a href=\"https:\/\/vimeo.com\/147020316\">Mun \u00edslenska lifa af 21. \u00f6ldina?<\/a>\u00a0Uppl\u00fdsingat\u00e6knin alls sta\u00f0ar! R\u00e1\u00f0stefna \u00e1 Grand H\u00f3tel, Reykjav\u00edk, 26. n\u00f3vember 2015.<\/li>\n<li><a href=\"http:\/\/notendur.hi.is\/eirikur\/thyd.pdf\">Sta\u00f0an \u00ed \u00edslenskri m\u00e1lt\u00e6kni.<\/a>\u00a0Starfsdagur \u00de\u00fd\u00f0ingami\u00f0st\u00f6\u00f0var utanr\u00edkisr\u00e1\u00f0uneytisins, Reykjav\u00edk, 15. okt\u00f3ber 2015.<\/li>\n<li><a href=\"http:\/\/notendur.hi.is\/eirikur\/SM2015.pdf\">M\u00e1li\u00f0 og t\u00e6knin.<\/a>\u00a0\u00c1rsfundur Samtaka m\u00f3\u00f0urm\u00e1lskennara, Reykjav\u00edk, 28. ma\u00ed 2015.<\/li>\n<li><a href=\"https:\/\/notendur.hi.is\/eirikur\/althingi.pdf\">\u00cdslensk tunga \u00e1 stafr\u00e6nni \u00f6ld.<\/a>\u00a0Fr\u00e6\u00f0slufundur fyrir starfsf\u00f3lk Al\u00feingis, 28. mars 2014.<\/li>\n<li><a href=\"http:\/\/notendur.hi.is\/eirikur\/vidurkenning.pdf\">\u00deakkar\u00e1varp vi\u00f0 afhendingu vi\u00f0urkenningar til M\u00e1lt\u00e6kniseturs.<\/a>\u00a0\u00dej\u00f3\u00f0menningarh\u00fasinu, 16. n\u00f3vember 2013.<\/li>\n<li><a href=\"http:\/\/notendur.hi.is\/eirikur\/dit2012.pdf\">Er hraksp\u00e1 Rasks a\u00f0 r\u00e6tast? Huglei\u00f0ingar um s\u00f3tt og stafr\u00e6nan dau\u00f0a \u00edslenskunnar.<\/a>H\u00e1t\u00ed\u00f0ardagskr\u00e1 M\u00edmis \u00e1 degi \u00edslenskrar tungu, Reykjav\u00edk, 16. n\u00f3vember 2012.<\/li>\n<li><a href=\"http:\/\/notendur.hi.is\/eirikur\/malnefnd2012.pdf\">\u00cdslensk tunga \u00e1 stafr\u00e6nni \u00f6ld.<\/a>\u00a0\u00cdslenska \u00e1 21. \u00f6ld. M\u00e1l\u00feing \u00cdslenskrar m\u00e1lnefndar um \u00edslensku \u00ed t\u00f6lvuheiminum, Reykjav\u00edk, 13. n\u00f3vember 2012.<\/li>\n<li><a href=\"http:\/\/notendur.hi.is\/eirikur\/edl.pdf\">M\u00e1lsk\u00fdrslur META-NET: 30 Evr\u00f3pum\u00e1l og sta\u00f0a \u00feeirra \u00ed stafr\u00e6num heimi.<\/a>\u00a0Evr\u00f3pski tungum\u00e1ladagurinn, Reykjav\u00edk, 26. september 2012.<\/li>\n<li><a href=\"http:\/\/notendur.hi.is\/eirikur\/am.pdf\">M\u00e1lt\u00e6kni og menningararfur.<\/a>\u00a0\u00c1rsfundur Stofnunar \u00c1rna Magn\u00fassonar \u00ed \u00edslenskum fr\u00e6\u00f0um, Reykjav\u00edk, 16. ma\u00ed 2012.<\/li>\n<li><a href=\"http:\/\/notendur.hi.is\/eirikur\/maltaekni_fyrir_alla.pdf\">\u00cdslensk m\u00e1lt\u00e6kni \u00ed evr\u00f3psku samhengi: META-NORD og META-NET.<\/a>\u00a0<a href=\"http:\/\/notendur.hi.is\/eirikur\/er.wmv\">M\u00e1lt\u00e6kni fyrir alla.<\/a>M\u00e1l\u00feing \u00cdslenskrar m\u00e1lnefndar, M\u00e1lt\u00e6kniseturs og META-NORD, Reykjav\u00edk, 27. apr\u00edl 2012.<\/li>\n<li><a href=\"http:\/\/notendur.hi.is\/eirikur\/transl.pdf\">M\u00e1lt\u00e6kni og m\u00e1lf\u00f6ng fyrir \u00edslensku.<\/a>\u00a0Erindi flutt \u00e1 fr\u00e6\u00f0slufundi fyrir starfsf\u00f3lk \u00de\u00fd\u00f0ingarmi\u00f0st\u00f6\u00f0var utanr\u00edkisr\u00e1\u00f0uneytisins, Reykjav\u00edk, 3. apr\u00edl 2012.<\/li>\n<li><a href=\"http:\/\/notendur.hi.is\/eirikur\/islex.pdf\">ISLEX.<\/a>\u00a0Erindi flutt vi\u00f0 opnun norr\u00e6nu vefor\u00f0ab\u00f3karinnar ISLEX, Norr\u00e6na h\u00fasinu, Reykjav\u00edk, 16. n\u00f3vember 2011.<\/li>\n<li><a href=\"http:\/\/notendur.hi.is\/eirikur\/texmal.pdf\">Textas\u00f6fn og m\u00e1lranns\u00f3knir.<\/a>\u00a0<a href=\"http:\/\/podcast.ruv.is\/malstofan\/2011.01.11.mp3\">Erindi<\/a>\u00a0flutt \u00ed R\u00edkis\u00fatvarpinu, Reykjav\u00edk, 11. jan\u00faar 2011.<\/li>\n<li><a href=\"http:\/\/notendur.hi.is\/eirikur\/maltaekni.pdf\">M\u00e1lt\u00e6kni.<\/a>\u00a0<a href=\"http:\/\/podcast.ruv.is\/malstofan\/2010.11.02.mp3\">Erindi<\/a>\u00a0flutt \u00ed R\u00edkis\u00fatvarpinu, Reykjav\u00edk, 2. n\u00f3vember 2010.<\/li>\n<li><a href=\"http:\/\/dspace.utlib.ee\/dspace\/bitstream\/10062\/9670\/1\/Icelandic%20language%20resources.pdf\">Icelandic Language Resources and Technology: Status and Prospects.<\/a> (Me\u00f0h\u00f6fundar Hrafn Loftsson, Krist\u00edn Bjarnad\u00f3ttir, Sigr\u00fan Helgad\u00f3ttir, Anna Bj\u00f6rk Nikul\u00e1sd\u00f3ttir, Matthew Whelpton og Anton Karl Ingason.) <em>Nordic perspectives on the CLARIN infrastructure of common language resources<\/em>, NODALIDA 2009, \u00d3\u00f0insv\u00e9um, 14. ma\u00ed 2009.<\/li>\n<li><a href=\"http:\/\/notendur.hi.is\/eirikur\/mlt.pdf\">\u00cdslensk m\u00e1lt\u00e6kni \u2013 fort\u00ed\u00f0 og framt\u00ed\u00f0.<\/a> <em>Hugv\u00edsinda\u00feing<\/em>. Hugv\u00edsindastofnun H\u00e1sk\u00f3la \u00cdslands, Reykjav\u00edk, 14. mars 2009.<\/li>\n<li><a href=\"http:\/\/notendur.hi.is\/eirikur\/Ten_Years_Later.pdf\">Icelandic Language Technology Ten Years Later.<\/a> <em>LREC 2008 workshop<\/em>: Collabo\u00adra\u00adtion: Interop\u00aderability between People in the Creation of Language Resources for Less-re\u00adsourced Lan\u00adguages, Marrakech, 27. ma\u00ed 2008.<\/li>\n<li><a href=\"http:\/\/notendur.hi.is\/eirikur\/excerpering.pdf\">Automatiske metoder til excerpering af nye ord.<\/a> (Me\u00f0h\u00f6fundur Krist\u00edn Bjarnad\u00f3ttir.) <em>Seminar om sprogr\u00f8gt, sprogteknologi og sprogresurser i Norden<\/em>. Nordens Sprogr\u00e5d \u2013 arbejdsgruppen for sprogteknologi, Kaupmannah\u00f6fn, 29. okt\u00f3ber 2007.<\/li>\n<li><a href=\"http:\/\/notendur.hi.is\/eirikur\/sjalfssok.pdf\">Sj\u00e1lfs m\u00edn(s) s\u00f6k?<\/a> <em>M\u00e1l\u00feing \u00ed minningu Bj\u00f6rns Gu\u00f0finnssonar.<\/em> \u00cdslenska m\u00e1lfr\u00e6\u00f0if\u00e9lagi\u00f0 og M\u00e1lv\u00edsindastofnun H\u00e1sk\u00f3la \u00cdslands, Reykjav\u00edk, 29. okt\u00f3ber 2005.<\/li>\n<li>M\u00e1lfr\u00e6\u00f0i \u00ed or\u00f0ab\u00f3kum. Hvernig og til hvers? <em>Almenn \u00edslensk or\u00f0ab\u00f3k - sta\u00f0a og stefnumi\u00f0.<\/em> Or\u00f0ab\u00f3k H\u00e1sk\u00f3lans, Reykjav\u00edk, 25. okt\u00f3ber 1997.<\/li>\n<li><a href=\"http:\/\/notendur.hi.is\/eirikur\/sprogsamf.pdf\">Informationsteknologien og sm\u00e5 sprogsamfund.<\/a> <em>Norr\u00e6nt m\u00e1lnefnda\u00feing<\/em>, \u00de\u00f3rsh\u00f6fn, F\u00e6reyjum, 15. \u00e1g\u00fast 1997.<\/li>\n<\/ul>\n","protected":false},"excerpt":{"rendered":"<p>Snemma \u00e1 starfsferli m\u00ednum haf\u00f0i \u00e9g mikinn \u00e1huga \u00e1 \u00edslenskri m\u00e1lstefnu og sko\u00f0anir \u00e1 \u00fdmsum \u00e1litam\u00e1lum \u00ed henni. \u00c9g skrifa\u00f0i nokkrar greinar \u00ed Sk\u00edmu (sj\u00e1 h\u00e9r a\u00f0 ne\u00f0an), m.a. um svonefnda \"\u00fe\u00e1gufallss\u00fdki\", og t\u00f3k \u00fe\u00e1tt \u00ed umr\u00e6\u00f0um \u00ed dagbl\u00f6\u00f0um (sj\u00e1 a\u00f0 ne\u00f0an). Einnig s\u00e1 \u00e9g um \u00fe\u00e1ttinn Daglegt m\u00e1l \u00ed R\u00edkis\u00fatvarpinu um skei\u00f0. M\u00e9r fannst [&hellip;]<\/p>\n","protected":false},"author":141,"featured_media":0,"parent":12,"menu_order":7,"comment_status":"closed","ping_status":"closed","template":"","meta":{"footnotes":""},"class_list":["post-458","page","type-page","status-publish","hentry"],"_links":{"self":[{"href":"https:\/\/uni.hi.is\/eirikur\/wp-json\/wp\/v2\/pages\/458","targetHints":{"allow":["GET"]}}],"collection":[{"href":"https:\/\/uni.hi.is\/eirikur\/wp-json\/wp\/v2\/pages"}],"about":[{"href":"https:\/\/uni.hi.is\/eirikur\/wp-json\/wp\/v2\/types\/page"}],"author":[{"embeddable":true,"href":"https:\/\/uni.hi.is\/eirikur\/wp-json\/wp\/v2\/users\/141"}],"replies":[{"embeddable":true,"href":"https:\/\/uni.hi.is\/eirikur\/wp-json\/wp\/v2\/comments?post=458"}],"version-history":[{"count":24,"href":"https:\/\/uni.hi.is\/eirikur\/wp-json\/wp\/v2\/pages\/458\/revisions"}],"predecessor-version":[{"id":1353,"href":"https:\/\/uni.hi.is\/eirikur\/wp-json\/wp\/v2\/pages\/458\/revisions\/1353"}],"up":[{"embeddable":true,"href":"https:\/\/uni.hi.is\/eirikur\/wp-json\/wp\/v2\/pages\/12"}],"wp:attachment":[{"href":"https:\/\/uni.hi.is\/eirikur\/wp-json\/wp\/v2\/media?parent=458"}],"curies":[{"name":"wp","href":"https:\/\/api.w.org\/{rel}","templated":true}]}}