{"id":5,"date":"2010-05-14T22:47:53","date_gmt":"2010-05-14T22:47:53","guid":{"rendered":"http:\/\/uni.hi.is\/eirikur\/?page_id=5"},"modified":"2010-05-15T11:29:31","modified_gmt":"2010-05-15T11:29:31","slug":"kennsla","status":"publish","type":"page","link":"https:\/\/uni.hi.is\/eirikur\/kennsla\/","title":{"rendered":"Kennsla"},"content":{"rendered":"<p>\u00c1 \u00feessum s\u00ed\u00f0um er a\u00f0 finna yfirlit yfir kennslu m\u00edna vi\u00f0 H\u00cd og annars sta\u00f0ar.<\/p>\n","protected":false},"excerpt":{"rendered":"<p>\u00c1 \u00feessum s\u00ed\u00f0um er a\u00f0 finna yfirlit yfir kennslu m\u00edna vi\u00f0 H\u00cd og annars sta\u00f0ar.<\/p>\n","protected":false},"author":141,"featured_media":0,"parent":0,"menu_order":2,"comment_status":"closed","ping_status":"closed","template":"","meta":{"footnotes":""},"class_list":["post-5","page","type-page","status-publish","hentry"],"_links":{"self":[{"href":"https:\/\/uni.hi.is\/eirikur\/wp-json\/wp\/v2\/pages\/5","targetHints":{"allow":["GET"]}}],"collection":[{"href":"https:\/\/uni.hi.is\/eirikur\/wp-json\/wp\/v2\/pages"}],"about":[{"href":"https:\/\/uni.hi.is\/eirikur\/wp-json\/wp\/v2\/types\/page"}],"author":[{"embeddable":true,"href":"https:\/\/uni.hi.is\/eirikur\/wp-json\/wp\/v2\/users\/141"}],"replies":[{"embeddable":true,"href":"https:\/\/uni.hi.is\/eirikur\/wp-json\/wp\/v2\/comments?post=5"}],"version-history":[{"count":4,"href":"https:\/\/uni.hi.is\/eirikur\/wp-json\/wp\/v2\/pages\/5\/revisions"}],"predecessor-version":[{"id":91,"href":"https:\/\/uni.hi.is\/eirikur\/wp-json\/wp\/v2\/pages\/5\/revisions\/91"}],"wp:attachment":[{"href":"https:\/\/uni.hi.is\/eirikur\/wp-json\/wp\/v2\/media?parent=5"}],"curies":[{"name":"wp","href":"https:\/\/api.w.org\/{rel}","templated":true}]}}