{"id":592,"date":"2010-11-08T13:07:49","date_gmt":"2010-11-08T13:07:49","guid":{"rendered":"http:\/\/uni.hi.is\/eirikur\/?page_id=592"},"modified":"2023-03-02T15:26:45","modified_gmt":"2023-03-02T15:26:45","slug":"bla%c3%b0aefni","status":"publish","type":"page","link":"https:\/\/uni.hi.is\/eirikur\/ritaskra\/bla%c3%b0aefni\/","title":{"rendered":"Bla\u00f0aefni"},"content":{"rendered":"<p><!--:--><!--:en--><\/p>\n<h3>Vi\u00f0t\u00f6l og fr\u00e9ttir \u00far bl\u00f6\u00f0um og t\u00edmaritum og af vefnum<\/h3>\n<p>Me\u00f0 \u00fev\u00ed a\u00f0 smella \u00e1 titilinn m\u00e1 kalla fram efni\u00f0, oftast fr\u00e1 <a href=\"http:\/\/timarit.is\/\">t\u00edmarit.is<\/a>.<\/p>\n<ol reversed>\n<li><a href=\"http:\/\/www.visir.is\/g\/2018180909070\">Segir \u00e1herslurnar kolrangar \u00ed samr\u00e6mdu pr\u00f3fi.<\/a> [Vi\u00f0tal.] <em>v\u00edsir.is\u00a0<\/em>8. september 2018.<\/li>\n<li><a href=\"http:\/\/www.ruv.is\/frett\/islenskan-ekki-ad-deyja-ut-a-naestu-arum\">\u00cdslenskan ekki a\u00f0 deyja \u00fat \u00e1 n\u00e6stu \u00e1rum.<\/a> [Vi\u00f0tal.]\u00a0<em>R\u00daV<\/em> 13. j\u00fal\u00ed 2018.<\/li>\n<li><a href=\"https:\/\/www.mbl.is\/frettir\/innlent\/2018\/06\/11\/vidhorf_til_islenskunnar_mikilvaegt\/\">Vi\u00f0horfi\u00f0 til \u00edslenskunnar mikilv\u00e6gt.<\/a> [Vi\u00f0tal.]\u00a0<em>mbl.is<\/em> 11. j\u00fan\u00ed 2018.<\/li>\n<li><a href=\"http:\/\/www.ruv.is\/frett\/jakvaett-vidhorf-til-tungumalsins-mikilvaegt\">J\u00e1kv\u00e6tt vi\u00f0horf til tungum\u00e1lsins mikilv\u00e6gt.<\/a> [Vi\u00f0tal.]\u00a0<em>R\u00daV<\/em> 11. j\u00fan\u00ed 2018.<\/li>\n<li><a href=\"http:\/\/www.visir.is\/g\/2018180419442\">Breytingar \u00e1 titlum \u00f3heppilegar.<\/a> [Vi\u00f0tal.]\u00a0<em>V\u00edsir<\/em> 13. apr\u00edl 2018.<\/li>\n<li><a href=\"https:\/\/soundcloud.com\/kjarninn\/taeknivarpi-ahrif-taeknibreytinga-a-islenska-tungu\">\u00c1hrif t\u00e6knibreytinga \u00e1 \u00edslenska tungu.<\/a>\u00a0[Vi\u00f0tal.]\u00a0<em>T\u00e6knivarp Kjarnans <\/em>16. mars\u00a02018.<\/li>\n<li><a href=\"http:\/\/www.ruv.is\/frett\/yngri-aldurshopar-kjosa-ensku-i-stad-islensku\">Yngri aldursh\u00f3par kj\u00f3sa ensku \u00ed sta\u00f0 \u00edslensku.<\/a>\u00a0[Vi\u00f0tal.]\u00a0<em>R\u00daV <\/em>9. mars\u00a02018.<\/li>\n<li><a href=\"http:\/\/www.ruv.is\/frett\/telur-samraemd-prof-draga-ur-ahuga-a-islensku\">Telur samr\u00e6md pr\u00f3f draga \u00far \u00e1huga \u00e1 \u00edslensku,<\/a> [Vi\u00f0tal.]\u00a0<em>R\u00daV<\/em> 7. mars 2018.<\/li>\n<li><a href=\"http:\/\/www.visir.is\/g\/2018180229061\/haetta-a-stafraenum-tungumaladauda-islenskunnar\">H\u00e6tta \u00e1 \u201estafr\u00e6num tungum\u00e1ladau\u00f0a\u201c \u00edslenskunnar.<\/a> [Vi\u00f0tal.]\u00a0<em>v\u00edsir.is\u00a0<\/em>26. febr\u00faar\u00a02018.<\/li>\n<li><a href=\"https:\/\/www.theguardian.com\/world\/2018\/feb\/26\/icelandic-language-battles-threat-of-digital-extinction\">Icelandic language battles threat of 'digital extinction'.<\/a>\u00a0[Vi\u00f0tal.]\u00a0<em>The Guardian <\/em>26. febr\u00faar\u00a02018.<\/li>\n<li><a href=\"http:\/\/www.ruv.is\/frett\/mismunun-ad-bara-sumir-megi-bera-aettarnofn\">Mismunun a\u00f0 bara sumir megi bera \u00e6ttarn\u00f6fn.<\/a> [Vi\u00f0tal.]\u00a0<em>R\u00daV<\/em> 20. febr\u00faar 2018.<\/li>\n<li><a href=\"https:\/\/www.economist.com\/news\/christmas-specials\/21732691-language-both-ancient-and-modern-strange-reinvention-icelandic\">The strange reinvention of Icelandic.<\/a>\u00a0<em>The Economist\u00a0<\/em>19. desember\u00a02017.<\/li>\n<li><a href=\"https:\/\/columbiacoversicelandairwaves.wordpress.com\/2017\/10\/25\/iceland-culture-preview-the-icelandic-language-is-dying-listen\/\">Iceland Culture Preview: The Icelandic Language is Dying.<\/a>\u00a0[Vi\u00f0tal.]\u00a0<em>Columbia College Chicago\u00a0<\/em>25. okt\u00f3ber\u00a02017.<\/li>\n<li><a href=\"http:\/\/www.nordiclabourjournal.org\/nyheter\/news-2017\/article.2017-10-17.5030858066\">Native language disappearing from Icelandic workplaces.<\/a>\u00a0[Vi\u00f0tal.]\u00a0<em>Nordic Labour Journal\u00a0<\/em>20. okt\u00f3ber\u00a02017.<\/li>\n<li><a href=\"http:\/\/www.visir.is\/g\/2017170919747\">Segir fj\u00e1rl\u00f6g ekki fylgja hug r\u00e1\u00f0amanna \u00ed gar\u00f0 \u00edslenskunnar.<\/a> [Vi\u00f0tal.]\u00a0<em>v\u00edsir.is<\/em> 12. september 2017.<\/li>\n<li><a href=\"http:\/\/www.ruv.is\/frett\/lif-islenskunnar-vid-areiti-enskunnar\">L\u00edf \u00edslenskunnar vi\u00f0 \u00e1reiti enskunnar.<\/a>\u00a0[Vi\u00f0tal.]\u00a0<em>R\u00daV\u00a0<\/em>30. \u00e1g\u00fast 2017.<\/li>\n<li><a href=\"https:\/\/www.mbl.is\/frettir\/innlent\/2017\/08\/28\/kanna_malnotkun_5_000_islendinga_2\/\">Kanna m\u00e1l\u00adnotk\u00adun fimm \u00fe\u00fasund \u00cdslend\u00adinga.<\/a>\u00a0[Vi\u00f0tal.]\u00a0<em>mbl.is\u00a0<\/em>28. \u00e1g\u00fast\u00a02017.<\/li>\n<li><a href=\"https:\/\/grapevine.is\/news\/2017\/04\/23\/low-wages-and-digital-death-icelandic-in-crisis\/\">Low Wages And Digital Death: Icelandic In Crisis.<\/a>\u00a0[Vi\u00f0tal.]\u00a0<em>The Reykjav\u00edk Grapevine\u00a0<\/em>23. apr\u00edl\u00a02017.<\/li>\n<li><a href=\"https:\/\/www.nytimes.com\/2017\/04\/22\/world\/europe\/iceland-icelandic-language-linguistics.html\">Icelanders Seek to Keep Their Language Alive and Out of \u2018the Latin Bin\u2019.<\/a> [Vi\u00f0tal.]\u00a0<em>The New York Times <\/em>22. apr\u00edl\u00a02017.<\/li>\n<li><a href=\"http:\/\/www.ruv.is\/frett\/sorri-er-ekki-thad-sama-og-vera-angurvaer\">\u201eSorr\u00ed\u201c er ekki \u00fea\u00f0 sama og vera angurv\u00e6r.<\/a>\u00a0[Vi\u00f0tal.]\u00a0<em>R\u00daV\u00a0<\/em>7. mars\u00a02017.<\/li>\n<li><a href=\"https:\/\/kjarninn.is\/skyring\/2017-02-08-lifir-islenskan-snjallsimaoldina-af\/\">Lifir \u00edslenskan snjallt\u00e6kja\u00f6ldina af?<\/a> [Vi\u00f0tal.]\u00a0<em>Kjarninn <\/em>11. febr\u00faar\u00a02017.<\/li>\n<li><a href=\"http:\/\/www.ruv.is\/frett\/mikilvaegt-ad-nota-islensku-i-stafraenum-heimi\">Mikilv\u00e6gt a\u00f0 nota \u00edslensku \u00ed stafr\u00e6num heimi.<\/a>\u00a0[Vi\u00f0tal.]\u00a0<em>R\u00daV <\/em>2. jan\u00faar\u00a02017.<\/li>\n<li><a href=\"https:\/\/www.mbl.is\/frettir\/innlent\/2015\/12\/04\/islenskan_er_daud\/\">\u00cdslensk tunga \u00e1 undanhaldi fyrir ensku.<\/a>\u00a0[Vi\u00f0tal.]\u00a0<em>R\u00daV<\/em>, 8. n\u00f3vember 2016.<\/li>\n<li><a href=\"http:\/\/www.ruv.is\/frett\/heimilistaekin-verda-ad-skilja-islensku\">Heimilist\u00e6kin ver\u00f0a a\u00f0 skilja \u00edslensku.<\/a> [Vi\u00f0tal.] <em>R\u00edkis\u00fatvarpi\u00f0<\/em> 5. n\u00f3vember 2015.<\/li>\n<li><a href=\"http:\/\/www.dv.is\/menning\/2015\/10\/16\/mun-islenskan-hverfa\/\">Ver\u00f0um a\u00f0 styrkja \u00edslenskuna.<\/a> [Vi\u00f0tal.] <em>DV<\/em> 16. okt\u00f3ber 2015.<\/li>\n<li><a href=\"http:\/\/eirikur.hi.is\/er-mbl.pdf\">Sta\u00f0an er sterk en t\u00f6lvuheimur \u00f3gnar.<\/a> [Vi\u00f0tal.] <em>Morgunbla\u00f0i\u00f0<\/em> 11. jan\u00faar 2015.<\/li>\n<li><a href=\"http:\/\/www.ruv.is\/frett\/fornmal-greint-med-tolvutaekni\">Fornm\u00e1l greint me\u00f0 t\u00f6lvut\u00e6kni.<\/a> [Fr\u00e9tt.] <em>R\u00edkis\u00fatvarpi\u00f0<\/em> 2. j\u00fan\u00ed 2014.<\/li>\n<li><a href=\"http:\/\/www.frettatiminn.is\/frettir\/taekifaeri_islensku_i_heimi_taekninnar\/\">T\u00e6kif\u00e6ri \u00edslensku \u00ed heimi t\u00e6kninnar.<\/a> [Vi\u00f0tal.] <em>Fr\u00e9ttat\u00edminn<\/em> 22. ma\u00ed 2014.<\/li>\n<li><a href=\"http:\/\/eirikur.hi.is\/thi.jpg\">Risar\u00e1\u00f0stefna \u00ed m\u00e1lt\u00e6kni.<\/a> [Vi\u00f0tal.] <em>T\u00edmarit H\u00e1sk\u00f3la \u00cdslands<\/em> 2014.<\/li>\n<li><a href=\"http:\/\/eirikur.hi.is\/stb.jpg\">\u00cdslenskan eins og g\u00e6lud\u00fdr.<\/a> [Vi\u00f0tal.] <em>St\u00fadentabla\u00f0i\u00f0<\/em> febr\u00faar 2014.<\/li>\n<li><a href=\"http:\/\/www.ruv.is\/frett\/islenska-naest-verst-i-tolvumalum\">H\u00e6tta \u00e1 a\u00f0 \u00edslenska hverfi innan 100 \u00e1ra.<\/a> [Vi\u00f0tal.]\u00a0<em>R\u00daV<\/em> 1. desember 2013.<\/li>\n<li><a href=\"http:\/\/student.is\/frettir\/l%C3%A6r%C3%B0i_sj%C3%A1lfur_af_eigin_%C3%BAtsk%C3%BDringum\">L\u00e6r\u00f0i sj\u00e1lfur af eigin \u00fatsk\u00fdringum.<\/a> [Vi\u00f0tal.] <em>student.is<\/em> 29. n\u00f3vember 2012.<\/li>\n<li><a href=\"http:\/\/www.mbl.is\/frettir\/innlent\/2012\/11\/12\/tungan_heldur_ekki_i_vid_taeknina\/\">Tungan heldur ekki \u00ed vi\u00f0 t\u00e6knina.<\/a> [Vi\u00f0tal.] <em>mbl.is<\/em> 12. n\u00f3vember 2012.<\/li>\n<li><a href=\"http:\/\/www.visir.is\/tilviljun-ad-islenskur-talgervill-er-i-android-simum\/article\/2012120929114\">Tilviljun a\u00f0 \u00edslenskur talgervill er \u00ed Android-s\u00edmum.<\/a> [Vi\u00f0tal.] <em>v\u00edsir.is<\/em> 26. september 2012.<\/li>\n<li><a href=\"http:\/\/vefblod.visir.is\/index.php?s=6410&amp;p=138685\">A\u00f0 tala \u00edslensku vi\u00f0 \u00edssk\u00e1pinn.<\/a> [Vi\u00f0tal.] <em>Fr\u00e9ttabla\u00f0i\u00f0<\/em> 26. september 2012.<\/li>\n<li><a href=\"http:\/\/www.ruv.is\/frett\/islenska-naest-verst-i-tolvumalum\">\u00cdslenska n\u00e6st verst \u00ed t\u00f6lvum\u00e1lum.<\/a> [Vi\u00f0tal.]\u00a0<em>R\u00daV<\/em> 26. september 2012.<\/li>\n<li><a href=\"http:\/\/www.mbl.is\/frettir\/innlent\/2012\/09\/21\/islenskan_naestverst_stodd\/\">\u00cdslenskan n\u00e6stverst st\u00f6dd.<\/a> [Vi\u00f0tal.] <em>mbl.is<\/em> 21. september 2012.<\/li>\n<li><a href=\"http:\/\/mbl.is\/frettir\/innlent\/2012\/04\/25\/islensk_tunga_er_ad_missa_af_talandi_tolvum\/\">\u00cdslensk tunga er a\u00f0 missa af talandi t\u00f6lvum.<\/a> [Vi\u00f0tal.] <em>Morgunbla\u00f0i\u00f0<\/em> 25. apr\u00edl 2012.<\/li>\n<li><a href=\"http:\/\/mbl.is\/frettir\/innlent\/2011\/05\/17\/taeknin_les_fornritin_likt_og_nutimamal\/\">T\u00e6knin les fornritin l\u00edkt og n\u00fat\u00edmam\u00e1l.<\/a> [Vi\u00f0tal.] <em>Morgunbla\u00f0i\u00f0<\/em> 17. ma\u00ed 2011.<\/li>\n<li><a href=\"http:\/\/www.suite101.com\/content\/icelandic--the-official-language-of-iceland-a231728\">Icelandic \u2013 the Official Language of Iceland.<\/a> [Grein\/vi\u00f0tal eftir Margaret M. Williams.] <em>suite101.com<\/em> 29. apr\u00edl 2010.<\/li>\n<li><a href=\"http:\/\/www.walkerred.com\/icelandic-characters\/\">Learning trails: traversing the european ed tech scene - Icelandic characters.<\/a> [Grein\/vi\u00f0tal eftir Kevin Walker.] <em>Educational Technology Magazine<\/em> 49\/5, 2009, s. 56-57.<\/li>\n<li><a href=\"https:\/\/timarit.is\/view_page_init.jsp?pageId=4175902\">Fj\u00e1rskortur hamlar leit.<\/a> [Vi\u00f0tal.] <em>Morgunbla\u00f0i\u00f0<\/em> 21. n\u00f3vember 2007, s. 17.<\/li>\n<li><a href=\"https:\/\/timarit.is\/view_page_init.jsp?pageId=4137206\">\u00cdslenskan \u00ed t\u00f6lvut\u00e6kt form.<\/a> [Vi\u00f0tal.] <em>Fr\u00e9ttabla\u00f0i\u00f0<\/em> 2. \u00e1g\u00fast 2006, s. 21.<\/li>\n<li><a href=\"https:\/\/timarit.is\/view_page_init.jsp?pageId=3900870\">Lykill a\u00f0 framt\u00ed\u00f0 \u00edslenskunnar.<\/a> [Vi\u00f0tal.] <em>Fr\u00e9ttabla\u00f0i\u00f0<\/em> 6. j\u00fan\u00ed 2006, s. 82.<\/li>\n<li><a href=\"https:\/\/timarit.is\/view_page_init.jsp?pageId=4122011\">Um 200 millj\u00f3nir kr\u00f3na renna til n\u00fdrra verkefna.<\/a> [Fr\u00e9tt.] <em>Morgunbla\u00f0i\u00f0<\/em> 9. febr\u00faar 2006, s. 6.<\/li>\n<li><a href=\"https:\/\/timarit.is\/view_page_init.jsp?pageId=4120619\">M\u00e1lbreytingar ekki s\u00e9rstakt n\u00fat\u00edmafyrirb\u00e6ri.<\/a> [Vi\u00f0tal.] <em>Morgunbla\u00f0i\u00f0<\/em> 24. jan\u00faar 2006, s. 6.<\/li>\n<li><a href=\"https:\/\/timarit.is\/view_page_init.jsp?pageId=3686929\">Fr\u00e6\u00f0iriti\u00f0 \u00cdslensk tunga \u00ed \u00feremur bindum kom \u00fat \u00ed g\u00e6r. <span style=\"font-family: Liberation Serif,serif\">\u201e<\/span>Vi\u00f0amesta verk um \u00edslenskt m\u00e1l og m\u00e1lfr\u00e6\u00f0i sem \u00fat hefur komi\u00f0.<span style=\"font-family: Liberation Serif,serif\">\u201c<\/span><\/a> [Fr\u00e9tt.] <em>Morgunbla\u00f0i\u00f0<\/em> 26. n\u00f3vember 2005, s. 2.<\/li>\n<li><a href=\"https:\/\/timarit.is\/view_page_init.jsp?pageId=3471775\">Uppt\u00f6kur \u00e1 frambur\u00f0i tv\u00f6 \u00fe\u00fasund \u00cdslendinga a\u00f0 hefjast.<\/a> [Vi\u00f0tal.] <em>Morgunbla\u00f0i\u00f0<\/em> 26. ma\u00ed 2003, s. 10.<\/li>\n<li><a href=\"https:\/\/timarit.is\/view_page_init.jsp?pageId=3450797\">Tungut\u00e6kni er \u00feverfaglegt n\u00e1m.<\/a> [Vi\u00f0tal.] <em>Morgunbla\u00f0i\u00f0<\/em> 15. \u00e1g\u00fast 2002, s. 40.<\/li>\n<li><a href=\"https:\/\/timarit.is\/view_page_init.jsp?pageId=1973415\">Fjarn\u00e1m gefur g\u00f3\u00f0a raun.<\/a> [Vi\u00f0tal.] <em>Morgunbla\u00f0i\u00f0<\/em> 18. j\u00fal\u00ed 2000, s. 35.<\/li>\n<li><a href=\"https:\/\/timarit.is\/view_page_init.jsp?pageId=1943280\">Fjarn\u00e1m \u00ed fer\u00f0am\u00e1lafr\u00e6\u00f0i og \u00edslensku hefst vi\u00f0 H\u00cd \u00ed haust. Bo\u00f0i\u00f0 upp \u00e1 45 eininga dipl\u00f3man\u00e1m.<\/a> [Vi\u00f0tal.] <em>Morgunbla\u00f0i\u00f0<\/em> 21. \u00e1g\u00fast 1999, s. 37.<\/li>\n<li><a href=\"https:\/\/timarit.is\/view_page_init.jsp?pageId=2407337\">B\u00f3kar\u00fdni. \u00cdslendinga s\u00f6gur. Or\u00f0st\u00f6\u00f0ulykill og texti.<\/a> [Ritd\u00f3mur um Or\u00f0st\u00f6\u00f0ulykil \u00cdslendinga sagna eftir Ingibj\u00f6rgu \u00c1rnad\u00f3ttur.] <em>B\u00f3kasafni\u00f0<\/em> 23:81-82, 1999.<\/li>\n<li><a href=\"https:\/\/timarit.is\/view_page_init.jsp?pageId=1903544\">N\u00fdir m\u00f6guleikar.<\/a> [Ritd\u00f3mur um Or\u00f0st\u00f6\u00f0ulykil \u00cdslendinga sagna eftir \u00der\u00f6st Helgason.] <em>Morgunbla\u00f0i\u00f0<\/em> 23. apr\u00edl 1998, s. 39.<\/li>\n<li><a href=\"https:\/\/timarit.is\/view_page_init.jsp?pageId=2417918\">\u00cdslendingas\u00f6gur \u00e1 geisladiski.<\/a> [Fr\u00e9tt.] <em>Dagur<\/em> 15. apr\u00edl 1998, s. 27.<\/li>\n<li><a href=\"https:\/\/timarit.is\/view_page_init.jsp?pageId=1870338\">N\u00fdjar lei\u00f0ir a\u00f0 texta \u00cdslendingasagna.<\/a> [Fr\u00e9tt.] <em>Morgunbla\u00f0i\u00f0<\/em> 11. jan\u00faar 1997, s. 25.<\/li>\n<li><a href=\"https:\/\/timarit.is\/view_page_init.jsp?pageId=1857925\">Or\u00f0st\u00f6\u00f0ulykillinn geymir \u00f6ll or\u00f0 \u00cdslendinga sagna.<\/a> [Fr\u00e9tt.] <em>Morgunbla\u00f0i\u00f0<\/em> 12. j\u00fal\u00ed 1996, s. 20.<\/li>\n<li><a href=\"https:\/\/timarit.is\/view_page_init.jsp?pageId=1775342\">Lykill \u00ed sm\u00ed\u00f0um.<\/a> [Vi\u00f0tal.] <em>Morgunbla\u00f0i\u00f0<\/em> 22. n\u00f3vember 1992, s. 12.<\/li>\n<li><a href=\"https:\/\/timarit.is\/view_page_init.jsp?pageId=2922450\">R\u00edmor\u00f0ab\u00f3k. \u00c1st-br\u00e1st-d\u00e1st ... Eir\u00edkur R\u00f6gnvaldsson: Or\u00f0ab\u00f3kin er mi\u00f0u\u00f0 vi\u00f0 hef\u00f0bundnar \u00edslenskar bragreglur.<\/a> [Vi\u00f0tal.] <em>\u00dej\u00f3\u00f0viljinn<\/em> 20. desember 1989, s. 9.<\/li>\n<li><a href=\"https:\/\/timarit.is\/view_page_init.jsp?pageId=3332952\">M\u00e1lnotkunin mikilv\u00e6gust.<\/a> [Vi\u00f0tal.] <em>Al\u00fe\u00fd\u00f0ubla\u00f0i\u00f0<\/em> 14. apr\u00edl 1989, s. 5.<\/li>\n<li><a href=\"https:\/\/timarit.is\/view_page_init.jsp?pageId=1633457\">Rafreiknir me\u00f0 \u00edslenska \u00fatg\u00e1fu af Word Perfect.<\/a> [Fr\u00e9tt.] Morgunbla\u00f0i\u00f0 22. ma\u00ed 1986,\u00a0 s. B3.<\/li>\n<li><a href=\"http:\/\/eirikur.hi.is\/domstol.pdf\">Eg vil ikkje ha noen domstol som skal d\u00f8mme om rett og gale.<\/a> [Vi\u00f0tal, teki\u00f0 af Lars Vik\u00f8r.] <em>Spr\u00e5klig samling<\/em> 26\/3, 1985, s. 10-13.<\/li>\n<\/ol>\n","protected":false},"excerpt":{"rendered":"<p>Vi\u00f0t\u00f6l og fr\u00e9ttir \u00far bl\u00f6\u00f0um og t\u00edmaritum og af vefnum Me\u00f0 \u00fev\u00ed a\u00f0 smella \u00e1 titilinn m\u00e1 kalla fram efni\u00f0, oftast fr\u00e1 t\u00edmarit.is. Segir \u00e1herslurnar kolrangar \u00ed samr\u00e6mdu pr\u00f3fi. [Vi\u00f0tal.] v\u00edsir.is\u00a08. september 2018. \u00cdslenskan ekki a\u00f0 deyja \u00fat \u00e1 n\u00e6stu \u00e1rum. [Vi\u00f0tal.]\u00a0R\u00daV 13. j\u00fal\u00ed 2018. Vi\u00f0horfi\u00f0 til \u00edslenskunnar mikilv\u00e6gt. [Vi\u00f0tal.]\u00a0mbl.is 11. j\u00fan\u00ed 2018. J\u00e1kv\u00e6tt vi\u00f0horf [&hellip;]<\/p>\n","protected":false},"author":141,"featured_media":0,"parent":15,"menu_order":13,"comment_status":"closed","ping_status":"closed","template":"","meta":{"footnotes":""},"class_list":["post-592","page","type-page","status-publish","hentry"],"_links":{"self":[{"href":"https:\/\/uni.hi.is\/eirikur\/wp-json\/wp\/v2\/pages\/592","targetHints":{"allow":["GET"]}}],"collection":[{"href":"https:\/\/uni.hi.is\/eirikur\/wp-json\/wp\/v2\/pages"}],"about":[{"href":"https:\/\/uni.hi.is\/eirikur\/wp-json\/wp\/v2\/types\/page"}],"author":[{"embeddable":true,"href":"https:\/\/uni.hi.is\/eirikur\/wp-json\/wp\/v2\/users\/141"}],"replies":[{"embeddable":true,"href":"https:\/\/uni.hi.is\/eirikur\/wp-json\/wp\/v2\/comments?post=592"}],"version-history":[{"count":81,"href":"https:\/\/uni.hi.is\/eirikur\/wp-json\/wp\/v2\/pages\/592\/revisions"}],"predecessor-version":[{"id":4918,"href":"https:\/\/uni.hi.is\/eirikur\/wp-json\/wp\/v2\/pages\/592\/revisions\/4918"}],"up":[{"embeddable":true,"href":"https:\/\/uni.hi.is\/eirikur\/wp-json\/wp\/v2\/pages\/15"}],"wp:attachment":[{"href":"https:\/\/uni.hi.is\/eirikur\/wp-json\/wp\/v2\/media?parent=592"}],"curies":[{"name":"wp","href":"https:\/\/api.w.org\/{rel}","templated":true}]}}